{"id":1790,"date":"2024-04-24T16:09:31","date_gmt":"2024-04-24T14:09:31","guid":{"rendered":"https:\/\/www.chimimeca.com\/societe\/"},"modified":"2025-05-09T16:17:50","modified_gmt":"2025-05-09T14:17:50","slug":"societe","status":"publish","type":"page","link":"https:\/\/www.chimimeca.com\/es\/societe\/","title":{"rendered":"Soci\u00e9t\u00e9"},"content":{"rendered":"<div class=\"gb-container gb-container-02394211\">\n\n<h1 class=\"wp-block-heading has-base-2-color has-text-color has-link-color wp-elements-d99baa874a432a3a39865a60c9ea998e\" style=\"margin-top:0;margin-bottom:0;font-size:clamp(22.041px, 1.378rem + ((1vw - 3.2px) * 1.091), 36px);text-transform:uppercase\">Alta tecnicidad Capacidad de respuesta Experiencia Flexibilidad<\/h1>\n\n<\/div>\n\n<div class=\"gb-container gb-container-02488878\">\n<div class=\"gb-container gb-container-0b8be6b2 li-pins\">\n<div class=\"gb-container gb-container-d81d1bb6\">\n\n<h2 class=\"wp-block-heading has-custom-couleur-3-color has-text-color has-link-color wp-elements-32da8339696e70ab4a0d4a9f7210a753\" style=\"font-size:clamp(18.959px, 1.185rem + ((1vw - 3.2px) * 0.863), 30px);font-style:normal;font-weight:700\">Desde 1979, Chimimeca SAS es un socio industrial de primer orden en la limpieza de metales por tratamiento qu\u00edmico.<\/h2>\n\n\n\n<p class=\"has-custom-couleur-4-color has-text-color has-link-color wp-elements-15bf521359711ca46c1122a61fc6e5f7\">uestro conocimiento t\u00e9cnico, articulado a trav\u00e9s del rendimiento de las especialidades qu\u00edmicas que formulamos, se distribuye en 4 campos de actividad esenciales que responden a las necesidades industriales de los sectores punta :\u00a0<a href=\"https:\/\/www.chimimeca.com\/es\/desengrasantes-pasivacion-redes-farmaceutica\">farmacia y cosm\u00e9tica<\/a>,\u00a0<a href=\"https:\/\/www.chimimeca.com\/es\/colada-quimica-centrales-nucleaires-termico\">nuclear<\/a>,\u00a0<a href=\"https:\/\/www.chimimeca.com\/es\/descontaminacion-equipo-de-alta-tecnologia\">criogenia,<\/a>\u00a0<a href=\"https:\/\/www.chimimeca.com\/es\/descontaminacion-equipo-de-alta-tecnologia\">ultravac\u00edo<\/a>,\u00a0<a href=\"https:\/\/www.chimimeca.com\/es\/limpieza-quimicos-tanques-agroalimentario\">industria agroalimentaria<\/a>, and\u00a0<a href=\"https:\/\/www.chimimeca.com\/es\/limpieza-quimica-de-calderas-y-tuberias\">calderer\u00eda.<\/a><\/p>\n\n\n\n<p class=\"has-custom-couleur-4-color has-text-color has-link-color wp-elements-edb7e427524d329e3689a39715ef8043\">Notre savoir-faire articul\u00e9 sur la performance des sp\u00e9cialit\u00e9s chimiques que nous formulons trouvent leurs d\u00e9ploiements dans 4 domaines d&#8217;activit\u00e9 essentiels, au plus pr\u00e8s des besoins industriels dans les<strong>&nbsp;secteurs de pointes&nbsp;<\/strong>:&nbsp;<a href=\"https:\/\/www.chimimeca.com\/es\/pharmacie-cosmetique\/\" data-type=\"page\" data-id=\"490\">Pharmacie &amp; Cosm\u00e9tique<\/a>,&nbsp;<a href=\"https:\/\/www.chimimeca.com\/es\/nucleaire-aenergie\/\" data-type=\"page\" data-id=\"501\">Nucl\u00e9aire<\/a>,&nbsp;<a href=\"https:\/\/www.chimimeca.com\/es\/cryogenie-ultra-vide-gaz-purs\/\" data-type=\"page\" data-id=\"504\">Cryog\u00e9nie<\/a>,&nbsp;<a href=\"https:\/\/www.chimimeca.com\/es\/cryogenie-ultra-vide-gaz-purs\/\" data-type=\"page\" data-id=\"504\">Ultra-Vide<\/a>,&nbsp;<a href=\"https:\/\/www.chimimeca.com\/es\/alimentaire-agro-alimentaire\/\" data-type=\"page\" data-id=\"494\">Agroalimentaire<\/a>,&nbsp;<a href=\"https:\/\/www.chimimeca.com\/es\/chaudronnerie-tuyauterie\/\" data-type=\"page\" data-id=\"483\">Chaudronnerie<\/a>.<\/p>\n\n\n<div class=\"gb-container gb-container-84928262\">\n<div class=\"gb-container gb-container-15f90004\">\n\n<ul style=\"font-size:clamp(14px, 0.875rem + ((1vw - 3.2px) * 0.078), 15px);\" class=\"wp-block-list has-custom-couleur-4-color has-text-color has-link-color wp-elements-296405a69337b61ecb476e0d3dc85e34\">\n<li>Formulaci\u00f3n\/Suministro de\u00a0<a href=\"https:\/\/www.chimimeca.com\/es\/aspersion-de-bano-de-recirculacion-application-metales\">productos t\u00e9cnicos<\/a>.<\/li>\n\n\n\n<li>Prestaciones de servicios en piezas entregadas en nuestro\u00a0<a href=\"https:\/\/www.chimimeca.com\/sites\/default\/files\/pdf\/CHIMIMECA_AteliersFrance7c.pdf\" target=\"_blank\" rel=\"noreferrer noopener\">taller<\/a>.<\/li>\n\n\n\n<li>Prestaciones de servicios directamente en el centro u\u00a0<a href=\"https:\/\/www.chimimeca.com\/sites\/default\/files\/pdf\/CHIMIMECA_Generale7c.pdf\">obra<\/a>\u00a0del cliente<\/li>\n\n\n\n<li>Oficina de proyectos e\u00a0<a href=\"https:\/\/www.chimimeca.com\/es\/asistencia-limpieza-metales\">ingenier\u00eda industrial<\/a>.<\/li>\n<\/ul>\n\n\n\n<p class=\"has-custom-couleur-4-color has-text-color has-link-color wp-elements-57935e3e58418e34cba8044fd0b1b9ce\">Nuestra calidad como especialista formulador nos permite dominar todos\u00a0<a href=\"https:\/\/www.chimimeca.com\/es\/aspersion-de-bano-de-recirculacion-application-metales\">los procedimientos<\/a>\u00a0que aplicamos.<br>Implantados en 3 centros de producci\u00f3n en Francia, con 45 personas a su disposici\u00f3n, ofrecemos nuestros servicios dentro y fuera de Francia.<br><strong>Chimimeca, ante todo a su servicio: la ultralimpieza en movimiento<\/strong><\/p>\n\n<\/div>\n\n<div class=\"gb-container gb-container-cf5ed0a7\">\n\n<figure class=\"gb-block-image gb-block-image-3c2d9bee\"><img loading=\"lazy\" decoding=\"async\" width=\"191\" height=\"126\" class=\"gb-image gb-image-3c2d9bee\" src=\"https:\/\/www.chimimeca.com\/wp-content\/uploads\/2024\/04\/mise-en-proprete-des-metaux-par-traitement-chimique.jpg\" alt=\"\" title=\"mise-en-proprete-des-metaux-par-traitement-chimique\"\/><\/figure>\n\n<\/div>\n<\/div>\n<\/div>\n<\/div>\n\n<div class=\"gb-container gb-container-ecb77b32 sidebar text-underline-secondary\">\n<div class=\"gb-container gb-container-6009d736\">\n<div class=\"gb-container gb-container-41a03213\">\n\n<h3 class=\"wp-block-heading has-custom-couleur-4-color has-text-color has-link-color wp-elements-691d8fd9def7c5df63c6f6282b2ebb42\" style=\"font-size:clamp(14px, 0.875rem + ((1vw - 3.2px) * 0.469), 20px);text-transform:uppercase\">DESCARGA NUESTRO FOLLETO<\/h3>\n\n\n\n<a class=\"gb-button gb-button-c8374e70 gb-button-text telecharger\" href=\"\/wp-content\/uploads\/2024\/04\/Presentation-Chimimeca_ProduitsMateriels_Ateliers_Interventions-sur-site_2024.pdf\" target=\"_blank\" rel=\"noopener noreferrer\">DESCARGA NUESTRO FOLLETO<\/a>\n\n<\/div>\n\n<div class=\"gb-container gb-container-07485d43\">\n\n<h3 class=\"wp-block-heading has-custom-couleur-4-color has-text-color has-link-color wp-elements-2d30c6b3694e44d0dc58fb5b9511509f\" style=\"font-size:clamp(14px, 0.875rem + ((1vw - 3.2px) * 0.469), 20px);text-transform:uppercase\">Nos evaluar !<\/h3>\n\n\n\n<a class=\"gb-button gb-button-5d511fe5 gb-button-text avis\" href=\"https:\/\/www.chimimeca.com\/es\/avis\/\">DAR SU OPINION<\/a>\n\n<\/div>\n<\/div>\n<\/div>\n<\/div>","protected":false},"excerpt":{"rendered":"<p>Alta tecnicidad Capacidad de respuesta Experiencia Flexibilidad Desde 1979, Chimimeca SAS es un socio industrial de primer orden en la limpieza de metales por tratamiento qu\u00edmico. uestro conocimiento t\u00e9cnico, articulado a trav\u00e9s del rendimiento de las especialidades qu\u00edmicas que formulamos, se distribuye en 4 campos de actividad esenciales que responden a las necesidades industriales de [&hellip;]<\/p>\n","protected":false},"author":1,"featured_media":0,"parent":0,"menu_order":0,"comment_status":"closed","ping_status":"closed","template":"","meta":{"_acf_changed":false,"footnotes":""},"class_list":["post-1790","page","type-page","status-publish","hentry"],"acf":[],"yoast_head":"<!-- This site is optimized with the Yoast SEO plugin v26.3 - https:\/\/yoast.com\/wordpress\/plugins\/seo\/ -->\n<title>Soci\u00e9t\u00e9 - CHIMIMECA<\/title>\n<meta name=\"robots\" content=\"index, follow, max-snippet:-1, max-image-preview:large, max-video-preview:-1\" \/>\n<link rel=\"canonical\" href=\"https:\/\/www.chimimeca.com\/es\/societe\/\" \/>\n<meta property=\"og:locale\" content=\"es_ES\" \/>\n<meta property=\"og:type\" content=\"article\" \/>\n<meta property=\"og:title\" content=\"Soci\u00e9t\u00e9 - CHIMIMECA\" \/>\n<meta property=\"og:description\" content=\"Alta tecnicidad Capacidad de respuesta Experiencia Flexibilidad Desde 1979, Chimimeca SAS es un socio industrial de primer orden en la limpieza de metales por tratamiento qu\u00edmico. uestro conocimiento t\u00e9cnico, articulado a trav\u00e9s del rendimiento de las especialidades qu\u00edmicas que formulamos, se distribuye en 4 campos de actividad esenciales que responden a las necesidades industriales de [&hellip;]\" \/>\n<meta property=\"og:url\" content=\"https:\/\/www.chimimeca.com\/es\/societe\/\" \/>\n<meta property=\"og:site_name\" content=\"CHIMIMECA\" \/>\n<meta property=\"article:modified_time\" content=\"2025-05-09T14:17:50+00:00\" \/>\n<meta property=\"og:image\" content=\"https:\/\/www.chimimeca.com\/wp-content\/uploads\/2024\/04\/mise-en-proprete-des-metaux-par-traitement-chimique.jpg\" \/>\n<meta name=\"twitter:card\" content=\"summary_large_image\" \/>\n<meta name=\"twitter:label1\" content=\"Tiempo de lectura\" \/>\n\t<meta name=\"twitter:data1\" content=\"4 minutos\" \/>\n<script type=\"application\/ld+json\" class=\"yoast-schema-graph\">{\"@context\":\"https:\/\/schema.org\",\"@graph\":[{\"@type\":\"WebPage\",\"@id\":\"https:\/\/www.chimimeca.com\/es\/societe\/\",\"url\":\"https:\/\/www.chimimeca.com\/es\/societe\/\",\"name\":\"Soci\u00e9t\u00e9 - CHIMIMECA\",\"isPartOf\":{\"@id\":\"https:\/\/www.chimimeca.com\/es\/#website\"},\"primaryImageOfPage\":{\"@id\":\"https:\/\/www.chimimeca.com\/es\/societe\/#primaryimage\"},\"image\":{\"@id\":\"https:\/\/www.chimimeca.com\/es\/societe\/#primaryimage\"},\"thumbnailUrl\":\"https:\/\/www.chimimeca.com\/wp-content\/uploads\/2024\/04\/mise-en-proprete-des-metaux-par-traitement-chimique.jpg\",\"datePublished\":\"2024-04-24T14:09:31+00:00\",\"dateModified\":\"2025-05-09T14:17:50+00:00\",\"breadcrumb\":{\"@id\":\"https:\/\/www.chimimeca.com\/es\/societe\/#breadcrumb\"},\"inLanguage\":\"es\",\"potentialAction\":[{\"@type\":\"ReadAction\",\"target\":[\"https:\/\/www.chimimeca.com\/es\/societe\/\"]}]},{\"@type\":\"ImageObject\",\"inLanguage\":\"es\",\"@id\":\"https:\/\/www.chimimeca.com\/es\/societe\/#primaryimage\",\"url\":\"https:\/\/www.chimimeca.com\/wp-content\/uploads\/2024\/04\/mise-en-proprete-des-metaux-par-traitement-chimique.jpg\",\"contentUrl\":\"https:\/\/www.chimimeca.com\/wp-content\/uploads\/2024\/04\/mise-en-proprete-des-metaux-par-traitement-chimique.jpg\"},{\"@type\":\"BreadcrumbList\",\"@id\":\"https:\/\/www.chimimeca.com\/es\/societe\/#breadcrumb\",\"itemListElement\":[{\"@type\":\"ListItem\",\"position\":1,\"name\":\"Accueil\",\"item\":\"https:\/\/www.chimimeca.com\/es\/\"},{\"@type\":\"ListItem\",\"position\":2,\"name\":\"Soci\u00e9t\u00e9\"}]},{\"@type\":\"WebSite\",\"@id\":\"https:\/\/www.chimimeca.com\/es\/#website\",\"url\":\"https:\/\/www.chimimeca.com\/es\/\",\"name\":\"CHIMIMECA\",\"description\":\"\",\"publisher\":{\"@id\":\"https:\/\/www.chimimeca.com\/es\/#organization\"},\"potentialAction\":[{\"@type\":\"SearchAction\",\"target\":{\"@type\":\"EntryPoint\",\"urlTemplate\":\"https:\/\/www.chimimeca.com\/es\/?s={search_term_string}\"},\"query-input\":{\"@type\":\"PropertyValueSpecification\",\"valueRequired\":true,\"valueName\":\"search_term_string\"}}],\"inLanguage\":\"es\"},{\"@type\":\"Organization\",\"@id\":\"https:\/\/www.chimimeca.com\/es\/#organization\",\"name\":\"CHIMIMECA\",\"url\":\"https:\/\/www.chimimeca.com\/es\/\",\"logo\":{\"@type\":\"ImageObject\",\"inLanguage\":\"es\",\"@id\":\"https:\/\/www.chimimeca.com\/es\/#\/schema\/logo\/image\/\",\"url\":\"https:\/\/www.chimimeca.com\/wp-content\/uploads\/2024\/04\/logo.png\",\"contentUrl\":\"https:\/\/www.chimimeca.com\/wp-content\/uploads\/2024\/04\/logo.png\",\"width\":326,\"height\":81,\"caption\":\"CHIMIMECA\"},\"image\":{\"@id\":\"https:\/\/www.chimimeca.com\/es\/#\/schema\/logo\/image\/\"}}]}<\/script>\n<!-- \/ Yoast SEO plugin. -->","yoast_head_json":{"title":"Soci\u00e9t\u00e9 - CHIMIMECA","robots":{"index":"index","follow":"follow","max-snippet":"max-snippet:-1","max-image-preview":"max-image-preview:large","max-video-preview":"max-video-preview:-1"},"canonical":"https:\/\/www.chimimeca.com\/es\/societe\/","og_locale":"es_ES","og_type":"article","og_title":"Soci\u00e9t\u00e9 - CHIMIMECA","og_description":"Alta tecnicidad Capacidad de respuesta Experiencia Flexibilidad Desde 1979, Chimimeca SAS es un socio industrial de primer orden en la limpieza de metales por tratamiento qu\u00edmico. uestro conocimiento t\u00e9cnico, articulado a trav\u00e9s del rendimiento de las especialidades qu\u00edmicas que formulamos, se distribuye en 4 campos de actividad esenciales que responden a las necesidades industriales de [&hellip;]","og_url":"https:\/\/www.chimimeca.com\/es\/societe\/","og_site_name":"CHIMIMECA","article_modified_time":"2025-05-09T14:17:50+00:00","og_image":[{"url":"https:\/\/www.chimimeca.com\/wp-content\/uploads\/2024\/04\/mise-en-proprete-des-metaux-par-traitement-chimique.jpg","type":"","width":"","height":""}],"twitter_card":"summary_large_image","twitter_misc":{"Tiempo de lectura":"4 minutos"},"schema":{"@context":"https:\/\/schema.org","@graph":[{"@type":"WebPage","@id":"https:\/\/www.chimimeca.com\/es\/societe\/","url":"https:\/\/www.chimimeca.com\/es\/societe\/","name":"Soci\u00e9t\u00e9 - CHIMIMECA","isPartOf":{"@id":"https:\/\/www.chimimeca.com\/es\/#website"},"primaryImageOfPage":{"@id":"https:\/\/www.chimimeca.com\/es\/societe\/#primaryimage"},"image":{"@id":"https:\/\/www.chimimeca.com\/es\/societe\/#primaryimage"},"thumbnailUrl":"https:\/\/www.chimimeca.com\/wp-content\/uploads\/2024\/04\/mise-en-proprete-des-metaux-par-traitement-chimique.jpg","datePublished":"2024-04-24T14:09:31+00:00","dateModified":"2025-05-09T14:17:50+00:00","breadcrumb":{"@id":"https:\/\/www.chimimeca.com\/es\/societe\/#breadcrumb"},"inLanguage":"es","potentialAction":[{"@type":"ReadAction","target":["https:\/\/www.chimimeca.com\/es\/societe\/"]}]},{"@type":"ImageObject","inLanguage":"es","@id":"https:\/\/www.chimimeca.com\/es\/societe\/#primaryimage","url":"https:\/\/www.chimimeca.com\/wp-content\/uploads\/2024\/04\/mise-en-proprete-des-metaux-par-traitement-chimique.jpg","contentUrl":"https:\/\/www.chimimeca.com\/wp-content\/uploads\/2024\/04\/mise-en-proprete-des-metaux-par-traitement-chimique.jpg"},{"@type":"BreadcrumbList","@id":"https:\/\/www.chimimeca.com\/es\/societe\/#breadcrumb","itemListElement":[{"@type":"ListItem","position":1,"name":"Accueil","item":"https:\/\/www.chimimeca.com\/es\/"},{"@type":"ListItem","position":2,"name":"Soci\u00e9t\u00e9"}]},{"@type":"WebSite","@id":"https:\/\/www.chimimeca.com\/es\/#website","url":"https:\/\/www.chimimeca.com\/es\/","name":"CHIMIMECA","description":"","publisher":{"@id":"https:\/\/www.chimimeca.com\/es\/#organization"},"potentialAction":[{"@type":"SearchAction","target":{"@type":"EntryPoint","urlTemplate":"https:\/\/www.chimimeca.com\/es\/?s={search_term_string}"},"query-input":{"@type":"PropertyValueSpecification","valueRequired":true,"valueName":"search_term_string"}}],"inLanguage":"es"},{"@type":"Organization","@id":"https:\/\/www.chimimeca.com\/es\/#organization","name":"CHIMIMECA","url":"https:\/\/www.chimimeca.com\/es\/","logo":{"@type":"ImageObject","inLanguage":"es","@id":"https:\/\/www.chimimeca.com\/es\/#\/schema\/logo\/image\/","url":"https:\/\/www.chimimeca.com\/wp-content\/uploads\/2024\/04\/logo.png","contentUrl":"https:\/\/www.chimimeca.com\/wp-content\/uploads\/2024\/04\/logo.png","width":326,"height":81,"caption":"CHIMIMECA"},"image":{"@id":"https:\/\/www.chimimeca.com\/es\/#\/schema\/logo\/image\/"}}]}},"_links":{"self":[{"href":"https:\/\/www.chimimeca.com\/es\/wp-json\/wp\/v2\/pages\/1790","targetHints":{"allow":["GET"]}}],"collection":[{"href":"https:\/\/www.chimimeca.com\/es\/wp-json\/wp\/v2\/pages"}],"about":[{"href":"https:\/\/www.chimimeca.com\/es\/wp-json\/wp\/v2\/types\/page"}],"author":[{"embeddable":true,"href":"https:\/\/www.chimimeca.com\/es\/wp-json\/wp\/v2\/users\/1"}],"replies":[{"embeddable":true,"href":"https:\/\/www.chimimeca.com\/es\/wp-json\/wp\/v2\/comments?post=1790"}],"version-history":[{"count":1,"href":"https:\/\/www.chimimeca.com\/es\/wp-json\/wp\/v2\/pages\/1790\/revisions"}],"predecessor-version":[{"id":1794,"href":"https:\/\/www.chimimeca.com\/es\/wp-json\/wp\/v2\/pages\/1790\/revisions\/1794"}],"wp:attachment":[{"href":"https:\/\/www.chimimeca.com\/es\/wp-json\/wp\/v2\/media?parent=1790"}],"curies":[{"name":"wp","href":"https:\/\/api.w.org\/{rel}","templated":true}]}}