{"id":1789,"date":"2024-04-25T15:53:15","date_gmt":"2024-04-25T13:53:15","guid":{"rendered":"https:\/\/www.chimimeca.com\/mentions-legales\/"},"modified":"2025-05-09T16:16:13","modified_gmt":"2025-05-09T14:16:13","slug":"mentions-legales","status":"publish","type":"page","link":"https:\/\/www.chimimeca.com\/es\/mentions-legales\/","title":{"rendered":"Mentions l\u00e9gales"},"content":{"rendered":"<div class=\"gb-container gb-container-02394211\">\n\n<h1 class=\"wp-block-heading has-base-2-color has-text-color has-link-color wp-elements-4d93e0ebbf9530c709ba130d18da693f\" style=\"margin-top:0;margin-bottom:0;font-size:clamp(22.041px, 1.378rem + ((1vw - 3.2px) * 1.091), 36px);text-transform:uppercase\">Informaci\u00f3n legal<\/h1>\n\n<\/div>\n\n<div class=\"gb-container gb-container-02488878\">\n<div class=\"gb-container gb-container-0b8be6b2 li-pins\">\n<div class=\"gb-container gb-container-d81d1bb6\">\n\n<h2 class=\"wp-block-heading has-custom-couleur-3-color has-text-color has-link-color wp-elements-d353f7d2837a71d33fce3c8295b1dd06\" style=\"font-size:clamp(18.959px, 1.185rem + ((1vw - 3.2px) * 0.863), 30px);font-style:normal;font-weight:700\">COPYRIGHT<\/h2>\n\n\n\n<p class=\"has-custom-couleur-4-color has-text-color has-link-color wp-elements-a388219c6e44b7a1f78ce2a2a54b62b3\" style=\"font-size:clamp(14px, 0.875rem + ((1vw - 3.2px) * 0.078), 15px);\">Conforme a las leyes que rigen los derechos de propiedad literaria y art\u00edstica o derechos similares, la reproducci\u00f3n o la representaci\u00f3n de la totalidad o parte de los componentes de este sitio est\u00e1 estrictamente prohibido. Del mismo modo, todas las marcas posibles son marcas registradas.<\/p>\n\n\n\n<h2 class=\"wp-block-heading has-custom-couleur-3-color has-text-color has-link-color wp-elements-03248485332353ed8e73f50ba69df31b\" style=\"font-size:clamp(18.959px, 1.185rem + ((1vw - 3.2px) * 0.863), 30px);font-style:normal;font-weight:700\">CR\u00c9DITOS<\/h2>\n\n\n\n<p class=\"has-custom-couleur-4-color has-text-color has-link-color wp-elements-6a5f7ad393d61f38abf11449ea22773d\" style=\"font-size:clamp(14px, 0.875rem + ((1vw - 3.2px) * 0.078), 15px);\">Fotos :<br>&#8211; Chimimeca<\/p>\n\n\n\n<h2 class=\"wp-block-heading has-custom-couleur-3-color has-text-color has-link-color wp-elements-aeb151851be4c46cb0f064b7d2ce7b1f\" style=\"font-size:clamp(18.959px, 1.185rem + ((1vw - 3.2px) * 0.863), 30px);font-style:normal;font-weight:700\">EDITOR<\/h2>\n\n\n\n<p class=\"has-custom-couleur-4-color has-text-color has-link-color wp-elements-5fa8642cfbab690821930eb7e8820dd2\" style=\"font-size:clamp(14px, 0.875rem + ((1vw - 3.2px) * 0.078), 15px);\">CHIMIMECA<br>Si\u00e8ge social : 17 Bvd Marcel DASSAULT 69330 JONAGE<br>Statut : SAS Capital 307.000,00 EURO<br>SIRET : 31623829400144<br>RCS : Lyon B 316 238 294<br>Email : developpement@chimimeca.com<br>Directeur de la publication : M. Tanguy CAILLEAUX<\/p>\n\n\n\n<h2 class=\"wp-block-heading has-custom-couleur-3-color has-text-color has-link-color wp-elements-baf72d6e35749708226e5b4d5e23f3f8\" style=\"font-size:clamp(18.959px, 1.185rem + ((1vw - 3.2px) * 0.863), 30px);font-style:normal;font-weight:700\">CREACI\u00d3N \u2013 DESARROLLO<\/h2>\n\n\n\n<p class=\"has-custom-couleur-4-color has-text-color has-link-color wp-elements-1c47b6cc1b1f15f3880ff8199fb81f46\" style=\"font-size:clamp(14px, 0.875rem + ((1vw - 3.2px) * 0.078), 15px);\">KIWEE ROUGE EURL<br>3 place Verrazzano<br>69009 Lyon<br>Statut : EURL au capital de 10.000 Euros<br>SIRET : 52892203200024<br>RCS : Lyon B 528 922 032<br>Tel : 04 81 13 00 80<\/p>\n\n\n\n<h2 class=\"wp-block-heading has-custom-couleur-3-color has-text-color has-link-color wp-elements-7531b1aac3d87e9e7b5e2978fa02ad17\" style=\"font-size:clamp(18.959px, 1.185rem + ((1vw - 3.2px) * 0.863), 30px);font-style:normal;font-weight:700\">CONDICIONES DE USO<\/h2>\n\n\n\n<p>CHIMIMECA se complace en darle la bienvenida en su sitio web, accesible en la siguiente URL www.chimimeca.fr (en adelante, el \u00abSitio\u00bb) o por cualquier otro URL,, leng\u00fceta o bot\u00f3n colocado en otra p\u00e1gina Web y que dirigiese hacia esta web.<\/p>\n\n\n\n<p>Por favor, lea atentamente las siguientes condiciones antes de utilizar el Sitio. La utilizaci\u00f3n del Sitio Web supone la aceptaci\u00f3n de las condiciones. En consecuencia, mediante el acceso al Sitio, todos los usuarios de Internet (en adelante, \u00abThe Visitor\u00bb) se compromete a acatar y cumplir con las reglas definidas a continuaci\u00f3n:<br>1. Derechos de propiedad intelectual en el Sitio<br>2. Pol\u00edtica de privacidad<br>3. El uso del sitio<br>4. Cambio de registro<br>5. Ley Aplicable<\/p>\n\n\n\n<h3 class=\"wp-block-heading has-custom-couleur-3-color has-text-color has-link-color wp-elements-ff7dc66c1dca93395f5ba408f375d326\" style=\"font-size:clamp(16.293px, 1.018rem + ((1vw - 3.2px) * 0.68), 25px);\">1. Derechos de propiedad intelectual en el Sitio<\/h3>\n\n\n\n<p>El CHIMIMECA sitio es un trabajo que est\u00e1 protegido por la ley de propiedad intelectual. El Sitio y cada uno de sus componentes (como, en particular, las marcas, logotipos, fotograf\u00edas, im\u00e1genes, ilustraciones, textos, v\u00eddeos, sonidos &#8230;) son propiedad exclusiva de CHIMIMECA s\u00f3lo autorizada para utilizar el derecho de propiedad intelectual y derechos de la personalidad en el mismo, que no concede ninguna licencia o cualquier otro derecho de consultar el sitio.<\/p>\n\n\n\n<p>La reproducci\u00f3n de los documentos publicados en el sitio s\u00f3lo est\u00e1 autorizado para obtener informaci\u00f3n exclusiva para un uso estrictamente personal y privado. Cualquier reproducci\u00f3n y \/ o representaci\u00f3n, \u00edntegra o parcial del Sitio o de cualquiera de sus componentes, en cualquier tipo de soporte, para cualquier fin, incluidos los comerciales, est\u00e1 expresamente prohibida.<\/p>\n\n\n\n<p>Con la excepci\u00f3n de las circunstancias descritas anteriormente, cualquier otra reproducci\u00f3n y \/ o representaci\u00f3n (por ejemplo, como un enlace) a la P\u00e1gina Web deber\u00e1 ser objeto de un acuerdo expreso de CHIMIMECA.<\/p>\n\n\n\n<p>En el caso de la creaci\u00f3n de enlaces de hipertexto hacia el Sitio, CHIMIMECA no asume ninguna responsabilidad por el contenido, publicidad, productos o servicios en o disponibles en los sitios enlazados con el Sitio.<\/p>\n\n\n\n<h3 class=\"wp-block-heading has-custom-couleur-3-color has-text-color has-link-color wp-elements-74cf878d3cd3f61c0d82fa0a79e8f209\" style=\"font-size:clamp(16.293px, 1.018rem + ((1vw - 3.2px) * 0.68), 25px);\">2. Pol\u00edtica de privacidad<\/h3>\n\n\n\n<p>CHIMIMECA puede ser obligado a recoger datos personales (nombres, direcciones, n\u00fameros de tel\u00e9fono, fax, correo electr\u00f3nico) y no personal (navegador, proveedor de acceso a Internet, p\u00e1ginas visitadas, la duraci\u00f3n de la visita, etc.) En cuanto a los usuarios de Internet. Estos datos ser\u00e1n objeto de tratamiento automatizado y se pueden finalidad contactar con usted o para ser transmitida a terceros.<br><br>Conformidad con la ley n \u00b0 78-17 del 6 de enero de 1978 relativa a las computadoras, archivos y libertades, Internet est\u00e1 informado de que tiene un derecho de acceso, oposici\u00f3n, rectificaci\u00f3n y cancelaci\u00f3n de sus datos. Para ejercitar estos derechos, basta con que el usuario de Internet para hacer una solicitud a la siguiente direcci\u00f3n de correo electr\u00f3nico: CHIMIMECA.<br><br>CHIMIMECA se compromete a preservar la confidencialidad de los datos personales transmitidos por Internet a trav\u00e9s del uso del Sitio.<br><br>Por otra parte, a reserva de obtener el consentimiento expreso previo al recoger CHIMIMECA consentimiento de datos puede ponerse en contacto con el usuario directamente a trav\u00e9s de encuestas por correo electr\u00f3nico.<br><br>Por \u00faltimo, a reserva de obtener el consentimiento expreso previo al recoger CHIMIMECA consentimiento datos pueden ser necesarios para transferir datos sobre el usuario a sus socios.<br><br>Puede eliminar de nuestros archivos ning\u00fan dato personal sobre usted. S\u00f3lo tienes que enviar el correo uncourrier y vamos a hacer todo lo posible para eliminar su informaci\u00f3n de nuestros archivos.<br><br>El sitio web es para todo el mundo. Sin embargo, CHIMIMECA no tiene intenci\u00f3n de recoger datos personales de menores de edad. Sin embargo, si un menor de edad proporciona datos personales, se requiere que los padres o tutores para solicitar que eliminemos esta informaci\u00f3n de nuestros archivos por correo electr\u00f3nico.<\/p>\n\n\n\n<h3 class=\"wp-block-heading has-custom-couleur-3-color has-text-color has-link-color wp-elements-d203012850014e818f6fd9557f414502\" style=\"font-size:clamp(16.293px, 1.018rem + ((1vw - 3.2px) * 0.68), 25px);\">3. El uso del sitio<\/h3>\n\n\n\n<p>El acceso al Sitio<br>CHIMIMECA se exime de cualquier responsabilidad por las dificultades con el acceso a un sitio o interrupciones en la conexi\u00f3n y sus consecuencias. Es posible que para el mantenimiento, actualizaci\u00f3n, y por cualquier otra raz\u00f3n, el acceso a la P\u00e1gina Web podr\u00e1 interrumpirse.<\/p>\n\n\n\n<p>Contenido del Sitio<br>CHIMIMECA se esfuerza en actualizar el contenido del sitio y proporcionar a los usuarios la informaci\u00f3n correcta, a reserva de los problemas t\u00e9cnicos, la publicaci\u00f3n o error tipogr\u00e1fico o visuales (fotos publicadas no son contractuales). En este sentido, CHIMIMECA no puede garantizar la exactitud de la informaci\u00f3n contenida en el Sitio, y no incurrir\u00e1 en responsabilidad alguna por el uso que surfista de esta informaci\u00f3n.<\/p>\n\n\n\n<p>La informaci\u00f3n publicada constituir\u00e1 solicitudes de tipo comercial (suscripci\u00f3n, suscripci\u00f3n, compra) de CHIMIMECA. En consecuencia, se recomienda que el usuario de Internet para obtener en primer lugar, y bajo su responsabilidad, cualquier consejo y \/ o cualquier informaci\u00f3n que pueda informar a su enfoque.<\/p>\n\n\n\n<p>Los enlaces hipertextos establecidos en la P\u00e1gina Web pueden conducir al internauta en los sitios Web de distintos socios. Se afirma que CHIMIMECA no ha revisado todos los sitios vinculados a su propia, su contenido y la informaci\u00f3n que aparece all\u00ed, y por lo tanto no acepta responsabilidad por el contenido de estos sitios y el uso que se hace por parte del usuario de Internet. El uso de estos sitios a trav\u00e9s de Internet es su exclusiva responsabilidad.<\/p>\n\n\n\n<p>Uso de cookies<br>CHIMIMECA puede colocar una cookie en el ordenador del Internet que la identificar\u00e1. Las cookies son peque\u00f1os archivos que se almacenan en el ordenador de la informaci\u00f3n de Internet y grabar sobre la navegaci\u00f3n de Internet en el Sitio (tales como las p\u00e1ginas consultadas, la fecha y la hora de consulta); puede leerse en las visitas posteriores del Internet. Las cookies no contienen datos para identificar el Internet y ser\u00e1n dise\u00f1ados para ser utilizado s\u00f3lo por CHIMIMECA. El internauta podr\u00e1 oponerse al registro de cookies configurando su navegador a tal efecto, sin embargo, el riesgo de no poder disfrutar de todas las caracter\u00edsticas del sitio.<\/p>\n\n\n\n<h3 class=\"wp-block-heading has-custom-couleur-3-color has-text-color has-link-color wp-elements-3e7c0b5f24536bf2eed56ade50e7066c\" style=\"font-size:clamp(16.293px, 1.018rem + ((1vw - 3.2px) * 0.68), 25px);\">4. Cambio de registro<\/h3>\n\n\n\n<p>CHIMIMECA se reserva el derecho de modificar en cualquier momento, as\u00ed como las condiciones legales de uso del sitio.<\/p>\n\n\n\n<h3 class=\"wp-block-heading has-custom-couleur-3-color has-text-color has-link-color wp-elements-8baa106a5fe8bfc270487cee40a71607\" style=\"font-size:clamp(16.293px, 1.018rem + ((1vw - 3.2px) * 0.68), 25px);\">5. Ley Aplicable<\/h3>\n\n\n\n<p>Las presentes condiciones de utilizaci\u00f3n del Sitio se rigen por la ley francesa.<\/p>\n\n\n\n<p>Si usted tiene alguna pregunta o comentario, no dude en contactar con nosotros.<\/p>\n\n<\/div>\n<\/div>\n\n<div class=\"gb-container gb-container-ecb77b32 sidebar text-underline-secondary\">\n<div class=\"gb-container gb-container-6009d736\">\n<div class=\"gb-container gb-container-41a03213\">\n\n<h3 class=\"wp-block-heading has-custom-couleur-4-color has-text-color has-link-color wp-elements-378fceac20fb0f1a93aadc868752b974\" style=\"font-size:clamp(14px, 0.875rem + ((1vw - 3.2px) * 0.469), 20px);text-transform:uppercase\">t\u00e9l\u00e9charger notre plaquette<\/h3>\n\n\n\n<a class=\"gb-button gb-button-c8374e70 gb-button-text telecharger\" href=\"\/wp-content\/uploads\/2024\/04\/Presentation-Chimimeca_ProduitsMateriels_Ateliers_Interventions-sur-site_2024.pdf\" target=\"_blank\" rel=\"noopener noreferrer\">T\u00c9L\u00c9CHARGER NOTRE PLAQUETTE<\/a>\n\n<\/div>\n\n<div class=\"gb-container gb-container-07485d43\">\n\n<h3 class=\"wp-block-heading has-custom-couleur-4-color has-text-color has-link-color wp-elements-d97bcf2cd39938a2cd459a724f2f736d\" style=\"font-size:clamp(14px, 0.875rem + ((1vw - 3.2px) * 0.469), 20px);text-transform:uppercase\">\u00c9VALUEZ-NOUS !<\/h3>\n\n\n\n<a class=\"gb-button gb-button-5d511fe5 gb-button-text avis\" href=\"https:\/\/www.chimimeca.com\/avis\/\">DONNEZ VOTRE AVIS<\/a>\n\n<\/div>\n<\/div>\n<\/div>\n<\/div>","protected":false},"excerpt":{"rendered":"<p>Informaci\u00f3n legal COPYRIGHT Conforme a las leyes que rigen los derechos de propiedad literaria y art\u00edstica o derechos similares, la reproducci\u00f3n o la representaci\u00f3n de la totalidad o parte de los componentes de este sitio est\u00e1 estrictamente prohibido. Del mismo modo, todas las marcas posibles son marcas registradas. CR\u00c9DITOS Fotos :&#8211; Chimimeca EDITOR CHIMIMECASi\u00e8ge social [&hellip;]<\/p>\n","protected":false},"author":1,"featured_media":0,"parent":0,"menu_order":0,"comment_status":"closed","ping_status":"closed","template":"","meta":{"_acf_changed":false,"footnotes":""},"class_list":["post-1789","page","type-page","status-publish","hentry"],"acf":[],"yoast_head":"<!-- This site is optimized with the Yoast SEO plugin v26.3 - https:\/\/yoast.com\/wordpress\/plugins\/seo\/ -->\n<title>Mentions l\u00e9gales - CHIMIMECA<\/title>\n<meta name=\"robots\" content=\"index, follow, max-snippet:-1, max-image-preview:large, max-video-preview:-1\" \/>\n<link rel=\"canonical\" href=\"https:\/\/www.chimimeca.com\/es\/mentions-legales\/\" \/>\n<meta property=\"og:locale\" content=\"es_ES\" \/>\n<meta property=\"og:type\" content=\"article\" \/>\n<meta property=\"og:title\" content=\"Mentions l\u00e9gales - CHIMIMECA\" \/>\n<meta property=\"og:description\" content=\"Informaci\u00f3n legal COPYRIGHT Conforme a las leyes que rigen los derechos de propiedad literaria y art\u00edstica o derechos similares, la reproducci\u00f3n o la representaci\u00f3n de la totalidad o parte de los componentes de este sitio est\u00e1 estrictamente prohibido. Del mismo modo, todas las marcas posibles son marcas registradas. CR\u00c9DITOS Fotos :&#8211; Chimimeca EDITOR CHIMIMECASi\u00e8ge social [&hellip;]\" \/>\n<meta property=\"og:url\" content=\"https:\/\/www.chimimeca.com\/es\/mentions-legales\/\" \/>\n<meta property=\"og:site_name\" content=\"CHIMIMECA\" \/>\n<meta property=\"article:modified_time\" content=\"2025-05-09T14:16:13+00:00\" \/>\n<meta name=\"twitter:card\" content=\"summary_large_image\" \/>\n<meta name=\"twitter:label1\" content=\"Tiempo de lectura\" \/>\n\t<meta name=\"twitter:data1\" content=\"18 minutos\" \/>\n<script type=\"application\/ld+json\" class=\"yoast-schema-graph\">{\"@context\":\"https:\/\/schema.org\",\"@graph\":[{\"@type\":\"WebPage\",\"@id\":\"https:\/\/www.chimimeca.com\/es\/mentions-legales\/\",\"url\":\"https:\/\/www.chimimeca.com\/es\/mentions-legales\/\",\"name\":\"Mentions l\u00e9gales - CHIMIMECA\",\"isPartOf\":{\"@id\":\"https:\/\/www.chimimeca.com\/es\/#website\"},\"datePublished\":\"2024-04-25T13:53:15+00:00\",\"dateModified\":\"2025-05-09T14:16:13+00:00\",\"breadcrumb\":{\"@id\":\"https:\/\/www.chimimeca.com\/es\/mentions-legales\/#breadcrumb\"},\"inLanguage\":\"es\",\"potentialAction\":[{\"@type\":\"ReadAction\",\"target\":[\"https:\/\/www.chimimeca.com\/es\/mentions-legales\/\"]}]},{\"@type\":\"BreadcrumbList\",\"@id\":\"https:\/\/www.chimimeca.com\/es\/mentions-legales\/#breadcrumb\",\"itemListElement\":[{\"@type\":\"ListItem\",\"position\":1,\"name\":\"Accueil\",\"item\":\"https:\/\/www.chimimeca.com\/es\/\"},{\"@type\":\"ListItem\",\"position\":2,\"name\":\"Mentions l\u00e9gales\"}]},{\"@type\":\"WebSite\",\"@id\":\"https:\/\/www.chimimeca.com\/es\/#website\",\"url\":\"https:\/\/www.chimimeca.com\/es\/\",\"name\":\"CHIMIMECA\",\"description\":\"\",\"publisher\":{\"@id\":\"https:\/\/www.chimimeca.com\/es\/#organization\"},\"potentialAction\":[{\"@type\":\"SearchAction\",\"target\":{\"@type\":\"EntryPoint\",\"urlTemplate\":\"https:\/\/www.chimimeca.com\/es\/?s={search_term_string}\"},\"query-input\":{\"@type\":\"PropertyValueSpecification\",\"valueRequired\":true,\"valueName\":\"search_term_string\"}}],\"inLanguage\":\"es\"},{\"@type\":\"Organization\",\"@id\":\"https:\/\/www.chimimeca.com\/es\/#organization\",\"name\":\"CHIMIMECA\",\"url\":\"https:\/\/www.chimimeca.com\/es\/\",\"logo\":{\"@type\":\"ImageObject\",\"inLanguage\":\"es\",\"@id\":\"https:\/\/www.chimimeca.com\/es\/#\/schema\/logo\/image\/\",\"url\":\"https:\/\/www.chimimeca.com\/wp-content\/uploads\/2024\/04\/logo.png\",\"contentUrl\":\"https:\/\/www.chimimeca.com\/wp-content\/uploads\/2024\/04\/logo.png\",\"width\":326,\"height\":81,\"caption\":\"CHIMIMECA\"},\"image\":{\"@id\":\"https:\/\/www.chimimeca.com\/es\/#\/schema\/logo\/image\/\"}}]}<\/script>\n<!-- \/ Yoast SEO plugin. -->","yoast_head_json":{"title":"Mentions l\u00e9gales - CHIMIMECA","robots":{"index":"index","follow":"follow","max-snippet":"max-snippet:-1","max-image-preview":"max-image-preview:large","max-video-preview":"max-video-preview:-1"},"canonical":"https:\/\/www.chimimeca.com\/es\/mentions-legales\/","og_locale":"es_ES","og_type":"article","og_title":"Mentions l\u00e9gales - CHIMIMECA","og_description":"Informaci\u00f3n legal COPYRIGHT Conforme a las leyes que rigen los derechos de propiedad literaria y art\u00edstica o derechos similares, la reproducci\u00f3n o la representaci\u00f3n de la totalidad o parte de los componentes de este sitio est\u00e1 estrictamente prohibido. Del mismo modo, todas las marcas posibles son marcas registradas. CR\u00c9DITOS Fotos :&#8211; Chimimeca EDITOR CHIMIMECASi\u00e8ge social [&hellip;]","og_url":"https:\/\/www.chimimeca.com\/es\/mentions-legales\/","og_site_name":"CHIMIMECA","article_modified_time":"2025-05-09T14:16:13+00:00","twitter_card":"summary_large_image","twitter_misc":{"Tiempo de lectura":"18 minutos"},"schema":{"@context":"https:\/\/schema.org","@graph":[{"@type":"WebPage","@id":"https:\/\/www.chimimeca.com\/es\/mentions-legales\/","url":"https:\/\/www.chimimeca.com\/es\/mentions-legales\/","name":"Mentions l\u00e9gales - CHIMIMECA","isPartOf":{"@id":"https:\/\/www.chimimeca.com\/es\/#website"},"datePublished":"2024-04-25T13:53:15+00:00","dateModified":"2025-05-09T14:16:13+00:00","breadcrumb":{"@id":"https:\/\/www.chimimeca.com\/es\/mentions-legales\/#breadcrumb"},"inLanguage":"es","potentialAction":[{"@type":"ReadAction","target":["https:\/\/www.chimimeca.com\/es\/mentions-legales\/"]}]},{"@type":"BreadcrumbList","@id":"https:\/\/www.chimimeca.com\/es\/mentions-legales\/#breadcrumb","itemListElement":[{"@type":"ListItem","position":1,"name":"Accueil","item":"https:\/\/www.chimimeca.com\/es\/"},{"@type":"ListItem","position":2,"name":"Mentions l\u00e9gales"}]},{"@type":"WebSite","@id":"https:\/\/www.chimimeca.com\/es\/#website","url":"https:\/\/www.chimimeca.com\/es\/","name":"CHIMIMECA","description":"","publisher":{"@id":"https:\/\/www.chimimeca.com\/es\/#organization"},"potentialAction":[{"@type":"SearchAction","target":{"@type":"EntryPoint","urlTemplate":"https:\/\/www.chimimeca.com\/es\/?s={search_term_string}"},"query-input":{"@type":"PropertyValueSpecification","valueRequired":true,"valueName":"search_term_string"}}],"inLanguage":"es"},{"@type":"Organization","@id":"https:\/\/www.chimimeca.com\/es\/#organization","name":"CHIMIMECA","url":"https:\/\/www.chimimeca.com\/es\/","logo":{"@type":"ImageObject","inLanguage":"es","@id":"https:\/\/www.chimimeca.com\/es\/#\/schema\/logo\/image\/","url":"https:\/\/www.chimimeca.com\/wp-content\/uploads\/2024\/04\/logo.png","contentUrl":"https:\/\/www.chimimeca.com\/wp-content\/uploads\/2024\/04\/logo.png","width":326,"height":81,"caption":"CHIMIMECA"},"image":{"@id":"https:\/\/www.chimimeca.com\/es\/#\/schema\/logo\/image\/"}}]}},"_links":{"self":[{"href":"https:\/\/www.chimimeca.com\/es\/wp-json\/wp\/v2\/pages\/1789","targetHints":{"allow":["GET"]}}],"collection":[{"href":"https:\/\/www.chimimeca.com\/es\/wp-json\/wp\/v2\/pages"}],"about":[{"href":"https:\/\/www.chimimeca.com\/es\/wp-json\/wp\/v2\/types\/page"}],"author":[{"embeddable":true,"href":"https:\/\/www.chimimeca.com\/es\/wp-json\/wp\/v2\/users\/1"}],"replies":[{"embeddable":true,"href":"https:\/\/www.chimimeca.com\/es\/wp-json\/wp\/v2\/comments?post=1789"}],"version-history":[{"count":1,"href":"https:\/\/www.chimimeca.com\/es\/wp-json\/wp\/v2\/pages\/1789\/revisions"}],"predecessor-version":[{"id":1792,"href":"https:\/\/www.chimimeca.com\/es\/wp-json\/wp\/v2\/pages\/1789\/revisions\/1792"}],"wp:attachment":[{"href":"https:\/\/www.chimimeca.com\/es\/wp-json\/wp\/v2\/media?parent=1789"}],"curies":[{"name":"wp","href":"https:\/\/api.w.org\/{rel}","templated":true}]}}