{"id":1760,"date":"2024-04-24T15:15:43","date_gmt":"2024-04-24T13:15:43","guid":{"rendered":"https:\/\/www.chimimeca.com\/derouging\/"},"modified":"2025-05-12T17:09:32","modified_gmt":"2025-05-12T15:09:32","slug":"derouging","status":"publish","type":"page","link":"https:\/\/www.chimimeca.com\/es\/derouging\/","title":{"rendered":"D\u00e9rouging"},"content":{"rendered":"<div class=\"gb-container gb-container-02394211\">\n\n<h1 class=\"wp-block-heading has-base-2-color has-text-color has-link-color wp-elements-2b521be52966f0efa94c747c7dbcf458\" style=\"margin-top:0;margin-bottom:0;font-size:clamp(22.041px, 1.378rem + ((1vw - 3.2px) * 1.091), 36px);text-transform:uppercase\">Derouging<\/h1>\n\n<\/div>\n\n<div class=\"gb-container gb-container-02488878\">\n<div class=\"gb-container gb-container-0b8be6b2 li-pins\">\n<div class=\"gb-container gb-container-d81d1bb6\">\n\n<h2 class=\"wp-block-heading has-custom-couleur-3-color has-text-color has-link-color wp-elements-f3f6b1cfd0d6a6d918cf8e4675d5058c\" style=\"font-size:clamp(18.959px, 1.185rem + ((1vw - 3.2px) * 0.863), 30px);font-style:normal;font-weight:700\">Derouging &#8211; Especificidad de la industria farmac\u00e9utica.<\/h2>\n\n\n\n<h3 class=\"wp-block-heading has-custom-couleur-3-color has-text-color has-link-color wp-elements-4425547113d593ed98924180eb0c8264\" style=\"font-size:clamp(14px, 0.875rem + ((1vw - 3.2px) * 0.469), 20px);\">La producci\u00f3n de agua ultrapura conduce a generar por efectos electroqu\u00edmicos localizados \u00f3xidos f\u00e9rricos l\u00e1biles que se difunden en las instalaciones.<\/h3>\n\n\n<div class=\"gb-container gb-container-10dfe1b8\">\n<div class=\"gb-container gb-container-88c037ec\">\n\n<p class=\"has-custom-couleur-4-color has-text-color has-link-color wp-elements-a027b7b355ff82bb1b49271a853669fb\" style=\"font-size:clamp(14px, 0.875rem + ((1vw - 3.2px) * 0.078), 15px);\">El fen\u00f3meno del rouging impone pues la aplicaci\u00f3n de tratamientos curativos espec\u00edficos que tienden a la eliminaci\u00f3n de los \u00f3xidos depositados en la piel de superficies generalmente pulidas o electropulidas:<\/p>\n\n\n\n<ul style=\"font-size:clamp(14px, 0.875rem + ((1vw - 3.2px) * 0.078), 15px);\" class=\"wp-block-list is-style-default has-custom-couleur-4-color has-text-color has-link-color wp-elements-ac50ddf7fa1ef417638d2460b940cf9b\">\n<li><a href=\"https:\/\/www.chimimeca.com\/es\/chaudieres-et-doubles-enveloppes\/\">Calderas<\/a>\u00a0de producci\u00f3n de vapor puro<\/li>\n\n\n\n<li>Distribuciones EPU\/EPPI calientes,\u00a0<a href=\"https:\/\/www.chimimeca.com\/es\/reseaux-distributions\/\">redes<\/a>,\u00a0<a href=\"https:\/\/www.chimimeca.com\/es\/cuves-reservoirs\/\">cubas<\/a><\/li>\n\n\n\n<li>Unidades de proceso, fermentadores, liofilizadores<\/li>\n<\/ul>\n\n<\/div>\n\n<div class=\"gb-container gb-container-341fc4bc\">\n\n<figure class=\"gb-block-image gb-block-image-07ca4a57\"><img loading=\"lazy\" decoding=\"async\" width=\"191\" height=\"126\" class=\"gb-image gb-image-07ca4a57\" src=\"https:\/\/www.chimimeca.com\/wp-content\/uploads\/2024\/04\/derouging-reseaux-pharmaceutiques.jpg\" alt=\"\" title=\"derouging-reseaux-pharmaceutiques\"\/><\/figure>\n\n<\/div>\n<\/div>\n\n\n<h3 class=\"wp-block-heading has-custom-couleur-3-color has-text-color has-link-color wp-elements-91a0d676e2c2699ae7e61adabb9c76b8\" style=\"font-size:clamp(14px, 0.875rem + ((1vw - 3.2px) * 0.469), 20px);\">Nuestras gamas de alto rendimiento permiten tratar \u00edntegramente el rouging a bajas temperaturas sin alterar los sustratos. La restauraci\u00f3n perfecta de las superficies de proceso garantiza la durabilidad de los tratamientos.<\/h3>\n\n<\/div>\n<\/div>\n\n<div class=\"gb-container gb-container-ecb77b32 sidebar text-underline-secondary\">\n<div class=\"gb-container gb-container-6009d736\">\n<div class=\"gb-container gb-container-edd115a1\">\n\n<h3 class=\"wp-block-heading has-custom-couleur-4-color has-text-color has-link-color wp-elements-4f50d4960ac9a713b22fde01861d6ff4\" style=\"font-size:clamp(14px, 0.875rem + ((1vw - 3.2px) * 0.469), 20px);text-transform:uppercase\">Tratamientos<\/h3>\n\n\n\n<ul style=\"font-size:clamp(14px, 0.875rem + ((1vw - 3.2px) * 0.078), 15px);\" class=\"wp-block-list has-custom-couleur-4-color has-text-color has-link-color wp-elements-cc426a478efb250b8e9daa3171a38014\">\n<li style=\"margin-top:var(--wp--preset--spacing--10);margin-bottom:var(--wp--preset--spacing--10)\"><a href=\"https:\/\/www.chimimeca.com\/es\/degraissage\/\">Desengrasado<\/a><\/li>\n\n\n\n<li style=\"margin-top:var(--wp--preset--spacing--10);margin-bottom:var(--wp--preset--spacing--10)\"><a href=\"https:\/\/www.chimimeca.com\/es\/decapage\/\">Decapado<\/a><\/li>\n\n\n\n<li style=\"margin-top:var(--wp--preset--spacing--10);margin-bottom:var(--wp--preset--spacing--10)\"><a href=\"https:\/\/www.chimimeca.com\/es\/passivation\/\">Pasivaci\u00f3n<\/a><\/li>\n\n\n\n<li style=\"margin-top:var(--wp--preset--spacing--10);margin-bottom:var(--wp--preset--spacing--10)\"><a href=\"https:\/\/www.chimimeca.com\/es\/derouging\/\">Derouging<\/a><\/li>\n\n\n\n<li style=\"margin-top:var(--wp--preset--spacing--10);margin-bottom:var(--wp--preset--spacing--10)\"><a href=\"https:\/\/www.chimimeca.com\/es\/sanitation\/\">Saneamiento<\/a><\/li>\n\n\n\n<li style=\"margin-top:var(--wp--preset--spacing--10);margin-bottom:var(--wp--preset--spacing--10)\"><a href=\"https:\/\/www.chimimeca.com\/es\/nettoyage-chimique\/\">Limpieza qu\u00edmica<\/a><\/li>\n\n\n\n<li style=\"margin-top:var(--wp--preset--spacing--10);margin-bottom:var(--wp--preset--spacing--10)\"><a href=\"https:\/\/www.chimimeca.com\/es\/detartrage-desembouage\/\">Desincrustaci\u00f3n y deslodado<\/a><\/li>\n<\/ul>\n\n<\/div>\n\n<div class=\"gb-container gb-container-41a03213\">\n\n<h3 class=\"wp-block-heading has-custom-couleur-4-color has-text-color has-link-color wp-elements-691d8fd9def7c5df63c6f6282b2ebb42\" style=\"font-size:clamp(14px, 0.875rem + ((1vw - 3.2px) * 0.469), 20px);text-transform:uppercase\">DESCARGA NUESTRO FOLLETO<\/h3>\n\n\n\n<a class=\"gb-button gb-button-c8374e70 gb-button-text telecharger\" href=\"\/wp-content\/uploads\/2024\/04\/Presentation-Chimimeca_ProduitsMateriels_Ateliers_Interventions-sur-site_2024.pdf\" target=\"_blank\" rel=\"noopener noreferrer\">DESCARGA NUESTRO FOLLETO<\/a>\n\n<\/div>\n\n<div class=\"gb-container gb-container-07485d43\">\n\n<h3 class=\"wp-block-heading has-custom-couleur-4-color has-text-color has-link-color wp-elements-2d30c6b3694e44d0dc58fb5b9511509f\" style=\"font-size:clamp(14px, 0.875rem + ((1vw - 3.2px) * 0.469), 20px);text-transform:uppercase\">Nos evaluar !<\/h3>\n\n\n\n<a class=\"gb-button gb-button-5d511fe5 gb-button-text avis\" href=\"https:\/\/www.chimimeca.com\/es\/avis\/\">DAR SU OPINION<\/a>\n\n<\/div>\n<\/div>\n<\/div>\n<\/div>","protected":false},"excerpt":{"rendered":"<p>Derouging Derouging &#8211; Especificidad de la industria farmac\u00e9utica. La producci\u00f3n de agua ultrapura conduce a generar por efectos electroqu\u00edmicos localizados \u00f3xidos f\u00e9rricos l\u00e1biles que se difunden en las instalaciones. El fen\u00f3meno del rouging impone pues la aplicaci\u00f3n de tratamientos curativos espec\u00edficos que tienden a la eliminaci\u00f3n de los \u00f3xidos depositados en la piel de superficies [&hellip;]<\/p>\n","protected":false},"author":1,"featured_media":0,"parent":0,"menu_order":0,"comment_status":"closed","ping_status":"closed","template":"","meta":{"_acf_changed":false,"footnotes":""},"class_list":["post-1760","page","type-page","status-publish","hentry"],"acf":[],"yoast_head":"<!-- This site is optimized with the Yoast SEO plugin v26.3 - https:\/\/yoast.com\/wordpress\/plugins\/seo\/ -->\n<title>D\u00e9rouging - CHIMIMECA<\/title>\n<meta name=\"robots\" content=\"index, follow, max-snippet:-1, max-image-preview:large, max-video-preview:-1\" \/>\n<link rel=\"canonical\" href=\"https:\/\/www.chimimeca.com\/es\/derouging\/\" \/>\n<meta property=\"og:locale\" content=\"es_ES\" \/>\n<meta property=\"og:type\" content=\"article\" \/>\n<meta property=\"og:title\" content=\"D\u00e9rouging - CHIMIMECA\" \/>\n<meta property=\"og:description\" content=\"Derouging Derouging &#8211; Especificidad de la industria farmac\u00e9utica. La producci\u00f3n de agua ultrapura conduce a generar por efectos electroqu\u00edmicos localizados \u00f3xidos f\u00e9rricos l\u00e1biles que se difunden en las instalaciones. El fen\u00f3meno del rouging impone pues la aplicaci\u00f3n de tratamientos curativos espec\u00edficos que tienden a la eliminaci\u00f3n de los \u00f3xidos depositados en la piel de superficies [&hellip;]\" \/>\n<meta property=\"og:url\" content=\"https:\/\/www.chimimeca.com\/es\/derouging\/\" \/>\n<meta property=\"og:site_name\" content=\"CHIMIMECA\" \/>\n<meta property=\"article:modified_time\" content=\"2025-05-12T15:09:32+00:00\" \/>\n<meta property=\"og:image\" content=\"https:\/\/www.chimimeca.com\/wp-content\/uploads\/2024\/04\/derouging-reseaux-pharmaceutiques.jpg\" \/>\n<meta name=\"twitter:card\" content=\"summary_large_image\" \/>\n<meta name=\"twitter:label1\" content=\"Tiempo de lectura\" \/>\n\t<meta name=\"twitter:data1\" content=\"3 minutos\" \/>\n<script type=\"application\/ld+json\" class=\"yoast-schema-graph\">{\"@context\":\"https:\/\/schema.org\",\"@graph\":[{\"@type\":\"WebPage\",\"@id\":\"https:\/\/www.chimimeca.com\/es\/derouging\/\",\"url\":\"https:\/\/www.chimimeca.com\/es\/derouging\/\",\"name\":\"D\u00e9rouging - CHIMIMECA\",\"isPartOf\":{\"@id\":\"https:\/\/www.chimimeca.com\/es\/#website\"},\"primaryImageOfPage\":{\"@id\":\"https:\/\/www.chimimeca.com\/es\/derouging\/#primaryimage\"},\"image\":{\"@id\":\"https:\/\/www.chimimeca.com\/es\/derouging\/#primaryimage\"},\"thumbnailUrl\":\"https:\/\/www.chimimeca.com\/wp-content\/uploads\/2024\/04\/derouging-reseaux-pharmaceutiques.jpg\",\"datePublished\":\"2024-04-24T13:15:43+00:00\",\"dateModified\":\"2025-05-12T15:09:32+00:00\",\"breadcrumb\":{\"@id\":\"https:\/\/www.chimimeca.com\/es\/derouging\/#breadcrumb\"},\"inLanguage\":\"es\",\"potentialAction\":[{\"@type\":\"ReadAction\",\"target\":[\"https:\/\/www.chimimeca.com\/es\/derouging\/\"]}]},{\"@type\":\"ImageObject\",\"inLanguage\":\"es\",\"@id\":\"https:\/\/www.chimimeca.com\/es\/derouging\/#primaryimage\",\"url\":\"https:\/\/www.chimimeca.com\/wp-content\/uploads\/2024\/04\/derouging-reseaux-pharmaceutiques.jpg\",\"contentUrl\":\"https:\/\/www.chimimeca.com\/wp-content\/uploads\/2024\/04\/derouging-reseaux-pharmaceutiques.jpg\"},{\"@type\":\"BreadcrumbList\",\"@id\":\"https:\/\/www.chimimeca.com\/es\/derouging\/#breadcrumb\",\"itemListElement\":[{\"@type\":\"ListItem\",\"position\":1,\"name\":\"Accueil\",\"item\":\"https:\/\/www.chimimeca.com\/es\/\"},{\"@type\":\"ListItem\",\"position\":2,\"name\":\"D\u00e9rouging\"}]},{\"@type\":\"WebSite\",\"@id\":\"https:\/\/www.chimimeca.com\/es\/#website\",\"url\":\"https:\/\/www.chimimeca.com\/es\/\",\"name\":\"CHIMIMECA\",\"description\":\"\",\"publisher\":{\"@id\":\"https:\/\/www.chimimeca.com\/es\/#organization\"},\"potentialAction\":[{\"@type\":\"SearchAction\",\"target\":{\"@type\":\"EntryPoint\",\"urlTemplate\":\"https:\/\/www.chimimeca.com\/es\/?s={search_term_string}\"},\"query-input\":{\"@type\":\"PropertyValueSpecification\",\"valueRequired\":true,\"valueName\":\"search_term_string\"}}],\"inLanguage\":\"es\"},{\"@type\":\"Organization\",\"@id\":\"https:\/\/www.chimimeca.com\/es\/#organization\",\"name\":\"CHIMIMECA\",\"url\":\"https:\/\/www.chimimeca.com\/es\/\",\"logo\":{\"@type\":\"ImageObject\",\"inLanguage\":\"es\",\"@id\":\"https:\/\/www.chimimeca.com\/es\/#\/schema\/logo\/image\/\",\"url\":\"https:\/\/www.chimimeca.com\/wp-content\/uploads\/2024\/04\/logo.png\",\"contentUrl\":\"https:\/\/www.chimimeca.com\/wp-content\/uploads\/2024\/04\/logo.png\",\"width\":326,\"height\":81,\"caption\":\"CHIMIMECA\"},\"image\":{\"@id\":\"https:\/\/www.chimimeca.com\/es\/#\/schema\/logo\/image\/\"}}]}<\/script>\n<!-- \/ Yoast SEO plugin. -->","yoast_head_json":{"title":"D\u00e9rouging - CHIMIMECA","robots":{"index":"index","follow":"follow","max-snippet":"max-snippet:-1","max-image-preview":"max-image-preview:large","max-video-preview":"max-video-preview:-1"},"canonical":"https:\/\/www.chimimeca.com\/es\/derouging\/","og_locale":"es_ES","og_type":"article","og_title":"D\u00e9rouging - CHIMIMECA","og_description":"Derouging Derouging &#8211; Especificidad de la industria farmac\u00e9utica. La producci\u00f3n de agua ultrapura conduce a generar por efectos electroqu\u00edmicos localizados \u00f3xidos f\u00e9rricos l\u00e1biles que se difunden en las instalaciones. El fen\u00f3meno del rouging impone pues la aplicaci\u00f3n de tratamientos curativos espec\u00edficos que tienden a la eliminaci\u00f3n de los \u00f3xidos depositados en la piel de superficies [&hellip;]","og_url":"https:\/\/www.chimimeca.com\/es\/derouging\/","og_site_name":"CHIMIMECA","article_modified_time":"2025-05-12T15:09:32+00:00","og_image":[{"url":"https:\/\/www.chimimeca.com\/wp-content\/uploads\/2024\/04\/derouging-reseaux-pharmaceutiques.jpg","type":"","width":"","height":""}],"twitter_card":"summary_large_image","twitter_misc":{"Tiempo de lectura":"3 minutos"},"schema":{"@context":"https:\/\/schema.org","@graph":[{"@type":"WebPage","@id":"https:\/\/www.chimimeca.com\/es\/derouging\/","url":"https:\/\/www.chimimeca.com\/es\/derouging\/","name":"D\u00e9rouging - CHIMIMECA","isPartOf":{"@id":"https:\/\/www.chimimeca.com\/es\/#website"},"primaryImageOfPage":{"@id":"https:\/\/www.chimimeca.com\/es\/derouging\/#primaryimage"},"image":{"@id":"https:\/\/www.chimimeca.com\/es\/derouging\/#primaryimage"},"thumbnailUrl":"https:\/\/www.chimimeca.com\/wp-content\/uploads\/2024\/04\/derouging-reseaux-pharmaceutiques.jpg","datePublished":"2024-04-24T13:15:43+00:00","dateModified":"2025-05-12T15:09:32+00:00","breadcrumb":{"@id":"https:\/\/www.chimimeca.com\/es\/derouging\/#breadcrumb"},"inLanguage":"es","potentialAction":[{"@type":"ReadAction","target":["https:\/\/www.chimimeca.com\/es\/derouging\/"]}]},{"@type":"ImageObject","inLanguage":"es","@id":"https:\/\/www.chimimeca.com\/es\/derouging\/#primaryimage","url":"https:\/\/www.chimimeca.com\/wp-content\/uploads\/2024\/04\/derouging-reseaux-pharmaceutiques.jpg","contentUrl":"https:\/\/www.chimimeca.com\/wp-content\/uploads\/2024\/04\/derouging-reseaux-pharmaceutiques.jpg"},{"@type":"BreadcrumbList","@id":"https:\/\/www.chimimeca.com\/es\/derouging\/#breadcrumb","itemListElement":[{"@type":"ListItem","position":1,"name":"Accueil","item":"https:\/\/www.chimimeca.com\/es\/"},{"@type":"ListItem","position":2,"name":"D\u00e9rouging"}]},{"@type":"WebSite","@id":"https:\/\/www.chimimeca.com\/es\/#website","url":"https:\/\/www.chimimeca.com\/es\/","name":"CHIMIMECA","description":"","publisher":{"@id":"https:\/\/www.chimimeca.com\/es\/#organization"},"potentialAction":[{"@type":"SearchAction","target":{"@type":"EntryPoint","urlTemplate":"https:\/\/www.chimimeca.com\/es\/?s={search_term_string}"},"query-input":{"@type":"PropertyValueSpecification","valueRequired":true,"valueName":"search_term_string"}}],"inLanguage":"es"},{"@type":"Organization","@id":"https:\/\/www.chimimeca.com\/es\/#organization","name":"CHIMIMECA","url":"https:\/\/www.chimimeca.com\/es\/","logo":{"@type":"ImageObject","inLanguage":"es","@id":"https:\/\/www.chimimeca.com\/es\/#\/schema\/logo\/image\/","url":"https:\/\/www.chimimeca.com\/wp-content\/uploads\/2024\/04\/logo.png","contentUrl":"https:\/\/www.chimimeca.com\/wp-content\/uploads\/2024\/04\/logo.png","width":326,"height":81,"caption":"CHIMIMECA"},"image":{"@id":"https:\/\/www.chimimeca.com\/es\/#\/schema\/logo\/image\/"}}]}},"_links":{"self":[{"href":"https:\/\/www.chimimeca.com\/es\/wp-json\/wp\/v2\/pages\/1760","targetHints":{"allow":["GET"]}}],"collection":[{"href":"https:\/\/www.chimimeca.com\/es\/wp-json\/wp\/v2\/pages"}],"about":[{"href":"https:\/\/www.chimimeca.com\/es\/wp-json\/wp\/v2\/types\/page"}],"author":[{"embeddable":true,"href":"https:\/\/www.chimimeca.com\/es\/wp-json\/wp\/v2\/users\/1"}],"replies":[{"embeddable":true,"href":"https:\/\/www.chimimeca.com\/es\/wp-json\/wp\/v2\/comments?post=1760"}],"version-history":[{"count":4,"href":"https:\/\/www.chimimeca.com\/es\/wp-json\/wp\/v2\/pages\/1760\/revisions"}],"predecessor-version":[{"id":1887,"href":"https:\/\/www.chimimeca.com\/es\/wp-json\/wp\/v2\/pages\/1760\/revisions\/1887"}],"wp:attachment":[{"href":"https:\/\/www.chimimeca.com\/es\/wp-json\/wp\/v2\/media?parent=1760"}],"curies":[{"name":"wp","href":"https:\/\/api.w.org\/{rel}","templated":true}]}}