{"id":1743,"date":"2024-04-24T14:35:19","date_gmt":"2024-04-24T12:35:19","guid":{"rendered":"https:\/\/www.chimimeca.com\/traitement-procedes\/"},"modified":"2025-05-12T17:01:56","modified_gmt":"2025-05-12T15:01:56","slug":"traitement-procedes","status":"publish","type":"page","link":"https:\/\/www.chimimeca.com\/es\/traitement-procedes\/","title":{"rendered":"Traitement &amp; Proc\u00e9d\u00e9s"},"content":{"rendered":"<div class=\"gb-container gb-container-02394211\">\n\n<h1 class=\"wp-block-heading has-base-2-color has-text-color has-link-color wp-elements-1e9dc40ad2069926a9f9fc027e9bf657\" style=\"margin-top:0;margin-bottom:0;font-size:clamp(22.041px, 1.378rem + ((1vw - 3.2px) * 1.091), 36px);text-transform:uppercase\">Tratamientos<\/h1>\n\n<\/div>\n\n<div class=\"gb-container gb-container-02488878\">\n<div class=\"gb-container gb-container-0b8be6b2 li-pins\">\n<div class=\"gb-container gb-container-d81d1bb6\">\n\n<h2 class=\"wp-block-heading has-custom-couleur-3-color has-text-color has-link-color wp-elements-c00856c7dc9a6f157c4cc545d9563232\" style=\"font-size:clamp(18.959px, 1.185rem + ((1vw - 3.2px) * 0.863), 30px);font-style:normal;font-weight:700\">Los tratamientos aplicados obedecen a una l\u00f3gica que conduce del m\u00e1s sucio al m\u00e1s limpio y ultralimpio, por fases sucesivas y en su caso iterativas.<\/h2>\n\n\n\n<p class=\"has-custom-couleur-4-color has-text-color has-link-color wp-elements-9660ca1f757883002c3de3ab6498579d\" style=\"font-size:clamp(14px, 0.875rem + ((1vw - 3.2px) * 0.078), 15px);\">Las fases de\u00a0<a href=\"https:\/\/www.chimimeca.com\/es\/proprete-ultra-proprete\/\">limpieza primaria<\/a>\u00a0desenrollan con prioridad la eliminaci\u00f3n de dep\u00f3sitos org\u00e1nicos &#8211;\u00a0<a href=\"https:\/\/www.chimimeca.com\/es\/degraissage\/\">desengrasado<\/a>\u00a0\u2013 y luego contaminantes fisicoqu\u00edmicos &#8211; desoxidaci\u00f3n,\u00a0<a href=\"https:\/\/www.chimimeca.com\/es\/decapage\/\">decapado<\/a>\u00a0&#8211; para finalmente restaurar el estado \u00edntegro de los materiales de base &#8211;\u00a0<a href=\"https:\/\/www.chimimeca.com\/es\/passivation\/\">pasivaci\u00f3n<\/a>. Por ejemplo:<\/p>\n\n\n<div class=\"gb-container gb-container-10dfe1b8\">\n<div class=\"gb-container gb-container-88c037ec\">\n\n<ul style=\"font-size:clamp(14px, 0.875rem + ((1vw - 3.2px) * 0.078), 15px);\" class=\"wp-block-list has-custom-couleur-4-color has-text-color has-link-color wp-elements-7b3e64ba0f3d59d66314f62f571d5ee5\">\n<li>Tratamientos de\u00a0<a href=\"https:\/\/www.chimimeca.com\/es\/aciers-inoxydables\/\">acero inoxidable<\/a>\u00a0en\u00a0<a href=\"https:\/\/www.chimimeca.com\/es\/nucleaire-aenergie\/\">gama nuclear<\/a><\/li>\n\n\n\n<li>Tratamientos de\u00a0<a href=\"https:\/\/www.chimimeca.com\/es\/aluminium\/\">aluminio<\/a>\u00a0en\u00a0<a href=\"https:\/\/www.chimimeca.com\/es\/cryogenie-ultra-vide-gaz-purs\/\">ultravac\u00edo<\/a><\/li>\n\n\n\n<li>Tratamientos de\u00a0<a href=\"https:\/\/www.chimimeca.com\/es\/titane\/\">titanio en aeron\u00e1utica<\/a><\/li>\n<\/ul>\n\n\n\n<p class=\"has-custom-couleur-4-color has-text-color has-link-color wp-elements-766258add65cc46662433cc3a4ac1f15\" style=\"font-size:clamp(14px, 0.875rem + ((1vw - 3.2px) * 0.078), 15px);\">Para las gamas curativas &#8211;\u00a0<a href=\"https:\/\/www.chimimeca.com\/es\/proprete-ultra-proprete\/\">limpieza secundaria<\/a>\u00a0&#8211; las fases qu\u00edmicas primarias se complementan o remplazan con tratamientos espec\u00edficos:\u00a0<a href=\"https:\/\/www.chimimeca.com\/es\/derouging\/\">derouging<\/a>,\u00a0<a href=\"https:\/\/www.chimimeca.com\/es\/sanitation\/\">saneamiento<\/a>,\u00a0<a href=\"https:\/\/www.chimimeca.com\/es\/detartrage-desembouage\/\">desincrustaci\u00f3n<\/a>, deslodado, lixiviaci\u00f3n qu\u00edmica, eliminaci\u00f3n de fuel, etc.<\/p>\n\n<\/div>\n\n<div class=\"gb-container gb-container-341fc4bc\">\n\n<figure class=\"gb-block-image gb-block-image-07ca4a57\"><img loading=\"lazy\" decoding=\"async\" width=\"191\" height=\"126\" class=\"gb-image gb-image-07ca4a57\" src=\"https:\/\/www.chimimeca.com\/wp-content\/uploads\/2024\/04\/traitement-nettoyage-industriel-metaux.jpg\" alt=\"\" title=\"traitement-nettoyage-industriel-metaux\"\/><\/figure>\n\n<\/div>\n<\/div>\n<\/div>\n<\/div>\n\n<div class=\"gb-container gb-container-ecb77b32 sidebar text-underline-secondary\">\n<div class=\"gb-container gb-container-6009d736\">\n<div class=\"gb-container gb-container-edd115a1\">\n\n<h3 class=\"wp-block-heading has-custom-couleur-4-color has-text-color has-link-color wp-elements-4f50d4960ac9a713b22fde01861d6ff4\" style=\"font-size:clamp(14px, 0.875rem + ((1vw - 3.2px) * 0.469), 20px);text-transform:uppercase\">Tratamientos<\/h3>\n\n\n\n<ul style=\"font-size:clamp(14px, 0.875rem + ((1vw - 3.2px) * 0.078), 15px);\" class=\"wp-block-list has-custom-couleur-4-color has-text-color has-link-color wp-elements-cc426a478efb250b8e9daa3171a38014\">\n<li style=\"margin-top:var(--wp--preset--spacing--10);margin-bottom:var(--wp--preset--spacing--10)\"><a href=\"https:\/\/www.chimimeca.com\/es\/degraissage\/\">Desengrasado<\/a><\/li>\n\n\n\n<li style=\"margin-top:var(--wp--preset--spacing--10);margin-bottom:var(--wp--preset--spacing--10)\"><a href=\"https:\/\/www.chimimeca.com\/es\/decapage\/\">Decapado<\/a><\/li>\n\n\n\n<li style=\"margin-top:var(--wp--preset--spacing--10);margin-bottom:var(--wp--preset--spacing--10)\"><a href=\"https:\/\/www.chimimeca.com\/es\/passivation\/\">Pasivaci\u00f3n<\/a><\/li>\n\n\n\n<li style=\"margin-top:var(--wp--preset--spacing--10);margin-bottom:var(--wp--preset--spacing--10)\"><a href=\"https:\/\/www.chimimeca.com\/es\/derouging\/\">Derouging<\/a><\/li>\n\n\n\n<li style=\"margin-top:var(--wp--preset--spacing--10);margin-bottom:var(--wp--preset--spacing--10)\"><a href=\"https:\/\/www.chimimeca.com\/es\/sanitation\/\">Saneamiento<\/a><\/li>\n\n\n\n<li style=\"margin-top:var(--wp--preset--spacing--10);margin-bottom:var(--wp--preset--spacing--10)\"><a href=\"https:\/\/www.chimimeca.com\/es\/nettoyage-chimique\/\">Limpieza qu\u00edmica<\/a><\/li>\n\n\n\n<li style=\"margin-top:var(--wp--preset--spacing--10);margin-bottom:var(--wp--preset--spacing--10)\"><a href=\"https:\/\/www.chimimeca.com\/es\/detartrage-desembouage\/\">Desincrustaci\u00f3n y deslodado<\/a><\/li>\n<\/ul>\n\n<\/div>\n\n<div class=\"gb-container gb-container-41a03213\">\n\n<h3 class=\"wp-block-heading has-custom-couleur-4-color has-text-color has-link-color wp-elements-691d8fd9def7c5df63c6f6282b2ebb42\" style=\"font-size:clamp(14px, 0.875rem + ((1vw - 3.2px) * 0.469), 20px);text-transform:uppercase\">DESCARGA NUESTRO FOLLETO<\/h3>\n\n\n\n<a class=\"gb-button gb-button-c8374e70 gb-button-text telecharger\" href=\"\/wp-content\/uploads\/2024\/04\/Presentation-Chimimeca_ProduitsMateriels_Ateliers_Interventions-sur-site_2024.pdf\" target=\"_blank\" rel=\"noopener noreferrer\">DESCARGA NUESTRO FOLLETO<\/a>\n\n<\/div>\n\n<div class=\"gb-container gb-container-07485d43\">\n\n<h3 class=\"wp-block-heading has-custom-couleur-4-color has-text-color has-link-color wp-elements-2d30c6b3694e44d0dc58fb5b9511509f\" style=\"font-size:clamp(14px, 0.875rem + ((1vw - 3.2px) * 0.469), 20px);text-transform:uppercase\">Nos evaluar !<\/h3>\n\n\n\n<a class=\"gb-button gb-button-5d511fe5 gb-button-text avis\" href=\"https:\/\/www.chimimeca.com\/es\/avis\/\">DAR SU OPINION<\/a>\n\n<\/div>\n<\/div>\n<\/div>\n<\/div>","protected":false},"excerpt":{"rendered":"<p>Tratamientos Los tratamientos aplicados obedecen a una l\u00f3gica que conduce del m\u00e1s sucio al m\u00e1s limpio y ultralimpio, por fases sucesivas y en su caso iterativas. Las fases de\u00a0limpieza primaria\u00a0desenrollan con prioridad la eliminaci\u00f3n de dep\u00f3sitos org\u00e1nicos &#8211;\u00a0desengrasado\u00a0\u2013 y luego contaminantes fisicoqu\u00edmicos &#8211; desoxidaci\u00f3n,\u00a0decapado\u00a0&#8211; para finalmente restaurar el estado \u00edntegro de los materiales de base [&hellip;]<\/p>\n","protected":false},"author":1,"featured_media":0,"parent":0,"menu_order":0,"comment_status":"closed","ping_status":"closed","template":"","meta":{"_acf_changed":false,"footnotes":""},"class_list":["post-1743","page","type-page","status-publish","hentry"],"acf":[],"yoast_head":"<!-- This site is optimized with the Yoast SEO plugin v26.3 - https:\/\/yoast.com\/wordpress\/plugins\/seo\/ -->\n<title>Traitement &amp; Proc\u00e9d\u00e9s - CHIMIMECA<\/title>\n<meta name=\"robots\" content=\"index, follow, max-snippet:-1, max-image-preview:large, max-video-preview:-1\" \/>\n<link rel=\"canonical\" href=\"https:\/\/www.chimimeca.com\/es\/traitement-procedes\/\" \/>\n<meta property=\"og:locale\" content=\"es_ES\" \/>\n<meta property=\"og:type\" content=\"article\" \/>\n<meta property=\"og:title\" content=\"Traitement &amp; Proc\u00e9d\u00e9s - CHIMIMECA\" \/>\n<meta property=\"og:description\" content=\"Tratamientos Los tratamientos aplicados obedecen a una l\u00f3gica que conduce del m\u00e1s sucio al m\u00e1s limpio y ultralimpio, por fases sucesivas y en su caso iterativas. Las fases de\u00a0limpieza primaria\u00a0desenrollan con prioridad la eliminaci\u00f3n de dep\u00f3sitos org\u00e1nicos &#8211;\u00a0desengrasado\u00a0\u2013 y luego contaminantes fisicoqu\u00edmicos &#8211; desoxidaci\u00f3n,\u00a0decapado\u00a0&#8211; para finalmente restaurar el estado \u00edntegro de los materiales de base [&hellip;]\" \/>\n<meta property=\"og:url\" content=\"https:\/\/www.chimimeca.com\/es\/traitement-procedes\/\" \/>\n<meta property=\"og:site_name\" content=\"CHIMIMECA\" \/>\n<meta property=\"article:modified_time\" content=\"2025-05-12T15:01:56+00:00\" \/>\n<meta property=\"og:image\" content=\"https:\/\/www.chimimeca.com\/wp-content\/uploads\/2024\/04\/traitement-nettoyage-industriel-metaux.jpg\" \/>\n<meta name=\"twitter:card\" content=\"summary_large_image\" \/>\n<meta name=\"twitter:label1\" content=\"Tiempo de lectura\" \/>\n\t<meta name=\"twitter:data1\" content=\"3 minutos\" \/>\n<script type=\"application\/ld+json\" class=\"yoast-schema-graph\">{\"@context\":\"https:\/\/schema.org\",\"@graph\":[{\"@type\":\"WebPage\",\"@id\":\"https:\/\/www.chimimeca.com\/es\/traitement-procedes\/\",\"url\":\"https:\/\/www.chimimeca.com\/es\/traitement-procedes\/\",\"name\":\"Traitement &amp; Proc\u00e9d\u00e9s - CHIMIMECA\",\"isPartOf\":{\"@id\":\"https:\/\/www.chimimeca.com\/es\/#website\"},\"primaryImageOfPage\":{\"@id\":\"https:\/\/www.chimimeca.com\/es\/traitement-procedes\/#primaryimage\"},\"image\":{\"@id\":\"https:\/\/www.chimimeca.com\/es\/traitement-procedes\/#primaryimage\"},\"thumbnailUrl\":\"https:\/\/www.chimimeca.com\/wp-content\/uploads\/2024\/04\/traitement-nettoyage-industriel-metaux.jpg\",\"datePublished\":\"2024-04-24T12:35:19+00:00\",\"dateModified\":\"2025-05-12T15:01:56+00:00\",\"breadcrumb\":{\"@id\":\"https:\/\/www.chimimeca.com\/es\/traitement-procedes\/#breadcrumb\"},\"inLanguage\":\"es\",\"potentialAction\":[{\"@type\":\"ReadAction\",\"target\":[\"https:\/\/www.chimimeca.com\/es\/traitement-procedes\/\"]}]},{\"@type\":\"ImageObject\",\"inLanguage\":\"es\",\"@id\":\"https:\/\/www.chimimeca.com\/es\/traitement-procedes\/#primaryimage\",\"url\":\"https:\/\/www.chimimeca.com\/wp-content\/uploads\/2024\/04\/traitement-nettoyage-industriel-metaux.jpg\",\"contentUrl\":\"https:\/\/www.chimimeca.com\/wp-content\/uploads\/2024\/04\/traitement-nettoyage-industriel-metaux.jpg\"},{\"@type\":\"BreadcrumbList\",\"@id\":\"https:\/\/www.chimimeca.com\/es\/traitement-procedes\/#breadcrumb\",\"itemListElement\":[{\"@type\":\"ListItem\",\"position\":1,\"name\":\"Accueil\",\"item\":\"https:\/\/www.chimimeca.com\/es\/\"},{\"@type\":\"ListItem\",\"position\":2,\"name\":\"Traitement &amp; Proc\u00e9d\u00e9s\"}]},{\"@type\":\"WebSite\",\"@id\":\"https:\/\/www.chimimeca.com\/es\/#website\",\"url\":\"https:\/\/www.chimimeca.com\/es\/\",\"name\":\"CHIMIMECA\",\"description\":\"\",\"publisher\":{\"@id\":\"https:\/\/www.chimimeca.com\/es\/#organization\"},\"potentialAction\":[{\"@type\":\"SearchAction\",\"target\":{\"@type\":\"EntryPoint\",\"urlTemplate\":\"https:\/\/www.chimimeca.com\/es\/?s={search_term_string}\"},\"query-input\":{\"@type\":\"PropertyValueSpecification\",\"valueRequired\":true,\"valueName\":\"search_term_string\"}}],\"inLanguage\":\"es\"},{\"@type\":\"Organization\",\"@id\":\"https:\/\/www.chimimeca.com\/es\/#organization\",\"name\":\"CHIMIMECA\",\"url\":\"https:\/\/www.chimimeca.com\/es\/\",\"logo\":{\"@type\":\"ImageObject\",\"inLanguage\":\"es\",\"@id\":\"https:\/\/www.chimimeca.com\/es\/#\/schema\/logo\/image\/\",\"url\":\"https:\/\/www.chimimeca.com\/wp-content\/uploads\/2024\/04\/logo.png\",\"contentUrl\":\"https:\/\/www.chimimeca.com\/wp-content\/uploads\/2024\/04\/logo.png\",\"width\":326,\"height\":81,\"caption\":\"CHIMIMECA\"},\"image\":{\"@id\":\"https:\/\/www.chimimeca.com\/es\/#\/schema\/logo\/image\/\"}}]}<\/script>\n<!-- \/ Yoast SEO plugin. -->","yoast_head_json":{"title":"Traitement &amp; Proc\u00e9d\u00e9s - CHIMIMECA","robots":{"index":"index","follow":"follow","max-snippet":"max-snippet:-1","max-image-preview":"max-image-preview:large","max-video-preview":"max-video-preview:-1"},"canonical":"https:\/\/www.chimimeca.com\/es\/traitement-procedes\/","og_locale":"es_ES","og_type":"article","og_title":"Traitement &amp; Proc\u00e9d\u00e9s - CHIMIMECA","og_description":"Tratamientos Los tratamientos aplicados obedecen a una l\u00f3gica que conduce del m\u00e1s sucio al m\u00e1s limpio y ultralimpio, por fases sucesivas y en su caso iterativas. Las fases de\u00a0limpieza primaria\u00a0desenrollan con prioridad la eliminaci\u00f3n de dep\u00f3sitos org\u00e1nicos &#8211;\u00a0desengrasado\u00a0\u2013 y luego contaminantes fisicoqu\u00edmicos &#8211; desoxidaci\u00f3n,\u00a0decapado\u00a0&#8211; para finalmente restaurar el estado \u00edntegro de los materiales de base [&hellip;]","og_url":"https:\/\/www.chimimeca.com\/es\/traitement-procedes\/","og_site_name":"CHIMIMECA","article_modified_time":"2025-05-12T15:01:56+00:00","og_image":[{"url":"https:\/\/www.chimimeca.com\/wp-content\/uploads\/2024\/04\/traitement-nettoyage-industriel-metaux.jpg","type":"","width":"","height":""}],"twitter_card":"summary_large_image","twitter_misc":{"Tiempo de lectura":"3 minutos"},"schema":{"@context":"https:\/\/schema.org","@graph":[{"@type":"WebPage","@id":"https:\/\/www.chimimeca.com\/es\/traitement-procedes\/","url":"https:\/\/www.chimimeca.com\/es\/traitement-procedes\/","name":"Traitement &amp; Proc\u00e9d\u00e9s - CHIMIMECA","isPartOf":{"@id":"https:\/\/www.chimimeca.com\/es\/#website"},"primaryImageOfPage":{"@id":"https:\/\/www.chimimeca.com\/es\/traitement-procedes\/#primaryimage"},"image":{"@id":"https:\/\/www.chimimeca.com\/es\/traitement-procedes\/#primaryimage"},"thumbnailUrl":"https:\/\/www.chimimeca.com\/wp-content\/uploads\/2024\/04\/traitement-nettoyage-industriel-metaux.jpg","datePublished":"2024-04-24T12:35:19+00:00","dateModified":"2025-05-12T15:01:56+00:00","breadcrumb":{"@id":"https:\/\/www.chimimeca.com\/es\/traitement-procedes\/#breadcrumb"},"inLanguage":"es","potentialAction":[{"@type":"ReadAction","target":["https:\/\/www.chimimeca.com\/es\/traitement-procedes\/"]}]},{"@type":"ImageObject","inLanguage":"es","@id":"https:\/\/www.chimimeca.com\/es\/traitement-procedes\/#primaryimage","url":"https:\/\/www.chimimeca.com\/wp-content\/uploads\/2024\/04\/traitement-nettoyage-industriel-metaux.jpg","contentUrl":"https:\/\/www.chimimeca.com\/wp-content\/uploads\/2024\/04\/traitement-nettoyage-industriel-metaux.jpg"},{"@type":"BreadcrumbList","@id":"https:\/\/www.chimimeca.com\/es\/traitement-procedes\/#breadcrumb","itemListElement":[{"@type":"ListItem","position":1,"name":"Accueil","item":"https:\/\/www.chimimeca.com\/es\/"},{"@type":"ListItem","position":2,"name":"Traitement &amp; Proc\u00e9d\u00e9s"}]},{"@type":"WebSite","@id":"https:\/\/www.chimimeca.com\/es\/#website","url":"https:\/\/www.chimimeca.com\/es\/","name":"CHIMIMECA","description":"","publisher":{"@id":"https:\/\/www.chimimeca.com\/es\/#organization"},"potentialAction":[{"@type":"SearchAction","target":{"@type":"EntryPoint","urlTemplate":"https:\/\/www.chimimeca.com\/es\/?s={search_term_string}"},"query-input":{"@type":"PropertyValueSpecification","valueRequired":true,"valueName":"search_term_string"}}],"inLanguage":"es"},{"@type":"Organization","@id":"https:\/\/www.chimimeca.com\/es\/#organization","name":"CHIMIMECA","url":"https:\/\/www.chimimeca.com\/es\/","logo":{"@type":"ImageObject","inLanguage":"es","@id":"https:\/\/www.chimimeca.com\/es\/#\/schema\/logo\/image\/","url":"https:\/\/www.chimimeca.com\/wp-content\/uploads\/2024\/04\/logo.png","contentUrl":"https:\/\/www.chimimeca.com\/wp-content\/uploads\/2024\/04\/logo.png","width":326,"height":81,"caption":"CHIMIMECA"},"image":{"@id":"https:\/\/www.chimimeca.com\/es\/#\/schema\/logo\/image\/"}}]}},"_links":{"self":[{"href":"https:\/\/www.chimimeca.com\/es\/wp-json\/wp\/v2\/pages\/1743","targetHints":{"allow":["GET"]}}],"collection":[{"href":"https:\/\/www.chimimeca.com\/es\/wp-json\/wp\/v2\/pages"}],"about":[{"href":"https:\/\/www.chimimeca.com\/es\/wp-json\/wp\/v2\/types\/page"}],"author":[{"embeddable":true,"href":"https:\/\/www.chimimeca.com\/es\/wp-json\/wp\/v2\/users\/1"}],"replies":[{"embeddable":true,"href":"https:\/\/www.chimimeca.com\/es\/wp-json\/wp\/v2\/comments?post=1743"}],"version-history":[{"count":3,"href":"https:\/\/www.chimimeca.com\/es\/wp-json\/wp\/v2\/pages\/1743\/revisions"}],"predecessor-version":[{"id":1880,"href":"https:\/\/www.chimimeca.com\/es\/wp-json\/wp\/v2\/pages\/1743\/revisions\/1880"}],"wp:attachment":[{"href":"https:\/\/www.chimimeca.com\/es\/wp-json\/wp\/v2\/media?parent=1743"}],"curies":[{"name":"wp","href":"https:\/\/api.w.org\/{rel}","templated":true}]}}