{"id":1729,"date":"2024-04-24T14:10:28","date_gmt":"2024-04-24T12:10:28","guid":{"rendered":"https:\/\/www.chimimeca.com\/cryogenie-ultra-vide-gaz-purs\/"},"modified":"2025-05-12T16:56:58","modified_gmt":"2025-05-12T14:56:58","slug":"cryogenie-ultra-vide-gaz-purs","status":"publish","type":"page","link":"https:\/\/www.chimimeca.com\/es\/cryogenie-ultra-vide-gaz-purs\/","title":{"rendered":"Cryog\u00e9nie, Ultra-Vide &amp; Gaz Purs"},"content":{"rendered":"<div class=\"gb-container gb-container-02394211\">\n\n<h1 class=\"wp-block-heading has-base-2-color has-text-color has-link-color wp-elements-fe6a1743f3937c796cd3129b82909227\" style=\"margin-top:0;margin-bottom:0;font-size:clamp(22.041px, 1.378rem + ((1vw - 3.2px) * 1.091), 36px);text-transform:uppercase\">Campos criog\u00e9nico, ultravac\u00edo y gases puros<\/h1>\n\n<\/div>\n\n<div class=\"gb-container gb-container-02488878\">\n<div class=\"gb-container gb-container-0b8be6b2 li-pins\">\n<div class=\"gb-container gb-container-d81d1bb6\">\n\n<h2 class=\"wp-block-heading has-custom-couleur-3-color has-text-color has-link-color wp-elements-9704cc5104e03095fea73fac73d8abe1\" style=\"font-size:clamp(18.959px, 1.185rem + ((1vw - 3.2px) * 0.863), 30px);font-style:normal;font-weight:700\">La Alta Tecnolog\u00eda exige ultralimpieza.<\/h2>\n\n\n\n<h3 class=\"wp-block-heading has-custom-couleur-3-color has-text-color has-link-color wp-elements-8cc8c85a00eada546150e3ef4eb10656\" style=\"margin-top:0;font-size:clamp(14px, 0.875rem + ((1vw - 3.2px) * 0.469), 20px);\">Las superficies t\u00e9cnicas para procesos de alta pureza se tratan para garantizar el resultado requerido por las aplicaciones finales.<\/h3>\n\n\n<div class=\"gb-container gb-container-10dfe1b8\">\n<div class=\"gb-container gb-container-88c037ec\">\n\n<p class=\"has-custom-couleur-4-color has-text-color has-link-color wp-elements-9f7bbf4f8a30ca5274bbb3b6057f8890\" style=\"font-size:clamp(14px, 0.875rem + ((1vw - 3.2px) * 0.078), 15px);\">Nuestros tratamientos permiten obtener una\u00a0<a href=\"https:\/\/www.chimimeca.com\/es\/sanitation\/\">descontaminaci\u00f3n<\/a>\u00a0\u00f3ptima, conforme con las exigencias dr\u00e1sticas de limpieza de los usuarios finales:<\/p>\n\n\n\n<ul style=\"font-size:clamp(14px, 0.875rem + ((1vw - 3.2px) * 0.078), 15px);\" class=\"wp-block-list is-style-default has-custom-couleur-4-color has-text-color has-link-color wp-elements-9a16eb6f4fae4b4136a388c35e39cec0\">\n<li>Descontaminaci\u00f3n qu\u00edmica, tratamientos integrales<\/li>\n\n\n\n<li>Cualificaci\u00f3n de ultralimpieza final en fase disolvente y agua desmineralizada<\/li>\n\n\n\n<li>Acondicionamientos en sala blanca, tests de conformidad<\/li>\n<\/ul>\n\n<\/div>\n\n<div class=\"gb-container gb-container-341fc4bc\">\n\n<figure class=\"gb-block-image gb-block-image-07ca4a57\"><img loading=\"lazy\" decoding=\"async\" width=\"191\" height=\"126\" class=\"gb-image gb-image-07ca4a57\" src=\"https:\/\/www.chimimeca.com\/wp-content\/uploads\/2024\/04\/decontamination-equipements-metalliques-haute-technologie.jpg\" alt=\"\" title=\"decontamination-equipements-metalliques-haute-technologie\"\/><\/figure>\n\n<\/div>\n<\/div>\n\n\n<h3 class=\"wp-block-heading has-custom-couleur-3-color has-text-color has-link-color wp-elements-8deaacebb45a8eecfc5f2d356d868827\" style=\"font-size:clamp(14px, 0.875rem + ((1vw - 3.2px) * 0.469), 20px);\">Los campos de tecnolog\u00eda punta deben garantizar la repetibilidad y la seguridad de los procesos.<\/h3>\n\n\n<div class=\"gb-container gb-container-683fea6f\">\n<div class=\"gb-container gb-container-3d2e0cb1\">\n\n<figure class=\"gb-block-image gb-block-image-d769094f\"><img loading=\"lazy\" decoding=\"async\" width=\"191\" height=\"126\" class=\"gb-image gb-image-d769094f\" src=\"https:\/\/www.chimimeca.com\/wp-content\/uploads\/2024\/04\/decontamination-surfaces-metalliques.jpg\" alt=\"\" title=\"decontamination-surfaces-metalliques\"\/><\/figure>\n\n<\/div>\n\n<div class=\"gb-container gb-container-a34a7aad\">\n\n<p class=\"has-custom-couleur-4-color has-text-color has-link-color wp-elements-bea2e43a296057bee5dcb3e86f30af1d\" style=\"font-size:clamp(14px, 0.875rem + ((1vw - 3.2px) * 0.078), 15px);\">Somos socios de proveedores implicados en el suministro y mantenimiento de equipamientos de alta tecnolog\u00eda para las aplicaciones t\u00e9cnicas m\u00e1s exigentes:<\/p>\n\n\n\n<ul style=\"font-size:clamp(14px, 0.875rem + ((1vw - 3.2px) * 0.078), 15px);\" class=\"wp-block-list is-style-default has-custom-couleur-4-color has-text-color has-link-color wp-elements-be6ec48d2ccdcc87e98bdab7ebb22bac\">\n<li>Equipamientos criog\u00e9nicos, procesos de gases puros y ox\u00edgeno<\/li>\n\n\n\n<li>Aparatos y conexiones para procesos de ultravac\u00edo<\/li>\n\n\n\n<li>Equipamientos semiconductor, nuevo y mantenimiento<\/li>\n<\/ul>\n\n<\/div>\n<\/div>\n<\/div>\n<\/div>\n\n<div class=\"gb-container gb-container-ecb77b32 sidebar text-underline-secondary\">\n<div class=\"gb-container gb-container-6009d736\">\n<div class=\"gb-container gb-container-edd115a1\">\n\n<h3 class=\"wp-block-heading has-custom-couleur-4-color has-text-color has-link-color wp-elements-f30499a5d570f6619c037cf981a5a454\" style=\"font-size:clamp(14px, 0.875rem + ((1vw - 3.2px) * 0.469), 20px);text-transform:uppercase\">Campos de intervenci\u00f3n<\/h3>\n\n\n\n<ul style=\"font-size:clamp(14px, 0.875rem + ((1vw - 3.2px) * 0.078), 15px);\" class=\"wp-block-list has-custom-couleur-4-color has-text-color has-link-color wp-elements-16b17ba3add5d1fe3428c98183b3e195\">\n<li style=\"margin-top:var(--wp--preset--spacing--10);margin-bottom:var(--wp--preset--spacing--10)\"><a href=\"https:\/\/www.chimimeca.com\/es\/chaudronnerie-tuyauterie\/\">Calderer\u00eda y canalizaciones<\/a><\/li>\n\n\n\n<li style=\"margin-top:var(--wp--preset--spacing--10);margin-bottom:var(--wp--preset--spacing--10)\"><a href=\"https:\/\/www.chimimeca.com\/es\/pharmacie-cosmetique\/\">Campos farmac\u00e9utico y cosm\u00e9tico<\/a><\/li>\n\n\n\n<li style=\"margin-top:var(--wp--preset--spacing--10);margin-bottom:var(--wp--preset--spacing--10)\"><a href=\"https:\/\/www.chimimeca.com\/es\/alimentaire-agro-alimentaire\/\">Campos alimentario y agroalimentario<\/a><\/li>\n\n\n\n<li style=\"margin-top:var(--wp--preset--spacing--10);margin-bottom:var(--wp--preset--spacing--10)\"><a href=\"https:\/\/www.chimimeca.com\/es\/nucleaire-aenergie\/\">Campos nuclear y energ\u00e9tico<\/a><\/li>\n\n\n\n<li style=\"margin-top:var(--wp--preset--spacing--10);margin-bottom:var(--wp--preset--spacing--10)\"><a href=\"https:\/\/www.chimimeca.com\/es\/cryogenie-ultra-vide-gaz-purs\/\">Campos criog\u00e9nico, ultravac\u00edo y gases puros<\/a><\/li>\n<\/ul>\n\n<\/div>\n\n<div class=\"gb-container gb-container-41a03213\">\n\n<h3 class=\"wp-block-heading has-custom-couleur-4-color has-text-color has-link-color wp-elements-691d8fd9def7c5df63c6f6282b2ebb42\" style=\"font-size:clamp(14px, 0.875rem + ((1vw - 3.2px) * 0.469), 20px);text-transform:uppercase\">DESCARGA NUESTRO FOLLETO<\/h3>\n\n\n\n<a class=\"gb-button gb-button-c8374e70 gb-button-text telecharger\" href=\"\/wp-content\/uploads\/2024\/04\/Presentation-Chimimeca_ProduitsMateriels_Ateliers_Interventions-sur-site_2024.pdf\" target=\"_blank\" rel=\"noopener noreferrer\">DESCARGA NUESTRO FOLLETO<\/a>\n\n<\/div>\n\n<div class=\"gb-container gb-container-07485d43\">\n\n<h3 class=\"wp-block-heading has-custom-couleur-4-color has-text-color has-link-color wp-elements-2d30c6b3694e44d0dc58fb5b9511509f\" style=\"font-size:clamp(14px, 0.875rem + ((1vw - 3.2px) * 0.469), 20px);text-transform:uppercase\">Nos evaluar !<\/h3>\n\n\n\n<a class=\"gb-button gb-button-5d511fe5 gb-button-text avis\" href=\"https:\/\/www.chimimeca.com\/es\/avis\/\">DAR SU OPINION<\/a>\n\n<\/div>\n<\/div>\n<\/div>\n<\/div>","protected":false},"excerpt":{"rendered":"<p>Campos criog\u00e9nico, ultravac\u00edo y gases puros La Alta Tecnolog\u00eda exige ultralimpieza. Las superficies t\u00e9cnicas para procesos de alta pureza se tratan para garantizar el resultado requerido por las aplicaciones finales. Nuestros tratamientos permiten obtener una\u00a0descontaminaci\u00f3n\u00a0\u00f3ptima, conforme con las exigencias dr\u00e1sticas de limpieza de los usuarios finales: Los campos de tecnolog\u00eda punta deben garantizar la repetibilidad [&hellip;]<\/p>\n","protected":false},"author":1,"featured_media":0,"parent":0,"menu_order":0,"comment_status":"closed","ping_status":"closed","template":"","meta":{"_acf_changed":false,"footnotes":""},"class_list":["post-1729","page","type-page","status-publish","hentry"],"acf":[],"yoast_head":"<!-- This site is optimized with the Yoast SEO plugin v26.3 - https:\/\/yoast.com\/wordpress\/plugins\/seo\/ -->\n<title>Cryog\u00e9nie, Ultra-Vide &amp; Gaz Purs - CHIMIMECA<\/title>\n<meta name=\"robots\" content=\"index, follow, max-snippet:-1, max-image-preview:large, max-video-preview:-1\" \/>\n<link rel=\"canonical\" href=\"https:\/\/www.chimimeca.com\/es\/cryogenie-ultra-vide-gaz-purs\/\" \/>\n<meta property=\"og:locale\" content=\"es_ES\" \/>\n<meta property=\"og:type\" content=\"article\" \/>\n<meta property=\"og:title\" content=\"Cryog\u00e9nie, Ultra-Vide &amp; Gaz Purs - CHIMIMECA\" \/>\n<meta property=\"og:description\" content=\"Campos criog\u00e9nico, ultravac\u00edo y gases puros La Alta Tecnolog\u00eda exige ultralimpieza. Las superficies t\u00e9cnicas para procesos de alta pureza se tratan para garantizar el resultado requerido por las aplicaciones finales. Nuestros tratamientos permiten obtener una\u00a0descontaminaci\u00f3n\u00a0\u00f3ptima, conforme con las exigencias dr\u00e1sticas de limpieza de los usuarios finales: Los campos de tecnolog\u00eda punta deben garantizar la repetibilidad [&hellip;]\" \/>\n<meta property=\"og:url\" content=\"https:\/\/www.chimimeca.com\/es\/cryogenie-ultra-vide-gaz-purs\/\" \/>\n<meta property=\"og:site_name\" content=\"CHIMIMECA\" \/>\n<meta property=\"article:modified_time\" content=\"2025-05-12T14:56:58+00:00\" \/>\n<meta property=\"og:image\" content=\"https:\/\/www.chimimeca.com\/wp-content\/uploads\/2024\/04\/decontamination-equipements-metalliques-haute-technologie.jpg\" \/>\n<meta name=\"twitter:card\" content=\"summary_large_image\" \/>\n<meta name=\"twitter:label1\" content=\"Tiempo de lectura\" \/>\n\t<meta name=\"twitter:data1\" content=\"4 minutos\" \/>\n<script type=\"application\/ld+json\" class=\"yoast-schema-graph\">{\"@context\":\"https:\/\/schema.org\",\"@graph\":[{\"@type\":\"WebPage\",\"@id\":\"https:\/\/www.chimimeca.com\/es\/cryogenie-ultra-vide-gaz-purs\/\",\"url\":\"https:\/\/www.chimimeca.com\/es\/cryogenie-ultra-vide-gaz-purs\/\",\"name\":\"Cryog\u00e9nie, Ultra-Vide &amp; Gaz Purs - CHIMIMECA\",\"isPartOf\":{\"@id\":\"https:\/\/www.chimimeca.com\/es\/#website\"},\"primaryImageOfPage\":{\"@id\":\"https:\/\/www.chimimeca.com\/es\/cryogenie-ultra-vide-gaz-purs\/#primaryimage\"},\"image\":{\"@id\":\"https:\/\/www.chimimeca.com\/es\/cryogenie-ultra-vide-gaz-purs\/#primaryimage\"},\"thumbnailUrl\":\"https:\/\/www.chimimeca.com\/wp-content\/uploads\/2024\/04\/decontamination-equipements-metalliques-haute-technologie.jpg\",\"datePublished\":\"2024-04-24T12:10:28+00:00\",\"dateModified\":\"2025-05-12T14:56:58+00:00\",\"breadcrumb\":{\"@id\":\"https:\/\/www.chimimeca.com\/es\/cryogenie-ultra-vide-gaz-purs\/#breadcrumb\"},\"inLanguage\":\"es\",\"potentialAction\":[{\"@type\":\"ReadAction\",\"target\":[\"https:\/\/www.chimimeca.com\/es\/cryogenie-ultra-vide-gaz-purs\/\"]}]},{\"@type\":\"ImageObject\",\"inLanguage\":\"es\",\"@id\":\"https:\/\/www.chimimeca.com\/es\/cryogenie-ultra-vide-gaz-purs\/#primaryimage\",\"url\":\"https:\/\/www.chimimeca.com\/wp-content\/uploads\/2024\/04\/decontamination-equipements-metalliques-haute-technologie.jpg\",\"contentUrl\":\"https:\/\/www.chimimeca.com\/wp-content\/uploads\/2024\/04\/decontamination-equipements-metalliques-haute-technologie.jpg\"},{\"@type\":\"BreadcrumbList\",\"@id\":\"https:\/\/www.chimimeca.com\/es\/cryogenie-ultra-vide-gaz-purs\/#breadcrumb\",\"itemListElement\":[{\"@type\":\"ListItem\",\"position\":1,\"name\":\"Accueil\",\"item\":\"https:\/\/www.chimimeca.com\/es\/\"},{\"@type\":\"ListItem\",\"position\":2,\"name\":\"Cryog\u00e9nie, Ultra-Vide &amp; Gaz Purs\"}]},{\"@type\":\"WebSite\",\"@id\":\"https:\/\/www.chimimeca.com\/es\/#website\",\"url\":\"https:\/\/www.chimimeca.com\/es\/\",\"name\":\"CHIMIMECA\",\"description\":\"\",\"publisher\":{\"@id\":\"https:\/\/www.chimimeca.com\/es\/#organization\"},\"potentialAction\":[{\"@type\":\"SearchAction\",\"target\":{\"@type\":\"EntryPoint\",\"urlTemplate\":\"https:\/\/www.chimimeca.com\/es\/?s={search_term_string}\"},\"query-input\":{\"@type\":\"PropertyValueSpecification\",\"valueRequired\":true,\"valueName\":\"search_term_string\"}}],\"inLanguage\":\"es\"},{\"@type\":\"Organization\",\"@id\":\"https:\/\/www.chimimeca.com\/es\/#organization\",\"name\":\"CHIMIMECA\",\"url\":\"https:\/\/www.chimimeca.com\/es\/\",\"logo\":{\"@type\":\"ImageObject\",\"inLanguage\":\"es\",\"@id\":\"https:\/\/www.chimimeca.com\/es\/#\/schema\/logo\/image\/\",\"url\":\"https:\/\/www.chimimeca.com\/wp-content\/uploads\/2024\/04\/logo.png\",\"contentUrl\":\"https:\/\/www.chimimeca.com\/wp-content\/uploads\/2024\/04\/logo.png\",\"width\":326,\"height\":81,\"caption\":\"CHIMIMECA\"},\"image\":{\"@id\":\"https:\/\/www.chimimeca.com\/es\/#\/schema\/logo\/image\/\"}}]}<\/script>\n<!-- \/ Yoast SEO plugin. -->","yoast_head_json":{"title":"Cryog\u00e9nie, Ultra-Vide &amp; Gaz Purs - CHIMIMECA","robots":{"index":"index","follow":"follow","max-snippet":"max-snippet:-1","max-image-preview":"max-image-preview:large","max-video-preview":"max-video-preview:-1"},"canonical":"https:\/\/www.chimimeca.com\/es\/cryogenie-ultra-vide-gaz-purs\/","og_locale":"es_ES","og_type":"article","og_title":"Cryog\u00e9nie, Ultra-Vide &amp; Gaz Purs - CHIMIMECA","og_description":"Campos criog\u00e9nico, ultravac\u00edo y gases puros La Alta Tecnolog\u00eda exige ultralimpieza. Las superficies t\u00e9cnicas para procesos de alta pureza se tratan para garantizar el resultado requerido por las aplicaciones finales. Nuestros tratamientos permiten obtener una\u00a0descontaminaci\u00f3n\u00a0\u00f3ptima, conforme con las exigencias dr\u00e1sticas de limpieza de los usuarios finales: Los campos de tecnolog\u00eda punta deben garantizar la repetibilidad [&hellip;]","og_url":"https:\/\/www.chimimeca.com\/es\/cryogenie-ultra-vide-gaz-purs\/","og_site_name":"CHIMIMECA","article_modified_time":"2025-05-12T14:56:58+00:00","og_image":[{"url":"https:\/\/www.chimimeca.com\/wp-content\/uploads\/2024\/04\/decontamination-equipements-metalliques-haute-technologie.jpg","type":"","width":"","height":""}],"twitter_card":"summary_large_image","twitter_misc":{"Tiempo de lectura":"4 minutos"},"schema":{"@context":"https:\/\/schema.org","@graph":[{"@type":"WebPage","@id":"https:\/\/www.chimimeca.com\/es\/cryogenie-ultra-vide-gaz-purs\/","url":"https:\/\/www.chimimeca.com\/es\/cryogenie-ultra-vide-gaz-purs\/","name":"Cryog\u00e9nie, Ultra-Vide &amp; Gaz Purs - CHIMIMECA","isPartOf":{"@id":"https:\/\/www.chimimeca.com\/es\/#website"},"primaryImageOfPage":{"@id":"https:\/\/www.chimimeca.com\/es\/cryogenie-ultra-vide-gaz-purs\/#primaryimage"},"image":{"@id":"https:\/\/www.chimimeca.com\/es\/cryogenie-ultra-vide-gaz-purs\/#primaryimage"},"thumbnailUrl":"https:\/\/www.chimimeca.com\/wp-content\/uploads\/2024\/04\/decontamination-equipements-metalliques-haute-technologie.jpg","datePublished":"2024-04-24T12:10:28+00:00","dateModified":"2025-05-12T14:56:58+00:00","breadcrumb":{"@id":"https:\/\/www.chimimeca.com\/es\/cryogenie-ultra-vide-gaz-purs\/#breadcrumb"},"inLanguage":"es","potentialAction":[{"@type":"ReadAction","target":["https:\/\/www.chimimeca.com\/es\/cryogenie-ultra-vide-gaz-purs\/"]}]},{"@type":"ImageObject","inLanguage":"es","@id":"https:\/\/www.chimimeca.com\/es\/cryogenie-ultra-vide-gaz-purs\/#primaryimage","url":"https:\/\/www.chimimeca.com\/wp-content\/uploads\/2024\/04\/decontamination-equipements-metalliques-haute-technologie.jpg","contentUrl":"https:\/\/www.chimimeca.com\/wp-content\/uploads\/2024\/04\/decontamination-equipements-metalliques-haute-technologie.jpg"},{"@type":"BreadcrumbList","@id":"https:\/\/www.chimimeca.com\/es\/cryogenie-ultra-vide-gaz-purs\/#breadcrumb","itemListElement":[{"@type":"ListItem","position":1,"name":"Accueil","item":"https:\/\/www.chimimeca.com\/es\/"},{"@type":"ListItem","position":2,"name":"Cryog\u00e9nie, Ultra-Vide &amp; Gaz Purs"}]},{"@type":"WebSite","@id":"https:\/\/www.chimimeca.com\/es\/#website","url":"https:\/\/www.chimimeca.com\/es\/","name":"CHIMIMECA","description":"","publisher":{"@id":"https:\/\/www.chimimeca.com\/es\/#organization"},"potentialAction":[{"@type":"SearchAction","target":{"@type":"EntryPoint","urlTemplate":"https:\/\/www.chimimeca.com\/es\/?s={search_term_string}"},"query-input":{"@type":"PropertyValueSpecification","valueRequired":true,"valueName":"search_term_string"}}],"inLanguage":"es"},{"@type":"Organization","@id":"https:\/\/www.chimimeca.com\/es\/#organization","name":"CHIMIMECA","url":"https:\/\/www.chimimeca.com\/es\/","logo":{"@type":"ImageObject","inLanguage":"es","@id":"https:\/\/www.chimimeca.com\/es\/#\/schema\/logo\/image\/","url":"https:\/\/www.chimimeca.com\/wp-content\/uploads\/2024\/04\/logo.png","contentUrl":"https:\/\/www.chimimeca.com\/wp-content\/uploads\/2024\/04\/logo.png","width":326,"height":81,"caption":"CHIMIMECA"},"image":{"@id":"https:\/\/www.chimimeca.com\/es\/#\/schema\/logo\/image\/"}}]}},"_links":{"self":[{"href":"https:\/\/www.chimimeca.com\/es\/wp-json\/wp\/v2\/pages\/1729","targetHints":{"allow":["GET"]}}],"collection":[{"href":"https:\/\/www.chimimeca.com\/es\/wp-json\/wp\/v2\/pages"}],"about":[{"href":"https:\/\/www.chimimeca.com\/es\/wp-json\/wp\/v2\/types\/page"}],"author":[{"embeddable":true,"href":"https:\/\/www.chimimeca.com\/es\/wp-json\/wp\/v2\/users\/1"}],"replies":[{"embeddable":true,"href":"https:\/\/www.chimimeca.com\/es\/wp-json\/wp\/v2\/comments?post=1729"}],"version-history":[{"count":4,"href":"https:\/\/www.chimimeca.com\/es\/wp-json\/wp\/v2\/pages\/1729\/revisions"}],"predecessor-version":[{"id":1878,"href":"https:\/\/www.chimimeca.com\/es\/wp-json\/wp\/v2\/pages\/1729\/revisions\/1878"}],"wp:attachment":[{"href":"https:\/\/www.chimimeca.com\/es\/wp-json\/wp\/v2\/media?parent=1729"}],"curies":[{"name":"wp","href":"https:\/\/api.w.org\/{rel}","templated":true}]}}