{"id":1724,"date":"2024-04-24T14:05:46","date_gmt":"2024-04-24T12:05:46","guid":{"rendered":"https:\/\/www.chimimeca.com\/nucleaire-aenergie\/"},"modified":"2025-05-12T16:56:16","modified_gmt":"2025-05-12T14:56:16","slug":"nucleaire-aenergie","status":"publish","type":"page","link":"https:\/\/www.chimimeca.com\/es\/nucleaire-aenergie\/","title":{"rendered":"Nucl\u00e9aire &amp; Energie"},"content":{"rendered":"<div class=\"gb-container gb-container-02394211\">\n\n<h1 class=\"wp-block-heading has-base-2-color has-text-color has-link-color wp-elements-6181ee03025048932ea15cf4fb308001\" style=\"margin-top:0;margin-bottom:0;font-size:clamp(22.041px, 1.378rem + ((1vw - 3.2px) * 1.091), 36px);text-transform:uppercase\">Campos nuclear y energ\u00e9tico<\/h1>\n\n<\/div>\n\n<div class=\"gb-container gb-container-02488878\">\n<div class=\"gb-container gb-container-0b8be6b2 li-pins\">\n<div class=\"gb-container gb-container-d81d1bb6\">\n\n<h2 class=\"wp-block-heading has-custom-couleur-3-color has-text-color has-link-color wp-elements-5cffbd80df96d2b03b5bfc37dae29d8f\" style=\"font-size:clamp(18.959px, 1.185rem + ((1vw - 3.2px) * 0.863), 30px);font-style:normal;font-weight:700\">El campo Nuclear exige limpieza.<\/h2>\n\n\n\n<h3 class=\"wp-block-heading has-custom-couleur-3-color has-text-color has-link-color wp-elements-aec2fa5a317644b031ac2877569ee65a\" style=\"margin-top:0;font-size:clamp(14px, 0.875rem + ((1vw - 3.2px) * 0.469), 20px);\">El nivel de limpieza exigido para los equipamientos nucleares debe corresponder a las normas RCCM \/ PMUC.<\/h3>\n\n\n<div class=\"gb-container gb-container-10dfe1b8\">\n<div class=\"gb-container gb-container-341fc4bc\">\n\n<figure class=\"gb-block-image gb-block-image-07ca4a57\"><img loading=\"lazy\" decoding=\"async\" width=\"191\" height=\"126\" class=\"gb-image gb-image-07ca4a57\" src=\"https:\/\/www.chimimeca.com\/wp-content\/uploads\/2024\/04\/lessivage-chimique-centrales-nucleaires-thermiques.jpg\" alt=\"\" title=\"lessivage-chimique-centrales-nucleaires-thermiques\"\/><\/figure>\n\n<\/div>\n\n<div class=\"gb-container gb-container-88c037ec\">\n\n<p class=\"has-custom-couleur-4-color has-text-color has-link-color wp-elements-5c3a377d499dc10168b76f70afcf5be6\" style=\"font-size:clamp(14px, 0.875rem + ((1vw - 3.2px) * 0.078), 15px);\">Intervenimos en la cualificaci\u00f3n final de los equipamientos &#8211; aparatos de procesos y\u00a0<a href=\"https:\/\/www.chimimeca.com\/es\/reseaux-distributions\/\">redes<\/a>\u00a0&#8211; destinados a su instalaci\u00f3n en la industria nuclear:<\/p>\n\n\n\n<ul style=\"font-size:clamp(14px, 0.875rem + ((1vw - 3.2px) * 0.078), 15px);\" class=\"wp-block-list is-style-default has-custom-couleur-4-color has-text-color has-link-color wp-elements-f0247b662972532d93ae8d77d7670430\">\n<li>Decapado y\u00a0<a href=\"https:\/\/www.chimimeca.com\/es\/passivation\/\">pasivaci\u00f3n<\/a>\u00a0integral, limpieza final y acondicionamiento espec\u00edficos<\/li>\n\n\n\n<li>Control final de conformidad, tests homologados, certificados<\/li>\n\n\n\n<li>Asistencia en la elaboraci\u00f3n de los procedimientos y su validaci\u00f3n final<\/li>\n<\/ul>\n\n<\/div>\n<\/div>\n\n\n<h3 class=\"wp-block-heading has-custom-couleur-3-color has-text-color has-link-color wp-elements-efedd53d93e911fa8206c75c11420a8e\" style=\"font-size:clamp(14px, 0.875rem + ((1vw - 3.2px) * 0.469), 20px);\">Las unidades de producci\u00f3n de energ\u00eda &#8211; centrales t\u00e9rmicas, unidades de cogeneraci\u00f3n &#8211; deben someterse a un mantenimiento riguroso.<\/h3>\n\n\n<div class=\"gb-container gb-container-683fea6f\">\n<div class=\"gb-container gb-container-a34a7aad\">\n\n<p class=\"has-custom-couleur-4-color has-text-color has-link-color wp-elements-1d5e5713c75ab6236b32ddab418e4643\" style=\"font-size:clamp(14px, 0.875rem + ((1vw - 3.2px) * 0.078), 15px);\">Las unidades de producci\u00f3n de energ\u00eda tienen en com\u00fan la utilizaci\u00f3n de vapor a alta presi\u00f3n, que genera problem\u00e1ticas de obturaci\u00f3n progresiva al l\u00edmite de las posibilidades de los tratamientos de agua:<\/p>\n\n\n\n<ul style=\"font-size:clamp(14px, 0.875rem + ((1vw - 3.2px) * 0.078), 15px);\" class=\"wp-block-list is-style-default has-custom-couleur-4-color has-text-color has-link-color wp-elements-8552154a0fa49c702eaa1d2d6536362f\">\n<li><a href=\"https:\/\/www.chimimeca.com\/es\/chaudieres-et-doubles-enveloppes\/\">Lixiviaci\u00f3n qu\u00edmica desde las calderas<\/a>\u00a0a los tubos de agua, eliminaci\u00f3n de las pel\u00edculas de magnetita<\/li>\n\n\n\n<li>Deslodado por la parte del agua de las calderas a los tubos de humo, conformidad decenal<\/li>\n\n\n\n<li>An\u00e1lisis de dep\u00f3sitos, preconizaciones, validaci\u00f3n t\u00e9cnica de las limpiezas por evaluaci\u00f3n continua<\/li>\n<\/ul>\n\n<\/div>\n\n<div class=\"gb-container gb-container-3d2e0cb1\">\n\n<figure class=\"gb-block-image gb-block-image-d769094f\"><img loading=\"lazy\" decoding=\"async\" width=\"191\" height=\"126\" class=\"gb-image gb-image-d769094f\" src=\"https:\/\/www.chimimeca.com\/wp-content\/uploads\/2024\/04\/nettoyage-chimique-centrales-nucleaires-reacteurs.jpg\" alt=\"\" title=\"nettoyage-chimique-centrales-nucleaires-reacteurs\"\/><\/figure>\n\n<\/div>\n<\/div>\n<\/div>\n<\/div>\n\n<div class=\"gb-container gb-container-ecb77b32 sidebar text-underline-secondary\">\n<div class=\"gb-container gb-container-6009d736\">\n<div class=\"gb-container gb-container-edd115a1\">\n\n<h3 class=\"wp-block-heading has-custom-couleur-4-color has-text-color has-link-color wp-elements-f30499a5d570f6619c037cf981a5a454\" style=\"font-size:clamp(14px, 0.875rem + ((1vw - 3.2px) * 0.469), 20px);text-transform:uppercase\">Campos de intervenci\u00f3n<\/h3>\n\n\n\n<ul style=\"font-size:clamp(14px, 0.875rem + ((1vw - 3.2px) * 0.078), 15px);\" class=\"wp-block-list has-custom-couleur-4-color has-text-color has-link-color wp-elements-16b17ba3add5d1fe3428c98183b3e195\">\n<li style=\"margin-top:var(--wp--preset--spacing--10);margin-bottom:var(--wp--preset--spacing--10)\"><a href=\"https:\/\/www.chimimeca.com\/es\/chaudronnerie-tuyauterie\/\">Calderer\u00eda y canalizaciones<\/a><\/li>\n\n\n\n<li style=\"margin-top:var(--wp--preset--spacing--10);margin-bottom:var(--wp--preset--spacing--10)\"><a href=\"https:\/\/www.chimimeca.com\/es\/pharmacie-cosmetique\/\">Campos farmac\u00e9utico y cosm\u00e9tico<\/a><\/li>\n\n\n\n<li style=\"margin-top:var(--wp--preset--spacing--10);margin-bottom:var(--wp--preset--spacing--10)\"><a href=\"https:\/\/www.chimimeca.com\/es\/alimentaire-agro-alimentaire\/\">Campos alimentario y agroalimentario<\/a><\/li>\n\n\n\n<li style=\"margin-top:var(--wp--preset--spacing--10);margin-bottom:var(--wp--preset--spacing--10)\"><a href=\"https:\/\/www.chimimeca.com\/es\/nucleaire-aenergie\/\">Campos nuclear y energ\u00e9tico<\/a><\/li>\n\n\n\n<li style=\"margin-top:var(--wp--preset--spacing--10);margin-bottom:var(--wp--preset--spacing--10)\"><a href=\"https:\/\/www.chimimeca.com\/es\/cryogenie-ultra-vide-gaz-purs\/\">Campos criog\u00e9nico, ultravac\u00edo y gases puros<\/a><\/li>\n<\/ul>\n\n<\/div>\n\n<div class=\"gb-container gb-container-41a03213\">\n\n<h3 class=\"wp-block-heading has-custom-couleur-4-color has-text-color has-link-color wp-elements-691d8fd9def7c5df63c6f6282b2ebb42\" style=\"font-size:clamp(14px, 0.875rem + ((1vw - 3.2px) * 0.469), 20px);text-transform:uppercase\">DESCARGA NUESTRO FOLLETO<\/h3>\n\n\n\n<a class=\"gb-button gb-button-c8374e70 gb-button-text telecharger\" href=\"\/wp-content\/uploads\/2024\/04\/Presentation-Chimimeca_ProduitsMateriels_Ateliers_Interventions-sur-site_2024.pdf\" target=\"_blank\" rel=\"noopener noreferrer\">DESCARGA NUESTRO FOLLETO<\/a>\n\n<\/div>\n\n<div class=\"gb-container gb-container-07485d43\">\n\n<h3 class=\"wp-block-heading has-custom-couleur-4-color has-text-color has-link-color wp-elements-2d30c6b3694e44d0dc58fb5b9511509f\" style=\"font-size:clamp(14px, 0.875rem + ((1vw - 3.2px) * 0.469), 20px);text-transform:uppercase\">Nos evaluar !<\/h3>\n\n\n\n<a class=\"gb-button gb-button-5d511fe5 gb-button-text avis\" href=\"https:\/\/www.chimimeca.com\/es\/avis\/\">DAR SU OPINION<\/a>\n\n<\/div>\n<\/div>\n<\/div>\n<\/div>","protected":false},"excerpt":{"rendered":"<p>Campos nuclear y energ\u00e9tico El campo Nuclear exige limpieza. El nivel de limpieza exigido para los equipamientos nucleares debe corresponder a las normas RCCM \/ PMUC. Intervenimos en la cualificaci\u00f3n final de los equipamientos &#8211; aparatos de procesos y\u00a0redes\u00a0&#8211; destinados a su instalaci\u00f3n en la industria nuclear: Las unidades de producci\u00f3n de energ\u00eda &#8211; centrales [&hellip;]<\/p>\n","protected":false},"author":1,"featured_media":0,"parent":0,"menu_order":0,"comment_status":"closed","ping_status":"closed","template":"","meta":{"_acf_changed":false,"footnotes":""},"class_list":["post-1724","page","type-page","status-publish","hentry"],"acf":[],"yoast_head":"<!-- This site is optimized with the Yoast SEO plugin v26.3 - https:\/\/yoast.com\/wordpress\/plugins\/seo\/ -->\n<title>Nucl\u00e9aire &amp; Energie - CHIMIMECA<\/title>\n<meta name=\"robots\" content=\"index, follow, max-snippet:-1, max-image-preview:large, max-video-preview:-1\" \/>\n<link rel=\"canonical\" href=\"https:\/\/www.chimimeca.com\/es\/nucleaire-aenergie\/\" \/>\n<meta property=\"og:locale\" content=\"es_ES\" \/>\n<meta property=\"og:type\" content=\"article\" \/>\n<meta property=\"og:title\" content=\"Nucl\u00e9aire &amp; Energie - CHIMIMECA\" \/>\n<meta property=\"og:description\" content=\"Campos nuclear y energ\u00e9tico El campo Nuclear exige limpieza. El nivel de limpieza exigido para los equipamientos nucleares debe corresponder a las normas RCCM \/ PMUC. Intervenimos en la cualificaci\u00f3n final de los equipamientos &#8211; aparatos de procesos y\u00a0redes\u00a0&#8211; destinados a su instalaci\u00f3n en la industria nuclear: Las unidades de producci\u00f3n de energ\u00eda &#8211; centrales [&hellip;]\" \/>\n<meta property=\"og:url\" content=\"https:\/\/www.chimimeca.com\/es\/nucleaire-aenergie\/\" \/>\n<meta property=\"og:site_name\" content=\"CHIMIMECA\" \/>\n<meta property=\"article:modified_time\" content=\"2025-05-12T14:56:16+00:00\" \/>\n<meta property=\"og:image\" content=\"https:\/\/www.chimimeca.com\/wp-content\/uploads\/2024\/04\/lessivage-chimique-centrales-nucleaires-thermiques.jpg\" \/>\n<meta name=\"twitter:card\" content=\"summary_large_image\" \/>\n<meta name=\"twitter:label1\" content=\"Tiempo de lectura\" \/>\n\t<meta name=\"twitter:data1\" content=\"5 minutos\" \/>\n<script type=\"application\/ld+json\" class=\"yoast-schema-graph\">{\"@context\":\"https:\/\/schema.org\",\"@graph\":[{\"@type\":\"WebPage\",\"@id\":\"https:\/\/www.chimimeca.com\/es\/nucleaire-aenergie\/\",\"url\":\"https:\/\/www.chimimeca.com\/es\/nucleaire-aenergie\/\",\"name\":\"Nucl\u00e9aire &amp; Energie - CHIMIMECA\",\"isPartOf\":{\"@id\":\"https:\/\/www.chimimeca.com\/es\/#website\"},\"primaryImageOfPage\":{\"@id\":\"https:\/\/www.chimimeca.com\/es\/nucleaire-aenergie\/#primaryimage\"},\"image\":{\"@id\":\"https:\/\/www.chimimeca.com\/es\/nucleaire-aenergie\/#primaryimage\"},\"thumbnailUrl\":\"https:\/\/www.chimimeca.com\/wp-content\/uploads\/2024\/04\/lessivage-chimique-centrales-nucleaires-thermiques.jpg\",\"datePublished\":\"2024-04-24T12:05:46+00:00\",\"dateModified\":\"2025-05-12T14:56:16+00:00\",\"breadcrumb\":{\"@id\":\"https:\/\/www.chimimeca.com\/es\/nucleaire-aenergie\/#breadcrumb\"},\"inLanguage\":\"es\",\"potentialAction\":[{\"@type\":\"ReadAction\",\"target\":[\"https:\/\/www.chimimeca.com\/es\/nucleaire-aenergie\/\"]}]},{\"@type\":\"ImageObject\",\"inLanguage\":\"es\",\"@id\":\"https:\/\/www.chimimeca.com\/es\/nucleaire-aenergie\/#primaryimage\",\"url\":\"https:\/\/www.chimimeca.com\/wp-content\/uploads\/2024\/04\/lessivage-chimique-centrales-nucleaires-thermiques.jpg\",\"contentUrl\":\"https:\/\/www.chimimeca.com\/wp-content\/uploads\/2024\/04\/lessivage-chimique-centrales-nucleaires-thermiques.jpg\"},{\"@type\":\"BreadcrumbList\",\"@id\":\"https:\/\/www.chimimeca.com\/es\/nucleaire-aenergie\/#breadcrumb\",\"itemListElement\":[{\"@type\":\"ListItem\",\"position\":1,\"name\":\"Accueil\",\"item\":\"https:\/\/www.chimimeca.com\/es\/\"},{\"@type\":\"ListItem\",\"position\":2,\"name\":\"Nucl\u00e9aire &amp; Energie\"}]},{\"@type\":\"WebSite\",\"@id\":\"https:\/\/www.chimimeca.com\/es\/#website\",\"url\":\"https:\/\/www.chimimeca.com\/es\/\",\"name\":\"CHIMIMECA\",\"description\":\"\",\"publisher\":{\"@id\":\"https:\/\/www.chimimeca.com\/es\/#organization\"},\"potentialAction\":[{\"@type\":\"SearchAction\",\"target\":{\"@type\":\"EntryPoint\",\"urlTemplate\":\"https:\/\/www.chimimeca.com\/es\/?s={search_term_string}\"},\"query-input\":{\"@type\":\"PropertyValueSpecification\",\"valueRequired\":true,\"valueName\":\"search_term_string\"}}],\"inLanguage\":\"es\"},{\"@type\":\"Organization\",\"@id\":\"https:\/\/www.chimimeca.com\/es\/#organization\",\"name\":\"CHIMIMECA\",\"url\":\"https:\/\/www.chimimeca.com\/es\/\",\"logo\":{\"@type\":\"ImageObject\",\"inLanguage\":\"es\",\"@id\":\"https:\/\/www.chimimeca.com\/es\/#\/schema\/logo\/image\/\",\"url\":\"https:\/\/www.chimimeca.com\/wp-content\/uploads\/2024\/04\/logo.png\",\"contentUrl\":\"https:\/\/www.chimimeca.com\/wp-content\/uploads\/2024\/04\/logo.png\",\"width\":326,\"height\":81,\"caption\":\"CHIMIMECA\"},\"image\":{\"@id\":\"https:\/\/www.chimimeca.com\/es\/#\/schema\/logo\/image\/\"}}]}<\/script>\n<!-- \/ Yoast SEO plugin. -->","yoast_head_json":{"title":"Nucl\u00e9aire &amp; Energie - CHIMIMECA","robots":{"index":"index","follow":"follow","max-snippet":"max-snippet:-1","max-image-preview":"max-image-preview:large","max-video-preview":"max-video-preview:-1"},"canonical":"https:\/\/www.chimimeca.com\/es\/nucleaire-aenergie\/","og_locale":"es_ES","og_type":"article","og_title":"Nucl\u00e9aire &amp; Energie - CHIMIMECA","og_description":"Campos nuclear y energ\u00e9tico El campo Nuclear exige limpieza. El nivel de limpieza exigido para los equipamientos nucleares debe corresponder a las normas RCCM \/ PMUC. Intervenimos en la cualificaci\u00f3n final de los equipamientos &#8211; aparatos de procesos y\u00a0redes\u00a0&#8211; destinados a su instalaci\u00f3n en la industria nuclear: Las unidades de producci\u00f3n de energ\u00eda &#8211; centrales [&hellip;]","og_url":"https:\/\/www.chimimeca.com\/es\/nucleaire-aenergie\/","og_site_name":"CHIMIMECA","article_modified_time":"2025-05-12T14:56:16+00:00","og_image":[{"url":"https:\/\/www.chimimeca.com\/wp-content\/uploads\/2024\/04\/lessivage-chimique-centrales-nucleaires-thermiques.jpg","type":"","width":"","height":""}],"twitter_card":"summary_large_image","twitter_misc":{"Tiempo de lectura":"5 minutos"},"schema":{"@context":"https:\/\/schema.org","@graph":[{"@type":"WebPage","@id":"https:\/\/www.chimimeca.com\/es\/nucleaire-aenergie\/","url":"https:\/\/www.chimimeca.com\/es\/nucleaire-aenergie\/","name":"Nucl\u00e9aire &amp; Energie - CHIMIMECA","isPartOf":{"@id":"https:\/\/www.chimimeca.com\/es\/#website"},"primaryImageOfPage":{"@id":"https:\/\/www.chimimeca.com\/es\/nucleaire-aenergie\/#primaryimage"},"image":{"@id":"https:\/\/www.chimimeca.com\/es\/nucleaire-aenergie\/#primaryimage"},"thumbnailUrl":"https:\/\/www.chimimeca.com\/wp-content\/uploads\/2024\/04\/lessivage-chimique-centrales-nucleaires-thermiques.jpg","datePublished":"2024-04-24T12:05:46+00:00","dateModified":"2025-05-12T14:56:16+00:00","breadcrumb":{"@id":"https:\/\/www.chimimeca.com\/es\/nucleaire-aenergie\/#breadcrumb"},"inLanguage":"es","potentialAction":[{"@type":"ReadAction","target":["https:\/\/www.chimimeca.com\/es\/nucleaire-aenergie\/"]}]},{"@type":"ImageObject","inLanguage":"es","@id":"https:\/\/www.chimimeca.com\/es\/nucleaire-aenergie\/#primaryimage","url":"https:\/\/www.chimimeca.com\/wp-content\/uploads\/2024\/04\/lessivage-chimique-centrales-nucleaires-thermiques.jpg","contentUrl":"https:\/\/www.chimimeca.com\/wp-content\/uploads\/2024\/04\/lessivage-chimique-centrales-nucleaires-thermiques.jpg"},{"@type":"BreadcrumbList","@id":"https:\/\/www.chimimeca.com\/es\/nucleaire-aenergie\/#breadcrumb","itemListElement":[{"@type":"ListItem","position":1,"name":"Accueil","item":"https:\/\/www.chimimeca.com\/es\/"},{"@type":"ListItem","position":2,"name":"Nucl\u00e9aire &amp; Energie"}]},{"@type":"WebSite","@id":"https:\/\/www.chimimeca.com\/es\/#website","url":"https:\/\/www.chimimeca.com\/es\/","name":"CHIMIMECA","description":"","publisher":{"@id":"https:\/\/www.chimimeca.com\/es\/#organization"},"potentialAction":[{"@type":"SearchAction","target":{"@type":"EntryPoint","urlTemplate":"https:\/\/www.chimimeca.com\/es\/?s={search_term_string}"},"query-input":{"@type":"PropertyValueSpecification","valueRequired":true,"valueName":"search_term_string"}}],"inLanguage":"es"},{"@type":"Organization","@id":"https:\/\/www.chimimeca.com\/es\/#organization","name":"CHIMIMECA","url":"https:\/\/www.chimimeca.com\/es\/","logo":{"@type":"ImageObject","inLanguage":"es","@id":"https:\/\/www.chimimeca.com\/es\/#\/schema\/logo\/image\/","url":"https:\/\/www.chimimeca.com\/wp-content\/uploads\/2024\/04\/logo.png","contentUrl":"https:\/\/www.chimimeca.com\/wp-content\/uploads\/2024\/04\/logo.png","width":326,"height":81,"caption":"CHIMIMECA"},"image":{"@id":"https:\/\/www.chimimeca.com\/es\/#\/schema\/logo\/image\/"}}]}},"_links":{"self":[{"href":"https:\/\/www.chimimeca.com\/es\/wp-json\/wp\/v2\/pages\/1724","targetHints":{"allow":["GET"]}}],"collection":[{"href":"https:\/\/www.chimimeca.com\/es\/wp-json\/wp\/v2\/pages"}],"about":[{"href":"https:\/\/www.chimimeca.com\/es\/wp-json\/wp\/v2\/types\/page"}],"author":[{"embeddable":true,"href":"https:\/\/www.chimimeca.com\/es\/wp-json\/wp\/v2\/users\/1"}],"replies":[{"embeddable":true,"href":"https:\/\/www.chimimeca.com\/es\/wp-json\/wp\/v2\/comments?post=1724"}],"version-history":[{"count":4,"href":"https:\/\/www.chimimeca.com\/es\/wp-json\/wp\/v2\/pages\/1724\/revisions"}],"predecessor-version":[{"id":1877,"href":"https:\/\/www.chimimeca.com\/es\/wp-json\/wp\/v2\/pages\/1724\/revisions\/1877"}],"wp:attachment":[{"href":"https:\/\/www.chimimeca.com\/es\/wp-json\/wp\/v2\/media?parent=1724"}],"curies":[{"name":"wp","href":"https:\/\/api.w.org\/{rel}","templated":true}]}}