{"id":1712,"date":"2024-04-24T13:53:49","date_gmt":"2024-04-24T11:53:49","guid":{"rendered":"https:\/\/www.chimimeca.com\/pharmacie-cosmetique\/"},"modified":"2025-05-12T16:50:06","modified_gmt":"2025-05-12T14:50:06","slug":"pharmacie-cosmetique","status":"publish","type":"page","link":"https:\/\/www.chimimeca.com\/es\/pharmacie-cosmetique\/","title":{"rendered":"Pharmacie &amp; Cosm\u00e9tique"},"content":{"rendered":"<div class=\"gb-container gb-container-02394211\">\n\n<h1 class=\"wp-block-heading has-base-2-color has-text-color has-link-color wp-elements-4d611cdd3374fa9141c9ed9fe772dbe2\" style=\"margin-top:0;margin-bottom:0;font-size:clamp(22.041px, 1.378rem + ((1vw - 3.2px) * 1.091), 36px);text-transform:uppercase\">Campos farmac\u00e9utico y cosm\u00e9tico<\/h1>\n\n<\/div>\n\n<div class=\"gb-container gb-container-02488878\">\n<div class=\"gb-container gb-container-0b8be6b2 li-pins\">\n<div class=\"gb-container gb-container-d81d1bb6\">\n\n<h2 class=\"wp-block-heading has-custom-couleur-3-color has-text-color has-link-color wp-elements-d2163b24d4222e1a6a8db6d0d03a8ef9\" style=\"font-size:clamp(18.959px, 1.185rem + ((1vw - 3.2px) * 0.863), 30px);font-style:normal;font-weight:700\">Producci\u00f3n farmac\u00e9utica y cosm\u00e9tica.<\/h2>\n\n\n\n<h3 class=\"wp-block-heading has-custom-couleur-3-color has-text-color has-link-color wp-elements-f01ad8cf24d3c0951bbbe47424a72c93\" style=\"margin-top:0;font-size:clamp(14px, 0.875rem + ((1vw - 3.2px) * 0.469), 20px);\">Las instalaciones de unidades imponen un conocimiento estricto de la limpieza de los equipamientos.<\/h3>\n\n\n<div class=\"gb-container gb-container-10dfe1b8\">\n<div class=\"gb-container gb-container-88c037ec\">\n\n<p class=\"has-custom-couleur-4-color has-text-color has-link-color wp-elements-9ef06ef43a385c57b56f184020266bca\" style=\"font-size:clamp(14px, 0.875rem + ((1vw - 3.2px) * 0.078), 15px);\">Intervenimos durante la instalaci\u00f3n de los equipamientos y las redes para la limpieza final antes de su puesta en servicio:<\/p>\n\n\n\n<ul style=\"font-size:clamp(14px, 0.875rem + ((1vw - 3.2px) * 0.078), 15px);\" class=\"wp-block-list has-custom-couleur-4-color has-text-color has-link-color wp-elements-b5c3709e925173567b8ba51df01a3810\">\n<li><a href=\"https:\/\/www.chimimeca.com\/es\/degraissage\/\">Desengrasado<\/a>, desoxidaci\u00f3n y\u00a0<a href=\"https:\/\/www.chimimeca.com\/es\/passivation\/\">pasivaci\u00f3n<\/a>\u00a0de las redes y los equipamientos montados<\/li>\n\n\n\n<li>ruebas y tests de presi\u00f3n, estanqueidad, tests de fugas<\/li>\n\n\n\n<li>Tests fisicoqu\u00edmicos, conductividad, gravimetr\u00eda.<\/li>\n<\/ul>\n\n<\/div>\n\n<div class=\"gb-container gb-container-341fc4bc\">\n\n<figure class=\"gb-block-image gb-block-image-07ca4a57\"><img loading=\"lazy\" decoding=\"async\" width=\"191\" height=\"126\" class=\"gb-image gb-image-07ca4a57\" src=\"https:\/\/www.chimimeca.com\/wp-content\/uploads\/2024\/04\/proprete-degraissage-reseaux-pharmaceutiques.jpg\" alt=\"\" title=\"proprete-degraissage-reseaux-pharmaceutiques\"\/><\/figure>\n\n<\/div>\n<\/div>\n\n\n<h3 class=\"wp-block-heading has-custom-couleur-3-color has-text-color has-link-color wp-elements-472aecc8bbb47000127b36c00066261e\" style=\"font-size:clamp(14px, 0.875rem + ((1vw - 3.2px) * 0.469), 20px);\">Las condiciones de los procesos obligan a un control permanente de las instalaciones.<\/h3>\n\n\n<div class=\"gb-container gb-container-683fea6f\">\n<div class=\"gb-container gb-container-a34a7aad\">\n\n<p class=\"has-custom-couleur-4-color has-text-color has-link-color wp-elements-c9cfe4dc12a73d474889a475d3748345\" style=\"font-size:clamp(14px, 0.875rem + ((1vw - 3.2px) * 0.078), 15px);\">La explotaci\u00f3n puede conducir a derivas de funcionamiento que pueden corregirse de modo preventivo o curativo:<\/p>\n\n\n\n<ul style=\"font-size:clamp(14px, 0.875rem + ((1vw - 3.2px) * 0.078), 15px);\" class=\"wp-block-list has-custom-couleur-4-color has-text-color has-link-color wp-elements-80218e89815e8d81f50c59016a9b8e2e\">\n<li><a href=\"https:\/\/www.chimimeca.com\/es\/derouging\/\">Derouging<\/a>, desoxidaci\u00f3n, limpieza qu\u00edmica espec\u00edfica<\/li>\n\n\n\n<li><a href=\"https:\/\/www.chimimeca.com\/es\/sanitation\/\">Saneamiento<\/a>, eliminaci\u00f3n de biopel\u00edculas, limpieza bacteriost\u00e1tica<\/li>\n\n\n\n<li>Tratamientos de utilidades (limpiezas de\u00a0<a href=\"https:\/\/www.chimimeca.com\/es\/chaudieres-et-doubles-enveloppes\/\">cubiertas dobles<\/a>\u00a0e\u00a0<a href=\"https:\/\/www.chimimeca.com\/es\/echangeurs-process\/\">intercambiadores<\/a>)<\/li>\n<\/ul>\n\n<\/div>\n\n<div class=\"gb-container gb-container-3d2e0cb1\">\n\n<figure class=\"gb-block-image gb-block-image-d769094f\"><img loading=\"lazy\" decoding=\"async\" width=\"191\" height=\"126\" class=\"gb-image gb-image-d769094f\" src=\"https:\/\/www.chimimeca.com\/wp-content\/uploads\/2024\/04\/passivation-reseaux-pharmaceutiques.jpg\" alt=\"\" title=\"passivation-reseaux-pharmaceutiques\"\/><\/figure>\n\n<\/div>\n<\/div>\n<\/div>\n<\/div>\n\n<div class=\"gb-container gb-container-ecb77b32 sidebar text-underline-secondary\">\n<div class=\"gb-container gb-container-6009d736\">\n<div class=\"gb-container gb-container-edd115a1\">\n\n<h3 class=\"wp-block-heading has-custom-couleur-4-color has-text-color has-link-color wp-elements-f30499a5d570f6619c037cf981a5a454\" style=\"font-size:clamp(14px, 0.875rem + ((1vw - 3.2px) * 0.469), 20px);text-transform:uppercase\">Campos de intervenci\u00f3n<\/h3>\n\n\n\n<ul style=\"font-size:clamp(14px, 0.875rem + ((1vw - 3.2px) * 0.078), 15px);\" class=\"wp-block-list has-custom-couleur-4-color has-text-color has-link-color wp-elements-16b17ba3add5d1fe3428c98183b3e195\">\n<li style=\"margin-top:var(--wp--preset--spacing--10);margin-bottom:var(--wp--preset--spacing--10)\"><a href=\"https:\/\/www.chimimeca.com\/es\/chaudronnerie-tuyauterie\/\">Calderer\u00eda y canalizaciones<\/a><\/li>\n\n\n\n<li style=\"margin-top:var(--wp--preset--spacing--10);margin-bottom:var(--wp--preset--spacing--10)\"><a href=\"https:\/\/www.chimimeca.com\/es\/pharmacie-cosmetique\/\">Campos farmac\u00e9utico y cosm\u00e9tico<\/a><\/li>\n\n\n\n<li style=\"margin-top:var(--wp--preset--spacing--10);margin-bottom:var(--wp--preset--spacing--10)\"><a href=\"https:\/\/www.chimimeca.com\/es\/alimentaire-agro-alimentaire\/\">Campos alimentario y agroalimentario<\/a><\/li>\n\n\n\n<li style=\"margin-top:var(--wp--preset--spacing--10);margin-bottom:var(--wp--preset--spacing--10)\"><a href=\"https:\/\/www.chimimeca.com\/es\/nucleaire-aenergie\/\">Campos nuclear y energ\u00e9tico<\/a><\/li>\n\n\n\n<li style=\"margin-top:var(--wp--preset--spacing--10);margin-bottom:var(--wp--preset--spacing--10)\"><a href=\"https:\/\/www.chimimeca.com\/es\/cryogenie-ultra-vide-gaz-purs\/\">Campos criog\u00e9nico, ultravac\u00edo y gases puros<\/a><\/li>\n<\/ul>\n\n<\/div>\n\n<div class=\"gb-container gb-container-41a03213\">\n\n<h3 class=\"wp-block-heading has-custom-couleur-4-color has-text-color has-link-color wp-elements-691d8fd9def7c5df63c6f6282b2ebb42\" style=\"font-size:clamp(14px, 0.875rem + ((1vw - 3.2px) * 0.469), 20px);text-transform:uppercase\">DESCARGA NUESTRO FOLLETO<\/h3>\n\n\n\n<a class=\"gb-button gb-button-c8374e70 gb-button-text telecharger\" href=\"\/wp-content\/uploads\/2024\/04\/Presentation-Chimimeca_ProduitsMateriels_Ateliers_Interventions-sur-site_2024.pdf\" target=\"_blank\" rel=\"noopener noreferrer\">DESCARGA NUESTRO FOLLETO<\/a>\n\n<\/div>\n\n<div class=\"gb-container gb-container-07485d43\">\n\n<h3 class=\"wp-block-heading has-custom-couleur-4-color has-text-color has-link-color wp-elements-2d30c6b3694e44d0dc58fb5b9511509f\" style=\"font-size:clamp(14px, 0.875rem + ((1vw - 3.2px) * 0.469), 20px);text-transform:uppercase\">Nos evaluar !<\/h3>\n\n\n\n<a class=\"gb-button gb-button-5d511fe5 gb-button-text avis\" href=\"https:\/\/www.chimimeca.com\/es\/avis\/\">DAR SU OPINION<\/a>\n\n<\/div>\n<\/div>\n<\/div>\n<\/div>","protected":false},"excerpt":{"rendered":"<p>Campos farmac\u00e9utico y cosm\u00e9tico Producci\u00f3n farmac\u00e9utica y cosm\u00e9tica. Las instalaciones de unidades imponen un conocimiento estricto de la limpieza de los equipamientos. Intervenimos durante la instalaci\u00f3n de los equipamientos y las redes para la limpieza final antes de su puesta en servicio: Las condiciones de los procesos obligan a un control permanente de las instalaciones. [&hellip;]<\/p>\n","protected":false},"author":1,"featured_media":0,"parent":0,"menu_order":0,"comment_status":"closed","ping_status":"closed","template":"","meta":{"_acf_changed":false,"footnotes":""},"class_list":["post-1712","page","type-page","status-publish","hentry"],"acf":[],"yoast_head":"<!-- This site is optimized with the Yoast SEO plugin v26.3 - https:\/\/yoast.com\/wordpress\/plugins\/seo\/ -->\n<title>Pharmacie &amp; Cosm\u00e9tique - CHIMIMECA<\/title>\n<meta name=\"robots\" content=\"index, follow, max-snippet:-1, max-image-preview:large, max-video-preview:-1\" \/>\n<link rel=\"canonical\" href=\"https:\/\/www.chimimeca.com\/es\/pharmacie-cosmetique\/\" \/>\n<meta property=\"og:locale\" content=\"es_ES\" \/>\n<meta property=\"og:type\" content=\"article\" \/>\n<meta property=\"og:title\" content=\"Pharmacie &amp; Cosm\u00e9tique - CHIMIMECA\" \/>\n<meta property=\"og:description\" content=\"Campos farmac\u00e9utico y cosm\u00e9tico Producci\u00f3n farmac\u00e9utica y cosm\u00e9tica. Las instalaciones de unidades imponen un conocimiento estricto de la limpieza de los equipamientos. Intervenimos durante la instalaci\u00f3n de los equipamientos y las redes para la limpieza final antes de su puesta en servicio: Las condiciones de los procesos obligan a un control permanente de las instalaciones. [&hellip;]\" \/>\n<meta property=\"og:url\" content=\"https:\/\/www.chimimeca.com\/es\/pharmacie-cosmetique\/\" \/>\n<meta property=\"og:site_name\" content=\"CHIMIMECA\" \/>\n<meta property=\"article:modified_time\" content=\"2025-05-12T14:50:06+00:00\" \/>\n<meta property=\"og:image\" content=\"https:\/\/www.chimimeca.com\/wp-content\/uploads\/2024\/04\/proprete-degraissage-reseaux-pharmaceutiques.jpg\" \/>\n<meta name=\"twitter:card\" content=\"summary_large_image\" \/>\n<meta name=\"twitter:label1\" content=\"Tiempo de lectura\" \/>\n\t<meta name=\"twitter:data1\" content=\"4 minutos\" \/>\n<script type=\"application\/ld+json\" class=\"yoast-schema-graph\">{\"@context\":\"https:\/\/schema.org\",\"@graph\":[{\"@type\":\"WebPage\",\"@id\":\"https:\/\/www.chimimeca.com\/es\/pharmacie-cosmetique\/\",\"url\":\"https:\/\/www.chimimeca.com\/es\/pharmacie-cosmetique\/\",\"name\":\"Pharmacie &amp; Cosm\u00e9tique - CHIMIMECA\",\"isPartOf\":{\"@id\":\"https:\/\/www.chimimeca.com\/es\/#website\"},\"primaryImageOfPage\":{\"@id\":\"https:\/\/www.chimimeca.com\/es\/pharmacie-cosmetique\/#primaryimage\"},\"image\":{\"@id\":\"https:\/\/www.chimimeca.com\/es\/pharmacie-cosmetique\/#primaryimage\"},\"thumbnailUrl\":\"https:\/\/www.chimimeca.com\/wp-content\/uploads\/2024\/04\/proprete-degraissage-reseaux-pharmaceutiques.jpg\",\"datePublished\":\"2024-04-24T11:53:49+00:00\",\"dateModified\":\"2025-05-12T14:50:06+00:00\",\"breadcrumb\":{\"@id\":\"https:\/\/www.chimimeca.com\/es\/pharmacie-cosmetique\/#breadcrumb\"},\"inLanguage\":\"es\",\"potentialAction\":[{\"@type\":\"ReadAction\",\"target\":[\"https:\/\/www.chimimeca.com\/es\/pharmacie-cosmetique\/\"]}]},{\"@type\":\"ImageObject\",\"inLanguage\":\"es\",\"@id\":\"https:\/\/www.chimimeca.com\/es\/pharmacie-cosmetique\/#primaryimage\",\"url\":\"https:\/\/www.chimimeca.com\/wp-content\/uploads\/2024\/04\/proprete-degraissage-reseaux-pharmaceutiques.jpg\",\"contentUrl\":\"https:\/\/www.chimimeca.com\/wp-content\/uploads\/2024\/04\/proprete-degraissage-reseaux-pharmaceutiques.jpg\"},{\"@type\":\"BreadcrumbList\",\"@id\":\"https:\/\/www.chimimeca.com\/es\/pharmacie-cosmetique\/#breadcrumb\",\"itemListElement\":[{\"@type\":\"ListItem\",\"position\":1,\"name\":\"Accueil\",\"item\":\"https:\/\/www.chimimeca.com\/es\/\"},{\"@type\":\"ListItem\",\"position\":2,\"name\":\"Pharmacie &amp; Cosm\u00e9tique\"}]},{\"@type\":\"WebSite\",\"@id\":\"https:\/\/www.chimimeca.com\/es\/#website\",\"url\":\"https:\/\/www.chimimeca.com\/es\/\",\"name\":\"CHIMIMECA\",\"description\":\"\",\"publisher\":{\"@id\":\"https:\/\/www.chimimeca.com\/es\/#organization\"},\"potentialAction\":[{\"@type\":\"SearchAction\",\"target\":{\"@type\":\"EntryPoint\",\"urlTemplate\":\"https:\/\/www.chimimeca.com\/es\/?s={search_term_string}\"},\"query-input\":{\"@type\":\"PropertyValueSpecification\",\"valueRequired\":true,\"valueName\":\"search_term_string\"}}],\"inLanguage\":\"es\"},{\"@type\":\"Organization\",\"@id\":\"https:\/\/www.chimimeca.com\/es\/#organization\",\"name\":\"CHIMIMECA\",\"url\":\"https:\/\/www.chimimeca.com\/es\/\",\"logo\":{\"@type\":\"ImageObject\",\"inLanguage\":\"es\",\"@id\":\"https:\/\/www.chimimeca.com\/es\/#\/schema\/logo\/image\/\",\"url\":\"https:\/\/www.chimimeca.com\/wp-content\/uploads\/2024\/04\/logo.png\",\"contentUrl\":\"https:\/\/www.chimimeca.com\/wp-content\/uploads\/2024\/04\/logo.png\",\"width\":326,\"height\":81,\"caption\":\"CHIMIMECA\"},\"image\":{\"@id\":\"https:\/\/www.chimimeca.com\/es\/#\/schema\/logo\/image\/\"}}]}<\/script>\n<!-- \/ Yoast SEO plugin. -->","yoast_head_json":{"title":"Pharmacie &amp; Cosm\u00e9tique - CHIMIMECA","robots":{"index":"index","follow":"follow","max-snippet":"max-snippet:-1","max-image-preview":"max-image-preview:large","max-video-preview":"max-video-preview:-1"},"canonical":"https:\/\/www.chimimeca.com\/es\/pharmacie-cosmetique\/","og_locale":"es_ES","og_type":"article","og_title":"Pharmacie &amp; Cosm\u00e9tique - CHIMIMECA","og_description":"Campos farmac\u00e9utico y cosm\u00e9tico Producci\u00f3n farmac\u00e9utica y cosm\u00e9tica. Las instalaciones de unidades imponen un conocimiento estricto de la limpieza de los equipamientos. Intervenimos durante la instalaci\u00f3n de los equipamientos y las redes para la limpieza final antes de su puesta en servicio: Las condiciones de los procesos obligan a un control permanente de las instalaciones. [&hellip;]","og_url":"https:\/\/www.chimimeca.com\/es\/pharmacie-cosmetique\/","og_site_name":"CHIMIMECA","article_modified_time":"2025-05-12T14:50:06+00:00","og_image":[{"url":"https:\/\/www.chimimeca.com\/wp-content\/uploads\/2024\/04\/proprete-degraissage-reseaux-pharmaceutiques.jpg","type":"","width":"","height":""}],"twitter_card":"summary_large_image","twitter_misc":{"Tiempo de lectura":"4 minutos"},"schema":{"@context":"https:\/\/schema.org","@graph":[{"@type":"WebPage","@id":"https:\/\/www.chimimeca.com\/es\/pharmacie-cosmetique\/","url":"https:\/\/www.chimimeca.com\/es\/pharmacie-cosmetique\/","name":"Pharmacie &amp; Cosm\u00e9tique - CHIMIMECA","isPartOf":{"@id":"https:\/\/www.chimimeca.com\/es\/#website"},"primaryImageOfPage":{"@id":"https:\/\/www.chimimeca.com\/es\/pharmacie-cosmetique\/#primaryimage"},"image":{"@id":"https:\/\/www.chimimeca.com\/es\/pharmacie-cosmetique\/#primaryimage"},"thumbnailUrl":"https:\/\/www.chimimeca.com\/wp-content\/uploads\/2024\/04\/proprete-degraissage-reseaux-pharmaceutiques.jpg","datePublished":"2024-04-24T11:53:49+00:00","dateModified":"2025-05-12T14:50:06+00:00","breadcrumb":{"@id":"https:\/\/www.chimimeca.com\/es\/pharmacie-cosmetique\/#breadcrumb"},"inLanguage":"es","potentialAction":[{"@type":"ReadAction","target":["https:\/\/www.chimimeca.com\/es\/pharmacie-cosmetique\/"]}]},{"@type":"ImageObject","inLanguage":"es","@id":"https:\/\/www.chimimeca.com\/es\/pharmacie-cosmetique\/#primaryimage","url":"https:\/\/www.chimimeca.com\/wp-content\/uploads\/2024\/04\/proprete-degraissage-reseaux-pharmaceutiques.jpg","contentUrl":"https:\/\/www.chimimeca.com\/wp-content\/uploads\/2024\/04\/proprete-degraissage-reseaux-pharmaceutiques.jpg"},{"@type":"BreadcrumbList","@id":"https:\/\/www.chimimeca.com\/es\/pharmacie-cosmetique\/#breadcrumb","itemListElement":[{"@type":"ListItem","position":1,"name":"Accueil","item":"https:\/\/www.chimimeca.com\/es\/"},{"@type":"ListItem","position":2,"name":"Pharmacie &amp; Cosm\u00e9tique"}]},{"@type":"WebSite","@id":"https:\/\/www.chimimeca.com\/es\/#website","url":"https:\/\/www.chimimeca.com\/es\/","name":"CHIMIMECA","description":"","publisher":{"@id":"https:\/\/www.chimimeca.com\/es\/#organization"},"potentialAction":[{"@type":"SearchAction","target":{"@type":"EntryPoint","urlTemplate":"https:\/\/www.chimimeca.com\/es\/?s={search_term_string}"},"query-input":{"@type":"PropertyValueSpecification","valueRequired":true,"valueName":"search_term_string"}}],"inLanguage":"es"},{"@type":"Organization","@id":"https:\/\/www.chimimeca.com\/es\/#organization","name":"CHIMIMECA","url":"https:\/\/www.chimimeca.com\/es\/","logo":{"@type":"ImageObject","inLanguage":"es","@id":"https:\/\/www.chimimeca.com\/es\/#\/schema\/logo\/image\/","url":"https:\/\/www.chimimeca.com\/wp-content\/uploads\/2024\/04\/logo.png","contentUrl":"https:\/\/www.chimimeca.com\/wp-content\/uploads\/2024\/04\/logo.png","width":326,"height":81,"caption":"CHIMIMECA"},"image":{"@id":"https:\/\/www.chimimeca.com\/es\/#\/schema\/logo\/image\/"}}]}},"_links":{"self":[{"href":"https:\/\/www.chimimeca.com\/es\/wp-json\/wp\/v2\/pages\/1712","targetHints":{"allow":["GET"]}}],"collection":[{"href":"https:\/\/www.chimimeca.com\/es\/wp-json\/wp\/v2\/pages"}],"about":[{"href":"https:\/\/www.chimimeca.com\/es\/wp-json\/wp\/v2\/types\/page"}],"author":[{"embeddable":true,"href":"https:\/\/www.chimimeca.com\/es\/wp-json\/wp\/v2\/users\/1"}],"replies":[{"embeddable":true,"href":"https:\/\/www.chimimeca.com\/es\/wp-json\/wp\/v2\/comments?post=1712"}],"version-history":[{"count":6,"href":"https:\/\/www.chimimeca.com\/es\/wp-json\/wp\/v2\/pages\/1712\/revisions"}],"predecessor-version":[{"id":1874,"href":"https:\/\/www.chimimeca.com\/es\/wp-json\/wp\/v2\/pages\/1712\/revisions\/1874"}],"wp:attachment":[{"href":"https:\/\/www.chimimeca.com\/es\/wp-json\/wp\/v2\/media?parent=1712"}],"curies":[{"name":"wp","href":"https:\/\/api.w.org\/{rel}","templated":true}]}}