{"id":1675,"date":"2024-04-24T12:01:42","date_gmt":"2024-04-24T10:01:42","guid":{"rendered":"https:\/\/www.chimimeca.com\/aciers-inoxydables\/"},"modified":"2025-05-09T16:26:49","modified_gmt":"2025-05-09T14:26:49","slug":"aciers-inoxydables","status":"publish","type":"page","link":"https:\/\/www.chimimeca.com\/es\/aciers-inoxydables\/","title":{"rendered":"Aciers Inoxydables"},"content":{"rendered":"<div class=\"gb-container gb-container-02394211\">\n\n<h1 class=\"wp-block-heading has-base-2-color has-text-color has-link-color wp-elements-169336dc9982892df7013cea447c67c8\" style=\"margin-top:0;margin-bottom:0;font-size:clamp(22.041px, 1.378rem + ((1vw - 3.2px) * 1.091), 36px);text-transform:uppercase\">Aceros inoxidables<\/h1>\n\n<\/div>\n\n<div class=\"gb-container gb-container-02488878\">\n<div class=\"gb-container gb-container-0b8be6b2 li-pins\">\n<div class=\"gb-container gb-container-d81d1bb6\">\n\n<h2 class=\"wp-block-heading has-custom-couleur-3-color has-text-color has-link-color wp-elements-aad9733ac436949d27b6eab5cc233142\" style=\"font-size:clamp(18.959px, 1.185rem + ((1vw - 3.2px) * 0.863), 30px);font-style:normal;font-weight:700\">Perfeccionamiento qu\u00edmico de aceros inoxidables.<\/h2>\n\n\n\n<h3 class=\"wp-block-heading has-custom-couleur-3-color has-text-color has-link-color wp-elements-d941d9d59e5b2945294205d66ebed813\" style=\"font-size:clamp(14px, 0.875rem + ((1vw - 3.2px) * 0.469), 20px);\">Los aceros inoxidables est\u00e1n presentes en todas las instalaciones industriales. Nuestros tratamientos y prestaciones se aplican tanto a equipamientos nuevos como al mantenimiento de todas las instalaciones de procesos.<\/h3>\n\n\n<div class=\"gb-container gb-container-10dfe1b8\">\n<div class=\"gb-container gb-container-88c037ec\">\n\n<p class=\"has-custom-couleur-4-color has-text-color has-link-color wp-elements-c4c769519a6755523a4cdc1461afb12b\" style=\"font-size:clamp(14px, 0.875rem + ((1vw - 3.2px) * 0.078), 15px);\">La inoxibilidad intr\u00ednseca de los aceros inoxidables est\u00e1 condicionada por un perfeccionamiento riguroso e indispensable para conseguir el rendimiento estructural de las aleaciones para su utilizaci\u00f3n, garantizado por nuestros procedimientos:<\/p>\n\n\n\n<ul style=\"font-size:clamp(14px, 0.875rem + ((1vw - 3.2px) * 0.078), 15px);\" class=\"wp-block-list has-custom-couleur-4-color has-text-color has-link-color wp-elements-f52cb0940b814a8b50a124a764187b8a\">\n<li>El\u00a0<a href=\"https:\/\/www.chimimeca.com\/es\/degraissage\/\">desengrasado<\/a>\u00a0elimina los contaminantes org\u00e1nicos<\/li>\n\n\n\n<li>El\u00a0<a href=\"https:\/\/www.chimimeca.com\/es\/decapage\/\">decapado<\/a>\u00a0desplaza los \u00f3xidos y todos los contaminantes met\u00e1licos de superficie<\/li>\n\n\n\n<li>La\u00a0<a href=\"https:\/\/www.chimimeca.com\/es\/passivation\/\">pasivaci\u00f3n<\/a>\u00a0restaura la pel\u00edcula pasiva protectora que soporta la capacidad anticorrosi\u00f3n<\/li>\n<\/ul>\n\n<\/div>\n\n<div class=\"gb-container gb-container-341fc4bc\">\n\n<figure class=\"gb-block-image gb-block-image-07ca4a57\"><img loading=\"lazy\" decoding=\"async\" width=\"191\" height=\"126\" class=\"gb-image gb-image-07ca4a57\" src=\"https:\/\/www.chimimeca.com\/wp-content\/uploads\/2024\/04\/parachevement-chimique-aciers-inoxydables.jpg\" alt=\"\" title=\"parachevement-chimique-aciers-inoxydables\"\/><\/figure>\n\n<\/div>\n<\/div>\n\n\n<h3 class=\"wp-block-heading has-custom-couleur-3-color has-text-color has-link-color wp-elements-5740ace99ded8aedacbb613333485ce9\" style=\"font-size:clamp(14px, 0.875rem + ((1vw - 3.2px) * 0.469), 20px);\">Los tratamientos de aceros inoxidables tienden a un doble resultado: limpieza primaria exigida para su utilizaci\u00f3n y pasivaci\u00f3n efectiva que garantiza la integridad de la resistencia anticorrosi\u00f3n.<\/h3>\n\n<\/div>\n<\/div>\n\n<div class=\"gb-container gb-container-ecb77b32 sidebar text-underline-secondary\">\n<div class=\"gb-container gb-container-6009d736\">\n<div class=\"gb-container gb-container-edd115a1\">\n\n<h3 class=\"wp-block-heading has-custom-couleur-4-color has-text-color has-link-color wp-elements-8df727a993f9ad69528c2b70b299c9b2\" style=\"font-size:clamp(14px, 0.875rem + ((1vw - 3.2px) * 0.469), 20px);text-transform:uppercase\">Metales tratados<\/h3>\n\n\n\n<ul style=\"font-size:clamp(14px, 0.875rem + ((1vw - 3.2px) * 0.078), 15px);\" class=\"wp-block-list has-custom-couleur-4-color has-text-color has-link-color wp-elements-129e21deaf3b1afa4ada1287f2efcee1\">\n<li style=\"margin-top:var(--wp--preset--spacing--10);margin-bottom:var(--wp--preset--spacing--10)\"><a href=\"#\"><\/a><a href=\"https:\/\/www.chimimeca.com\/es\/aciers-inoxydables\/\">Aceros inoxidables<\/a><\/li>\n\n\n\n<li style=\"margin-top:var(--wp--preset--spacing--10);margin-bottom:var(--wp--preset--spacing--10)\"><a data-type=\"page\" data-id=\"332\" href=\"https:\/\/www.chimimeca.com\/es\/interventions-sur-sites\/\"><\/a><a href=\"https:\/\/www.chimimeca.com\/es\/alliages-nobles-super-alliages\/\">Aleaciones nobles y superaleaciones<\/a><\/li>\n\n\n\n<li style=\"margin-top:var(--wp--preset--spacing--10);margin-bottom:var(--wp--preset--spacing--10)\"><a href=\"https:\/\/www.chimimeca.com\/es\/titane\/\">Titanio<\/a><\/li>\n\n\n\n<li style=\"margin-top:var(--wp--preset--spacing--10);margin-bottom:var(--wp--preset--spacing--10)\"><a href=\"https:\/\/www.chimimeca.com\/es\/aluminium\/\">Aluminio<\/a><\/li>\n\n\n\n<li style=\"margin-top:var(--wp--preset--spacing--10);margin-bottom:var(--wp--preset--spacing--10)\"><a href=\"https:\/\/www.chimimeca.com\/es\/aciers-noirs\/\">Aceros negros<\/a><\/li>\n<\/ul>\n\n<\/div>\n\n<div class=\"gb-container gb-container-41a03213\">\n\n<h3 class=\"wp-block-heading has-custom-couleur-4-color has-text-color has-link-color wp-elements-691d8fd9def7c5df63c6f6282b2ebb42\" style=\"font-size:clamp(14px, 0.875rem + ((1vw - 3.2px) * 0.469), 20px);text-transform:uppercase\">DESCARGA NUESTRO FOLLETO<\/h3>\n\n\n\n<a class=\"gb-button gb-button-c8374e70 gb-button-text telecharger\" href=\"\/wp-content\/uploads\/2024\/04\/Presentation-Chimimeca_ProduitsMateriels_Ateliers_Interventions-sur-site_2024.pdf\" target=\"_blank\" rel=\"noopener noreferrer\">DESCARGA NUESTRO FOLLETO<\/a>\n\n<\/div>\n\n<div class=\"gb-container gb-container-07485d43\">\n\n<h3 class=\"wp-block-heading has-custom-couleur-4-color has-text-color has-link-color wp-elements-2d30c6b3694e44d0dc58fb5b9511509f\" style=\"font-size:clamp(14px, 0.875rem + ((1vw - 3.2px) * 0.469), 20px);text-transform:uppercase\">Nos evaluar !<\/h3>\n\n\n\n<a class=\"gb-button gb-button-5d511fe5 gb-button-text avis\" href=\"https:\/\/www.chimimeca.com\/es\/avis\/\">DAR SU OPINION<\/a>\n\n<\/div>\n<\/div>\n<\/div>\n<\/div>","protected":false},"excerpt":{"rendered":"<p>Aceros inoxidables Perfeccionamiento qu\u00edmico de aceros inoxidables. Los aceros inoxidables est\u00e1n presentes en todas las instalaciones industriales. Nuestros tratamientos y prestaciones se aplican tanto a equipamientos nuevos como al mantenimiento de todas las instalaciones de procesos. La inoxibilidad intr\u00ednseca de los aceros inoxidables est\u00e1 condicionada por un perfeccionamiento riguroso e indispensable para conseguir el rendimiento [&hellip;]<\/p>\n","protected":false},"author":1,"featured_media":0,"parent":0,"menu_order":0,"comment_status":"closed","ping_status":"closed","template":"","meta":{"_acf_changed":false,"footnotes":""},"class_list":["post-1675","page","type-page","status-publish","hentry"],"acf":[],"yoast_head":"<!-- This site is optimized with the Yoast SEO plugin v26.3 - https:\/\/yoast.com\/wordpress\/plugins\/seo\/ -->\n<title>Aciers Inoxydables - CHIMIMECA<\/title>\n<meta name=\"robots\" content=\"index, follow, max-snippet:-1, max-image-preview:large, max-video-preview:-1\" \/>\n<link rel=\"canonical\" href=\"https:\/\/www.chimimeca.com\/es\/aciers-inoxydables\/\" \/>\n<meta property=\"og:locale\" content=\"es_ES\" \/>\n<meta property=\"og:type\" content=\"article\" \/>\n<meta property=\"og:title\" content=\"Aciers Inoxydables - CHIMIMECA\" \/>\n<meta property=\"og:description\" content=\"Aceros inoxidables Perfeccionamiento qu\u00edmico de aceros inoxidables. Los aceros inoxidables est\u00e1n presentes en todas las instalaciones industriales. Nuestros tratamientos y prestaciones se aplican tanto a equipamientos nuevos como al mantenimiento de todas las instalaciones de procesos. La inoxibilidad intr\u00ednseca de los aceros inoxidables est\u00e1 condicionada por un perfeccionamiento riguroso e indispensable para conseguir el rendimiento [&hellip;]\" \/>\n<meta property=\"og:url\" content=\"https:\/\/www.chimimeca.com\/es\/aciers-inoxydables\/\" \/>\n<meta property=\"og:site_name\" content=\"CHIMIMECA\" \/>\n<meta property=\"article:modified_time\" content=\"2025-05-09T14:26:49+00:00\" \/>\n<meta property=\"og:image\" content=\"https:\/\/www.chimimeca.com\/wp-content\/uploads\/2024\/04\/parachevement-chimique-aciers-inoxydables.jpg\" \/>\n<meta name=\"twitter:card\" content=\"summary_large_image\" \/>\n<meta name=\"twitter:label1\" content=\"Tiempo de lectura\" \/>\n\t<meta name=\"twitter:data1\" content=\"3 minutos\" \/>\n<script type=\"application\/ld+json\" class=\"yoast-schema-graph\">{\"@context\":\"https:\/\/schema.org\",\"@graph\":[{\"@type\":\"WebPage\",\"@id\":\"https:\/\/www.chimimeca.com\/es\/aciers-inoxydables\/\",\"url\":\"https:\/\/www.chimimeca.com\/es\/aciers-inoxydables\/\",\"name\":\"Aciers Inoxydables - CHIMIMECA\",\"isPartOf\":{\"@id\":\"https:\/\/www.chimimeca.com\/es\/#website\"},\"primaryImageOfPage\":{\"@id\":\"https:\/\/www.chimimeca.com\/es\/aciers-inoxydables\/#primaryimage\"},\"image\":{\"@id\":\"https:\/\/www.chimimeca.com\/es\/aciers-inoxydables\/#primaryimage\"},\"thumbnailUrl\":\"https:\/\/www.chimimeca.com\/wp-content\/uploads\/2024\/04\/parachevement-chimique-aciers-inoxydables.jpg\",\"datePublished\":\"2024-04-24T10:01:42+00:00\",\"dateModified\":\"2025-05-09T14:26:49+00:00\",\"breadcrumb\":{\"@id\":\"https:\/\/www.chimimeca.com\/es\/aciers-inoxydables\/#breadcrumb\"},\"inLanguage\":\"es\",\"potentialAction\":[{\"@type\":\"ReadAction\",\"target\":[\"https:\/\/www.chimimeca.com\/es\/aciers-inoxydables\/\"]}]},{\"@type\":\"ImageObject\",\"inLanguage\":\"es\",\"@id\":\"https:\/\/www.chimimeca.com\/es\/aciers-inoxydables\/#primaryimage\",\"url\":\"https:\/\/www.chimimeca.com\/wp-content\/uploads\/2024\/04\/parachevement-chimique-aciers-inoxydables.jpg\",\"contentUrl\":\"https:\/\/www.chimimeca.com\/wp-content\/uploads\/2024\/04\/parachevement-chimique-aciers-inoxydables.jpg\"},{\"@type\":\"BreadcrumbList\",\"@id\":\"https:\/\/www.chimimeca.com\/es\/aciers-inoxydables\/#breadcrumb\",\"itemListElement\":[{\"@type\":\"ListItem\",\"position\":1,\"name\":\"Accueil\",\"item\":\"https:\/\/www.chimimeca.com\/es\/\"},{\"@type\":\"ListItem\",\"position\":2,\"name\":\"Aciers Inoxydables\"}]},{\"@type\":\"WebSite\",\"@id\":\"https:\/\/www.chimimeca.com\/es\/#website\",\"url\":\"https:\/\/www.chimimeca.com\/es\/\",\"name\":\"CHIMIMECA\",\"description\":\"\",\"publisher\":{\"@id\":\"https:\/\/www.chimimeca.com\/es\/#organization\"},\"potentialAction\":[{\"@type\":\"SearchAction\",\"target\":{\"@type\":\"EntryPoint\",\"urlTemplate\":\"https:\/\/www.chimimeca.com\/es\/?s={search_term_string}\"},\"query-input\":{\"@type\":\"PropertyValueSpecification\",\"valueRequired\":true,\"valueName\":\"search_term_string\"}}],\"inLanguage\":\"es\"},{\"@type\":\"Organization\",\"@id\":\"https:\/\/www.chimimeca.com\/es\/#organization\",\"name\":\"CHIMIMECA\",\"url\":\"https:\/\/www.chimimeca.com\/es\/\",\"logo\":{\"@type\":\"ImageObject\",\"inLanguage\":\"es\",\"@id\":\"https:\/\/www.chimimeca.com\/es\/#\/schema\/logo\/image\/\",\"url\":\"https:\/\/www.chimimeca.com\/wp-content\/uploads\/2024\/04\/logo.png\",\"contentUrl\":\"https:\/\/www.chimimeca.com\/wp-content\/uploads\/2024\/04\/logo.png\",\"width\":326,\"height\":81,\"caption\":\"CHIMIMECA\"},\"image\":{\"@id\":\"https:\/\/www.chimimeca.com\/es\/#\/schema\/logo\/image\/\"}}]}<\/script>\n<!-- \/ Yoast SEO plugin. -->","yoast_head_json":{"title":"Aciers Inoxydables - CHIMIMECA","robots":{"index":"index","follow":"follow","max-snippet":"max-snippet:-1","max-image-preview":"max-image-preview:large","max-video-preview":"max-video-preview:-1"},"canonical":"https:\/\/www.chimimeca.com\/es\/aciers-inoxydables\/","og_locale":"es_ES","og_type":"article","og_title":"Aciers Inoxydables - CHIMIMECA","og_description":"Aceros inoxidables Perfeccionamiento qu\u00edmico de aceros inoxidables. Los aceros inoxidables est\u00e1n presentes en todas las instalaciones industriales. Nuestros tratamientos y prestaciones se aplican tanto a equipamientos nuevos como al mantenimiento de todas las instalaciones de procesos. La inoxibilidad intr\u00ednseca de los aceros inoxidables est\u00e1 condicionada por un perfeccionamiento riguroso e indispensable para conseguir el rendimiento [&hellip;]","og_url":"https:\/\/www.chimimeca.com\/es\/aciers-inoxydables\/","og_site_name":"CHIMIMECA","article_modified_time":"2025-05-09T14:26:49+00:00","og_image":[{"url":"https:\/\/www.chimimeca.com\/wp-content\/uploads\/2024\/04\/parachevement-chimique-aciers-inoxydables.jpg","type":"","width":"","height":""}],"twitter_card":"summary_large_image","twitter_misc":{"Tiempo de lectura":"3 minutos"},"schema":{"@context":"https:\/\/schema.org","@graph":[{"@type":"WebPage","@id":"https:\/\/www.chimimeca.com\/es\/aciers-inoxydables\/","url":"https:\/\/www.chimimeca.com\/es\/aciers-inoxydables\/","name":"Aciers Inoxydables - CHIMIMECA","isPartOf":{"@id":"https:\/\/www.chimimeca.com\/es\/#website"},"primaryImageOfPage":{"@id":"https:\/\/www.chimimeca.com\/es\/aciers-inoxydables\/#primaryimage"},"image":{"@id":"https:\/\/www.chimimeca.com\/es\/aciers-inoxydables\/#primaryimage"},"thumbnailUrl":"https:\/\/www.chimimeca.com\/wp-content\/uploads\/2024\/04\/parachevement-chimique-aciers-inoxydables.jpg","datePublished":"2024-04-24T10:01:42+00:00","dateModified":"2025-05-09T14:26:49+00:00","breadcrumb":{"@id":"https:\/\/www.chimimeca.com\/es\/aciers-inoxydables\/#breadcrumb"},"inLanguage":"es","potentialAction":[{"@type":"ReadAction","target":["https:\/\/www.chimimeca.com\/es\/aciers-inoxydables\/"]}]},{"@type":"ImageObject","inLanguage":"es","@id":"https:\/\/www.chimimeca.com\/es\/aciers-inoxydables\/#primaryimage","url":"https:\/\/www.chimimeca.com\/wp-content\/uploads\/2024\/04\/parachevement-chimique-aciers-inoxydables.jpg","contentUrl":"https:\/\/www.chimimeca.com\/wp-content\/uploads\/2024\/04\/parachevement-chimique-aciers-inoxydables.jpg"},{"@type":"BreadcrumbList","@id":"https:\/\/www.chimimeca.com\/es\/aciers-inoxydables\/#breadcrumb","itemListElement":[{"@type":"ListItem","position":1,"name":"Accueil","item":"https:\/\/www.chimimeca.com\/es\/"},{"@type":"ListItem","position":2,"name":"Aciers Inoxydables"}]},{"@type":"WebSite","@id":"https:\/\/www.chimimeca.com\/es\/#website","url":"https:\/\/www.chimimeca.com\/es\/","name":"CHIMIMECA","description":"","publisher":{"@id":"https:\/\/www.chimimeca.com\/es\/#organization"},"potentialAction":[{"@type":"SearchAction","target":{"@type":"EntryPoint","urlTemplate":"https:\/\/www.chimimeca.com\/es\/?s={search_term_string}"},"query-input":{"@type":"PropertyValueSpecification","valueRequired":true,"valueName":"search_term_string"}}],"inLanguage":"es"},{"@type":"Organization","@id":"https:\/\/www.chimimeca.com\/es\/#organization","name":"CHIMIMECA","url":"https:\/\/www.chimimeca.com\/es\/","logo":{"@type":"ImageObject","inLanguage":"es","@id":"https:\/\/www.chimimeca.com\/es\/#\/schema\/logo\/image\/","url":"https:\/\/www.chimimeca.com\/wp-content\/uploads\/2024\/04\/logo.png","contentUrl":"https:\/\/www.chimimeca.com\/wp-content\/uploads\/2024\/04\/logo.png","width":326,"height":81,"caption":"CHIMIMECA"},"image":{"@id":"https:\/\/www.chimimeca.com\/es\/#\/schema\/logo\/image\/"}}]}},"_links":{"self":[{"href":"https:\/\/www.chimimeca.com\/es\/wp-json\/wp\/v2\/pages\/1675","targetHints":{"allow":["GET"]}}],"collection":[{"href":"https:\/\/www.chimimeca.com\/es\/wp-json\/wp\/v2\/pages"}],"about":[{"href":"https:\/\/www.chimimeca.com\/es\/wp-json\/wp\/v2\/types\/page"}],"author":[{"embeddable":true,"href":"https:\/\/www.chimimeca.com\/es\/wp-json\/wp\/v2\/users\/1"}],"replies":[{"embeddable":true,"href":"https:\/\/www.chimimeca.com\/es\/wp-json\/wp\/v2\/comments?post=1675"}],"version-history":[{"count":4,"href":"https:\/\/www.chimimeca.com\/es\/wp-json\/wp\/v2\/pages\/1675\/revisions"}],"predecessor-version":[{"id":1796,"href":"https:\/\/www.chimimeca.com\/es\/wp-json\/wp\/v2\/pages\/1675\/revisions\/1796"}],"wp:attachment":[{"href":"https:\/\/www.chimimeca.com\/es\/wp-json\/wp\/v2\/media?parent=1675"}],"curies":[{"name":"wp","href":"https:\/\/api.w.org\/{rel}","templated":true}]}}