{"id":1671,"date":"2024-04-24T11:42:58","date_gmt":"2024-04-24T09:42:58","guid":{"rendered":"https:\/\/www.chimimeca.com\/metaux-traites-2\/"},"modified":"2025-05-12T16:40:34","modified_gmt":"2025-05-12T14:40:34","slug":"metaux-traites-2","status":"publish","type":"page","link":"https:\/\/www.chimimeca.com\/es\/metaux-traites-2\/","title":{"rendered":"M\u00e9taux trait\u00e9s"},"content":{"rendered":"<div class=\"gb-container gb-container-02394211\">\n\n<h1 class=\"wp-block-heading has-base-2-color has-text-color has-link-color wp-elements-3c73585d42d2aef723184fcc976daa58\" style=\"margin-top:0;margin-bottom:0;font-size:clamp(22.041px, 1.378rem + ((1vw - 3.2px) * 1.091), 36px);text-transform:uppercase\">Metales tratados<\/h1>\n\n<\/div>\n\n<div class=\"gb-container gb-container-02488878\">\n<div class=\"gb-container gb-container-0b8be6b2 li-pins\">\n<div class=\"gb-container gb-container-d81d1bb6\">\n\n<h2 class=\"wp-block-heading has-custom-couleur-3-color has-text-color has-link-color wp-elements-84c7f8c6795555986546997c890ef8cf\" style=\"font-size:clamp(18.959px, 1.185rem + ((1vw - 3.2px) * 0.863), 30px);font-style:normal;font-weight:700\">Los metales son los principales materiales utilizados en las aplicaciones industriales. A tal respecto, todos necesitan un perfeccionamiento qu\u00edmico tras su fabricaci\u00f3n para garantizar su rendimiento.<\/h2>\n\n\n\n<p class=\"has-custom-couleur-4-color has-text-color has-link-color wp-elements-4d1df58184dc3801e959f1bc34c92622\" style=\"font-size:clamp(14px, 0.875rem + ((1vw - 3.2px) * 0.078), 15px);\">Nuestras gamas y\u00a0procedimientos\u00a0permiten realizar todos los acabados de limpieza en todas las aleaciones comunes:<\/p>\n\n\n<div class=\"gb-container gb-container-10dfe1b8\">\n<div class=\"gb-container gb-container-88c037ec\">\n\n<ul style=\"font-size:clamp(14px, 0.875rem + ((1vw - 3.2px) * 0.078), 15px);\" class=\"wp-block-list has-custom-couleur-4-color has-text-color has-link-color wp-elements-29eb95d1b578e97d448dba1cdae5b7b9\">\n<li><a href=\"https:\/\/www.chimimeca.com\/es\/aciers-inoxydables\/\">Aceros inoxidables,<\/a>\u00a0<a href=\"https:\/\/www.chimimeca.com\/es\/alliages-nobles-super-alliages\/\">uranos<\/a>, inconel<\/li>\n\n\n\n<li><a href=\"https:\/\/www.chimimeca.com\/es\/aluminium\/\">Aluminio<\/a>,\u00a0<a href=\"https:\/\/www.chimimeca.com\/es\/titane\/\">titanio<\/a>, magnesio<\/li>\n\n\n\n<li><a href=\"https:\/\/www.chimimeca.com\/es\/aciers-noirs\/\">Acero<\/a>, cobre y aleaciones<\/li>\n<\/ul>\n\n\n\n<p class=\"has-custom-couleur-4-color has-text-color has-link-color wp-elements-c040504d9ffcf329af2900c703bc4619\" style=\"font-size:clamp(14px, 0.875rem + ((1vw - 3.2px) * 0.078), 15px);\">Los modos operatorios particulares est\u00e1n disponibles a trav\u00e9s de nuestros equipos comerciales. Ofrecemos cualquier posibilidad de pruebas de validaci\u00f3n o de cualificaci\u00f3n de materias en nuestro laboratorio.<\/p>\n\n<\/div>\n\n<div class=\"gb-container gb-container-341fc4bc\">\n\n<figure class=\"gb-block-image gb-block-image-07ca4a57\"><img loading=\"lazy\" decoding=\"async\" width=\"191\" height=\"126\" class=\"gb-image gb-image-07ca4a57\" src=\"https:\/\/www.chimimeca.com\/wp-content\/uploads\/2024\/04\/sanitation-bacterienne-reseaux-echangeurs-cuves.jpg\" alt=\"\" title=\"sanitation-bacterienne-reseaux-echangeurs-cuves\"\/><\/figure>\n\n<\/div>\n<\/div>\n<\/div>\n<\/div>\n\n<div class=\"gb-container gb-container-ecb77b32 sidebar text-underline-secondary\">\n<div class=\"gb-container gb-container-6009d736\">\n<div class=\"gb-container gb-container-edd115a1\">\n\n<h3 class=\"wp-block-heading has-custom-couleur-4-color has-text-color has-link-color wp-elements-8df727a993f9ad69528c2b70b299c9b2\" style=\"font-size:clamp(14px, 0.875rem + ((1vw - 3.2px) * 0.469), 20px);text-transform:uppercase\">Metales tratados<\/h3>\n\n\n\n<ul style=\"font-size:clamp(14px, 0.875rem + ((1vw - 3.2px) * 0.078), 15px);\" class=\"wp-block-list has-custom-couleur-4-color has-text-color has-link-color wp-elements-129e21deaf3b1afa4ada1287f2efcee1\">\n<li style=\"margin-top:var(--wp--preset--spacing--10);margin-bottom:var(--wp--preset--spacing--10)\"><a href=\"#\"><\/a><a href=\"https:\/\/www.chimimeca.com\/es\/aciers-inoxydables\/\">Aceros inoxidables<\/a><\/li>\n\n\n\n<li style=\"margin-top:var(--wp--preset--spacing--10);margin-bottom:var(--wp--preset--spacing--10)\"><a data-type=\"page\" data-id=\"332\" href=\"https:\/\/www.chimimeca.com\/es\/interventions-sur-sites\/\"><\/a><a href=\"https:\/\/www.chimimeca.com\/es\/alliages-nobles-super-alliages\/\">Aleaciones nobles y superaleaciones<\/a><\/li>\n\n\n\n<li style=\"margin-top:var(--wp--preset--spacing--10);margin-bottom:var(--wp--preset--spacing--10)\"><a href=\"https:\/\/www.chimimeca.com\/es\/titane\/\">Titanio<\/a><\/li>\n\n\n\n<li style=\"margin-top:var(--wp--preset--spacing--10);margin-bottom:var(--wp--preset--spacing--10)\"><a href=\"https:\/\/www.chimimeca.com\/es\/aluminium\/\">Aluminio<\/a><\/li>\n\n\n\n<li style=\"margin-top:var(--wp--preset--spacing--10);margin-bottom:var(--wp--preset--spacing--10)\"><a href=\"https:\/\/www.chimimeca.com\/es\/aciers-noirs\/\">Aceros negros<\/a><\/li>\n<\/ul>\n\n<\/div>\n\n<div class=\"gb-container gb-container-41a03213\">\n\n<h3 class=\"wp-block-heading has-custom-couleur-4-color has-text-color has-link-color wp-elements-691d8fd9def7c5df63c6f6282b2ebb42\" style=\"font-size:clamp(14px, 0.875rem + ((1vw - 3.2px) * 0.469), 20px);text-transform:uppercase\">DESCARGA NUESTRO FOLLETO<\/h3>\n\n\n\n<a class=\"gb-button gb-button-c8374e70 gb-button-text telecharger\" href=\"\/wp-content\/uploads\/2024\/04\/Presentation-Chimimeca_ProduitsMateriels_Ateliers_Interventions-sur-site_2024.pdf\" target=\"_blank\" rel=\"noopener noreferrer\">DESCARGA NUESTRO FOLLETO<\/a>\n\n<\/div>\n\n<div class=\"gb-container gb-container-07485d43\">\n\n<h3 class=\"wp-block-heading has-custom-couleur-4-color has-text-color has-link-color wp-elements-2d30c6b3694e44d0dc58fb5b9511509f\" style=\"font-size:clamp(14px, 0.875rem + ((1vw - 3.2px) * 0.469), 20px);text-transform:uppercase\">Nos evaluar !<\/h3>\n\n\n\n<a class=\"gb-button gb-button-5d511fe5 gb-button-text avis\" href=\"https:\/\/www.chimimeca.com\/es\/avis\/\">DAR SU OPINION<\/a>\n\n<\/div>\n<\/div>\n<\/div>\n<\/div>","protected":false},"excerpt":{"rendered":"<p>Metales tratados Los metales son los principales materiales utilizados en las aplicaciones industriales. A tal respecto, todos necesitan un perfeccionamiento qu\u00edmico tras su fabricaci\u00f3n para garantizar su rendimiento. Nuestras gamas y\u00a0procedimientos\u00a0permiten realizar todos los acabados de limpieza en todas las aleaciones comunes: Los modos operatorios particulares est\u00e1n disponibles a trav\u00e9s de nuestros equipos comerciales. Ofrecemos [&hellip;]<\/p>\n","protected":false},"author":1,"featured_media":0,"parent":0,"menu_order":0,"comment_status":"closed","ping_status":"closed","template":"","meta":{"_acf_changed":false,"footnotes":""},"class_list":["post-1671","page","type-page","status-publish","hentry"],"acf":[],"yoast_head":"<!-- This site is optimized with the Yoast SEO plugin v26.3 - https:\/\/yoast.com\/wordpress\/plugins\/seo\/ -->\n<title>M\u00e9taux trait\u00e9s - CHIMIMECA<\/title>\n<meta name=\"robots\" content=\"index, follow, max-snippet:-1, max-image-preview:large, max-video-preview:-1\" \/>\n<link rel=\"canonical\" href=\"https:\/\/www.chimimeca.com\/es\/metaux-traites-2\/\" \/>\n<meta property=\"og:locale\" content=\"es_ES\" \/>\n<meta property=\"og:type\" content=\"article\" \/>\n<meta property=\"og:title\" content=\"M\u00e9taux trait\u00e9s - CHIMIMECA\" \/>\n<meta property=\"og:description\" content=\"Metales tratados Los metales son los principales materiales utilizados en las aplicaciones industriales. A tal respecto, todos necesitan un perfeccionamiento qu\u00edmico tras su fabricaci\u00f3n para garantizar su rendimiento. Nuestras gamas y\u00a0procedimientos\u00a0permiten realizar todos los acabados de limpieza en todas las aleaciones comunes: Los modos operatorios particulares est\u00e1n disponibles a trav\u00e9s de nuestros equipos comerciales. Ofrecemos [&hellip;]\" \/>\n<meta property=\"og:url\" content=\"https:\/\/www.chimimeca.com\/es\/metaux-traites-2\/\" \/>\n<meta property=\"og:site_name\" content=\"CHIMIMECA\" \/>\n<meta property=\"article:modified_time\" content=\"2025-05-12T14:40:34+00:00\" \/>\n<meta property=\"og:image\" content=\"https:\/\/www.chimimeca.com\/wp-content\/uploads\/2024\/04\/sanitation-bacterienne-reseaux-echangeurs-cuves.jpg\" \/>\n<meta name=\"twitter:card\" content=\"summary_large_image\" \/>\n<meta name=\"twitter:label1\" content=\"Tiempo de lectura\" \/>\n\t<meta name=\"twitter:data1\" content=\"3 minutos\" \/>\n<script type=\"application\/ld+json\" class=\"yoast-schema-graph\">{\"@context\":\"https:\/\/schema.org\",\"@graph\":[{\"@type\":\"WebPage\",\"@id\":\"https:\/\/www.chimimeca.com\/es\/metaux-traites-2\/\",\"url\":\"https:\/\/www.chimimeca.com\/es\/metaux-traites-2\/\",\"name\":\"M\u00e9taux trait\u00e9s - CHIMIMECA\",\"isPartOf\":{\"@id\":\"https:\/\/www.chimimeca.com\/es\/#website\"},\"primaryImageOfPage\":{\"@id\":\"https:\/\/www.chimimeca.com\/es\/metaux-traites-2\/#primaryimage\"},\"image\":{\"@id\":\"https:\/\/www.chimimeca.com\/es\/metaux-traites-2\/#primaryimage\"},\"thumbnailUrl\":\"https:\/\/www.chimimeca.com\/wp-content\/uploads\/2024\/04\/sanitation-bacterienne-reseaux-echangeurs-cuves.jpg\",\"datePublished\":\"2024-04-24T09:42:58+00:00\",\"dateModified\":\"2025-05-12T14:40:34+00:00\",\"breadcrumb\":{\"@id\":\"https:\/\/www.chimimeca.com\/es\/metaux-traites-2\/#breadcrumb\"},\"inLanguage\":\"es\",\"potentialAction\":[{\"@type\":\"ReadAction\",\"target\":[\"https:\/\/www.chimimeca.com\/es\/metaux-traites-2\/\"]}]},{\"@type\":\"ImageObject\",\"inLanguage\":\"es\",\"@id\":\"https:\/\/www.chimimeca.com\/es\/metaux-traites-2\/#primaryimage\",\"url\":\"https:\/\/www.chimimeca.com\/wp-content\/uploads\/2024\/04\/sanitation-bacterienne-reseaux-echangeurs-cuves.jpg\",\"contentUrl\":\"https:\/\/www.chimimeca.com\/wp-content\/uploads\/2024\/04\/sanitation-bacterienne-reseaux-echangeurs-cuves.jpg\"},{\"@type\":\"BreadcrumbList\",\"@id\":\"https:\/\/www.chimimeca.com\/es\/metaux-traites-2\/#breadcrumb\",\"itemListElement\":[{\"@type\":\"ListItem\",\"position\":1,\"name\":\"Accueil\",\"item\":\"https:\/\/www.chimimeca.com\/es\/\"},{\"@type\":\"ListItem\",\"position\":2,\"name\":\"M\u00e9taux trait\u00e9s\"}]},{\"@type\":\"WebSite\",\"@id\":\"https:\/\/www.chimimeca.com\/es\/#website\",\"url\":\"https:\/\/www.chimimeca.com\/es\/\",\"name\":\"CHIMIMECA\",\"description\":\"\",\"publisher\":{\"@id\":\"https:\/\/www.chimimeca.com\/es\/#organization\"},\"potentialAction\":[{\"@type\":\"SearchAction\",\"target\":{\"@type\":\"EntryPoint\",\"urlTemplate\":\"https:\/\/www.chimimeca.com\/es\/?s={search_term_string}\"},\"query-input\":{\"@type\":\"PropertyValueSpecification\",\"valueRequired\":true,\"valueName\":\"search_term_string\"}}],\"inLanguage\":\"es\"},{\"@type\":\"Organization\",\"@id\":\"https:\/\/www.chimimeca.com\/es\/#organization\",\"name\":\"CHIMIMECA\",\"url\":\"https:\/\/www.chimimeca.com\/es\/\",\"logo\":{\"@type\":\"ImageObject\",\"inLanguage\":\"es\",\"@id\":\"https:\/\/www.chimimeca.com\/es\/#\/schema\/logo\/image\/\",\"url\":\"https:\/\/www.chimimeca.com\/wp-content\/uploads\/2024\/04\/logo.png\",\"contentUrl\":\"https:\/\/www.chimimeca.com\/wp-content\/uploads\/2024\/04\/logo.png\",\"width\":326,\"height\":81,\"caption\":\"CHIMIMECA\"},\"image\":{\"@id\":\"https:\/\/www.chimimeca.com\/es\/#\/schema\/logo\/image\/\"}}]}<\/script>\n<!-- \/ Yoast SEO plugin. -->","yoast_head_json":{"title":"M\u00e9taux trait\u00e9s - CHIMIMECA","robots":{"index":"index","follow":"follow","max-snippet":"max-snippet:-1","max-image-preview":"max-image-preview:large","max-video-preview":"max-video-preview:-1"},"canonical":"https:\/\/www.chimimeca.com\/es\/metaux-traites-2\/","og_locale":"es_ES","og_type":"article","og_title":"M\u00e9taux trait\u00e9s - CHIMIMECA","og_description":"Metales tratados Los metales son los principales materiales utilizados en las aplicaciones industriales. A tal respecto, todos necesitan un perfeccionamiento qu\u00edmico tras su fabricaci\u00f3n para garantizar su rendimiento. Nuestras gamas y\u00a0procedimientos\u00a0permiten realizar todos los acabados de limpieza en todas las aleaciones comunes: Los modos operatorios particulares est\u00e1n disponibles a trav\u00e9s de nuestros equipos comerciales. Ofrecemos [&hellip;]","og_url":"https:\/\/www.chimimeca.com\/es\/metaux-traites-2\/","og_site_name":"CHIMIMECA","article_modified_time":"2025-05-12T14:40:34+00:00","og_image":[{"url":"https:\/\/www.chimimeca.com\/wp-content\/uploads\/2024\/04\/sanitation-bacterienne-reseaux-echangeurs-cuves.jpg","type":"","width":"","height":""}],"twitter_card":"summary_large_image","twitter_misc":{"Tiempo de lectura":"3 minutos"},"schema":{"@context":"https:\/\/schema.org","@graph":[{"@type":"WebPage","@id":"https:\/\/www.chimimeca.com\/es\/metaux-traites-2\/","url":"https:\/\/www.chimimeca.com\/es\/metaux-traites-2\/","name":"M\u00e9taux trait\u00e9s - CHIMIMECA","isPartOf":{"@id":"https:\/\/www.chimimeca.com\/es\/#website"},"primaryImageOfPage":{"@id":"https:\/\/www.chimimeca.com\/es\/metaux-traites-2\/#primaryimage"},"image":{"@id":"https:\/\/www.chimimeca.com\/es\/metaux-traites-2\/#primaryimage"},"thumbnailUrl":"https:\/\/www.chimimeca.com\/wp-content\/uploads\/2024\/04\/sanitation-bacterienne-reseaux-echangeurs-cuves.jpg","datePublished":"2024-04-24T09:42:58+00:00","dateModified":"2025-05-12T14:40:34+00:00","breadcrumb":{"@id":"https:\/\/www.chimimeca.com\/es\/metaux-traites-2\/#breadcrumb"},"inLanguage":"es","potentialAction":[{"@type":"ReadAction","target":["https:\/\/www.chimimeca.com\/es\/metaux-traites-2\/"]}]},{"@type":"ImageObject","inLanguage":"es","@id":"https:\/\/www.chimimeca.com\/es\/metaux-traites-2\/#primaryimage","url":"https:\/\/www.chimimeca.com\/wp-content\/uploads\/2024\/04\/sanitation-bacterienne-reseaux-echangeurs-cuves.jpg","contentUrl":"https:\/\/www.chimimeca.com\/wp-content\/uploads\/2024\/04\/sanitation-bacterienne-reseaux-echangeurs-cuves.jpg"},{"@type":"BreadcrumbList","@id":"https:\/\/www.chimimeca.com\/es\/metaux-traites-2\/#breadcrumb","itemListElement":[{"@type":"ListItem","position":1,"name":"Accueil","item":"https:\/\/www.chimimeca.com\/es\/"},{"@type":"ListItem","position":2,"name":"M\u00e9taux trait\u00e9s"}]},{"@type":"WebSite","@id":"https:\/\/www.chimimeca.com\/es\/#website","url":"https:\/\/www.chimimeca.com\/es\/","name":"CHIMIMECA","description":"","publisher":{"@id":"https:\/\/www.chimimeca.com\/es\/#organization"},"potentialAction":[{"@type":"SearchAction","target":{"@type":"EntryPoint","urlTemplate":"https:\/\/www.chimimeca.com\/es\/?s={search_term_string}"},"query-input":{"@type":"PropertyValueSpecification","valueRequired":true,"valueName":"search_term_string"}}],"inLanguage":"es"},{"@type":"Organization","@id":"https:\/\/www.chimimeca.com\/es\/#organization","name":"CHIMIMECA","url":"https:\/\/www.chimimeca.com\/es\/","logo":{"@type":"ImageObject","inLanguage":"es","@id":"https:\/\/www.chimimeca.com\/es\/#\/schema\/logo\/image\/","url":"https:\/\/www.chimimeca.com\/wp-content\/uploads\/2024\/04\/logo.png","contentUrl":"https:\/\/www.chimimeca.com\/wp-content\/uploads\/2024\/04\/logo.png","width":326,"height":81,"caption":"CHIMIMECA"},"image":{"@id":"https:\/\/www.chimimeca.com\/es\/#\/schema\/logo\/image\/"}}]}},"_links":{"self":[{"href":"https:\/\/www.chimimeca.com\/es\/wp-json\/wp\/v2\/pages\/1671","targetHints":{"allow":["GET"]}}],"collection":[{"href":"https:\/\/www.chimimeca.com\/es\/wp-json\/wp\/v2\/pages"}],"about":[{"href":"https:\/\/www.chimimeca.com\/es\/wp-json\/wp\/v2\/types\/page"}],"author":[{"embeddable":true,"href":"https:\/\/www.chimimeca.com\/es\/wp-json\/wp\/v2\/users\/1"}],"replies":[{"embeddable":true,"href":"https:\/\/www.chimimeca.com\/es\/wp-json\/wp\/v2\/comments?post=1671"}],"version-history":[{"count":3,"href":"https:\/\/www.chimimeca.com\/es\/wp-json\/wp\/v2\/pages\/1671\/revisions"}],"predecessor-version":[{"id":1870,"href":"https:\/\/www.chimimeca.com\/es\/wp-json\/wp\/v2\/pages\/1671\/revisions\/1870"}],"wp:attachment":[{"href":"https:\/\/www.chimimeca.com\/es\/wp-json\/wp\/v2\/media?parent=1671"}],"curies":[{"name":"wp","href":"https:\/\/api.w.org\/{rel}","templated":true}]}}