{"id":1651,"date":"2024-04-24T11:12:53","date_gmt":"2024-04-24T09:12:53","guid":{"rendered":"https:\/\/www.chimimeca.com\/domaines-dexpertise\/"},"modified":"2025-05-12T16:24:56","modified_gmt":"2025-05-12T14:24:56","slug":"domaines-dexpertise","status":"publish","type":"page","link":"https:\/\/www.chimimeca.com\/es\/domaines-dexpertise\/","title":{"rendered":"Domaines d&#8217;expertise"},"content":{"rendered":"<div class=\"gb-container gb-container-02394211\">\n\n<h1 class=\"wp-block-heading has-base-2-color has-text-color has-link-color wp-elements-6e192532524085af3d2e27c6afeda37d\" style=\"margin-top:0;margin-bottom:0;font-size:clamp(22.041px, 1.378rem + ((1vw - 3.2px) * 1.091), 36px);text-transform:uppercase\">Campos de intervenci\u00f3n<\/h1>\n\n<\/div>\n\n<div class=\"gb-container gb-container-02488878\">\n<div class=\"gb-container gb-container-0b8be6b2 li-pins\">\n<div class=\"gb-container gb-container-d81d1bb6\">\n\n<h2 class=\"wp-block-heading has-custom-couleur-3-color has-text-color has-link-color wp-elements-ca2df7f971dd8b05a237b26ff44a82eb\" style=\"font-size:clamp(18.959px, 1.185rem + ((1vw - 3.2px) * 0.863), 30px);font-style:normal;font-weight:700\">Nuestros campos de intervenci\u00f3n conciernen a todas las industrias que utilizan una transferencia de fluidos, agua &#8211; industrial, desmineralizada, PPI- vapor, salmuera, productos alimentarios y productos t\u00e9cnicos, tanto en procesos como en utilidades.<\/h2>\n\n\n\n<p class=\"has-custom-couleur-4-color has-text-color has-link-color wp-elements-d2f00be5b97a5c5f07ffe2dca4f666f4\" style=\"font-size:clamp(14px, 0.875rem + ((1vw - 3.2px) * 0.078), 15px);\">Los procesos industriales utilizan sistem\u00e1ticamente\u00a0<a href=\"https:\/\/www.chimimeca.com\/es\/reseaux-distributions\/\">redes<\/a>,\u00a0<a href=\"https:\/\/www.chimimeca.com\/es\/echangeurs-process\/\">intercambiadores<\/a>,\u00a0<a href=\"https:\/\/www.chimimeca.com\/es\/cuves-reservoirs\/\">almacenamientos<\/a>, columnas de fraccionamiento o\u00a0<a href=\"https:\/\/www.chimimeca.com\/es\/chaudieres-et-doubles-enveloppes\/\">calderas<\/a>, cuyo rendimiento y\/o resultado est\u00e1n condicionados por su limpieza:<\/p>\n\n\n\n<ul style=\"font-size:clamp(14px, 0.875rem + ((1vw - 3.2px) * 0.078), 15px);\" class=\"wp-block-list\">\n<li>Redes farmac\u00e9uticas de agua PPI<\/li>\n\n\n\n<li>Doble cubierta reactor qu\u00edmica fina<\/li>\n\n\n\n<li>Intercambiador primario grupo fr\u00edo<\/li>\n\n\n\n<li>Grupo criog\u00e9nico-ox\u00edgeno<\/li>\n<\/ul>\n\n\n\n<p class=\"has-custom-couleur-4-color has-text-color has-link-color wp-elements-2ca3dedcf64aca96cf98a574c1d4cffa\" style=\"font-size:clamp(14px, 0.875rem + ((1vw - 3.2px) * 0.078), 15px);\">La limpieza qu\u00edmica es la herramienta adecuada para obtener los niveles m\u00e1s estrictos de limpieza de procesos y la limpieza de utilidades con el m\u00e1ximo rendimiento, sin trasladar o desmotar equipamientos ni remplazar aparatos.<\/p>\n\n<\/div>\n<\/div>\n\n<div class=\"gb-container gb-container-ecb77b32 sidebar text-underline-secondary\">\n<div class=\"gb-container gb-container-ca433cde\">\n<div class=\"gb-container gb-container-edd115a1\">\n\n<h3 class=\"wp-block-heading has-custom-couleur-4-color has-text-color has-link-color wp-elements-f30499a5d570f6619c037cf981a5a454\" style=\"font-size:clamp(14px, 0.875rem + ((1vw - 3.2px) * 0.469), 20px);text-transform:uppercase\">Campos de intervenci\u00f3n<\/h3>\n\n\n\n<ul style=\"font-size:clamp(14px, 0.875rem + ((1vw - 3.2px) * 0.078), 15px);\" class=\"wp-block-list has-custom-couleur-4-color has-text-color has-link-color wp-elements-16b17ba3add5d1fe3428c98183b3e195\">\n<li style=\"margin-top:var(--wp--preset--spacing--10);margin-bottom:var(--wp--preset--spacing--10)\"><a href=\"https:\/\/www.chimimeca.com\/es\/chaudronnerie-tuyauterie\/\">Calderer\u00eda y canalizaciones<\/a><\/li>\n\n\n\n<li style=\"margin-top:var(--wp--preset--spacing--10);margin-bottom:var(--wp--preset--spacing--10)\"><a href=\"https:\/\/www.chimimeca.com\/es\/pharmacie-cosmetique\/\">Campos farmac\u00e9utico y cosm\u00e9tico<\/a><\/li>\n\n\n\n<li style=\"margin-top:var(--wp--preset--spacing--10);margin-bottom:var(--wp--preset--spacing--10)\"><a href=\"https:\/\/www.chimimeca.com\/es\/alimentaire-agro-alimentaire\/\">Campos alimentario y agroalimentario<\/a><\/li>\n\n\n\n<li style=\"margin-top:var(--wp--preset--spacing--10);margin-bottom:var(--wp--preset--spacing--10)\"><a href=\"https:\/\/www.chimimeca.com\/es\/nucleaire-aenergie\/\">Campos nuclear y energ\u00e9tico<\/a><\/li>\n\n\n\n<li style=\"margin-top:var(--wp--preset--spacing--10);margin-bottom:var(--wp--preset--spacing--10)\"><a href=\"https:\/\/www.chimimeca.com\/es\/cryogenie-ultra-vide-gaz-purs\/\">Campos criog\u00e9nico, ultravac\u00edo y gases puros<\/a><\/li>\n<\/ul>\n\n<\/div>\n\n<div class=\"gb-container gb-container-41a03213\">\n\n<h3 class=\"wp-block-heading has-custom-couleur-4-color has-text-color has-link-color wp-elements-691d8fd9def7c5df63c6f6282b2ebb42\" style=\"font-size:clamp(14px, 0.875rem + ((1vw - 3.2px) * 0.469), 20px);text-transform:uppercase\">DESCARGA NUESTRO FOLLETO<\/h3>\n\n\n\n<a class=\"gb-button gb-button-c8374e70 gb-button-text telecharger\" href=\"\/wp-content\/uploads\/2024\/04\/Presentation-Chimimeca_ProduitsMateriels_Ateliers_Interventions-sur-site_2024.pdf\" target=\"_blank\" rel=\"noopener noreferrer\">DESCARGA NUESTRO FOLLETO<\/a>\n\n<\/div>\n\n<div class=\"gb-container gb-container-07485d43\">\n\n<h3 class=\"wp-block-heading has-custom-couleur-4-color has-text-color has-link-color wp-elements-2d30c6b3694e44d0dc58fb5b9511509f\" style=\"font-size:clamp(14px, 0.875rem + ((1vw - 3.2px) * 0.469), 20px);text-transform:uppercase\">Nos evaluar !<\/h3>\n\n\n\n<a class=\"gb-button gb-button-5d511fe5 gb-button-text avis\" href=\"https:\/\/www.chimimeca.com\/es\/avis\/\">DAR SU OPINION<\/a>\n\n<\/div>\n<\/div>\n<\/div>\n<\/div>","protected":false},"excerpt":{"rendered":"<p>Campos de intervenci\u00f3n Nuestros campos de intervenci\u00f3n conciernen a todas las industrias que utilizan una transferencia de fluidos, agua &#8211; industrial, desmineralizada, PPI- vapor, salmuera, productos alimentarios y productos t\u00e9cnicos, tanto en procesos como en utilidades. Los procesos industriales utilizan sistem\u00e1ticamente\u00a0redes,\u00a0intercambiadores,\u00a0almacenamientos, columnas de fraccionamiento o\u00a0calderas, cuyo rendimiento y\/o resultado est\u00e1n condicionados por su limpieza: La [&hellip;]<\/p>\n","protected":false},"author":1,"featured_media":0,"parent":0,"menu_order":0,"comment_status":"closed","ping_status":"closed","template":"","meta":{"_acf_changed":false,"footnotes":""},"class_list":["post-1651","page","type-page","status-publish","hentry"],"acf":[],"yoast_head":"<!-- This site is optimized with the Yoast SEO plugin v26.3 - https:\/\/yoast.com\/wordpress\/plugins\/seo\/ -->\n<title>Domaines d&#039;expertise - CHIMIMECA<\/title>\n<meta name=\"robots\" content=\"index, follow, max-snippet:-1, max-image-preview:large, max-video-preview:-1\" \/>\n<link rel=\"canonical\" href=\"https:\/\/www.chimimeca.com\/es\/domaines-dexpertise\/\" \/>\n<meta property=\"og:locale\" content=\"es_ES\" \/>\n<meta property=\"og:type\" content=\"article\" \/>\n<meta property=\"og:title\" content=\"Domaines d&#039;expertise - CHIMIMECA\" \/>\n<meta property=\"og:description\" content=\"Campos de intervenci\u00f3n Nuestros campos de intervenci\u00f3n conciernen a todas las industrias que utilizan una transferencia de fluidos, agua &#8211; industrial, desmineralizada, PPI- vapor, salmuera, productos alimentarios y productos t\u00e9cnicos, tanto en procesos como en utilidades. Los procesos industriales utilizan sistem\u00e1ticamente\u00a0redes,\u00a0intercambiadores,\u00a0almacenamientos, columnas de fraccionamiento o\u00a0calderas, cuyo rendimiento y\/o resultado est\u00e1n condicionados por su limpieza: La [&hellip;]\" \/>\n<meta property=\"og:url\" content=\"https:\/\/www.chimimeca.com\/es\/domaines-dexpertise\/\" \/>\n<meta property=\"og:site_name\" content=\"CHIMIMECA\" \/>\n<meta property=\"article:modified_time\" content=\"2025-05-12T14:24:56+00:00\" \/>\n<meta name=\"twitter:card\" content=\"summary_large_image\" \/>\n<meta name=\"twitter:label1\" content=\"Tiempo de lectura\" \/>\n\t<meta name=\"twitter:data1\" content=\"3 minutos\" \/>\n<script type=\"application\/ld+json\" class=\"yoast-schema-graph\">{\"@context\":\"https:\/\/schema.org\",\"@graph\":[{\"@type\":\"WebPage\",\"@id\":\"https:\/\/www.chimimeca.com\/es\/domaines-dexpertise\/\",\"url\":\"https:\/\/www.chimimeca.com\/es\/domaines-dexpertise\/\",\"name\":\"Domaines d'expertise - CHIMIMECA\",\"isPartOf\":{\"@id\":\"https:\/\/www.chimimeca.com\/es\/#website\"},\"datePublished\":\"2024-04-24T09:12:53+00:00\",\"dateModified\":\"2025-05-12T14:24:56+00:00\",\"breadcrumb\":{\"@id\":\"https:\/\/www.chimimeca.com\/es\/domaines-dexpertise\/#breadcrumb\"},\"inLanguage\":\"es\",\"potentialAction\":[{\"@type\":\"ReadAction\",\"target\":[\"https:\/\/www.chimimeca.com\/es\/domaines-dexpertise\/\"]}]},{\"@type\":\"BreadcrumbList\",\"@id\":\"https:\/\/www.chimimeca.com\/es\/domaines-dexpertise\/#breadcrumb\",\"itemListElement\":[{\"@type\":\"ListItem\",\"position\":1,\"name\":\"Accueil\",\"item\":\"https:\/\/www.chimimeca.com\/es\/\"},{\"@type\":\"ListItem\",\"position\":2,\"name\":\"Domaines d&rsquo;expertise\"}]},{\"@type\":\"WebSite\",\"@id\":\"https:\/\/www.chimimeca.com\/es\/#website\",\"url\":\"https:\/\/www.chimimeca.com\/es\/\",\"name\":\"CHIMIMECA\",\"description\":\"\",\"publisher\":{\"@id\":\"https:\/\/www.chimimeca.com\/es\/#organization\"},\"potentialAction\":[{\"@type\":\"SearchAction\",\"target\":{\"@type\":\"EntryPoint\",\"urlTemplate\":\"https:\/\/www.chimimeca.com\/es\/?s={search_term_string}\"},\"query-input\":{\"@type\":\"PropertyValueSpecification\",\"valueRequired\":true,\"valueName\":\"search_term_string\"}}],\"inLanguage\":\"es\"},{\"@type\":\"Organization\",\"@id\":\"https:\/\/www.chimimeca.com\/es\/#organization\",\"name\":\"CHIMIMECA\",\"url\":\"https:\/\/www.chimimeca.com\/es\/\",\"logo\":{\"@type\":\"ImageObject\",\"inLanguage\":\"es\",\"@id\":\"https:\/\/www.chimimeca.com\/es\/#\/schema\/logo\/image\/\",\"url\":\"https:\/\/www.chimimeca.com\/wp-content\/uploads\/2024\/04\/logo.png\",\"contentUrl\":\"https:\/\/www.chimimeca.com\/wp-content\/uploads\/2024\/04\/logo.png\",\"width\":326,\"height\":81,\"caption\":\"CHIMIMECA\"},\"image\":{\"@id\":\"https:\/\/www.chimimeca.com\/es\/#\/schema\/logo\/image\/\"}}]}<\/script>\n<!-- \/ Yoast SEO plugin. -->","yoast_head_json":{"title":"Domaines d'expertise - CHIMIMECA","robots":{"index":"index","follow":"follow","max-snippet":"max-snippet:-1","max-image-preview":"max-image-preview:large","max-video-preview":"max-video-preview:-1"},"canonical":"https:\/\/www.chimimeca.com\/es\/domaines-dexpertise\/","og_locale":"es_ES","og_type":"article","og_title":"Domaines d'expertise - CHIMIMECA","og_description":"Campos de intervenci\u00f3n Nuestros campos de intervenci\u00f3n conciernen a todas las industrias que utilizan una transferencia de fluidos, agua &#8211; industrial, desmineralizada, PPI- vapor, salmuera, productos alimentarios y productos t\u00e9cnicos, tanto en procesos como en utilidades. Los procesos industriales utilizan sistem\u00e1ticamente\u00a0redes,\u00a0intercambiadores,\u00a0almacenamientos, columnas de fraccionamiento o\u00a0calderas, cuyo rendimiento y\/o resultado est\u00e1n condicionados por su limpieza: La [&hellip;]","og_url":"https:\/\/www.chimimeca.com\/es\/domaines-dexpertise\/","og_site_name":"CHIMIMECA","article_modified_time":"2025-05-12T14:24:56+00:00","twitter_card":"summary_large_image","twitter_misc":{"Tiempo de lectura":"3 minutos"},"schema":{"@context":"https:\/\/schema.org","@graph":[{"@type":"WebPage","@id":"https:\/\/www.chimimeca.com\/es\/domaines-dexpertise\/","url":"https:\/\/www.chimimeca.com\/es\/domaines-dexpertise\/","name":"Domaines d'expertise - CHIMIMECA","isPartOf":{"@id":"https:\/\/www.chimimeca.com\/es\/#website"},"datePublished":"2024-04-24T09:12:53+00:00","dateModified":"2025-05-12T14:24:56+00:00","breadcrumb":{"@id":"https:\/\/www.chimimeca.com\/es\/domaines-dexpertise\/#breadcrumb"},"inLanguage":"es","potentialAction":[{"@type":"ReadAction","target":["https:\/\/www.chimimeca.com\/es\/domaines-dexpertise\/"]}]},{"@type":"BreadcrumbList","@id":"https:\/\/www.chimimeca.com\/es\/domaines-dexpertise\/#breadcrumb","itemListElement":[{"@type":"ListItem","position":1,"name":"Accueil","item":"https:\/\/www.chimimeca.com\/es\/"},{"@type":"ListItem","position":2,"name":"Domaines d&rsquo;expertise"}]},{"@type":"WebSite","@id":"https:\/\/www.chimimeca.com\/es\/#website","url":"https:\/\/www.chimimeca.com\/es\/","name":"CHIMIMECA","description":"","publisher":{"@id":"https:\/\/www.chimimeca.com\/es\/#organization"},"potentialAction":[{"@type":"SearchAction","target":{"@type":"EntryPoint","urlTemplate":"https:\/\/www.chimimeca.com\/es\/?s={search_term_string}"},"query-input":{"@type":"PropertyValueSpecification","valueRequired":true,"valueName":"search_term_string"}}],"inLanguage":"es"},{"@type":"Organization","@id":"https:\/\/www.chimimeca.com\/es\/#organization","name":"CHIMIMECA","url":"https:\/\/www.chimimeca.com\/es\/","logo":{"@type":"ImageObject","inLanguage":"es","@id":"https:\/\/www.chimimeca.com\/es\/#\/schema\/logo\/image\/","url":"https:\/\/www.chimimeca.com\/wp-content\/uploads\/2024\/04\/logo.png","contentUrl":"https:\/\/www.chimimeca.com\/wp-content\/uploads\/2024\/04\/logo.png","width":326,"height":81,"caption":"CHIMIMECA"},"image":{"@id":"https:\/\/www.chimimeca.com\/es\/#\/schema\/logo\/image\/"}}]}},"_links":{"self":[{"href":"https:\/\/www.chimimeca.com\/es\/wp-json\/wp\/v2\/pages\/1651","targetHints":{"allow":["GET"]}}],"collection":[{"href":"https:\/\/www.chimimeca.com\/es\/wp-json\/wp\/v2\/pages"}],"about":[{"href":"https:\/\/www.chimimeca.com\/es\/wp-json\/wp\/v2\/types\/page"}],"author":[{"embeddable":true,"href":"https:\/\/www.chimimeca.com\/es\/wp-json\/wp\/v2\/users\/1"}],"replies":[{"embeddable":true,"href":"https:\/\/www.chimimeca.com\/es\/wp-json\/wp\/v2\/comments?post=1651"}],"version-history":[{"count":4,"href":"https:\/\/www.chimimeca.com\/es\/wp-json\/wp\/v2\/pages\/1651\/revisions"}],"predecessor-version":[{"id":1865,"href":"https:\/\/www.chimimeca.com\/es\/wp-json\/wp\/v2\/pages\/1651\/revisions\/1865"}],"wp:attachment":[{"href":"https:\/\/www.chimimeca.com\/es\/wp-json\/wp\/v2\/media?parent=1651"}],"curies":[{"name":"wp","href":"https:\/\/api.w.org\/{rel}","templated":true}]}}