{"id":1641,"date":"2024-04-24T10:24:52","date_gmt":"2024-04-24T08:24:52","guid":{"rendered":"https:\/\/www.chimimeca.com\/prestations-ateliers\/"},"modified":"2025-05-12T16:21:22","modified_gmt":"2025-05-12T14:21:22","slug":"prestations-ateliers","status":"publish","type":"page","link":"https:\/\/www.chimimeca.com\/es\/prestations-ateliers\/","title":{"rendered":"Prestations Ateliers"},"content":{"rendered":"<div class=\"gb-container gb-container-02394211\">\n\n<h1 class=\"wp-block-heading has-base-2-color has-text-color has-link-color wp-elements-d0e6a25233d07b40b19273a09f05941b\" style=\"margin-top:0;margin-bottom:0;font-size:clamp(22.041px, 1.378rem + ((1vw - 3.2px) * 1.091), 36px);text-transform:uppercase\">Prestaciones en talleres<\/h1>\n\n<\/div>\n\n<div class=\"gb-container gb-container-02488878\">\n<div class=\"gb-container gb-container-0b8be6b2 li-pins\">\n<div class=\"gb-container gb-container-d81d1bb6\">\n\n<h2 class=\"wp-block-heading has-custom-couleur-3-color has-text-color has-link-color wp-elements-765e6fbd06187e68a96f5598c648d29b\" style=\"font-size:clamp(18.959px, 1.185rem + ((1vw - 3.2px) * 0.863), 30px);font-style:normal;font-weight:700\">2 Talleres especializados para una respuesta \u00f3ptima a todas sus necesidades.<\/h2>\n\n\n\n<h3 class=\"wp-block-heading has-custom-couleur-3-color has-text-color has-link-color wp-elements-2df6f33a3e662e01b96f855802a61c60\" style=\"font-size:clamp(14px, 0.875rem + ((1vw - 3.2px) * 0.469), 20px);\"><em>Taller CHIMIMECA MOIRANS (38)&nbsp;<\/em><a href=\"\/wp-content\/uploads\/2024\/04\/Presentation-Chimimeca_ProduitsMateriels_Ateliers_Interventions-sur-site_2024.pdf\" target=\"_blank\" rel=\"noreferrer noopener\"><em><\/em><\/a><em><a href=\"https:\/\/www.chimimeca.com\/sites\/default\/files\/pdf\/CHIMIMECA_AteliersFrance7c.pdf\" target=\"_blank\" rel=\"noreferrer noopener\"><em>(m\u00e1s informaci\u00f3n)<\/em><\/a><\/em><\/h3>\n\n\n<div class=\"gb-container gb-container-84928262\">\n<div class=\"gb-container gb-container-15f90004\">\n\n<p class=\"has-custom-couleur-4-color has-text-color has-link-color wp-elements-713d79920da35fdbffb3c551973b4a2f\" style=\"font-size:clamp(14px, 0.875rem + ((1vw - 3.2px) * 0.078), 15px);\"><strong>Alto rendimiento y resultados de alta calidad de las prestaciones en taller:<\/strong><\/p>\n\n\n\n<ul style=\"font-size:clamp(14px, 0.875rem + ((1vw - 3.2px) * 0.078), 15px);\" class=\"wp-block-list has-custom-couleur-4-color has-text-color has-link-color wp-elements-6c486f455932a0866e3d76db22e9d6a0\">\n<li><a href=\"http:\/\/traitement\">Tratamientos<\/a>\u00a0en inmersi\u00f3n, limpieza integral<\/li>\n\n\n\n<li>Controles finales desarrollados > pruebas de\u00a0<a href=\"https:\/\/www.chimimeca.com\/es\/passivation\/\">pasivaci\u00f3n<\/a>\u00a0seg\u00fan RCCM (Reglas de Concepci\u00f3n y Construcci\u00f3n de Materiales), test de limpieza en ultravac\u00edo<\/li>\n\n\n\n<li>Tratamientos espec\u00edficos y ba\u00f1os dedicados,\u00a0<a href=\"https:\/\/www.chimimeca.com\/es\/nucleaire-aenergie\/\">gamas nucleares<\/a>,\u00a0<a href=\"https:\/\/www.chimimeca.com\/es\/cryogenie-ultra-vide-gaz-purs\/\">ultravac\u00edo<\/a>,\u00a0<a href=\"https:\/\/www.chimimeca.com\/es\/descontaminacion-equipo-de-alta-tecnologia\">criogenia<\/a>,\u00a0<a href=\"https:\/\/www.chimimeca.com\/es\/pharmacie-cosmetique\/\">cosmetofarmacia<\/a><\/li>\n<\/ul>\n\n<\/div>\n\n<div class=\"gb-container gb-container-cf5ed0a7\">\n\n<figure class=\"gb-block-image gb-block-image-3c2d9bee\"><img loading=\"lazy\" decoding=\"async\" width=\"191\" height=\"126\" class=\"gb-image gb-image-3c2d9bee\" src=\"https:\/\/www.chimimeca.com\/wp-content\/uploads\/2024\/04\/atelier-traitement-metaux.jpg\" alt=\"\" title=\"atelier-traitement-metaux\"\/><\/figure>\n\n<\/div>\n<\/div>\n\n\n<h3 class=\"wp-block-heading has-custom-couleur-3-color has-text-color has-link-color wp-elements-ab8517091a07a5b3ac2e676962a53815\" style=\"font-size:clamp(14px, 0.875rem + ((1vw - 3.2px) * 0.469), 20px);\"><a href=\"\/wp-content\/uploads\/2024\/04\/Presentation-Chimimeca_ProduitsMateriels_Ateliers_Interventions-sur-site_2024.pdf\" target=\"_blank\" rel=\"noreferrer noopener\"><\/a><em><em>Taller CHIMIMECA GRAND OUEST PLOERMEL (56)&nbsp;<\/em><a href=\"https:\/\/www.chimimeca.com\/sites\/default\/files\/pdf\/Pr%C3%A9sentation%20Chimimeca_ProduitsMateriels_Ateliers_Interventions%20sur%20site_2024.pdf\" target=\"_blank\" rel=\"noreferrer noopener\"><em><\/em><\/a><em><a href=\"https:\/\/www.chimimeca.com\/sites\/default\/files\/pdf\/CHIMIMECA_AteliersFrance7c.pdf\" target=\"_blank\" rel=\"noreferrer noopener\"><em>(m\u00e1s informaci\u00f3n)<\/em><\/a><\/em><\/em><\/h3>\n\n\n<div class=\"gb-container gb-container-9cdc11af\">\n<div class=\"gb-container gb-container-290dd33f\">\n\n<p class=\"has-custom-couleur-4-color has-text-color has-link-color wp-elements-ce54a971664816952bb436e187fcf8e6\" style=\"font-size:clamp(14px, 0.875rem + ((1vw - 3.2px) * 0.078), 15px);\">La flexibilidad y la reactividad de una organizaci\u00f3n distribuida en equipos:<\/p>\n\n\n\n<ul style=\"font-size:clamp(14px, 0.875rem + ((1vw - 3.2px) * 0.078), 15px);\" class=\"wp-block-list has-custom-couleur-4-color has-text-color has-link-color wp-elements-4dfdd2c2d47c0fc85855fa1642124b29\">\n<li>Recepci\u00f3n y tratamiento inmediato de sus materiales. Realizaci\u00f3n con expedientes de calidad<\/li>\n\n\n\n<li>Flexibilidad y adaptabilidad. Plazos de tratamiento abreviados. Embalajes finales personalizados<\/li>\n\n\n\n<li>Tratamientos acelerados en series peque\u00f1as y medias. Plazos cortos en\u00a0<a href=\"https:\/\/www.chimimeca.com\/es\/cuves-reservoirs\/\">cubas<\/a>\u00a0y piezas de gran calibre<\/li>\n<\/ul>\n\n<\/div>\n\n<div class=\"gb-container gb-container-90267d98\">\n\n<figure class=\"gb-block-image gb-block-image-bb7f1d98\"><img loading=\"lazy\" decoding=\"async\" width=\"191\" height=\"126\" class=\"gb-image gb-image-bb7f1d98\" src=\"https:\/\/www.chimimeca.com\/wp-content\/uploads\/2024\/04\/ateliers-traitement-chimique-metaux.jpg\" alt=\"\" title=\"ateliers-traitement-chimique-metaux\"\/><\/figure>\n\n<\/div>\n<\/div>\n<\/div>\n<\/div>\n\n<div class=\"gb-container gb-container-ecb77b32 sidebar text-underline-secondary\">\n<div class=\"gb-container gb-container-8f4457b3\">\n<div class=\"gb-container gb-container-47ec527a\">\n\n<h3 class=\"wp-block-heading has-custom-couleur-4-color has-text-color has-link-color wp-elements-71b2617deb5d88218d7b89ed7861041d\" style=\"font-size:clamp(14px, 0.875rem + ((1vw - 3.2px) * 0.469), 20px);text-transform:uppercase\">Prestaciones especializadas<\/h3>\n\n\n\n<ul style=\"font-size:clamp(14px, 0.875rem + ((1vw - 3.2px) * 0.078), 15px);\" class=\"wp-block-list has-custom-couleur-4-color has-text-color has-link-color wp-elements-4af0533c6b481e58c6317c9f086941ff\">\n<li style=\"margin-top:var(--wp--preset--spacing--10);margin-bottom:var(--wp--preset--spacing--10)\"><a href=\"#\"><\/a><a href=\"https:\/\/www.chimimeca.com\/es\/prestations-ateliers\/\">Prestaciones en talleres<\/a><\/li>\n\n\n\n<li style=\"margin-top:var(--wp--preset--spacing--10);margin-bottom:var(--wp--preset--spacing--10)\"><a data-type=\"page\" data-id=\"332\" href=\"https:\/\/www.chimimeca.com\/es\/interventions-sur-sites\/\"><\/a><a href=\"https:\/\/www.chimimeca.com\/es\/reseaux-distributions\/\">Redes y distribuciones<\/a><\/li>\n\n\n\n<li style=\"margin-top:var(--wp--preset--spacing--10);margin-bottom:var(--wp--preset--spacing--10)\"><a data-type=\"page\" data-id=\"341\" href=\"https:\/\/www.chimimeca.com\/es\/reseaux-distributions\/\"><\/a><a href=\"https:\/\/www.chimimeca.com\/es\/echangeurs-process\/\">Intercambiadores y procesos<\/a><\/li>\n\n\n\n<li style=\"margin-top:var(--wp--preset--spacing--10);margin-bottom:var(--wp--preset--spacing--10)\"><a href=\"#\"><\/a><a href=\"https:\/\/www.chimimeca.com\/mise-en-proprete-reseaux-acier-inox\"><\/a><a href=\"https:\/\/www.chimimeca.com\/es\/cuves-reservoirs\/\">Cubas y dep\u00f3sitos<\/a><\/li>\n\n\n\n<li style=\"margin-top:var(--wp--preset--spacing--10);margin-bottom:var(--wp--preset--spacing--10)\"><a href=\"#\"><\/a><a href=\"https:\/\/www.chimimeca.com\/mise-en-proprete-reseaux-acier-inox\"><\/a><a href=\"https:\/\/www.chimimeca.com\/es\/chaudieres-et-doubles-enveloppes\/\">Calderas y cubiertas dobles<\/a><\/li>\n<\/ul>\n\n<\/div>\n\n<div class=\"gb-container gb-container-41a03213\">\n\n<h3 class=\"wp-block-heading has-custom-couleur-4-color has-text-color has-link-color wp-elements-691d8fd9def7c5df63c6f6282b2ebb42\" style=\"font-size:clamp(14px, 0.875rem + ((1vw - 3.2px) * 0.469), 20px);text-transform:uppercase\">DESCARGA NUESTRO FOLLETO<\/h3>\n\n\n\n<a class=\"gb-button gb-button-c8374e70 gb-button-text telecharger\" href=\"\/wp-content\/uploads\/2024\/04\/Presentation-Chimimeca_ProduitsMateriels_Ateliers_Interventions-sur-site_2024.pdf\" target=\"_blank\" rel=\"noopener noreferrer\">DESCARGA NUESTRO FOLLETO<\/a>\n\n<\/div>\n\n<div class=\"gb-container gb-container-07485d43\">\n\n<h3 class=\"wp-block-heading has-custom-couleur-4-color has-text-color has-link-color wp-elements-2d30c6b3694e44d0dc58fb5b9511509f\" style=\"font-size:clamp(14px, 0.875rem + ((1vw - 3.2px) * 0.469), 20px);text-transform:uppercase\">Nos evaluar !<\/h3>\n\n\n\n<a class=\"gb-button gb-button-5d511fe5 gb-button-text avis\" href=\"https:\/\/www.chimimeca.com\/es\/avis\/\">DAR SU OPINION<\/a>\n\n<\/div>\n<\/div>\n<\/div>\n<\/div>","protected":false},"excerpt":{"rendered":"<p>Prestaciones en talleres 2 Talleres especializados para una respuesta \u00f3ptima a todas sus necesidades. Taller CHIMIMECA MOIRANS (38)&nbsp;(m\u00e1s informaci\u00f3n) Alto rendimiento y resultados de alta calidad de las prestaciones en taller: Taller CHIMIMECA GRAND OUEST PLOERMEL (56)&nbsp;(m\u00e1s informaci\u00f3n) La flexibilidad y la reactividad de una organizaci\u00f3n distribuida en equipos: Prestaciones especializadas<\/p>\n","protected":false},"author":1,"featured_media":0,"parent":0,"menu_order":0,"comment_status":"closed","ping_status":"closed","template":"","meta":{"_acf_changed":false,"footnotes":""},"class_list":["post-1641","page","type-page","status-publish","hentry"],"acf":[],"yoast_head":"<!-- This site is optimized with the Yoast SEO plugin v26.3 - https:\/\/yoast.com\/wordpress\/plugins\/seo\/ -->\n<title>Prestations Ateliers - CHIMIMECA<\/title>\n<meta name=\"robots\" content=\"index, follow, max-snippet:-1, max-image-preview:large, max-video-preview:-1\" \/>\n<link rel=\"canonical\" href=\"https:\/\/www.chimimeca.com\/es\/prestations-ateliers\/\" \/>\n<meta property=\"og:locale\" content=\"es_ES\" \/>\n<meta property=\"og:type\" content=\"article\" \/>\n<meta property=\"og:title\" content=\"Prestations Ateliers - CHIMIMECA\" \/>\n<meta property=\"og:description\" content=\"Prestaciones en talleres 2 Talleres especializados para una respuesta \u00f3ptima a todas sus necesidades. Taller CHIMIMECA MOIRANS (38)&nbsp;(m\u00e1s informaci\u00f3n) Alto rendimiento y resultados de alta calidad de las prestaciones en taller: Taller CHIMIMECA GRAND OUEST PLOERMEL (56)&nbsp;(m\u00e1s informaci\u00f3n) La flexibilidad y la reactividad de una organizaci\u00f3n distribuida en equipos: Prestaciones especializadas\" \/>\n<meta property=\"og:url\" content=\"https:\/\/www.chimimeca.com\/es\/prestations-ateliers\/\" \/>\n<meta property=\"og:site_name\" content=\"CHIMIMECA\" \/>\n<meta property=\"article:modified_time\" content=\"2025-05-12T14:21:22+00:00\" \/>\n<meta property=\"og:image\" content=\"https:\/\/www.chimimeca.com\/wp-content\/uploads\/2024\/04\/atelier-traitement-metaux.jpg\" \/>\n<meta name=\"twitter:card\" content=\"summary_large_image\" \/>\n<meta name=\"twitter:label1\" content=\"Tiempo de lectura\" \/>\n\t<meta name=\"twitter:data1\" content=\"4 minutos\" \/>\n<script type=\"application\/ld+json\" class=\"yoast-schema-graph\">{\"@context\":\"https:\/\/schema.org\",\"@graph\":[{\"@type\":\"WebPage\",\"@id\":\"https:\/\/www.chimimeca.com\/es\/prestations-ateliers\/\",\"url\":\"https:\/\/www.chimimeca.com\/es\/prestations-ateliers\/\",\"name\":\"Prestations Ateliers - CHIMIMECA\",\"isPartOf\":{\"@id\":\"https:\/\/www.chimimeca.com\/es\/#website\"},\"primaryImageOfPage\":{\"@id\":\"https:\/\/www.chimimeca.com\/es\/prestations-ateliers\/#primaryimage\"},\"image\":{\"@id\":\"https:\/\/www.chimimeca.com\/es\/prestations-ateliers\/#primaryimage\"},\"thumbnailUrl\":\"https:\/\/www.chimimeca.com\/wp-content\/uploads\/2024\/04\/atelier-traitement-metaux.jpg\",\"datePublished\":\"2024-04-24T08:24:52+00:00\",\"dateModified\":\"2025-05-12T14:21:22+00:00\",\"breadcrumb\":{\"@id\":\"https:\/\/www.chimimeca.com\/es\/prestations-ateliers\/#breadcrumb\"},\"inLanguage\":\"es\",\"potentialAction\":[{\"@type\":\"ReadAction\",\"target\":[\"https:\/\/www.chimimeca.com\/es\/prestations-ateliers\/\"]}]},{\"@type\":\"ImageObject\",\"inLanguage\":\"es\",\"@id\":\"https:\/\/www.chimimeca.com\/es\/prestations-ateliers\/#primaryimage\",\"url\":\"https:\/\/www.chimimeca.com\/wp-content\/uploads\/2024\/04\/atelier-traitement-metaux.jpg\",\"contentUrl\":\"https:\/\/www.chimimeca.com\/wp-content\/uploads\/2024\/04\/atelier-traitement-metaux.jpg\"},{\"@type\":\"BreadcrumbList\",\"@id\":\"https:\/\/www.chimimeca.com\/es\/prestations-ateliers\/#breadcrumb\",\"itemListElement\":[{\"@type\":\"ListItem\",\"position\":1,\"name\":\"Accueil\",\"item\":\"https:\/\/www.chimimeca.com\/es\/\"},{\"@type\":\"ListItem\",\"position\":2,\"name\":\"Prestations Ateliers\"}]},{\"@type\":\"WebSite\",\"@id\":\"https:\/\/www.chimimeca.com\/es\/#website\",\"url\":\"https:\/\/www.chimimeca.com\/es\/\",\"name\":\"CHIMIMECA\",\"description\":\"\",\"publisher\":{\"@id\":\"https:\/\/www.chimimeca.com\/es\/#organization\"},\"potentialAction\":[{\"@type\":\"SearchAction\",\"target\":{\"@type\":\"EntryPoint\",\"urlTemplate\":\"https:\/\/www.chimimeca.com\/es\/?s={search_term_string}\"},\"query-input\":{\"@type\":\"PropertyValueSpecification\",\"valueRequired\":true,\"valueName\":\"search_term_string\"}}],\"inLanguage\":\"es\"},{\"@type\":\"Organization\",\"@id\":\"https:\/\/www.chimimeca.com\/es\/#organization\",\"name\":\"CHIMIMECA\",\"url\":\"https:\/\/www.chimimeca.com\/es\/\",\"logo\":{\"@type\":\"ImageObject\",\"inLanguage\":\"es\",\"@id\":\"https:\/\/www.chimimeca.com\/es\/#\/schema\/logo\/image\/\",\"url\":\"https:\/\/www.chimimeca.com\/wp-content\/uploads\/2024\/04\/logo.png\",\"contentUrl\":\"https:\/\/www.chimimeca.com\/wp-content\/uploads\/2024\/04\/logo.png\",\"width\":326,\"height\":81,\"caption\":\"CHIMIMECA\"},\"image\":{\"@id\":\"https:\/\/www.chimimeca.com\/es\/#\/schema\/logo\/image\/\"}}]}<\/script>\n<!-- \/ Yoast SEO plugin. -->","yoast_head_json":{"title":"Prestations Ateliers - CHIMIMECA","robots":{"index":"index","follow":"follow","max-snippet":"max-snippet:-1","max-image-preview":"max-image-preview:large","max-video-preview":"max-video-preview:-1"},"canonical":"https:\/\/www.chimimeca.com\/es\/prestations-ateliers\/","og_locale":"es_ES","og_type":"article","og_title":"Prestations Ateliers - CHIMIMECA","og_description":"Prestaciones en talleres 2 Talleres especializados para una respuesta \u00f3ptima a todas sus necesidades. Taller CHIMIMECA MOIRANS (38)&nbsp;(m\u00e1s informaci\u00f3n) Alto rendimiento y resultados de alta calidad de las prestaciones en taller: Taller CHIMIMECA GRAND OUEST PLOERMEL (56)&nbsp;(m\u00e1s informaci\u00f3n) La flexibilidad y la reactividad de una organizaci\u00f3n distribuida en equipos: Prestaciones especializadas","og_url":"https:\/\/www.chimimeca.com\/es\/prestations-ateliers\/","og_site_name":"CHIMIMECA","article_modified_time":"2025-05-12T14:21:22+00:00","og_image":[{"url":"https:\/\/www.chimimeca.com\/wp-content\/uploads\/2024\/04\/atelier-traitement-metaux.jpg","type":"","width":"","height":""}],"twitter_card":"summary_large_image","twitter_misc":{"Tiempo de lectura":"4 minutos"},"schema":{"@context":"https:\/\/schema.org","@graph":[{"@type":"WebPage","@id":"https:\/\/www.chimimeca.com\/es\/prestations-ateliers\/","url":"https:\/\/www.chimimeca.com\/es\/prestations-ateliers\/","name":"Prestations Ateliers - CHIMIMECA","isPartOf":{"@id":"https:\/\/www.chimimeca.com\/es\/#website"},"primaryImageOfPage":{"@id":"https:\/\/www.chimimeca.com\/es\/prestations-ateliers\/#primaryimage"},"image":{"@id":"https:\/\/www.chimimeca.com\/es\/prestations-ateliers\/#primaryimage"},"thumbnailUrl":"https:\/\/www.chimimeca.com\/wp-content\/uploads\/2024\/04\/atelier-traitement-metaux.jpg","datePublished":"2024-04-24T08:24:52+00:00","dateModified":"2025-05-12T14:21:22+00:00","breadcrumb":{"@id":"https:\/\/www.chimimeca.com\/es\/prestations-ateliers\/#breadcrumb"},"inLanguage":"es","potentialAction":[{"@type":"ReadAction","target":["https:\/\/www.chimimeca.com\/es\/prestations-ateliers\/"]}]},{"@type":"ImageObject","inLanguage":"es","@id":"https:\/\/www.chimimeca.com\/es\/prestations-ateliers\/#primaryimage","url":"https:\/\/www.chimimeca.com\/wp-content\/uploads\/2024\/04\/atelier-traitement-metaux.jpg","contentUrl":"https:\/\/www.chimimeca.com\/wp-content\/uploads\/2024\/04\/atelier-traitement-metaux.jpg"},{"@type":"BreadcrumbList","@id":"https:\/\/www.chimimeca.com\/es\/prestations-ateliers\/#breadcrumb","itemListElement":[{"@type":"ListItem","position":1,"name":"Accueil","item":"https:\/\/www.chimimeca.com\/es\/"},{"@type":"ListItem","position":2,"name":"Prestations Ateliers"}]},{"@type":"WebSite","@id":"https:\/\/www.chimimeca.com\/es\/#website","url":"https:\/\/www.chimimeca.com\/es\/","name":"CHIMIMECA","description":"","publisher":{"@id":"https:\/\/www.chimimeca.com\/es\/#organization"},"potentialAction":[{"@type":"SearchAction","target":{"@type":"EntryPoint","urlTemplate":"https:\/\/www.chimimeca.com\/es\/?s={search_term_string}"},"query-input":{"@type":"PropertyValueSpecification","valueRequired":true,"valueName":"search_term_string"}}],"inLanguage":"es"},{"@type":"Organization","@id":"https:\/\/www.chimimeca.com\/es\/#organization","name":"CHIMIMECA","url":"https:\/\/www.chimimeca.com\/es\/","logo":{"@type":"ImageObject","inLanguage":"es","@id":"https:\/\/www.chimimeca.com\/es\/#\/schema\/logo\/image\/","url":"https:\/\/www.chimimeca.com\/wp-content\/uploads\/2024\/04\/logo.png","contentUrl":"https:\/\/www.chimimeca.com\/wp-content\/uploads\/2024\/04\/logo.png","width":326,"height":81,"caption":"CHIMIMECA"},"image":{"@id":"https:\/\/www.chimimeca.com\/es\/#\/schema\/logo\/image\/"}}]}},"_links":{"self":[{"href":"https:\/\/www.chimimeca.com\/es\/wp-json\/wp\/v2\/pages\/1641","targetHints":{"allow":["GET"]}}],"collection":[{"href":"https:\/\/www.chimimeca.com\/es\/wp-json\/wp\/v2\/pages"}],"about":[{"href":"https:\/\/www.chimimeca.com\/es\/wp-json\/wp\/v2\/types\/page"}],"author":[{"embeddable":true,"href":"https:\/\/www.chimimeca.com\/es\/wp-json\/wp\/v2\/users\/1"}],"replies":[{"embeddable":true,"href":"https:\/\/www.chimimeca.com\/es\/wp-json\/wp\/v2\/comments?post=1641"}],"version-history":[{"count":2,"href":"https:\/\/www.chimimeca.com\/es\/wp-json\/wp\/v2\/pages\/1641\/revisions"}],"predecessor-version":[{"id":1863,"href":"https:\/\/www.chimimeca.com\/es\/wp-json\/wp\/v2\/pages\/1641\/revisions\/1863"}],"wp:attachment":[{"href":"https:\/\/www.chimimeca.com\/es\/wp-json\/wp\/v2\/media?parent=1641"}],"curies":[{"name":"wp","href":"https:\/\/api.w.org\/{rel}","templated":true}]}}