{"id":1636,"date":"2024-04-24T10:23:44","date_gmt":"2024-04-24T08:23:44","guid":{"rendered":"https:\/\/www.chimimeca.com\/chaudieres-et-doubles-enveloppes\/"},"modified":"2025-05-09T16:44:06","modified_gmt":"2025-05-09T14:44:06","slug":"chaudieres-et-doubles-enveloppes","status":"publish","type":"page","link":"https:\/\/www.chimimeca.com\/es\/chaudieres-et-doubles-enveloppes\/","title":{"rendered":"Chaudi\u00e8res et Doubles-Enveloppes"},"content":{"rendered":"<div class=\"gb-container gb-container-02394211\">\n\n<h1 class=\"wp-block-heading has-base-2-color has-text-color has-link-color wp-elements-f9a0f282c82e55332f0bcdef1625470c\" style=\"margin-top:0;margin-bottom:0;font-size:clamp(22.041px, 1.378rem + ((1vw - 3.2px) * 1.091), 36px);text-transform:uppercase\">Calderas y cubiertas dobles<\/h1>\n\n<\/div>\n\n<div class=\"gb-container gb-container-02488878\">\n<div class=\"gb-container gb-container-0b8be6b2 li-pins\">\n<div class=\"gb-container gb-container-d81d1bb6\">\n\n<h2 class=\"wp-block-heading has-custom-couleur-3-color has-text-color has-link-color wp-elements-70c8eb11fd0474945f88d15f21839a9c\" style=\"font-size:clamp(18.959px, 1.185rem + ((1vw - 3.2px) * 0.863), 30px);font-style:normal;font-weight:700\">Cubiertas dobles de reactores, calderas.<\/h2>\n\n\n\n<h3 class=\"wp-block-heading has-custom-couleur-3-color has-text-color has-link-color wp-elements-72730a5e1f6cc6a693de52482cea914d\" style=\"margin-top:0;font-size:clamp(14px, 0.875rem + ((1vw - 3.2px) * 0.469), 20px);\">Limpieza qu\u00edmica de cubiertas dobles de reactores.<\/h3>\n\n\n<div class=\"gb-container gb-container-10dfe1b8\">\n<div class=\"gb-container gb-container-341fc4bc\">\n\n<figure class=\"gb-block-image gb-block-image-07ca4a57\"><img loading=\"lazy\" decoding=\"async\" width=\"191\" height=\"126\" class=\"gb-image gb-image-07ca4a57\" src=\"https:\/\/www.chimimeca.com\/wp-content\/uploads\/2024\/04\/atelier-traitement-metaux.jpg\" alt=\"\" title=\"atelier-traitement-metaux\"\/><\/figure>\n\n<\/div>\n\n<div class=\"gb-container gb-container-88c037ec\">\n\n<p class=\"has-custom-couleur-4-color has-text-color has-link-color wp-elements-cb41ae21c6c022c9028a576a5f0e2c9e\" style=\"font-size:clamp(14px, 0.875rem + ((1vw - 3.2px) * 0.078), 15px);\">Las cubiertas dobles, donde se efect\u00faa la circulaci\u00f3n pilotada de fluidos t\u00e9rmicos (agua, vapor, salmuera, agua glicolada) deben limpiarse con un mantenimiento peri\u00f3dico:<\/p>\n\n\n\n<ul style=\"font-size:clamp(14px, 0.875rem + ((1vw - 3.2px) * 0.078), 15px);\" class=\"wp-block-list has-custom-couleur-4-color has-text-color has-link-color wp-elements-cbee0b2274624f2790ec1d829872e65e\">\n<li><a href=\"https:\/\/www.chimimeca.com\/es\/traitement-procedes\/\">Tratamiento<\/a>\u00a0por oscilaci\u00f3n y exploraci\u00f3n. Gamas a medida seg\u00fan el tipo efectivo de suciedad<\/li>\n\n\n\n<li>Qu\u00edmica espec\u00edfica para los aparatos esmaltados &#8211; tratamientos sin cloro<\/li>\n\n\n\n<li>Medida de eficacia por comparaci\u00f3n de cubicaci\u00f3n y estimaci\u00f3n de la suciedad eliminada<\/li>\n<\/ul>\n\n<\/div>\n<\/div>\n\n\n<h3 class=\"wp-block-heading has-custom-couleur-3-color has-text-color has-link-color wp-elements-de62ece7bd9a2977fcdf3e75ba273b34\" style=\"font-size:clamp(14px, 0.875rem + ((1vw - 3.2px) * 0.469), 20px);\">Lixiviaci\u00f3n qu\u00edmica de calderas de tubos de agua o tubos de humo.<\/h3>\n\n\n<div class=\"gb-container gb-container-84928262\">\n<div class=\"gb-container gb-container-15f90004\">\n\n<p class=\"has-custom-couleur-4-color has-text-color has-link-color wp-elements-f75eb369e7e8f35cacc0c2b9e6cc2a07\" style=\"font-size:clamp(14px, 0.875rem + ((1vw - 3.2px) * 0.078), 15px);\">A pesar de los tratamientos de agua, las calderas industriales sufren una acumulaci\u00f3n de dep\u00f3sitos que deben eliminarse para restaurar las caracter\u00edsticas del intercambio y evitar problemas de estallido por fluencia. Tambi\u00e9n se requiere una limpieza para las visitas decenales:<\/p>\n\n\n\n<ul style=\"font-size:clamp(14px, 0.875rem + ((1vw - 3.2px) * 0.078), 15px);\" class=\"wp-block-list has-custom-couleur-4-color has-text-color has-link-color wp-elements-0da755b4f123c93390e066af05e26b7a\">\n<li>Estudios completos, an\u00e1lisis de dep\u00f3sitos, garant\u00edas de eliminaci\u00f3n<\/li>\n\n\n\n<li>Tratamiento\u00a0por oscilaci\u00f3n y recirculaci\u00f3n. Medidas de eficacia<\/li>\n\n\n\n<li>Tratamiento completo con repasivaci\u00f3n post-tratamiento<\/li>\n<\/ul>\n\n<\/div>\n\n<div class=\"gb-container gb-container-cf5ed0a7\">\n\n<figure class=\"gb-block-image gb-block-image-3c2d9bee\"><img loading=\"lazy\" decoding=\"async\" width=\"191\" height=\"126\" class=\"gb-image gb-image-3c2d9bee\" src=\"https:\/\/www.chimimeca.com\/wp-content\/uploads\/2024\/04\/ateliers-traitement-chimique-metaux.jpg\" alt=\"\" title=\"ateliers-traitement-chimique-metaux\"\/><\/figure>\n\n<\/div>\n<\/div>\n<\/div>\n<\/div>\n\n<div class=\"gb-container gb-container-ecb77b32 sidebar text-underline-secondary\">\n<div class=\"gb-container gb-container-42d49ea4\">\n<div class=\"gb-container gb-container-47ec527a\">\n\n<h3 class=\"wp-block-heading has-custom-couleur-4-color has-text-color has-link-color wp-elements-71b2617deb5d88218d7b89ed7861041d\" style=\"font-size:clamp(14px, 0.875rem + ((1vw - 3.2px) * 0.469), 20px);text-transform:uppercase\">Prestaciones especializadas<\/h3>\n\n\n\n<ul style=\"font-size:clamp(14px, 0.875rem + ((1vw - 3.2px) * 0.078), 15px);\" class=\"wp-block-list has-custom-couleur-4-color has-text-color has-link-color wp-elements-4af0533c6b481e58c6317c9f086941ff\">\n<li style=\"margin-top:var(--wp--preset--spacing--10);margin-bottom:var(--wp--preset--spacing--10)\"><a href=\"#\"><\/a><a href=\"https:\/\/www.chimimeca.com\/es\/prestations-ateliers\/\">Prestaciones en talleres<\/a><\/li>\n\n\n\n<li style=\"margin-top:var(--wp--preset--spacing--10);margin-bottom:var(--wp--preset--spacing--10)\"><a data-type=\"page\" data-id=\"332\" href=\"https:\/\/www.chimimeca.com\/es\/interventions-sur-sites\/\"><\/a><a href=\"https:\/\/www.chimimeca.com\/es\/reseaux-distributions\/\">Redes y distribuciones<\/a><\/li>\n\n\n\n<li style=\"margin-top:var(--wp--preset--spacing--10);margin-bottom:var(--wp--preset--spacing--10)\"><a data-type=\"page\" data-id=\"341\" href=\"https:\/\/www.chimimeca.com\/es\/reseaux-distributions\/\"><\/a><a href=\"https:\/\/www.chimimeca.com\/es\/echangeurs-process\/\">Intercambiadores y procesos<\/a><\/li>\n\n\n\n<li style=\"margin-top:var(--wp--preset--spacing--10);margin-bottom:var(--wp--preset--spacing--10)\"><a href=\"#\"><\/a><a href=\"https:\/\/www.chimimeca.com\/mise-en-proprete-reseaux-acier-inox\"><\/a><a href=\"https:\/\/www.chimimeca.com\/es\/cuves-reservoirs\/\">Cubas y dep\u00f3sitos<\/a><\/li>\n\n\n\n<li style=\"margin-top:var(--wp--preset--spacing--10);margin-bottom:var(--wp--preset--spacing--10)\"><a href=\"#\"><\/a><a href=\"https:\/\/www.chimimeca.com\/mise-en-proprete-reseaux-acier-inox\"><\/a><a href=\"https:\/\/www.chimimeca.com\/es\/chaudieres-et-doubles-enveloppes\/\">Calderas y cubiertas dobles<\/a><\/li>\n<\/ul>\n\n<\/div>\n\n<div class=\"gb-container gb-container-41a03213\">\n\n<h3 class=\"wp-block-heading has-custom-couleur-4-color has-text-color has-link-color wp-elements-691d8fd9def7c5df63c6f6282b2ebb42\" style=\"font-size:clamp(14px, 0.875rem + ((1vw - 3.2px) * 0.469), 20px);text-transform:uppercase\">DESCARGA NUESTRO FOLLETO<\/h3>\n\n\n\n<a class=\"gb-button gb-button-c8374e70 gb-button-text telecharger\" href=\"\/wp-content\/uploads\/2024\/04\/Presentation-Chimimeca_ProduitsMateriels_Ateliers_Interventions-sur-site_2024.pdf\" target=\"_blank\" rel=\"noopener noreferrer\">DESCARGA NUESTRO FOLLETO<\/a>\n\n<\/div>\n\n<div class=\"gb-container gb-container-07485d43\">\n\n<h3 class=\"wp-block-heading has-custom-couleur-4-color has-text-color has-link-color wp-elements-2d30c6b3694e44d0dc58fb5b9511509f\" style=\"font-size:clamp(14px, 0.875rem + ((1vw - 3.2px) * 0.469), 20px);text-transform:uppercase\">Nos evaluar !<\/h3>\n\n\n\n<a class=\"gb-button gb-button-5d511fe5 gb-button-text avis\" href=\"https:\/\/www.chimimeca.com\/es\/avis\/\">DAR SU OPINION<\/a>\n\n<\/div>\n<\/div>\n<\/div>\n<\/div>","protected":false},"excerpt":{"rendered":"<p>Calderas y cubiertas dobles Cubiertas dobles de reactores, calderas. Limpieza qu\u00edmica de cubiertas dobles de reactores. Las cubiertas dobles, donde se efect\u00faa la circulaci\u00f3n pilotada de fluidos t\u00e9rmicos (agua, vapor, salmuera, agua glicolada) deben limpiarse con un mantenimiento peri\u00f3dico: Lixiviaci\u00f3n qu\u00edmica de calderas de tubos de agua o tubos de humo. A pesar de los [&hellip;]<\/p>\n","protected":false},"author":1,"featured_media":0,"parent":0,"menu_order":0,"comment_status":"closed","ping_status":"closed","template":"","meta":{"_acf_changed":false,"footnotes":""},"class_list":["post-1636","page","type-page","status-publish","hentry"],"acf":[],"yoast_head":"<!-- This site is optimized with the Yoast SEO plugin v26.3 - https:\/\/yoast.com\/wordpress\/plugins\/seo\/ -->\n<title>Chaudi\u00e8res et Doubles-Enveloppes - CHIMIMECA<\/title>\n<meta name=\"robots\" content=\"index, follow, max-snippet:-1, max-image-preview:large, max-video-preview:-1\" \/>\n<link rel=\"canonical\" href=\"https:\/\/www.chimimeca.com\/es\/chaudieres-et-doubles-enveloppes\/\" \/>\n<meta property=\"og:locale\" content=\"es_ES\" \/>\n<meta property=\"og:type\" content=\"article\" \/>\n<meta property=\"og:title\" content=\"Chaudi\u00e8res et Doubles-Enveloppes - CHIMIMECA\" \/>\n<meta property=\"og:description\" content=\"Calderas y cubiertas dobles Cubiertas dobles de reactores, calderas. Limpieza qu\u00edmica de cubiertas dobles de reactores. Las cubiertas dobles, donde se efect\u00faa la circulaci\u00f3n pilotada de fluidos t\u00e9rmicos (agua, vapor, salmuera, agua glicolada) deben limpiarse con un mantenimiento peri\u00f3dico: Lixiviaci\u00f3n qu\u00edmica de calderas de tubos de agua o tubos de humo. A pesar de los [&hellip;]\" \/>\n<meta property=\"og:url\" content=\"https:\/\/www.chimimeca.com\/es\/chaudieres-et-doubles-enveloppes\/\" \/>\n<meta property=\"og:site_name\" content=\"CHIMIMECA\" \/>\n<meta property=\"article:modified_time\" content=\"2025-05-09T14:44:06+00:00\" \/>\n<meta property=\"og:image\" content=\"https:\/\/www.chimimeca.com\/wp-content\/uploads\/2024\/04\/atelier-traitement-metaux.jpg\" \/>\n<meta name=\"twitter:card\" content=\"summary_large_image\" \/>\n<meta name=\"twitter:label1\" content=\"Tiempo de lectura\" \/>\n\t<meta name=\"twitter:data1\" content=\"4 minutos\" \/>\n<script type=\"application\/ld+json\" class=\"yoast-schema-graph\">{\"@context\":\"https:\/\/schema.org\",\"@graph\":[{\"@type\":\"WebPage\",\"@id\":\"https:\/\/www.chimimeca.com\/es\/chaudieres-et-doubles-enveloppes\/\",\"url\":\"https:\/\/www.chimimeca.com\/es\/chaudieres-et-doubles-enveloppes\/\",\"name\":\"Chaudi\u00e8res et Doubles-Enveloppes - CHIMIMECA\",\"isPartOf\":{\"@id\":\"https:\/\/www.chimimeca.com\/es\/#website\"},\"primaryImageOfPage\":{\"@id\":\"https:\/\/www.chimimeca.com\/es\/chaudieres-et-doubles-enveloppes\/#primaryimage\"},\"image\":{\"@id\":\"https:\/\/www.chimimeca.com\/es\/chaudieres-et-doubles-enveloppes\/#primaryimage\"},\"thumbnailUrl\":\"https:\/\/www.chimimeca.com\/wp-content\/uploads\/2024\/04\/atelier-traitement-metaux.jpg\",\"datePublished\":\"2024-04-24T08:23:44+00:00\",\"dateModified\":\"2025-05-09T14:44:06+00:00\",\"breadcrumb\":{\"@id\":\"https:\/\/www.chimimeca.com\/es\/chaudieres-et-doubles-enveloppes\/#breadcrumb\"},\"inLanguage\":\"es\",\"potentialAction\":[{\"@type\":\"ReadAction\",\"target\":[\"https:\/\/www.chimimeca.com\/es\/chaudieres-et-doubles-enveloppes\/\"]}]},{\"@type\":\"ImageObject\",\"inLanguage\":\"es\",\"@id\":\"https:\/\/www.chimimeca.com\/es\/chaudieres-et-doubles-enveloppes\/#primaryimage\",\"url\":\"https:\/\/www.chimimeca.com\/wp-content\/uploads\/2024\/04\/atelier-traitement-metaux.jpg\",\"contentUrl\":\"https:\/\/www.chimimeca.com\/wp-content\/uploads\/2024\/04\/atelier-traitement-metaux.jpg\"},{\"@type\":\"BreadcrumbList\",\"@id\":\"https:\/\/www.chimimeca.com\/es\/chaudieres-et-doubles-enveloppes\/#breadcrumb\",\"itemListElement\":[{\"@type\":\"ListItem\",\"position\":1,\"name\":\"Accueil\",\"item\":\"https:\/\/www.chimimeca.com\/es\/\"},{\"@type\":\"ListItem\",\"position\":2,\"name\":\"Chaudi\u00e8res et Doubles-Enveloppes\"}]},{\"@type\":\"WebSite\",\"@id\":\"https:\/\/www.chimimeca.com\/es\/#website\",\"url\":\"https:\/\/www.chimimeca.com\/es\/\",\"name\":\"CHIMIMECA\",\"description\":\"\",\"publisher\":{\"@id\":\"https:\/\/www.chimimeca.com\/es\/#organization\"},\"potentialAction\":[{\"@type\":\"SearchAction\",\"target\":{\"@type\":\"EntryPoint\",\"urlTemplate\":\"https:\/\/www.chimimeca.com\/es\/?s={search_term_string}\"},\"query-input\":{\"@type\":\"PropertyValueSpecification\",\"valueRequired\":true,\"valueName\":\"search_term_string\"}}],\"inLanguage\":\"es\"},{\"@type\":\"Organization\",\"@id\":\"https:\/\/www.chimimeca.com\/es\/#organization\",\"name\":\"CHIMIMECA\",\"url\":\"https:\/\/www.chimimeca.com\/es\/\",\"logo\":{\"@type\":\"ImageObject\",\"inLanguage\":\"es\",\"@id\":\"https:\/\/www.chimimeca.com\/es\/#\/schema\/logo\/image\/\",\"url\":\"https:\/\/www.chimimeca.com\/wp-content\/uploads\/2024\/04\/logo.png\",\"contentUrl\":\"https:\/\/www.chimimeca.com\/wp-content\/uploads\/2024\/04\/logo.png\",\"width\":326,\"height\":81,\"caption\":\"CHIMIMECA\"},\"image\":{\"@id\":\"https:\/\/www.chimimeca.com\/es\/#\/schema\/logo\/image\/\"}}]}<\/script>\n<!-- \/ Yoast SEO plugin. -->","yoast_head_json":{"title":"Chaudi\u00e8res et Doubles-Enveloppes - CHIMIMECA","robots":{"index":"index","follow":"follow","max-snippet":"max-snippet:-1","max-image-preview":"max-image-preview:large","max-video-preview":"max-video-preview:-1"},"canonical":"https:\/\/www.chimimeca.com\/es\/chaudieres-et-doubles-enveloppes\/","og_locale":"es_ES","og_type":"article","og_title":"Chaudi\u00e8res et Doubles-Enveloppes - CHIMIMECA","og_description":"Calderas y cubiertas dobles Cubiertas dobles de reactores, calderas. Limpieza qu\u00edmica de cubiertas dobles de reactores. Las cubiertas dobles, donde se efect\u00faa la circulaci\u00f3n pilotada de fluidos t\u00e9rmicos (agua, vapor, salmuera, agua glicolada) deben limpiarse con un mantenimiento peri\u00f3dico: Lixiviaci\u00f3n qu\u00edmica de calderas de tubos de agua o tubos de humo. A pesar de los [&hellip;]","og_url":"https:\/\/www.chimimeca.com\/es\/chaudieres-et-doubles-enveloppes\/","og_site_name":"CHIMIMECA","article_modified_time":"2025-05-09T14:44:06+00:00","og_image":[{"url":"https:\/\/www.chimimeca.com\/wp-content\/uploads\/2024\/04\/atelier-traitement-metaux.jpg","type":"","width":"","height":""}],"twitter_card":"summary_large_image","twitter_misc":{"Tiempo de lectura":"4 minutos"},"schema":{"@context":"https:\/\/schema.org","@graph":[{"@type":"WebPage","@id":"https:\/\/www.chimimeca.com\/es\/chaudieres-et-doubles-enveloppes\/","url":"https:\/\/www.chimimeca.com\/es\/chaudieres-et-doubles-enveloppes\/","name":"Chaudi\u00e8res et Doubles-Enveloppes - CHIMIMECA","isPartOf":{"@id":"https:\/\/www.chimimeca.com\/es\/#website"},"primaryImageOfPage":{"@id":"https:\/\/www.chimimeca.com\/es\/chaudieres-et-doubles-enveloppes\/#primaryimage"},"image":{"@id":"https:\/\/www.chimimeca.com\/es\/chaudieres-et-doubles-enveloppes\/#primaryimage"},"thumbnailUrl":"https:\/\/www.chimimeca.com\/wp-content\/uploads\/2024\/04\/atelier-traitement-metaux.jpg","datePublished":"2024-04-24T08:23:44+00:00","dateModified":"2025-05-09T14:44:06+00:00","breadcrumb":{"@id":"https:\/\/www.chimimeca.com\/es\/chaudieres-et-doubles-enveloppes\/#breadcrumb"},"inLanguage":"es","potentialAction":[{"@type":"ReadAction","target":["https:\/\/www.chimimeca.com\/es\/chaudieres-et-doubles-enveloppes\/"]}]},{"@type":"ImageObject","inLanguage":"es","@id":"https:\/\/www.chimimeca.com\/es\/chaudieres-et-doubles-enveloppes\/#primaryimage","url":"https:\/\/www.chimimeca.com\/wp-content\/uploads\/2024\/04\/atelier-traitement-metaux.jpg","contentUrl":"https:\/\/www.chimimeca.com\/wp-content\/uploads\/2024\/04\/atelier-traitement-metaux.jpg"},{"@type":"BreadcrumbList","@id":"https:\/\/www.chimimeca.com\/es\/chaudieres-et-doubles-enveloppes\/#breadcrumb","itemListElement":[{"@type":"ListItem","position":1,"name":"Accueil","item":"https:\/\/www.chimimeca.com\/es\/"},{"@type":"ListItem","position":2,"name":"Chaudi\u00e8res et Doubles-Enveloppes"}]},{"@type":"WebSite","@id":"https:\/\/www.chimimeca.com\/es\/#website","url":"https:\/\/www.chimimeca.com\/es\/","name":"CHIMIMECA","description":"","publisher":{"@id":"https:\/\/www.chimimeca.com\/es\/#organization"},"potentialAction":[{"@type":"SearchAction","target":{"@type":"EntryPoint","urlTemplate":"https:\/\/www.chimimeca.com\/es\/?s={search_term_string}"},"query-input":{"@type":"PropertyValueSpecification","valueRequired":true,"valueName":"search_term_string"}}],"inLanguage":"es"},{"@type":"Organization","@id":"https:\/\/www.chimimeca.com\/es\/#organization","name":"CHIMIMECA","url":"https:\/\/www.chimimeca.com\/es\/","logo":{"@type":"ImageObject","inLanguage":"es","@id":"https:\/\/www.chimimeca.com\/es\/#\/schema\/logo\/image\/","url":"https:\/\/www.chimimeca.com\/wp-content\/uploads\/2024\/04\/logo.png","contentUrl":"https:\/\/www.chimimeca.com\/wp-content\/uploads\/2024\/04\/logo.png","width":326,"height":81,"caption":"CHIMIMECA"},"image":{"@id":"https:\/\/www.chimimeca.com\/es\/#\/schema\/logo\/image\/"}}]}},"_links":{"self":[{"href":"https:\/\/www.chimimeca.com\/es\/wp-json\/wp\/v2\/pages\/1636","targetHints":{"allow":["GET"]}}],"collection":[{"href":"https:\/\/www.chimimeca.com\/es\/wp-json\/wp\/v2\/pages"}],"about":[{"href":"https:\/\/www.chimimeca.com\/es\/wp-json\/wp\/v2\/types\/page"}],"author":[{"embeddable":true,"href":"https:\/\/www.chimimeca.com\/es\/wp-json\/wp\/v2\/users\/1"}],"replies":[{"embeddable":true,"href":"https:\/\/www.chimimeca.com\/es\/wp-json\/wp\/v2\/comments?post=1636"}],"version-history":[{"count":4,"href":"https:\/\/www.chimimeca.com\/es\/wp-json\/wp\/v2\/pages\/1636\/revisions"}],"predecessor-version":[{"id":1806,"href":"https:\/\/www.chimimeca.com\/es\/wp-json\/wp\/v2\/pages\/1636\/revisions\/1806"}],"wp:attachment":[{"href":"https:\/\/www.chimimeca.com\/es\/wp-json\/wp\/v2\/media?parent=1636"}],"curies":[{"name":"wp","href":"https:\/\/api.w.org\/{rel}","templated":true}]}}