{"id":1626,"date":"2024-04-24T10:22:30","date_gmt":"2024-04-24T08:22:30","guid":{"rendered":"https:\/\/www.chimimeca.com\/echangeurs-process\/"},"modified":"2025-05-12T16:03:41","modified_gmt":"2025-05-12T14:03:41","slug":"echangeurs-process","status":"publish","type":"page","link":"https:\/\/www.chimimeca.com\/es\/echangeurs-process\/","title":{"rendered":"Echangeurs &amp; Process"},"content":{"rendered":"<div class=\"gb-container gb-container-02394211\">\n\n<h1 class=\"wp-block-heading has-base-2-color has-text-color has-link-color wp-elements-99eec2f1a914296269eef61421c2b513\" style=\"margin-top:0;margin-bottom:0;font-size:clamp(22.041px, 1.378rem + ((1vw - 3.2px) * 1.091), 36px);text-transform:uppercase\">Intercambiadores y procesos<\/h1>\n\n<\/div>\n\n<div class=\"gb-container gb-container-02488878\">\n<div class=\"gb-container gb-container-0b8be6b2 li-pins\">\n<div class=\"gb-container gb-container-d81d1bb6\">\n\n<h2 class=\"wp-block-heading has-custom-couleur-3-color has-text-color has-link-color wp-elements-ddc13894e38e5f960345a6e3cc37aa7b\" style=\"font-size:clamp(18.959px, 1.185rem + ((1vw - 3.2px) * 0.863), 30px);font-style:normal;font-weight:700\">Intercambiadores Aparatos de proceso tratados, nuevos y en mantenimiento.<\/h2>\n\n\n\n<h3 class=\"wp-block-heading has-custom-couleur-3-color has-text-color has-link-color wp-elements-dc78af799c6e9ac2e963bd813096731a\" style=\"margin-top:0;font-size:clamp(14px, 0.875rem + ((1vw - 3.2px) * 0.469), 20px);\">Tratamiento en nuevo &#8211; cualificaci\u00f3n t\u00e9cnica antes de puesta en servicio.<\/h3>\n\n\n<div class=\"gb-container gb-container-a39ff2dd\">\n<div class=\"gb-container gb-container-8eb752e3\">\n\n<p class=\"has-custom-couleur-4-color has-text-color has-link-color wp-elements-964a0060ecb2e7add6fc8a4d74cbf99f\" style=\"font-size:clamp(14px, 0.875rem + ((1vw - 3.2px) * 0.078), 15px);\">La cualificaci\u00f3n en nuevo de los aparatos de proceso responde a las mismas condiciones que todos los\u00a0<a href=\"https:\/\/www.chimimeca.com\/es\/chaudronnerie-tuyauterie\/\">equipamientos conformados en caliente<\/a>, respondiendo a pliegos de condiciones de tipo\u00a0<a href=\"https:\/\/www.chimimeca.com\/es\/nucleaire-aenergie\/\">nuclear<\/a>\/<a href=\"https:\/\/www.chimimeca.com\/es\/cryogenie-ultra-vide-gaz-purs\/\">criog\u00e9nico<\/a>\/<a href=\"https:\/\/www.chimimeca.com\/es\/alimentaire-agro-alimentaire\/\">alimentario<\/a>:<\/p>\n\n\n\n<ul style=\"font-size:clamp(14px, 0.875rem + ((1vw - 3.2px) * 0.078), 15px);\" class=\"wp-block-list has-custom-couleur-4-color has-text-color has-link-color wp-elements-f1c77006d0ab69f1e4582ca7a57919f1\">\n<li>Limpieza final interna\/externa, tratamientos completos<\/li>\n\n\n\n<li>Cualificaci\u00f3n seg\u00fan criterios determinados de limpieza.<\/li>\n\n\n\n<li>Trabajos realizados mayoritariamente en&nbsp;<a href=\"https:\/\/www.chimimeca.com\/sites\/default\/files\/pdf\/CHIMIMECA_AteliersFrance7c.pdf\">taller.<\/a><\/li>\n<\/ul>\n\n<\/div>\n\n<div class=\"gb-container gb-container-e5093c1a\">\n\n<figure class=\"gb-block-image gb-block-image-5b7849e9\"><img loading=\"lazy\" decoding=\"async\" width=\"191\" height=\"126\" class=\"gb-image gb-image-5b7849e9\" src=\"https:\/\/www.chimimeca.com\/wp-content\/uploads\/2024\/04\/nettoyage-chimique-echangeurs.jpg\" alt=\"\" title=\"nettoyage-chimique-echangeurs\"\/><\/figure>\n\n<\/div>\n<\/div>\n\n\n<h3 class=\"wp-block-heading has-custom-couleur-3-color has-text-color has-link-color wp-elements-78ef6f7902ddde31ddac060c4d9d9a59\" style=\"font-size:clamp(14px, 0.875rem + ((1vw - 3.2px) * 0.469), 20px);\">Limpieza qu\u00edmica en mantenimiento.<\/h3>\n\n\n<div class=\"gb-container gb-container-84928262\">\n<div class=\"gb-container gb-container-15f90004\">\n\n<p class=\"has-custom-couleur-4-color has-text-color has-link-color wp-elements-70ac6b5b1f45e078431e384cd10d8a6b\" style=\"font-size:clamp(14px, 0.875rem + ((1vw - 3.2px) * 0.078), 15px);\">La\u00a0<a href=\"https:\/\/www.chimimeca.com\/es\/nettoyage-chimique\/\">limpieza qu\u00edmica<\/a>\u00a0en mantenimiento responde a condiciones de rendimientos operacionales degradados, ya sea en utilidades (enlodado, incrustaci\u00f3n, taponamiento) o en derivas de procesos (obturaci\u00f3n, deriva bacteriol\u00f3gica, acumulaciones de corrosi\u00f3n):<\/p>\n\n\n\n<ul style=\"font-size:clamp(14px, 0.875rem + ((1vw - 3.2px) * 0.078), 15px);\" class=\"wp-block-list has-custom-couleur-4-color has-text-color has-link-color wp-elements-b933d575b88869d4faecdbeb7aac007e\">\n<li><a href=\"https:\/\/www.chimimeca.com\/wp-content\/uploads\/2024\/04\/CHIMIMECA_Maintenance7c.pdf\" target=\"_blank\" rel=\"noreferrer noopener\">Deslodado<\/a>\u00a0de tubos de condensadores de circuitos fr\u00edos<\/li>\n\n\n\n<li>Desobturaci\u00f3n de aero-refrigeradores,\u00a0<a href=\"https:\/\/www.chimimeca.com\/wp-content\/uploads\/2025\/05\/CHIMIMECA_TAR7c.pdf\" target=\"_blank\" rel=\"noreferrer noopener\">limpieza de TAR<\/a>\u00a0(torres aero-refrigerantes), tratamientos \u201clegionela\u201d<\/li>\n<\/ul>\n\n<\/div>\n\n<div class=\"gb-container gb-container-cf5ed0a7\">\n\n<figure class=\"gb-block-image gb-block-image-3c2d9bee\"><img loading=\"lazy\" decoding=\"async\" width=\"191\" height=\"126\" class=\"gb-image gb-image-3c2d9bee\" src=\"https:\/\/www.chimimeca.com\/wp-content\/uploads\/2024\/04\/nettoyage-chimique-des-metaux.jpg\" alt=\"\" title=\"nettoyage-chimique-des-metaux\"\/><\/figure>\n\n<\/div>\n<\/div>\n<\/div>\n<\/div>\n\n<div class=\"gb-container gb-container-ecb77b32 sidebar text-underline-secondary\">\n<div class=\"gb-container gb-container-44c08e5f\">\n<div class=\"gb-container gb-container-47ec527a\">\n\n<h3 class=\"wp-block-heading has-custom-couleur-4-color has-text-color has-link-color wp-elements-71b2617deb5d88218d7b89ed7861041d\" style=\"font-size:clamp(14px, 0.875rem + ((1vw - 3.2px) * 0.469), 20px);text-transform:uppercase\">Prestaciones especializadas<\/h3>\n\n\n\n<ul style=\"font-size:clamp(14px, 0.875rem + ((1vw - 3.2px) * 0.078), 15px);\" class=\"wp-block-list has-custom-couleur-4-color has-text-color has-link-color wp-elements-4af0533c6b481e58c6317c9f086941ff\">\n<li style=\"margin-top:var(--wp--preset--spacing--10);margin-bottom:var(--wp--preset--spacing--10)\"><a href=\"#\"><\/a><a href=\"https:\/\/www.chimimeca.com\/es\/prestations-ateliers\/\">Prestaciones en talleres<\/a><\/li>\n\n\n\n<li style=\"margin-top:var(--wp--preset--spacing--10);margin-bottom:var(--wp--preset--spacing--10)\"><a data-type=\"page\" data-id=\"332\" href=\"https:\/\/www.chimimeca.com\/es\/interventions-sur-sites\/\"><\/a><a href=\"https:\/\/www.chimimeca.com\/es\/reseaux-distributions\/\">Redes y distribuciones<\/a><\/li>\n\n\n\n<li style=\"margin-top:var(--wp--preset--spacing--10);margin-bottom:var(--wp--preset--spacing--10)\"><a data-type=\"page\" data-id=\"341\" href=\"https:\/\/www.chimimeca.com\/es\/reseaux-distributions\/\"><\/a><a href=\"https:\/\/www.chimimeca.com\/es\/echangeurs-process\/\">Intercambiadores y procesos<\/a><\/li>\n\n\n\n<li style=\"margin-top:var(--wp--preset--spacing--10);margin-bottom:var(--wp--preset--spacing--10)\"><a href=\"#\"><\/a><a href=\"https:\/\/www.chimimeca.com\/mise-en-proprete-reseaux-acier-inox\"><\/a><a href=\"https:\/\/www.chimimeca.com\/es\/cuves-reservoirs\/\">Cubas y dep\u00f3sitos<\/a><\/li>\n\n\n\n<li style=\"margin-top:var(--wp--preset--spacing--10);margin-bottom:var(--wp--preset--spacing--10)\"><a href=\"#\"><\/a><a href=\"https:\/\/www.chimimeca.com\/mise-en-proprete-reseaux-acier-inox\"><\/a><a href=\"https:\/\/www.chimimeca.com\/es\/chaudieres-et-doubles-enveloppes\/\">Calderas y cubiertas dobles<\/a><\/li>\n<\/ul>\n\n<\/div>\n\n<div class=\"gb-container gb-container-41a03213\">\n\n<h3 class=\"wp-block-heading has-custom-couleur-4-color has-text-color has-link-color wp-elements-691d8fd9def7c5df63c6f6282b2ebb42\" style=\"font-size:clamp(14px, 0.875rem + ((1vw - 3.2px) * 0.469), 20px);text-transform:uppercase\">DESCARGA NUESTRO FOLLETO<\/h3>\n\n\n\n<a class=\"gb-button gb-button-c8374e70 gb-button-text telecharger\" href=\"\/wp-content\/uploads\/2024\/04\/Presentation-Chimimeca_ProduitsMateriels_Ateliers_Interventions-sur-site_2024.pdf\" target=\"_blank\" rel=\"noopener noreferrer\">DESCARGA NUESTRO FOLLETO<\/a>\n\n<\/div>\n\n<div class=\"gb-container gb-container-07485d43\">\n\n<h3 class=\"wp-block-heading has-custom-couleur-4-color has-text-color has-link-color wp-elements-2d30c6b3694e44d0dc58fb5b9511509f\" style=\"font-size:clamp(14px, 0.875rem + ((1vw - 3.2px) * 0.469), 20px);text-transform:uppercase\">Nos evaluar !<\/h3>\n\n\n\n<a class=\"gb-button gb-button-5d511fe5 gb-button-text avis\" href=\"https:\/\/www.chimimeca.com\/es\/avis\/\">DAR SU OPINION<\/a>\n\n<\/div>\n<\/div>\n<\/div>\n<\/div>","protected":false},"excerpt":{"rendered":"<p>Intercambiadores y procesos Intercambiadores Aparatos de proceso tratados, nuevos y en mantenimiento. Tratamiento en nuevo &#8211; cualificaci\u00f3n t\u00e9cnica antes de puesta en servicio. La cualificaci\u00f3n en nuevo de los aparatos de proceso responde a las mismas condiciones que todos los\u00a0equipamientos conformados en caliente, respondiendo a pliegos de condiciones de tipo\u00a0nuclear\/criog\u00e9nico\/alimentario: Limpieza qu\u00edmica en mantenimiento. La\u00a0limpieza [&hellip;]<\/p>\n","protected":false},"author":1,"featured_media":0,"parent":0,"menu_order":0,"comment_status":"closed","ping_status":"closed","template":"","meta":{"_acf_changed":false,"footnotes":""},"class_list":["post-1626","page","type-page","status-publish","hentry"],"acf":[],"yoast_head":"<!-- This site is optimized with the Yoast SEO plugin v26.3 - https:\/\/yoast.com\/wordpress\/plugins\/seo\/ -->\n<title>Echangeurs &amp; Process - CHIMIMECA<\/title>\n<meta name=\"robots\" content=\"index, follow, max-snippet:-1, max-image-preview:large, max-video-preview:-1\" \/>\n<link rel=\"canonical\" href=\"https:\/\/www.chimimeca.com\/es\/echangeurs-process\/\" \/>\n<meta property=\"og:locale\" content=\"es_ES\" \/>\n<meta property=\"og:type\" content=\"article\" \/>\n<meta property=\"og:title\" content=\"Echangeurs &amp; Process - CHIMIMECA\" \/>\n<meta property=\"og:description\" content=\"Intercambiadores y procesos Intercambiadores Aparatos de proceso tratados, nuevos y en mantenimiento. Tratamiento en nuevo &#8211; cualificaci\u00f3n t\u00e9cnica antes de puesta en servicio. La cualificaci\u00f3n en nuevo de los aparatos de proceso responde a las mismas condiciones que todos los\u00a0equipamientos conformados en caliente, respondiendo a pliegos de condiciones de tipo\u00a0nuclear\/criog\u00e9nico\/alimentario: Limpieza qu\u00edmica en mantenimiento. La\u00a0limpieza [&hellip;]\" \/>\n<meta property=\"og:url\" content=\"https:\/\/www.chimimeca.com\/es\/echangeurs-process\/\" \/>\n<meta property=\"og:site_name\" content=\"CHIMIMECA\" \/>\n<meta property=\"article:modified_time\" content=\"2025-05-12T14:03:41+00:00\" \/>\n<meta property=\"og:image\" content=\"https:\/\/www.chimimeca.com\/wp-content\/uploads\/2024\/04\/nettoyage-chimique-echangeurs.jpg\" \/>\n<meta name=\"twitter:card\" content=\"summary_large_image\" \/>\n<meta name=\"twitter:label1\" content=\"Tiempo de lectura\" \/>\n\t<meta name=\"twitter:data1\" content=\"4 minutos\" \/>\n<script type=\"application\/ld+json\" class=\"yoast-schema-graph\">{\"@context\":\"https:\/\/schema.org\",\"@graph\":[{\"@type\":\"WebPage\",\"@id\":\"https:\/\/www.chimimeca.com\/es\/echangeurs-process\/\",\"url\":\"https:\/\/www.chimimeca.com\/es\/echangeurs-process\/\",\"name\":\"Echangeurs &amp; Process - CHIMIMECA\",\"isPartOf\":{\"@id\":\"https:\/\/www.chimimeca.com\/es\/#website\"},\"primaryImageOfPage\":{\"@id\":\"https:\/\/www.chimimeca.com\/es\/echangeurs-process\/#primaryimage\"},\"image\":{\"@id\":\"https:\/\/www.chimimeca.com\/es\/echangeurs-process\/#primaryimage\"},\"thumbnailUrl\":\"https:\/\/www.chimimeca.com\/wp-content\/uploads\/2024\/04\/nettoyage-chimique-echangeurs.jpg\",\"datePublished\":\"2024-04-24T08:22:30+00:00\",\"dateModified\":\"2025-05-12T14:03:41+00:00\",\"breadcrumb\":{\"@id\":\"https:\/\/www.chimimeca.com\/es\/echangeurs-process\/#breadcrumb\"},\"inLanguage\":\"es\",\"potentialAction\":[{\"@type\":\"ReadAction\",\"target\":[\"https:\/\/www.chimimeca.com\/es\/echangeurs-process\/\"]}]},{\"@type\":\"ImageObject\",\"inLanguage\":\"es\",\"@id\":\"https:\/\/www.chimimeca.com\/es\/echangeurs-process\/#primaryimage\",\"url\":\"https:\/\/www.chimimeca.com\/wp-content\/uploads\/2024\/04\/nettoyage-chimique-echangeurs.jpg\",\"contentUrl\":\"https:\/\/www.chimimeca.com\/wp-content\/uploads\/2024\/04\/nettoyage-chimique-echangeurs.jpg\"},{\"@type\":\"BreadcrumbList\",\"@id\":\"https:\/\/www.chimimeca.com\/es\/echangeurs-process\/#breadcrumb\",\"itemListElement\":[{\"@type\":\"ListItem\",\"position\":1,\"name\":\"Accueil\",\"item\":\"https:\/\/www.chimimeca.com\/es\/\"},{\"@type\":\"ListItem\",\"position\":2,\"name\":\"Echangeurs &amp; Process\"}]},{\"@type\":\"WebSite\",\"@id\":\"https:\/\/www.chimimeca.com\/es\/#website\",\"url\":\"https:\/\/www.chimimeca.com\/es\/\",\"name\":\"CHIMIMECA\",\"description\":\"\",\"publisher\":{\"@id\":\"https:\/\/www.chimimeca.com\/es\/#organization\"},\"potentialAction\":[{\"@type\":\"SearchAction\",\"target\":{\"@type\":\"EntryPoint\",\"urlTemplate\":\"https:\/\/www.chimimeca.com\/es\/?s={search_term_string}\"},\"query-input\":{\"@type\":\"PropertyValueSpecification\",\"valueRequired\":true,\"valueName\":\"search_term_string\"}}],\"inLanguage\":\"es\"},{\"@type\":\"Organization\",\"@id\":\"https:\/\/www.chimimeca.com\/es\/#organization\",\"name\":\"CHIMIMECA\",\"url\":\"https:\/\/www.chimimeca.com\/es\/\",\"logo\":{\"@type\":\"ImageObject\",\"inLanguage\":\"es\",\"@id\":\"https:\/\/www.chimimeca.com\/es\/#\/schema\/logo\/image\/\",\"url\":\"https:\/\/www.chimimeca.com\/wp-content\/uploads\/2024\/04\/logo.png\",\"contentUrl\":\"https:\/\/www.chimimeca.com\/wp-content\/uploads\/2024\/04\/logo.png\",\"width\":326,\"height\":81,\"caption\":\"CHIMIMECA\"},\"image\":{\"@id\":\"https:\/\/www.chimimeca.com\/es\/#\/schema\/logo\/image\/\"}}]}<\/script>\n<!-- \/ Yoast SEO plugin. -->","yoast_head_json":{"title":"Echangeurs &amp; Process - CHIMIMECA","robots":{"index":"index","follow":"follow","max-snippet":"max-snippet:-1","max-image-preview":"max-image-preview:large","max-video-preview":"max-video-preview:-1"},"canonical":"https:\/\/www.chimimeca.com\/es\/echangeurs-process\/","og_locale":"es_ES","og_type":"article","og_title":"Echangeurs &amp; Process - CHIMIMECA","og_description":"Intercambiadores y procesos Intercambiadores Aparatos de proceso tratados, nuevos y en mantenimiento. Tratamiento en nuevo &#8211; cualificaci\u00f3n t\u00e9cnica antes de puesta en servicio. La cualificaci\u00f3n en nuevo de los aparatos de proceso responde a las mismas condiciones que todos los\u00a0equipamientos conformados en caliente, respondiendo a pliegos de condiciones de tipo\u00a0nuclear\/criog\u00e9nico\/alimentario: Limpieza qu\u00edmica en mantenimiento. La\u00a0limpieza [&hellip;]","og_url":"https:\/\/www.chimimeca.com\/es\/echangeurs-process\/","og_site_name":"CHIMIMECA","article_modified_time":"2025-05-12T14:03:41+00:00","og_image":[{"url":"https:\/\/www.chimimeca.com\/wp-content\/uploads\/2024\/04\/nettoyage-chimique-echangeurs.jpg","type":"","width":"","height":""}],"twitter_card":"summary_large_image","twitter_misc":{"Tiempo de lectura":"4 minutos"},"schema":{"@context":"https:\/\/schema.org","@graph":[{"@type":"WebPage","@id":"https:\/\/www.chimimeca.com\/es\/echangeurs-process\/","url":"https:\/\/www.chimimeca.com\/es\/echangeurs-process\/","name":"Echangeurs &amp; Process - CHIMIMECA","isPartOf":{"@id":"https:\/\/www.chimimeca.com\/es\/#website"},"primaryImageOfPage":{"@id":"https:\/\/www.chimimeca.com\/es\/echangeurs-process\/#primaryimage"},"image":{"@id":"https:\/\/www.chimimeca.com\/es\/echangeurs-process\/#primaryimage"},"thumbnailUrl":"https:\/\/www.chimimeca.com\/wp-content\/uploads\/2024\/04\/nettoyage-chimique-echangeurs.jpg","datePublished":"2024-04-24T08:22:30+00:00","dateModified":"2025-05-12T14:03:41+00:00","breadcrumb":{"@id":"https:\/\/www.chimimeca.com\/es\/echangeurs-process\/#breadcrumb"},"inLanguage":"es","potentialAction":[{"@type":"ReadAction","target":["https:\/\/www.chimimeca.com\/es\/echangeurs-process\/"]}]},{"@type":"ImageObject","inLanguage":"es","@id":"https:\/\/www.chimimeca.com\/es\/echangeurs-process\/#primaryimage","url":"https:\/\/www.chimimeca.com\/wp-content\/uploads\/2024\/04\/nettoyage-chimique-echangeurs.jpg","contentUrl":"https:\/\/www.chimimeca.com\/wp-content\/uploads\/2024\/04\/nettoyage-chimique-echangeurs.jpg"},{"@type":"BreadcrumbList","@id":"https:\/\/www.chimimeca.com\/es\/echangeurs-process\/#breadcrumb","itemListElement":[{"@type":"ListItem","position":1,"name":"Accueil","item":"https:\/\/www.chimimeca.com\/es\/"},{"@type":"ListItem","position":2,"name":"Echangeurs &amp; Process"}]},{"@type":"WebSite","@id":"https:\/\/www.chimimeca.com\/es\/#website","url":"https:\/\/www.chimimeca.com\/es\/","name":"CHIMIMECA","description":"","publisher":{"@id":"https:\/\/www.chimimeca.com\/es\/#organization"},"potentialAction":[{"@type":"SearchAction","target":{"@type":"EntryPoint","urlTemplate":"https:\/\/www.chimimeca.com\/es\/?s={search_term_string}"},"query-input":{"@type":"PropertyValueSpecification","valueRequired":true,"valueName":"search_term_string"}}],"inLanguage":"es"},{"@type":"Organization","@id":"https:\/\/www.chimimeca.com\/es\/#organization","name":"CHIMIMECA","url":"https:\/\/www.chimimeca.com\/es\/","logo":{"@type":"ImageObject","inLanguage":"es","@id":"https:\/\/www.chimimeca.com\/es\/#\/schema\/logo\/image\/","url":"https:\/\/www.chimimeca.com\/wp-content\/uploads\/2024\/04\/logo.png","contentUrl":"https:\/\/www.chimimeca.com\/wp-content\/uploads\/2024\/04\/logo.png","width":326,"height":81,"caption":"CHIMIMECA"},"image":{"@id":"https:\/\/www.chimimeca.com\/es\/#\/schema\/logo\/image\/"}}]}},"_links":{"self":[{"href":"https:\/\/www.chimimeca.com\/es\/wp-json\/wp\/v2\/pages\/1626","targetHints":{"allow":["GET"]}}],"collection":[{"href":"https:\/\/www.chimimeca.com\/es\/wp-json\/wp\/v2\/pages"}],"about":[{"href":"https:\/\/www.chimimeca.com\/es\/wp-json\/wp\/v2\/types\/page"}],"author":[{"embeddable":true,"href":"https:\/\/www.chimimeca.com\/es\/wp-json\/wp\/v2\/users\/1"}],"replies":[{"embeddable":true,"href":"https:\/\/www.chimimeca.com\/es\/wp-json\/wp\/v2\/comments?post=1626"}],"version-history":[{"count":4,"href":"https:\/\/www.chimimeca.com\/es\/wp-json\/wp\/v2\/pages\/1626\/revisions"}],"predecessor-version":[{"id":1859,"href":"https:\/\/www.chimimeca.com\/es\/wp-json\/wp\/v2\/pages\/1626\/revisions\/1859"}],"wp:attachment":[{"href":"https:\/\/www.chimimeca.com\/es\/wp-json\/wp\/v2\/media?parent=1626"}],"curies":[{"name":"wp","href":"https:\/\/api.w.org\/{rel}","templated":true}]}}