{"id":1619,"date":"2024-04-24T10:03:15","date_gmt":"2024-04-24T08:03:15","guid":{"rendered":"https:\/\/www.chimimeca.com\/reseaux-distributions\/"},"modified":"2025-05-12T15:41:33","modified_gmt":"2025-05-12T13:41:33","slug":"reseaux-distributions","status":"publish","type":"page","link":"https:\/\/www.chimimeca.com\/es\/reseaux-distributions\/","title":{"rendered":"R\u00e9seaux &amp; Distributions"},"content":{"rendered":"<div class=\"gb-container gb-container-02394211\">\n\n<h1 class=\"wp-block-heading has-base-2-color has-text-color has-link-color wp-elements-a96b9e94d55cb78d8d06ec2f33fc97b0\" style=\"margin-top:0;margin-bottom:0;font-size:clamp(22.041px, 1.378rem + ((1vw - 3.2px) * 1.091), 36px);text-transform:uppercase\">Redes y distribuciones<\/h1>\n\n<\/div>\n\n<div class=\"gb-container gb-container-02488878\">\n<div class=\"gb-container gb-container-0b8be6b2 li-pins\">\n<div class=\"gb-container gb-container-d81d1bb6\">\n\n<h2 class=\"wp-block-heading has-custom-couleur-3-color has-text-color has-link-color wp-elements-3696efde9ee4aedfafe540f644957b5c\" style=\"font-size:clamp(18.959px, 1.185rem + ((1vw - 3.2px) * 0.863), 30px);font-style:normal;font-weight:700\">Las redes son tratadas mayoritariamente por recirculaci\u00f3n.<br>La cualificaci\u00f3n final requiere una filtraci\u00f3n adaptada..<\/h2>\n\n\n\n<h3 class=\"wp-block-heading has-custom-couleur-3-color has-text-color has-link-color wp-elements-8e0573f7773f3fb73f014f0e85d437cb\" style=\"margin-top:0;font-size:clamp(14px, 0.875rem + ((1vw - 3.2px) * 0.469), 20px);\">Limpieza primaria &#8211; circuitos nuevos &#8211; cualificaci\u00f3n inicial.<\/h3>\n\n\n<div class=\"gb-container gb-container-10dfe1b8\">\n<div class=\"gb-container gb-container-341fc4bc\">\n\n<figure class=\"gb-block-image gb-block-image-07ca4a57\"><img loading=\"lazy\" decoding=\"async\" width=\"191\" height=\"126\" class=\"gb-image gb-image-07ca4a57\" src=\"https:\/\/www.chimimeca.com\/wp-content\/uploads\/2024\/04\/atelier-traitement-metaux.jpg\" alt=\"\" title=\"atelier-traitement-metaux\"\/><\/figure>\n\n<\/div>\n\n<div class=\"gb-container gb-container-88c037ec\">\n\n<p class=\"has-custom-couleur-4-color has-text-color has-link-color wp-elements-19026809ce7dca29df1f58be00ddc65a\" style=\"font-size:clamp(14px, 0.875rem + ((1vw - 3.2px) * 0.078), 15px);\">La limpieza primaria corresponde a las redes de\u00a0<a href=\"https:\/\/www.chimimeca.com\/es\/alimentaire-agro-alimentaire\/\">acero inoxidable &#8211; alimentarias<\/a>, fluidos t\u00e9cnicos como agua desmineralizada- y redes de acero \u2013 fluidos auxiliares, agua, vapor, cloro. Las l\u00edneas de acero inoxidable de rugosidad controlada (Ra &lt; 0,8) nunca se decapan. Ciertas aplicaciones requieren un secado final:<\/p>\n\n\n\n<ul style=\"font-size:clamp(14px, 0.875rem + ((1vw - 3.2px) * 0.078), 15px);\" class=\"wp-block-list\">\n<li>Redes para agua EPU\/PPI (agua purificada\/para preparaci\u00f3n inyectable)<\/li>\n\n\n\n<li>Redes de proceso o vapor a AP<\/li>\n\n\n\n<li>Redes t\u00e9cnicas de ox\u00edgeno o cloro<\/li>\n<\/ul>\n\n<\/div>\n<\/div>\n\n\n<h3 class=\"wp-block-heading has-custom-couleur-3-color has-text-color has-link-color wp-elements-1357515df75ff805e7091df15a9e7c22\" style=\"font-size:clamp(14px, 0.875rem + ((1vw - 3.2px) * 0.469), 20px);\">Limpieza secundaria &#8211; limpieza qu\u00edmica &#8211; lixiviaci\u00f3n.<\/h3>\n\n\n<div class=\"gb-container gb-container-84928262\">\n<div class=\"gb-container gb-container-15f90004\">\n\n<p class=\"has-custom-couleur-4-color has-text-color has-link-color wp-elements-a0aabedba4f5a461df4391ee69b80efd\" style=\"font-size:clamp(14px, 0.875rem + ((1vw - 3.2px) * 0.078), 15px);\">La limpieza secundaria corresponde a las redes de acero inoxidable en servicio &#8211;\u00a0<a href=\"https:\/\/www.chimimeca.com\/es\/derouging\/\">derouging<\/a>,\u00a0<a href=\"https:\/\/www.chimimeca.com\/es\/sanitation\/\">saneamiento\u00a0<\/a>&#8211; y las redes de acero a las utilidades en mantenimiento &#8211;\u00a0<a href=\"https:\/\/www.chimimeca.com\/es\/detartrage-desembouage\/\">desincrustaci\u00f3n<\/a>, deslodado :<\/p>\n\n\n\n<ul style=\"font-size:clamp(14px, 0.875rem + ((1vw - 3.2px) * 0.078), 15px);\" class=\"wp-block-list\">\n<li>Redes acero inoxidable EDI (agua desmineralizada), redes de acero inoxidable de procesos biofarmac\u00e9uticos<\/li>\n\n\n\n<li>Redes acero vapor \/ grupos frigor\u00edficos<\/li>\n\n\n\n<li>Redes acero calefacci\u00f3n \/ agua glicolada \/ salmuera<\/li>\n<\/ul>\n\n<\/div>\n\n<div class=\"gb-container gb-container-cf5ed0a7\">\n\n<figure class=\"gb-block-image gb-block-image-3c2d9bee\"><img loading=\"lazy\" decoding=\"async\" width=\"191\" height=\"126\" class=\"gb-image gb-image-3c2d9bee\" src=\"https:\/\/www.chimimeca.com\/wp-content\/uploads\/2024\/04\/ateliers-traitement-chimique-metaux.jpg\" alt=\"\" title=\"ateliers-traitement-chimique-metaux\"\/><\/figure>\n\n<\/div>\n<\/div>\n<\/div>\n<\/div>\n\n<div class=\"gb-container gb-container-ecb77b32 sidebar text-underline-secondary\">\n<div class=\"gb-container gb-container-6009d736\">\n<div class=\"gb-container gb-container-47ec527a\">\n\n<h3 class=\"wp-block-heading has-custom-couleur-4-color has-text-color has-link-color wp-elements-71b2617deb5d88218d7b89ed7861041d\" style=\"font-size:clamp(14px, 0.875rem + ((1vw - 3.2px) * 0.469), 20px);text-transform:uppercase\">Prestaciones especializadas<\/h3>\n\n\n\n<ul style=\"font-size:clamp(14px, 0.875rem + ((1vw - 3.2px) * 0.078), 15px);\" class=\"wp-block-list has-custom-couleur-4-color has-text-color has-link-color wp-elements-4af0533c6b481e58c6317c9f086941ff\">\n<li style=\"margin-top:var(--wp--preset--spacing--10);margin-bottom:var(--wp--preset--spacing--10)\"><a href=\"#\"><\/a><a href=\"https:\/\/www.chimimeca.com\/es\/prestations-ateliers\/\">Prestaciones en talleres<\/a><\/li>\n\n\n\n<li style=\"margin-top:var(--wp--preset--spacing--10);margin-bottom:var(--wp--preset--spacing--10)\"><a data-type=\"page\" data-id=\"332\" href=\"https:\/\/www.chimimeca.com\/es\/interventions-sur-sites\/\"><\/a><a href=\"https:\/\/www.chimimeca.com\/es\/reseaux-distributions\/\">Redes y distribuciones<\/a><\/li>\n\n\n\n<li style=\"margin-top:var(--wp--preset--spacing--10);margin-bottom:var(--wp--preset--spacing--10)\"><a data-type=\"page\" data-id=\"341\" href=\"https:\/\/www.chimimeca.com\/es\/reseaux-distributions\/\"><\/a><a href=\"https:\/\/www.chimimeca.com\/es\/echangeurs-process\/\">Intercambiadores y procesos<\/a><\/li>\n\n\n\n<li style=\"margin-top:var(--wp--preset--spacing--10);margin-bottom:var(--wp--preset--spacing--10)\"><a href=\"#\"><\/a><a href=\"https:\/\/www.chimimeca.com\/mise-en-proprete-reseaux-acier-inox\"><\/a><a href=\"https:\/\/www.chimimeca.com\/es\/cuves-reservoirs\/\">Cubas y dep\u00f3sitos<\/a><\/li>\n\n\n\n<li style=\"margin-top:var(--wp--preset--spacing--10);margin-bottom:var(--wp--preset--spacing--10)\"><a href=\"#\"><\/a><a href=\"https:\/\/www.chimimeca.com\/mise-en-proprete-reseaux-acier-inox\"><\/a><a href=\"https:\/\/www.chimimeca.com\/es\/chaudieres-et-doubles-enveloppes\/\">Calderas y cubiertas dobles<\/a><\/li>\n<\/ul>\n\n<\/div>\n\n<div class=\"gb-container gb-container-41a03213\">\n\n<h3 class=\"wp-block-heading has-custom-couleur-4-color has-text-color has-link-color wp-elements-691d8fd9def7c5df63c6f6282b2ebb42\" style=\"font-size:clamp(14px, 0.875rem + ((1vw - 3.2px) * 0.469), 20px);text-transform:uppercase\">DESCARGA NUESTRO FOLLETO<\/h3>\n\n\n\n<a class=\"gb-button gb-button-c8374e70 gb-button-text telecharger\" href=\"\/wp-content\/uploads\/2024\/04\/Presentation-Chimimeca_ProduitsMateriels_Ateliers_Interventions-sur-site_2024.pdf\" target=\"_blank\" rel=\"noopener noreferrer\">DESCARGA NUESTRO FOLLETO<\/a>\n\n<\/div>\n\n<div class=\"gb-container gb-container-07485d43\">\n\n<h3 class=\"wp-block-heading has-custom-couleur-4-color has-text-color has-link-color wp-elements-2d30c6b3694e44d0dc58fb5b9511509f\" style=\"font-size:clamp(14px, 0.875rem + ((1vw - 3.2px) * 0.469), 20px);text-transform:uppercase\">Nos evaluar !<\/h3>\n\n\n\n<a class=\"gb-button gb-button-5d511fe5 gb-button-text avis\" href=\"https:\/\/www.chimimeca.com\/es\/avis\/\">DAR SU OPINION<\/a>\n\n<\/div>\n<\/div>\n<\/div>\n<\/div>","protected":false},"excerpt":{"rendered":"<p>Redes y distribuciones Las redes son tratadas mayoritariamente por recirculaci\u00f3n.La cualificaci\u00f3n final requiere una filtraci\u00f3n adaptada.. Limpieza primaria &#8211; circuitos nuevos &#8211; cualificaci\u00f3n inicial. La limpieza primaria corresponde a las redes de\u00a0acero inoxidable &#8211; alimentarias, fluidos t\u00e9cnicos como agua desmineralizada- y redes de acero \u2013 fluidos auxiliares, agua, vapor, cloro. Las l\u00edneas de acero inoxidable [&hellip;]<\/p>\n","protected":false},"author":1,"featured_media":0,"parent":0,"menu_order":0,"comment_status":"closed","ping_status":"closed","template":"","meta":{"_acf_changed":false,"footnotes":""},"class_list":["post-1619","page","type-page","status-publish","hentry"],"acf":[],"yoast_head":"<!-- This site is optimized with the Yoast SEO plugin v26.3 - https:\/\/yoast.com\/wordpress\/plugins\/seo\/ -->\n<title>R\u00e9seaux &amp; Distributions - CHIMIMECA<\/title>\n<meta name=\"robots\" content=\"index, follow, max-snippet:-1, max-image-preview:large, max-video-preview:-1\" \/>\n<link rel=\"canonical\" href=\"https:\/\/www.chimimeca.com\/es\/reseaux-distributions\/\" \/>\n<meta property=\"og:locale\" content=\"es_ES\" \/>\n<meta property=\"og:type\" content=\"article\" \/>\n<meta property=\"og:title\" content=\"R\u00e9seaux &amp; Distributions - CHIMIMECA\" \/>\n<meta property=\"og:description\" content=\"Redes y distribuciones Las redes son tratadas mayoritariamente por recirculaci\u00f3n.La cualificaci\u00f3n final requiere una filtraci\u00f3n adaptada.. Limpieza primaria &#8211; circuitos nuevos &#8211; cualificaci\u00f3n inicial. La limpieza primaria corresponde a las redes de\u00a0acero inoxidable &#8211; alimentarias, fluidos t\u00e9cnicos como agua desmineralizada- y redes de acero \u2013 fluidos auxiliares, agua, vapor, cloro. Las l\u00edneas de acero inoxidable [&hellip;]\" \/>\n<meta property=\"og:url\" content=\"https:\/\/www.chimimeca.com\/es\/reseaux-distributions\/\" \/>\n<meta property=\"og:site_name\" content=\"CHIMIMECA\" \/>\n<meta property=\"article:modified_time\" content=\"2025-05-12T13:41:33+00:00\" \/>\n<meta property=\"og:image\" content=\"https:\/\/www.chimimeca.com\/wp-content\/uploads\/2024\/04\/atelier-traitement-metaux.jpg\" \/>\n<meta name=\"twitter:card\" content=\"summary_large_image\" \/>\n<meta name=\"twitter:label1\" content=\"Tiempo de lectura\" \/>\n\t<meta name=\"twitter:data1\" content=\"4 minutos\" \/>\n<script type=\"application\/ld+json\" class=\"yoast-schema-graph\">{\"@context\":\"https:\/\/schema.org\",\"@graph\":[{\"@type\":\"WebPage\",\"@id\":\"https:\/\/www.chimimeca.com\/es\/reseaux-distributions\/\",\"url\":\"https:\/\/www.chimimeca.com\/es\/reseaux-distributions\/\",\"name\":\"R\u00e9seaux &amp; Distributions - CHIMIMECA\",\"isPartOf\":{\"@id\":\"https:\/\/www.chimimeca.com\/es\/#website\"},\"primaryImageOfPage\":{\"@id\":\"https:\/\/www.chimimeca.com\/es\/reseaux-distributions\/#primaryimage\"},\"image\":{\"@id\":\"https:\/\/www.chimimeca.com\/es\/reseaux-distributions\/#primaryimage\"},\"thumbnailUrl\":\"https:\/\/www.chimimeca.com\/wp-content\/uploads\/2024\/04\/atelier-traitement-metaux.jpg\",\"datePublished\":\"2024-04-24T08:03:15+00:00\",\"dateModified\":\"2025-05-12T13:41:33+00:00\",\"breadcrumb\":{\"@id\":\"https:\/\/www.chimimeca.com\/es\/reseaux-distributions\/#breadcrumb\"},\"inLanguage\":\"es\",\"potentialAction\":[{\"@type\":\"ReadAction\",\"target\":[\"https:\/\/www.chimimeca.com\/es\/reseaux-distributions\/\"]}]},{\"@type\":\"ImageObject\",\"inLanguage\":\"es\",\"@id\":\"https:\/\/www.chimimeca.com\/es\/reseaux-distributions\/#primaryimage\",\"url\":\"https:\/\/www.chimimeca.com\/wp-content\/uploads\/2024\/04\/atelier-traitement-metaux.jpg\",\"contentUrl\":\"https:\/\/www.chimimeca.com\/wp-content\/uploads\/2024\/04\/atelier-traitement-metaux.jpg\"},{\"@type\":\"BreadcrumbList\",\"@id\":\"https:\/\/www.chimimeca.com\/es\/reseaux-distributions\/#breadcrumb\",\"itemListElement\":[{\"@type\":\"ListItem\",\"position\":1,\"name\":\"Accueil\",\"item\":\"https:\/\/www.chimimeca.com\/es\/\"},{\"@type\":\"ListItem\",\"position\":2,\"name\":\"R\u00e9seaux &amp; Distributions\"}]},{\"@type\":\"WebSite\",\"@id\":\"https:\/\/www.chimimeca.com\/es\/#website\",\"url\":\"https:\/\/www.chimimeca.com\/es\/\",\"name\":\"CHIMIMECA\",\"description\":\"\",\"publisher\":{\"@id\":\"https:\/\/www.chimimeca.com\/es\/#organization\"},\"potentialAction\":[{\"@type\":\"SearchAction\",\"target\":{\"@type\":\"EntryPoint\",\"urlTemplate\":\"https:\/\/www.chimimeca.com\/es\/?s={search_term_string}\"},\"query-input\":{\"@type\":\"PropertyValueSpecification\",\"valueRequired\":true,\"valueName\":\"search_term_string\"}}],\"inLanguage\":\"es\"},{\"@type\":\"Organization\",\"@id\":\"https:\/\/www.chimimeca.com\/es\/#organization\",\"name\":\"CHIMIMECA\",\"url\":\"https:\/\/www.chimimeca.com\/es\/\",\"logo\":{\"@type\":\"ImageObject\",\"inLanguage\":\"es\",\"@id\":\"https:\/\/www.chimimeca.com\/es\/#\/schema\/logo\/image\/\",\"url\":\"https:\/\/www.chimimeca.com\/wp-content\/uploads\/2024\/04\/logo.png\",\"contentUrl\":\"https:\/\/www.chimimeca.com\/wp-content\/uploads\/2024\/04\/logo.png\",\"width\":326,\"height\":81,\"caption\":\"CHIMIMECA\"},\"image\":{\"@id\":\"https:\/\/www.chimimeca.com\/es\/#\/schema\/logo\/image\/\"}}]}<\/script>\n<!-- \/ Yoast SEO plugin. -->","yoast_head_json":{"title":"R\u00e9seaux &amp; Distributions - CHIMIMECA","robots":{"index":"index","follow":"follow","max-snippet":"max-snippet:-1","max-image-preview":"max-image-preview:large","max-video-preview":"max-video-preview:-1"},"canonical":"https:\/\/www.chimimeca.com\/es\/reseaux-distributions\/","og_locale":"es_ES","og_type":"article","og_title":"R\u00e9seaux &amp; Distributions - CHIMIMECA","og_description":"Redes y distribuciones Las redes son tratadas mayoritariamente por recirculaci\u00f3n.La cualificaci\u00f3n final requiere una filtraci\u00f3n adaptada.. Limpieza primaria &#8211; circuitos nuevos &#8211; cualificaci\u00f3n inicial. La limpieza primaria corresponde a las redes de\u00a0acero inoxidable &#8211; alimentarias, fluidos t\u00e9cnicos como agua desmineralizada- y redes de acero \u2013 fluidos auxiliares, agua, vapor, cloro. Las l\u00edneas de acero inoxidable [&hellip;]","og_url":"https:\/\/www.chimimeca.com\/es\/reseaux-distributions\/","og_site_name":"CHIMIMECA","article_modified_time":"2025-05-12T13:41:33+00:00","og_image":[{"url":"https:\/\/www.chimimeca.com\/wp-content\/uploads\/2024\/04\/atelier-traitement-metaux.jpg","type":"","width":"","height":""}],"twitter_card":"summary_large_image","twitter_misc":{"Tiempo de lectura":"4 minutos"},"schema":{"@context":"https:\/\/schema.org","@graph":[{"@type":"WebPage","@id":"https:\/\/www.chimimeca.com\/es\/reseaux-distributions\/","url":"https:\/\/www.chimimeca.com\/es\/reseaux-distributions\/","name":"R\u00e9seaux &amp; Distributions - CHIMIMECA","isPartOf":{"@id":"https:\/\/www.chimimeca.com\/es\/#website"},"primaryImageOfPage":{"@id":"https:\/\/www.chimimeca.com\/es\/reseaux-distributions\/#primaryimage"},"image":{"@id":"https:\/\/www.chimimeca.com\/es\/reseaux-distributions\/#primaryimage"},"thumbnailUrl":"https:\/\/www.chimimeca.com\/wp-content\/uploads\/2024\/04\/atelier-traitement-metaux.jpg","datePublished":"2024-04-24T08:03:15+00:00","dateModified":"2025-05-12T13:41:33+00:00","breadcrumb":{"@id":"https:\/\/www.chimimeca.com\/es\/reseaux-distributions\/#breadcrumb"},"inLanguage":"es","potentialAction":[{"@type":"ReadAction","target":["https:\/\/www.chimimeca.com\/es\/reseaux-distributions\/"]}]},{"@type":"ImageObject","inLanguage":"es","@id":"https:\/\/www.chimimeca.com\/es\/reseaux-distributions\/#primaryimage","url":"https:\/\/www.chimimeca.com\/wp-content\/uploads\/2024\/04\/atelier-traitement-metaux.jpg","contentUrl":"https:\/\/www.chimimeca.com\/wp-content\/uploads\/2024\/04\/atelier-traitement-metaux.jpg"},{"@type":"BreadcrumbList","@id":"https:\/\/www.chimimeca.com\/es\/reseaux-distributions\/#breadcrumb","itemListElement":[{"@type":"ListItem","position":1,"name":"Accueil","item":"https:\/\/www.chimimeca.com\/es\/"},{"@type":"ListItem","position":2,"name":"R\u00e9seaux &amp; Distributions"}]},{"@type":"WebSite","@id":"https:\/\/www.chimimeca.com\/es\/#website","url":"https:\/\/www.chimimeca.com\/es\/","name":"CHIMIMECA","description":"","publisher":{"@id":"https:\/\/www.chimimeca.com\/es\/#organization"},"potentialAction":[{"@type":"SearchAction","target":{"@type":"EntryPoint","urlTemplate":"https:\/\/www.chimimeca.com\/es\/?s={search_term_string}"},"query-input":{"@type":"PropertyValueSpecification","valueRequired":true,"valueName":"search_term_string"}}],"inLanguage":"es"},{"@type":"Organization","@id":"https:\/\/www.chimimeca.com\/es\/#organization","name":"CHIMIMECA","url":"https:\/\/www.chimimeca.com\/es\/","logo":{"@type":"ImageObject","inLanguage":"es","@id":"https:\/\/www.chimimeca.com\/es\/#\/schema\/logo\/image\/","url":"https:\/\/www.chimimeca.com\/wp-content\/uploads\/2024\/04\/logo.png","contentUrl":"https:\/\/www.chimimeca.com\/wp-content\/uploads\/2024\/04\/logo.png","width":326,"height":81,"caption":"CHIMIMECA"},"image":{"@id":"https:\/\/www.chimimeca.com\/es\/#\/schema\/logo\/image\/"}}]}},"_links":{"self":[{"href":"https:\/\/www.chimimeca.com\/es\/wp-json\/wp\/v2\/pages\/1619","targetHints":{"allow":["GET"]}}],"collection":[{"href":"https:\/\/www.chimimeca.com\/es\/wp-json\/wp\/v2\/pages"}],"about":[{"href":"https:\/\/www.chimimeca.com\/es\/wp-json\/wp\/v2\/types\/page"}],"author":[{"embeddable":true,"href":"https:\/\/www.chimimeca.com\/es\/wp-json\/wp\/v2\/users\/1"}],"replies":[{"embeddable":true,"href":"https:\/\/www.chimimeca.com\/es\/wp-json\/wp\/v2\/comments?post=1619"}],"version-history":[{"count":6,"href":"https:\/\/www.chimimeca.com\/es\/wp-json\/wp\/v2\/pages\/1619\/revisions"}],"predecessor-version":[{"id":1857,"href":"https:\/\/www.chimimeca.com\/es\/wp-json\/wp\/v2\/pages\/1619\/revisions\/1857"}],"wp:attachment":[{"href":"https:\/\/www.chimimeca.com\/es\/wp-json\/wp\/v2\/media?parent=1619"}],"curies":[{"name":"wp","href":"https:\/\/api.w.org\/{rel}","templated":true}]}}