{"id":1614,"date":"2024-04-24T09:47:21","date_gmt":"2024-04-24T07:47:21","guid":{"rendered":"https:\/\/www.chimimeca.com\/interventions-sur-sites\/"},"modified":"2025-05-09T13:21:42","modified_gmt":"2025-05-09T11:21:42","slug":"interventions-sur-sites","status":"publish","type":"page","link":"https:\/\/www.chimimeca.com\/es\/interventions-sur-sites\/","title":{"rendered":"Interventions sur sites"},"content":{"rendered":"<div class=\"gb-container gb-container-02394211\">\n\n<h1 class=\"wp-block-heading has-base-2-color has-text-color has-link-color wp-elements-ec3c8586a82873f1b22eb652123a41da\" style=\"margin-top:0;margin-bottom:0;font-size:clamp(22.041px, 1.378rem + ((1vw - 3.2px) * 1.091), 36px);text-transform:uppercase\">Interventions sur sites<\/h1>\n\n<\/div>\n\n<div class=\"gb-container gb-container-02488878\">\n<div class=\"gb-container gb-container-0b8be6b2 li-pins\">\n<div class=\"gb-container gb-container-d81d1bb6\">\n\n<h2 class=\"wp-block-heading has-custom-couleur-3-color has-text-color has-link-color wp-elements-f2eb85eb71ce3d4d0c359a7bd7e45b73\" style=\"font-size:clamp(18.959px, 1.185rem + ((1vw - 3.2px) * 0.863), 30px);font-style:normal;font-weight:700\">Nos \u00e9quipes sp\u00e9cialis\u00e9es interviennent sur site pour la r\u00e9alisation des travaux de mise en propret\u00e9 finale de vos \u00e9quipements et installations industrielles, dans un cadre formalis\u00e9 par le r\u00e9f\u00e9rentiel QHSE MASE.<\/h2>\n\n\n\n<p class=\"has-custom-couleur-4-color has-text-color has-link-color wp-elements-5c5bce7aa73c089c051acbc14ef2b199\" style=\"font-size:clamp(14px, 0.875rem + ((1vw - 3.2px) * 0.078), 15px);\">Nos prestations de\u00a0<strong><mark style=\"background-color:rgba(0, 0, 0, 0)\" class=\"has-inline-color has-custom-couleur-3-color\">Nettoyage chimique &#8211; Passivation &#8211; Derouging<\/mark>\u00a0<\/strong>sont pr\u00e9c\u00e9d\u00e9es d&#8217;une \u00e9tude compl\u00e8te assortie d&#8217;une pr\u00e9-visite de vos installations, pour des conditions de r\u00e9alisation optimum et un r\u00e9sultat \u00e0 l&#8217;objectif, par exemple :<\/p>\n\n\n<div class=\"gb-container gb-container-10dfe1b8\">\n<div class=\"gb-container gb-container-88c037ec\">\n\n<ul style=\"font-size:clamp(14px, 0.875rem + ((1vw - 3.2px) * 0.078), 15px);\" class=\"wp-block-list is-style-default has-custom-couleur-4-color has-text-color has-link-color wp-elements-bbb18d4d2fcaf903f414bc13316b1969\">\n<li class=\"has-custom-couleur-4-color has-text-color has-link-color wp-elements-31e9bb210041ca6e78f8534afed26ac3\">Traitement d&#8217;appareils neufs en&nbsp;<a href=\"\/wp-content\/uploads\/2024\/04\/CHIMIMECA_Chaudronnerie7c.pdf\" target=\"_blank\" rel=\"noreferrer noopener\">chaudronnerie<\/a><\/li>\n\n\n\n<li>Interventions en&nbsp;<a href=\"\/wp-content\/uploads\/2024\/04\/CHIMIMECA_Maintenance7c.pdf\" target=\"_blank\" rel=\"noreferrer noopener\">maintenance industrielle<\/a><\/li>\n\n\n\n<li>Qualification d&#8217;Installation&nbsp;<a href=\"\/wp-content\/uploads\/2024\/04\/CHIMIMECA_Pharmacie7c.pdf\" target=\"_blank\" rel=\"noreferrer noopener\">process de pointe<\/a><\/li>\n<\/ul>\n\n\n\n<p class=\"has-custom-couleur-4-color has-text-color has-link-color wp-elements-da297ce633e35b780a905e414c5a0504\" style=\"font-size:clamp(14px, 0.875rem + ((1vw - 3.2px) * 0.078), 15px);\">Nos prestations de&nbsp;<strong>mise en propret\u00e9 des surfaces m\u00e9talliques&nbsp;<\/strong>int\u00e8grent : PDP ou PPSPS, Plan Qualit\u00e9 et tra\u00e7abilit\u00e9 op\u00e9ratoire, Suivi Documentaire, Gestion des effluents et destruction en centre agr\u00e9e avec BSDI.<\/p>\n\n<\/div>\n\n<div class=\"gb-container gb-container-341fc4bc\">\n\n<figure class=\"gb-block-image gb-block-image-07ca4a57\"><img loading=\"lazy\" decoding=\"async\" width=\"191\" height=\"126\" class=\"gb-image gb-image-07ca4a57\" src=\"https:\/\/www.chimimeca.com\/wp-content\/uploads\/2024\/04\/nettoyage-chimique-metaux-sur-sites.jpg\" alt=\"\" title=\"nettoyage-chimique-metaux-sur-sites\"\/><\/figure>\n\n<\/div>\n<\/div>\n<\/div>\n<\/div>\n\n<div class=\"gb-container gb-container-ecb77b32 sidebar text-underline-secondary\">\n<div class=\"gb-container gb-container-6009d736\">\n<div class=\"gb-container gb-container-41a03213\">\n\n<h3 class=\"wp-block-heading has-custom-couleur-4-color has-text-color has-link-color wp-elements-691d8fd9def7c5df63c6f6282b2ebb42\" style=\"font-size:clamp(14px, 0.875rem + ((1vw - 3.2px) * 0.469), 20px);text-transform:uppercase\">DESCARGA NUESTRO FOLLETO<\/h3>\n\n\n\n<a class=\"gb-button gb-button-c8374e70 gb-button-text telecharger\" href=\"\/wp-content\/uploads\/2024\/04\/Presentation-Chimimeca_ProduitsMateriels_Ateliers_Interventions-sur-site_2024.pdf\" target=\"_blank\" rel=\"noopener noreferrer\">DESCARGA NUESTRO FOLLETO<\/a>\n\n<\/div>\n\n<div class=\"gb-container gb-container-07485d43\">\n\n<h3 class=\"wp-block-heading has-custom-couleur-4-color has-text-color has-link-color wp-elements-2d30c6b3694e44d0dc58fb5b9511509f\" style=\"font-size:clamp(14px, 0.875rem + ((1vw - 3.2px) * 0.469), 20px);text-transform:uppercase\">Nos evaluar !<\/h3>\n\n\n\n<a class=\"gb-button gb-button-5d511fe5 gb-button-text avis\" href=\"https:\/\/www.chimimeca.com\/es\/avis\/\">DAR SU OPINION<\/a>\n\n<\/div>\n<\/div>\n<\/div>\n<\/div>","protected":false},"excerpt":{"rendered":"<p>Interventions sur sites Nos \u00e9quipes sp\u00e9cialis\u00e9es interviennent sur site pour la r\u00e9alisation des travaux de mise en propret\u00e9 finale de vos \u00e9quipements et installations industrielles, dans un cadre formalis\u00e9 par le r\u00e9f\u00e9rentiel QHSE MASE. Nos prestations de\u00a0Nettoyage chimique &#8211; Passivation &#8211; Derouging\u00a0sont pr\u00e9c\u00e9d\u00e9es d&#8217;une \u00e9tude compl\u00e8te assortie d&#8217;une pr\u00e9-visite de vos installations, pour des conditions [&hellip;]<\/p>\n","protected":false},"author":1,"featured_media":0,"parent":0,"menu_order":0,"comment_status":"closed","ping_status":"closed","template":"","meta":{"_acf_changed":false,"footnotes":""},"class_list":["post-1614","page","type-page","status-publish","hentry"],"acf":[],"yoast_head":"<!-- This site is optimized with the Yoast SEO plugin v26.3 - https:\/\/yoast.com\/wordpress\/plugins\/seo\/ -->\n<title>Interventions sur sites - CHIMIMECA<\/title>\n<meta name=\"robots\" content=\"index, follow, max-snippet:-1, max-image-preview:large, max-video-preview:-1\" \/>\n<link rel=\"canonical\" href=\"https:\/\/www.chimimeca.com\/es\/interventions-sur-sites\/\" \/>\n<meta property=\"og:locale\" content=\"es_ES\" \/>\n<meta property=\"og:type\" content=\"article\" \/>\n<meta property=\"og:title\" content=\"Interventions sur sites - CHIMIMECA\" \/>\n<meta property=\"og:description\" content=\"Interventions sur sites Nos \u00e9quipes sp\u00e9cialis\u00e9es interviennent sur site pour la r\u00e9alisation des travaux de mise en propret\u00e9 finale de vos \u00e9quipements et installations industrielles, dans un cadre formalis\u00e9 par le r\u00e9f\u00e9rentiel QHSE MASE. Nos prestations de\u00a0Nettoyage chimique &#8211; Passivation &#8211; Derouging\u00a0sont pr\u00e9c\u00e9d\u00e9es d&#8217;une \u00e9tude compl\u00e8te assortie d&#8217;une pr\u00e9-visite de vos installations, pour des conditions [&hellip;]\" \/>\n<meta property=\"og:url\" content=\"https:\/\/www.chimimeca.com\/es\/interventions-sur-sites\/\" \/>\n<meta property=\"og:site_name\" content=\"CHIMIMECA\" \/>\n<meta property=\"article:modified_time\" content=\"2025-05-09T11:21:42+00:00\" \/>\n<meta property=\"og:image\" content=\"https:\/\/www.chimimeca.com\/wp-content\/uploads\/2024\/04\/nettoyage-chimique-metaux-sur-sites.jpg\" \/>\n<meta name=\"twitter:card\" content=\"summary_large_image\" \/>\n<meta name=\"twitter:label1\" content=\"Tiempo de lectura\" \/>\n\t<meta name=\"twitter:data1\" content=\"1 minuto\" \/>\n<script type=\"application\/ld+json\" class=\"yoast-schema-graph\">{\"@context\":\"https:\/\/schema.org\",\"@graph\":[{\"@type\":\"WebPage\",\"@id\":\"https:\/\/www.chimimeca.com\/es\/interventions-sur-sites\/\",\"url\":\"https:\/\/www.chimimeca.com\/es\/interventions-sur-sites\/\",\"name\":\"Interventions sur sites - CHIMIMECA\",\"isPartOf\":{\"@id\":\"https:\/\/www.chimimeca.com\/es\/#website\"},\"primaryImageOfPage\":{\"@id\":\"https:\/\/www.chimimeca.com\/es\/interventions-sur-sites\/#primaryimage\"},\"image\":{\"@id\":\"https:\/\/www.chimimeca.com\/es\/interventions-sur-sites\/#primaryimage\"},\"thumbnailUrl\":\"https:\/\/www.chimimeca.com\/wp-content\/uploads\/2024\/04\/nettoyage-chimique-metaux-sur-sites.jpg\",\"datePublished\":\"2024-04-24T07:47:21+00:00\",\"dateModified\":\"2025-05-09T11:21:42+00:00\",\"breadcrumb\":{\"@id\":\"https:\/\/www.chimimeca.com\/es\/interventions-sur-sites\/#breadcrumb\"},\"inLanguage\":\"es\",\"potentialAction\":[{\"@type\":\"ReadAction\",\"target\":[\"https:\/\/www.chimimeca.com\/es\/interventions-sur-sites\/\"]}]},{\"@type\":\"ImageObject\",\"inLanguage\":\"es\",\"@id\":\"https:\/\/www.chimimeca.com\/es\/interventions-sur-sites\/#primaryimage\",\"url\":\"https:\/\/www.chimimeca.com\/wp-content\/uploads\/2024\/04\/nettoyage-chimique-metaux-sur-sites.jpg\",\"contentUrl\":\"https:\/\/www.chimimeca.com\/wp-content\/uploads\/2024\/04\/nettoyage-chimique-metaux-sur-sites.jpg\"},{\"@type\":\"BreadcrumbList\",\"@id\":\"https:\/\/www.chimimeca.com\/es\/interventions-sur-sites\/#breadcrumb\",\"itemListElement\":[{\"@type\":\"ListItem\",\"position\":1,\"name\":\"Accueil\",\"item\":\"https:\/\/www.chimimeca.com\/es\/\"},{\"@type\":\"ListItem\",\"position\":2,\"name\":\"Interventions sur sites\"}]},{\"@type\":\"WebSite\",\"@id\":\"https:\/\/www.chimimeca.com\/es\/#website\",\"url\":\"https:\/\/www.chimimeca.com\/es\/\",\"name\":\"CHIMIMECA\",\"description\":\"\",\"publisher\":{\"@id\":\"https:\/\/www.chimimeca.com\/es\/#organization\"},\"potentialAction\":[{\"@type\":\"SearchAction\",\"target\":{\"@type\":\"EntryPoint\",\"urlTemplate\":\"https:\/\/www.chimimeca.com\/es\/?s={search_term_string}\"},\"query-input\":{\"@type\":\"PropertyValueSpecification\",\"valueRequired\":true,\"valueName\":\"search_term_string\"}}],\"inLanguage\":\"es\"},{\"@type\":\"Organization\",\"@id\":\"https:\/\/www.chimimeca.com\/es\/#organization\",\"name\":\"CHIMIMECA\",\"url\":\"https:\/\/www.chimimeca.com\/es\/\",\"logo\":{\"@type\":\"ImageObject\",\"inLanguage\":\"es\",\"@id\":\"https:\/\/www.chimimeca.com\/es\/#\/schema\/logo\/image\/\",\"url\":\"https:\/\/www.chimimeca.com\/wp-content\/uploads\/2024\/04\/logo.png\",\"contentUrl\":\"https:\/\/www.chimimeca.com\/wp-content\/uploads\/2024\/04\/logo.png\",\"width\":326,\"height\":81,\"caption\":\"CHIMIMECA\"},\"image\":{\"@id\":\"https:\/\/www.chimimeca.com\/es\/#\/schema\/logo\/image\/\"}}]}<\/script>\n<!-- \/ Yoast SEO plugin. -->","yoast_head_json":{"title":"Interventions sur sites - CHIMIMECA","robots":{"index":"index","follow":"follow","max-snippet":"max-snippet:-1","max-image-preview":"max-image-preview:large","max-video-preview":"max-video-preview:-1"},"canonical":"https:\/\/www.chimimeca.com\/es\/interventions-sur-sites\/","og_locale":"es_ES","og_type":"article","og_title":"Interventions sur sites - CHIMIMECA","og_description":"Interventions sur sites Nos \u00e9quipes sp\u00e9cialis\u00e9es interviennent sur site pour la r\u00e9alisation des travaux de mise en propret\u00e9 finale de vos \u00e9quipements et installations industrielles, dans un cadre formalis\u00e9 par le r\u00e9f\u00e9rentiel QHSE MASE. Nos prestations de\u00a0Nettoyage chimique &#8211; Passivation &#8211; Derouging\u00a0sont pr\u00e9c\u00e9d\u00e9es d&#8217;une \u00e9tude compl\u00e8te assortie d&#8217;une pr\u00e9-visite de vos installations, pour des conditions [&hellip;]","og_url":"https:\/\/www.chimimeca.com\/es\/interventions-sur-sites\/","og_site_name":"CHIMIMECA","article_modified_time":"2025-05-09T11:21:42+00:00","og_image":[{"url":"https:\/\/www.chimimeca.com\/wp-content\/uploads\/2024\/04\/nettoyage-chimique-metaux-sur-sites.jpg","type":"","width":"","height":""}],"twitter_card":"summary_large_image","twitter_misc":{"Tiempo de lectura":"1 minuto"},"schema":{"@context":"https:\/\/schema.org","@graph":[{"@type":"WebPage","@id":"https:\/\/www.chimimeca.com\/es\/interventions-sur-sites\/","url":"https:\/\/www.chimimeca.com\/es\/interventions-sur-sites\/","name":"Interventions sur sites - CHIMIMECA","isPartOf":{"@id":"https:\/\/www.chimimeca.com\/es\/#website"},"primaryImageOfPage":{"@id":"https:\/\/www.chimimeca.com\/es\/interventions-sur-sites\/#primaryimage"},"image":{"@id":"https:\/\/www.chimimeca.com\/es\/interventions-sur-sites\/#primaryimage"},"thumbnailUrl":"https:\/\/www.chimimeca.com\/wp-content\/uploads\/2024\/04\/nettoyage-chimique-metaux-sur-sites.jpg","datePublished":"2024-04-24T07:47:21+00:00","dateModified":"2025-05-09T11:21:42+00:00","breadcrumb":{"@id":"https:\/\/www.chimimeca.com\/es\/interventions-sur-sites\/#breadcrumb"},"inLanguage":"es","potentialAction":[{"@type":"ReadAction","target":["https:\/\/www.chimimeca.com\/es\/interventions-sur-sites\/"]}]},{"@type":"ImageObject","inLanguage":"es","@id":"https:\/\/www.chimimeca.com\/es\/interventions-sur-sites\/#primaryimage","url":"https:\/\/www.chimimeca.com\/wp-content\/uploads\/2024\/04\/nettoyage-chimique-metaux-sur-sites.jpg","contentUrl":"https:\/\/www.chimimeca.com\/wp-content\/uploads\/2024\/04\/nettoyage-chimique-metaux-sur-sites.jpg"},{"@type":"BreadcrumbList","@id":"https:\/\/www.chimimeca.com\/es\/interventions-sur-sites\/#breadcrumb","itemListElement":[{"@type":"ListItem","position":1,"name":"Accueil","item":"https:\/\/www.chimimeca.com\/es\/"},{"@type":"ListItem","position":2,"name":"Interventions sur sites"}]},{"@type":"WebSite","@id":"https:\/\/www.chimimeca.com\/es\/#website","url":"https:\/\/www.chimimeca.com\/es\/","name":"CHIMIMECA","description":"","publisher":{"@id":"https:\/\/www.chimimeca.com\/es\/#organization"},"potentialAction":[{"@type":"SearchAction","target":{"@type":"EntryPoint","urlTemplate":"https:\/\/www.chimimeca.com\/es\/?s={search_term_string}"},"query-input":{"@type":"PropertyValueSpecification","valueRequired":true,"valueName":"search_term_string"}}],"inLanguage":"es"},{"@type":"Organization","@id":"https:\/\/www.chimimeca.com\/es\/#organization","name":"CHIMIMECA","url":"https:\/\/www.chimimeca.com\/es\/","logo":{"@type":"ImageObject","inLanguage":"es","@id":"https:\/\/www.chimimeca.com\/es\/#\/schema\/logo\/image\/","url":"https:\/\/www.chimimeca.com\/wp-content\/uploads\/2024\/04\/logo.png","contentUrl":"https:\/\/www.chimimeca.com\/wp-content\/uploads\/2024\/04\/logo.png","width":326,"height":81,"caption":"CHIMIMECA"},"image":{"@id":"https:\/\/www.chimimeca.com\/es\/#\/schema\/logo\/image\/"}}]}},"_links":{"self":[{"href":"https:\/\/www.chimimeca.com\/es\/wp-json\/wp\/v2\/pages\/1614","targetHints":{"allow":["GET"]}}],"collection":[{"href":"https:\/\/www.chimimeca.com\/es\/wp-json\/wp\/v2\/pages"}],"about":[{"href":"https:\/\/www.chimimeca.com\/es\/wp-json\/wp\/v2\/types\/page"}],"author":[{"embeddable":true,"href":"https:\/\/www.chimimeca.com\/es\/wp-json\/wp\/v2\/users\/1"}],"replies":[{"embeddable":true,"href":"https:\/\/www.chimimeca.com\/es\/wp-json\/wp\/v2\/comments?post=1614"}],"version-history":[{"count":2,"href":"https:\/\/www.chimimeca.com\/es\/wp-json\/wp\/v2\/pages\/1614\/revisions"}],"predecessor-version":[{"id":1617,"href":"https:\/\/www.chimimeca.com\/es\/wp-json\/wp\/v2\/pages\/1614\/revisions\/1617"}],"wp:attachment":[{"href":"https:\/\/www.chimimeca.com\/es\/wp-json\/wp\/v2\/media?parent=1614"}],"curies":[{"name":"wp","href":"https:\/\/api.w.org\/{rel}","templated":true}]}}