{"id":1600,"date":"2024-04-24T13:41:48","date_gmt":"2024-04-24T11:41:48","guid":{"rendered":"https:\/\/www.chimimeca.com\/traitement-des-effluents\/"},"modified":"2025-05-09T12:11:55","modified_gmt":"2025-05-09T10:11:55","slug":"traitement-des-effluents","status":"publish","type":"page","link":"https:\/\/www.chimimeca.com\/es\/traitement-des-effluents\/","title":{"rendered":"Traitement des effluents"},"content":{"rendered":"<div class=\"gb-container gb-container-02394211\">\n\n<h1 class=\"wp-block-heading has-base-2-color has-text-color has-link-color wp-elements-a472ec1026c9d706aeb2613709fa7ca2\" style=\"margin-top:0;margin-bottom:0;font-size:clamp(22.041px, 1.378rem + ((1vw - 3.2px) * 1.091), 36px);text-transform:uppercase\">Tratamiento de efluentes<\/h1>\n\n<\/div>\n\n<div class=\"gb-container gb-container-02488878\">\n<div class=\"gb-container gb-container-0b8be6b2 li-pins\">\n\n<h2 class=\"wp-block-heading has-custom-couleur-3-color has-text-color has-link-color wp-elements-ac2a7ba2545438dce94cb413e0cf0f86\" style=\"font-size:clamp(18.959px, 1.185rem + ((1vw - 3.2px) * 0.863), 30px);font-style:normal;font-weight:700\">El reprocesamiento de efluentes: una ventaja que se aprovecha.<\/h2>\n\n\n<div class=\"gb-container gb-container-d81d1bb6\">\n<div class=\"gb-container gb-container-4e9ea092\">\n<div class=\"gb-container gb-container-f5b73dc6\">\n\n<h3 class=\"wp-block-heading has-custom-couleur-3-color has-text-color has-link-color wp-elements-48bc5ed88adf00c512455c5472a38ce9\" style=\"font-size:clamp(14px, 0.875rem + ((1vw - 3.2px) * 0.469), 20px);\">Estudios de instalaciones, dimensionamientos. La protecci\u00f3n medioambiental es una herramienta de productividad.<br><a href=\"https:\/\/www.chimimeca.com\/normes-proprete-metaux\"><\/a><a href=\"https:\/\/www.chimimeca.com\/elimination-pollutions-surfaciques\"><\/a><\/h3>\n\n\n\n<p class=\"has-custom-couleur-4-color has-text-color has-link-color wp-elements-ff1e1e6e7a69de03bd650597e4e0acfe\" style=\"font-size:clamp(14px, 0.875rem + ((1vw - 3.2px) * 0.078), 15px);\">Nuestro conocimiento preciso de los procedimientos y su aplicaci\u00f3n nos permite aportarle la soluci\u00f3n m\u00e1s adaptada para la gesti\u00f3n sus efluentes:<\/p>\n\n\n\n<ul style=\"font-size:clamp(14px, 0.875rem + ((1vw - 3.2px) * 0.078), 15px);\" class=\"wp-block-list\">\n<li>Dimensionamiento de las retenciones y medios de bombeo<\/li>\n\n\n\n<li>Estudio de rentabilidad seg\u00fan el modo de reprocesamiento<\/li>\n\n\n\n<li>Modelizaci\u00f3n y propuestas t\u00e9cnicas por v\u00eda fisicoqu\u00edmica<\/li>\n<\/ul>\n\n<\/div>\n\n<div class=\"gb-container gb-container-21da8737\">\n\n<figure class=\"gb-block-image gb-block-image-07ca4a57\"><img loading=\"lazy\" decoding=\"async\" width=\"191\" height=\"126\" class=\"gb-image gb-image-07ca4a57\" src=\"https:\/\/www.chimimeca.com\/wp-content\/uploads\/2024\/04\/procedes-traitement-chimique-metaux-1.jpg\" alt=\"\" title=\"procedes-traitement-chimique-metaux-1\"\/><\/figure>\n\n<\/div>\n<\/div>\n\n<div class=\"gb-container gb-container-10dfe1b8\">\n<div class=\"gb-container gb-container-341fc4bc\">\n\n<figure class=\"gb-block-image gb-block-image-6858f857\"><img loading=\"lazy\" decoding=\"async\" width=\"191\" height=\"126\" class=\"gb-image gb-image-6858f857\" src=\"https:\/\/www.chimimeca.com\/wp-content\/uploads\/2024\/04\/skids-traitement-physico-chimique-metaux-1.jpg\" alt=\"\" title=\"skids-traitement-physico-chimique-metaux-1\"\/><\/figure>\n\n<\/div>\n\n<div class=\"gb-container gb-container-88c037ec\">\n\n<h3 class=\"wp-block-heading has-custom-couleur-3-color has-text-color has-link-color wp-elements-bd570c18c20734a08efd1b77c3d0e6c8\" style=\"font-size:clamp(14px, 0.875rem + ((1vw - 3.2px) * 0.469), 20px);\">Skid de tratamiento fisicoqu\u00edmico. Instalaci\u00f3n llave en mano.<\/h3>\n\n\n\n<p style=\"font-size:clamp(14px, 0.875rem + ((1vw - 3.2px) * 0.078), 15px);\">La soluci\u00f3n de un skid fisicoqu\u00edmico completo es ideal para la gesti\u00f3n de vol\u00famenes medios de efluentes. Proponemos skids completos, entregados instalados, con garant\u00edas de conformidad:<\/p>\n\n\n\n<ul style=\"font-size:clamp(14px, 0.875rem + ((1vw - 3.2px) * 0.078), 15px);\" class=\"wp-block-list\">\n<li>Estudio previo, dimensionamiento, adaptaci\u00f3n a sus instalaciones<\/li>\n\n\n\n<li>Instalaci\u00f3n por nuestros equipos, montaje, puesta en marcha<\/li>\n\n\n\n<li>Formaci\u00f3n y asistencia t\u00e9cnica, mantenimiento y conservaci\u00f3n<\/li>\n<\/ul>\n\n<\/div>\n<\/div>\n<\/div>\n<\/div>\n\n<div class=\"gb-container gb-container-ecb77b32 sidebar text-underline-secondary\">\n<div class=\"gb-container gb-container-6009d736\">\n\n<h3 class=\"wp-block-heading has-custom-couleur-4-color has-text-color has-link-color wp-elements-8be0f34ce1793e8da1b623e98cc9c552\" style=\"font-size:clamp(14px, 0.875rem + ((1vw - 3.2px) * 0.469), 20px);text-transform:uppercase\">Productos y Materiales<\/h3>\n\n\n\n<ul style=\"font-size:clamp(14px, 0.875rem + ((1vw - 3.2px) * 0.078), 15px);\" class=\"wp-block-list has-custom-couleur-4-color has-text-color has-link-color wp-elements-c179bbef392ee32a374b258b054c5e7e\">\n<li style=\"margin-top:var(--wp--preset--spacing--10);margin-bottom:var(--wp--preset--spacing--10)\"><a href=\"https:\/\/www.chimimeca.com\/es\/produits-specialises\/\">Productos especializados<\/a><\/li>\n\n\n\n<li style=\"margin-top:var(--wp--preset--spacing--10);margin-bottom:var(--wp--preset--spacing--10)\"><a href=\"https:\/\/www.chimimeca.com\/es\/materiels-protection\/\">Materiales y protecci\u00f3n<\/a><\/li>\n\n\n\n<li style=\"margin-top:var(--wp--preset--spacing--10);margin-bottom:var(--wp--preset--spacing--10)\"><a href=\"https:\/\/www.chimimeca.com\/es\/traitement-des-effluents\/\">Tratamiento de efluentes<\/a><\/li>\n\n\n\n<li style=\"margin-top:var(--wp--preset--spacing--10);margin-bottom:var(--wp--preset--spacing--10)\"><a href=\"https:\/\/www.chimimeca.com\/es\/installations-de-traitement\/\">Instalaciones de tratamiento<\/a><\/li>\n<\/ul>\n\n\n<div class=\"gb-container gb-container-41a03213\">\n\n<h3 class=\"wp-block-heading has-custom-couleur-4-color has-text-color has-link-color wp-elements-691d8fd9def7c5df63c6f6282b2ebb42\" style=\"font-size:clamp(14px, 0.875rem + ((1vw - 3.2px) * 0.469), 20px);text-transform:uppercase\">DESCARGA NUESTRO FOLLETO<\/h3>\n\n\n\n<a class=\"gb-button gb-button-c8374e70 gb-button-text telecharger\" href=\"\/wp-content\/uploads\/2024\/04\/Presentation-Chimimeca_ProduitsMateriels_Ateliers_Interventions-sur-site_2024.pdf\" target=\"_blank\" rel=\"noopener noreferrer\">DESCARGA NUESTRO FOLLETO<\/a>\n\n<\/div>\n\n<div class=\"gb-container gb-container-07485d43\">\n\n<h3 class=\"wp-block-heading has-custom-couleur-4-color has-text-color has-link-color wp-elements-2d30c6b3694e44d0dc58fb5b9511509f\" style=\"font-size:clamp(14px, 0.875rem + ((1vw - 3.2px) * 0.469), 20px);text-transform:uppercase\">Nos evaluar !<\/h3>\n\n\n\n<a class=\"gb-button gb-button-5d511fe5 gb-button-text avis\" href=\"https:\/\/www.chimimeca.com\/es\/avis\/\">DAR SU OPINION<\/a>\n\n<\/div>\n<\/div>\n<\/div>\n<\/div>","protected":false},"excerpt":{"rendered":"<p>Tratamiento de efluentes El reprocesamiento de efluentes: una ventaja que se aprovecha. Estudios de instalaciones, dimensionamientos. La protecci\u00f3n medioambiental es una herramienta de productividad. Nuestro conocimiento preciso de los procedimientos y su aplicaci\u00f3n nos permite aportarle la soluci\u00f3n m\u00e1s adaptada para la gesti\u00f3n sus efluentes: Skid de tratamiento fisicoqu\u00edmico. Instalaci\u00f3n llave en mano. La soluci\u00f3n [&hellip;]<\/p>\n","protected":false},"author":1,"featured_media":0,"parent":0,"menu_order":0,"comment_status":"closed","ping_status":"closed","template":"","meta":{"_acf_changed":false,"footnotes":""},"class_list":["post-1600","page","type-page","status-publish","hentry"],"acf":[],"yoast_head":"<!-- This site is optimized with the Yoast SEO plugin v26.3 - https:\/\/yoast.com\/wordpress\/plugins\/seo\/ -->\n<title>Traitement des effluents - CHIMIMECA<\/title>\n<meta name=\"robots\" content=\"index, follow, max-snippet:-1, max-image-preview:large, max-video-preview:-1\" \/>\n<link rel=\"canonical\" href=\"https:\/\/www.chimimeca.com\/es\/traitement-des-effluents\/\" \/>\n<meta property=\"og:locale\" content=\"es_ES\" \/>\n<meta property=\"og:type\" content=\"article\" \/>\n<meta property=\"og:title\" content=\"Traitement des effluents - CHIMIMECA\" \/>\n<meta property=\"og:description\" content=\"Tratamiento de efluentes El reprocesamiento de efluentes: una ventaja que se aprovecha. Estudios de instalaciones, dimensionamientos. La protecci\u00f3n medioambiental es una herramienta de productividad. Nuestro conocimiento preciso de los procedimientos y su aplicaci\u00f3n nos permite aportarle la soluci\u00f3n m\u00e1s adaptada para la gesti\u00f3n sus efluentes: Skid de tratamiento fisicoqu\u00edmico. Instalaci\u00f3n llave en mano. La soluci\u00f3n [&hellip;]\" \/>\n<meta property=\"og:url\" content=\"https:\/\/www.chimimeca.com\/es\/traitement-des-effluents\/\" \/>\n<meta property=\"og:site_name\" content=\"CHIMIMECA\" \/>\n<meta property=\"article:modified_time\" content=\"2025-05-09T10:11:55+00:00\" \/>\n<meta property=\"og:image\" content=\"https:\/\/www.chimimeca.com\/wp-content\/uploads\/2024\/04\/procedes-traitement-chimique-metaux-1.jpg\" \/>\n<meta name=\"twitter:card\" content=\"summary_large_image\" \/>\n<meta name=\"twitter:label1\" content=\"Tiempo de lectura\" \/>\n\t<meta name=\"twitter:data1\" content=\"4 minutos\" \/>\n<script type=\"application\/ld+json\" class=\"yoast-schema-graph\">{\"@context\":\"https:\/\/schema.org\",\"@graph\":[{\"@type\":\"WebPage\",\"@id\":\"https:\/\/www.chimimeca.com\/es\/traitement-des-effluents\/\",\"url\":\"https:\/\/www.chimimeca.com\/es\/traitement-des-effluents\/\",\"name\":\"Traitement des effluents - CHIMIMECA\",\"isPartOf\":{\"@id\":\"https:\/\/www.chimimeca.com\/es\/#website\"},\"primaryImageOfPage\":{\"@id\":\"https:\/\/www.chimimeca.com\/es\/traitement-des-effluents\/#primaryimage\"},\"image\":{\"@id\":\"https:\/\/www.chimimeca.com\/es\/traitement-des-effluents\/#primaryimage\"},\"thumbnailUrl\":\"https:\/\/www.chimimeca.com\/wp-content\/uploads\/2024\/04\/procedes-traitement-chimique-metaux-1.jpg\",\"datePublished\":\"2024-04-24T11:41:48+00:00\",\"dateModified\":\"2025-05-09T10:11:55+00:00\",\"breadcrumb\":{\"@id\":\"https:\/\/www.chimimeca.com\/es\/traitement-des-effluents\/#breadcrumb\"},\"inLanguage\":\"es\",\"potentialAction\":[{\"@type\":\"ReadAction\",\"target\":[\"https:\/\/www.chimimeca.com\/es\/traitement-des-effluents\/\"]}]},{\"@type\":\"ImageObject\",\"inLanguage\":\"es\",\"@id\":\"https:\/\/www.chimimeca.com\/es\/traitement-des-effluents\/#primaryimage\",\"url\":\"https:\/\/www.chimimeca.com\/wp-content\/uploads\/2024\/04\/procedes-traitement-chimique-metaux-1.jpg\",\"contentUrl\":\"https:\/\/www.chimimeca.com\/wp-content\/uploads\/2024\/04\/procedes-traitement-chimique-metaux-1.jpg\"},{\"@type\":\"BreadcrumbList\",\"@id\":\"https:\/\/www.chimimeca.com\/es\/traitement-des-effluents\/#breadcrumb\",\"itemListElement\":[{\"@type\":\"ListItem\",\"position\":1,\"name\":\"Accueil\",\"item\":\"https:\/\/www.chimimeca.com\/es\/\"},{\"@type\":\"ListItem\",\"position\":2,\"name\":\"Traitement des effluents\"}]},{\"@type\":\"WebSite\",\"@id\":\"https:\/\/www.chimimeca.com\/es\/#website\",\"url\":\"https:\/\/www.chimimeca.com\/es\/\",\"name\":\"CHIMIMECA\",\"description\":\"\",\"publisher\":{\"@id\":\"https:\/\/www.chimimeca.com\/es\/#organization\"},\"potentialAction\":[{\"@type\":\"SearchAction\",\"target\":{\"@type\":\"EntryPoint\",\"urlTemplate\":\"https:\/\/www.chimimeca.com\/es\/?s={search_term_string}\"},\"query-input\":{\"@type\":\"PropertyValueSpecification\",\"valueRequired\":true,\"valueName\":\"search_term_string\"}}],\"inLanguage\":\"es\"},{\"@type\":\"Organization\",\"@id\":\"https:\/\/www.chimimeca.com\/es\/#organization\",\"name\":\"CHIMIMECA\",\"url\":\"https:\/\/www.chimimeca.com\/es\/\",\"logo\":{\"@type\":\"ImageObject\",\"inLanguage\":\"es\",\"@id\":\"https:\/\/www.chimimeca.com\/es\/#\/schema\/logo\/image\/\",\"url\":\"https:\/\/www.chimimeca.com\/wp-content\/uploads\/2024\/04\/logo.png\",\"contentUrl\":\"https:\/\/www.chimimeca.com\/wp-content\/uploads\/2024\/04\/logo.png\",\"width\":326,\"height\":81,\"caption\":\"CHIMIMECA\"},\"image\":{\"@id\":\"https:\/\/www.chimimeca.com\/es\/#\/schema\/logo\/image\/\"}}]}<\/script>\n<!-- \/ Yoast SEO plugin. -->","yoast_head_json":{"title":"Traitement des effluents - CHIMIMECA","robots":{"index":"index","follow":"follow","max-snippet":"max-snippet:-1","max-image-preview":"max-image-preview:large","max-video-preview":"max-video-preview:-1"},"canonical":"https:\/\/www.chimimeca.com\/es\/traitement-des-effluents\/","og_locale":"es_ES","og_type":"article","og_title":"Traitement des effluents - CHIMIMECA","og_description":"Tratamiento de efluentes El reprocesamiento de efluentes: una ventaja que se aprovecha. Estudios de instalaciones, dimensionamientos. La protecci\u00f3n medioambiental es una herramienta de productividad. Nuestro conocimiento preciso de los procedimientos y su aplicaci\u00f3n nos permite aportarle la soluci\u00f3n m\u00e1s adaptada para la gesti\u00f3n sus efluentes: Skid de tratamiento fisicoqu\u00edmico. Instalaci\u00f3n llave en mano. La soluci\u00f3n [&hellip;]","og_url":"https:\/\/www.chimimeca.com\/es\/traitement-des-effluents\/","og_site_name":"CHIMIMECA","article_modified_time":"2025-05-09T10:11:55+00:00","og_image":[{"url":"https:\/\/www.chimimeca.com\/wp-content\/uploads\/2024\/04\/procedes-traitement-chimique-metaux-1.jpg","type":"","width":"","height":""}],"twitter_card":"summary_large_image","twitter_misc":{"Tiempo de lectura":"4 minutos"},"schema":{"@context":"https:\/\/schema.org","@graph":[{"@type":"WebPage","@id":"https:\/\/www.chimimeca.com\/es\/traitement-des-effluents\/","url":"https:\/\/www.chimimeca.com\/es\/traitement-des-effluents\/","name":"Traitement des effluents - CHIMIMECA","isPartOf":{"@id":"https:\/\/www.chimimeca.com\/es\/#website"},"primaryImageOfPage":{"@id":"https:\/\/www.chimimeca.com\/es\/traitement-des-effluents\/#primaryimage"},"image":{"@id":"https:\/\/www.chimimeca.com\/es\/traitement-des-effluents\/#primaryimage"},"thumbnailUrl":"https:\/\/www.chimimeca.com\/wp-content\/uploads\/2024\/04\/procedes-traitement-chimique-metaux-1.jpg","datePublished":"2024-04-24T11:41:48+00:00","dateModified":"2025-05-09T10:11:55+00:00","breadcrumb":{"@id":"https:\/\/www.chimimeca.com\/es\/traitement-des-effluents\/#breadcrumb"},"inLanguage":"es","potentialAction":[{"@type":"ReadAction","target":["https:\/\/www.chimimeca.com\/es\/traitement-des-effluents\/"]}]},{"@type":"ImageObject","inLanguage":"es","@id":"https:\/\/www.chimimeca.com\/es\/traitement-des-effluents\/#primaryimage","url":"https:\/\/www.chimimeca.com\/wp-content\/uploads\/2024\/04\/procedes-traitement-chimique-metaux-1.jpg","contentUrl":"https:\/\/www.chimimeca.com\/wp-content\/uploads\/2024\/04\/procedes-traitement-chimique-metaux-1.jpg"},{"@type":"BreadcrumbList","@id":"https:\/\/www.chimimeca.com\/es\/traitement-des-effluents\/#breadcrumb","itemListElement":[{"@type":"ListItem","position":1,"name":"Accueil","item":"https:\/\/www.chimimeca.com\/es\/"},{"@type":"ListItem","position":2,"name":"Traitement des effluents"}]},{"@type":"WebSite","@id":"https:\/\/www.chimimeca.com\/es\/#website","url":"https:\/\/www.chimimeca.com\/es\/","name":"CHIMIMECA","description":"","publisher":{"@id":"https:\/\/www.chimimeca.com\/es\/#organization"},"potentialAction":[{"@type":"SearchAction","target":{"@type":"EntryPoint","urlTemplate":"https:\/\/www.chimimeca.com\/es\/?s={search_term_string}"},"query-input":{"@type":"PropertyValueSpecification","valueRequired":true,"valueName":"search_term_string"}}],"inLanguage":"es"},{"@type":"Organization","@id":"https:\/\/www.chimimeca.com\/es\/#organization","name":"CHIMIMECA","url":"https:\/\/www.chimimeca.com\/es\/","logo":{"@type":"ImageObject","inLanguage":"es","@id":"https:\/\/www.chimimeca.com\/es\/#\/schema\/logo\/image\/","url":"https:\/\/www.chimimeca.com\/wp-content\/uploads\/2024\/04\/logo.png","contentUrl":"https:\/\/www.chimimeca.com\/wp-content\/uploads\/2024\/04\/logo.png","width":326,"height":81,"caption":"CHIMIMECA"},"image":{"@id":"https:\/\/www.chimimeca.com\/es\/#\/schema\/logo\/image\/"}}]}},"_links":{"self":[{"href":"https:\/\/www.chimimeca.com\/es\/wp-json\/wp\/v2\/pages\/1600","targetHints":{"allow":["GET"]}}],"collection":[{"href":"https:\/\/www.chimimeca.com\/es\/wp-json\/wp\/v2\/pages"}],"about":[{"href":"https:\/\/www.chimimeca.com\/es\/wp-json\/wp\/v2\/types\/page"}],"author":[{"embeddable":true,"href":"https:\/\/www.chimimeca.com\/es\/wp-json\/wp\/v2\/users\/1"}],"replies":[{"embeddable":true,"href":"https:\/\/www.chimimeca.com\/es\/wp-json\/wp\/v2\/comments?post=1600"}],"version-history":[{"count":3,"href":"https:\/\/www.chimimeca.com\/es\/wp-json\/wp\/v2\/pages\/1600\/revisions"}],"predecessor-version":[{"id":1612,"href":"https:\/\/www.chimimeca.com\/es\/wp-json\/wp\/v2\/pages\/1600\/revisions\/1612"}],"wp:attachment":[{"href":"https:\/\/www.chimimeca.com\/es\/wp-json\/wp\/v2\/media?parent=1600"}],"curies":[{"name":"wp","href":"https:\/\/api.w.org\/{rel}","templated":true}]}}