{"id":1595,"date":"2024-04-24T11:15:11","date_gmt":"2024-04-24T09:15:11","guid":{"rendered":"https:\/\/www.chimimeca.com\/gamme-non-inox-non-toxique\/"},"modified":"2025-05-12T15:28:42","modified_gmt":"2025-05-12T13:28:42","slug":"gamme-non-inox-non-toxique","status":"publish","type":"page","link":"https:\/\/www.chimimeca.com\/es\/gamme-non-inox-non-toxique\/","title":{"rendered":"Gamme inox non toxique"},"content":{"rendered":"<div class=\"gb-container gb-container-02394211\">\n\n<h1 class=\"wp-block-heading has-base-2-color has-text-color has-link-color wp-elements-ca56847a7355fef40c6ecc846ed3fbc3\" style=\"margin-top:0;margin-bottom:0;font-size:clamp(22.041px, 1.378rem + ((1vw - 3.2px) * 1.091), 36px);text-transform:uppercase\">Gama para acero inoxidable no t\u00f3xico<\/h1>\n\n<\/div>\n\n<div class=\"gb-container gb-container-02488878\">\n<div class=\"gb-container gb-container-0b8be6b2 li-pins\">\n\n<h2 class=\"wp-block-heading has-custom-couleur-3-color has-text-color has-link-color wp-elements-8ef0bdf0f69602a1409f932288e32102\" style=\"font-size:clamp(18.959px, 1.185rem + ((1vw - 3.2px) * 0.863), 30px);font-style:normal;font-weight:700\">Tratamiento de aceros inoxidables &#8211; Gamas de alto rendimiento&nbsp;no t\u00f3xico<\/h2>\n\n\n<div class=\"gb-container gb-container-d81d1bb6\">\n<div class=\"gb-container gb-container-10dfe1b8\">\n<div class=\"gb-container gb-container-341fc4bc\">\n\n<figure class=\"gb-block-image gb-block-image-e65197e9\"><img loading=\"lazy\" decoding=\"async\" width=\"191\" height=\"126\" class=\"gb-image gb-image-e65197e9\" src=\"https:\/\/www.chimimeca.com\/wp-content\/uploads\/2024\/04\/produits-traitement-metaux-1.jpg\" alt=\"\" title=\"produits-traitement-metaux-1\"\/><\/figure>\n\n<\/div>\n\n<div class=\"gb-container gb-container-88c037ec\">\n\n<h3 class=\"wp-block-heading has-custom-couleur-3-color has-text-color has-link-color wp-elements-94062df929b31607f189de1afd111ad8\" style=\"font-size:clamp(16.293px, 1.018rem + ((1vw - 3.2px) * 0.68), 25px);\">Tratamiento de aceros inoxidables por pulverizaci\u00f3n y aplicaci\u00f3n.<\/h3>\n\n\n\n<p>El rendimiento de nuestras gamas de<strong>&nbsp;limpieza final de aceros inoxidables<\/strong>&nbsp;garantizan niveles de protecci\u00f3n al usuario que cumplen con los m\u00e1s altos requisitos de seguridad.<\/p>\n\n\n\n<ul style=\"font-size:clamp(14px, 0.875rem + ((1vw - 3.2px) * 0.078), 15px);\" class=\"wp-block-list\">\n<li>Rendimientos y productividad \u00f3ptimos<\/li>\n\n\n\n<li>Mayor protecci\u00f3n para los t\u00e9cnicos de los usuarios<\/li>\n\n\n\n<li>Reducci\u00f3n de la huella medioambiental<\/li>\n<\/ul>\n\n<\/div>\n<\/div>\n\n<div class=\"gb-container gb-container-4e9ea092\">\n<div class=\"gb-container gb-container-f5b73dc6\">\n\n<h3 class=\"wp-block-heading has-custom-couleur-3-color has-text-color has-link-color wp-elements-036da5a36d3456345930382b7047094c\" style=\"font-size:clamp(16.293px, 1.018rem + ((1vw - 3.2px) * 0.68), 25px);\">Combinamos la protecci\u00f3n de las personas y el medio ambiente con las prestaciones t\u00e9cnicas de productos y gamas.<a href=\"https:\/\/www.chimimeca.com\/normes-proprete-metaux\"><\/a><a href=\"https:\/\/www.chimimeca.com\/elimination-pollutions-surfaciques\"><\/a><\/h3>\n\n\n\n<ul style=\"font-size:clamp(14px, 0.875rem + ((1vw - 3.2px) * 0.078), 15px);\" class=\"wp-block-list has-custom-couleur-4-color has-text-color has-link-color wp-elements-da8d2ce279e9ca78a24d03072a676c6b\">\n<li>Gama verde completa con baja toxicidad &#8211;&nbsp;<strong>desengrasantes biodegradables<\/strong><\/li>\n\n\n\n<li>Productos de tratamiento de acero inoxidable con bajo contenido de \u00e1cido n\u00edtrico<\/li>\n\n\n\n<li>Decapantes y pasivadores de acero inoxidable no t\u00f3xicos<\/li>\n\n\n\n<li><strong>Pasta de decapado no t\u00f3xica ECO Z\u00a0<\/strong><a href=\"https:\/\/www.chimimeca.com\/wp-content\/uploads\/2024\/04\/Chimimeca-EcoZ.pdf\" target=\"_blank\" rel=\"noreferrer noopener\">Descarga nuestra ficha t\u00e9cnica<\/a><\/li>\n<\/ul>\n\n<\/div>\n\n<div class=\"gb-container gb-container-21da8737\">\n\n<figure class=\"gb-block-image gb-block-image-07ca4a57\"><img loading=\"lazy\" decoding=\"async\" width=\"191\" height=\"126\" class=\"gb-image gb-image-07ca4a57\" src=\"https:\/\/www.chimimeca.com\/wp-content\/uploads\/2024\/04\/proprete-des-metaux-1.jpg\" alt=\"\" title=\"proprete-des-metaux-1\"\/><\/figure>\n\n<\/div>\n<\/div>\n<\/div>\n<\/div>\n\n<div class=\"gb-container gb-container-ecb77b32 sidebar text-underline-secondary\">\n<div class=\"gb-container gb-container-6009d736\">\n<div class=\"gb-container gb-container-41a03213\">\n\n<h3 class=\"wp-block-heading has-custom-couleur-4-color has-text-color has-link-color wp-elements-691d8fd9def7c5df63c6f6282b2ebb42\" style=\"font-size:clamp(14px, 0.875rem + ((1vw - 3.2px) * 0.469), 20px);text-transform:uppercase\">DESCARGA NUESTRO FOLLETO<\/h3>\n\n\n\n<a class=\"gb-button gb-button-c8374e70 gb-button-text telecharger\" href=\"\/wp-content\/uploads\/2024\/04\/Presentation-Chimimeca_ProduitsMateriels_Ateliers_Interventions-sur-site_2024.pdf\" target=\"_blank\" rel=\"noopener noreferrer\">DESCARGA NUESTRO FOLLETO<\/a>\n\n<\/div>\n\n<div class=\"gb-container gb-container-07485d43\">\n\n<h3 class=\"wp-block-heading has-custom-couleur-4-color has-text-color has-link-color wp-elements-2d30c6b3694e44d0dc58fb5b9511509f\" style=\"font-size:clamp(14px, 0.875rem + ((1vw - 3.2px) * 0.469), 20px);text-transform:uppercase\">Nos evaluar !<\/h3>\n\n\n\n<a class=\"gb-button gb-button-5d511fe5 gb-button-text avis\" href=\"https:\/\/www.chimimeca.com\/es\/avis\/\">DAR SU OPINION<\/a>\n\n<\/div>\n<\/div>\n<\/div>\n<\/div>","protected":false},"excerpt":{"rendered":"<p>Gama para acero inoxidable no t\u00f3xico Tratamiento de aceros inoxidables &#8211; Gamas de alto rendimiento&nbsp;no t\u00f3xico Tratamiento de aceros inoxidables por pulverizaci\u00f3n y aplicaci\u00f3n. El rendimiento de nuestras gamas de&nbsp;limpieza final de aceros inoxidables&nbsp;garantizan niveles de protecci\u00f3n al usuario que cumplen con los m\u00e1s altos requisitos de seguridad. Combinamos la protecci\u00f3n de las personas y [&hellip;]<\/p>\n","protected":false},"author":1,"featured_media":0,"parent":0,"menu_order":0,"comment_status":"closed","ping_status":"closed","template":"","meta":{"_acf_changed":false,"footnotes":""},"class_list":["post-1595","page","type-page","status-publish","hentry"],"acf":[],"yoast_head":"<!-- This site is optimized with the Yoast SEO plugin v26.3 - https:\/\/yoast.com\/wordpress\/plugins\/seo\/ -->\n<title>Gamme inox non toxique - CHIMIMECA<\/title>\n<meta name=\"robots\" content=\"index, follow, max-snippet:-1, max-image-preview:large, max-video-preview:-1\" \/>\n<link rel=\"canonical\" href=\"https:\/\/www.chimimeca.com\/es\/gamme-non-inox-non-toxique\/\" \/>\n<meta property=\"og:locale\" content=\"es_ES\" \/>\n<meta property=\"og:type\" content=\"article\" \/>\n<meta property=\"og:title\" content=\"Gamme inox non toxique - CHIMIMECA\" \/>\n<meta property=\"og:description\" content=\"Gama para acero inoxidable no t\u00f3xico Tratamiento de aceros inoxidables &#8211; Gamas de alto rendimiento&nbsp;no t\u00f3xico Tratamiento de aceros inoxidables por pulverizaci\u00f3n y aplicaci\u00f3n. El rendimiento de nuestras gamas de&nbsp;limpieza final de aceros inoxidables&nbsp;garantizan niveles de protecci\u00f3n al usuario que cumplen con los m\u00e1s altos requisitos de seguridad. Combinamos la protecci\u00f3n de las personas y [&hellip;]\" \/>\n<meta property=\"og:url\" content=\"https:\/\/www.chimimeca.com\/es\/gamme-non-inox-non-toxique\/\" \/>\n<meta property=\"og:site_name\" content=\"CHIMIMECA\" \/>\n<meta property=\"article:modified_time\" content=\"2025-05-12T13:28:42+00:00\" \/>\n<meta property=\"og:image\" content=\"https:\/\/www.chimimeca.com\/wp-content\/uploads\/2024\/04\/produits-traitement-metaux-1.jpg\" \/>\n<meta name=\"twitter:card\" content=\"summary_large_image\" \/>\n<meta name=\"twitter:label1\" content=\"Tiempo de lectura\" \/>\n\t<meta name=\"twitter:data1\" content=\"4 minutos\" \/>\n<script type=\"application\/ld+json\" class=\"yoast-schema-graph\">{\"@context\":\"https:\/\/schema.org\",\"@graph\":[{\"@type\":\"WebPage\",\"@id\":\"https:\/\/www.chimimeca.com\/es\/gamme-non-inox-non-toxique\/\",\"url\":\"https:\/\/www.chimimeca.com\/es\/gamme-non-inox-non-toxique\/\",\"name\":\"Gamme inox non toxique - CHIMIMECA\",\"isPartOf\":{\"@id\":\"https:\/\/www.chimimeca.com\/es\/#website\"},\"primaryImageOfPage\":{\"@id\":\"https:\/\/www.chimimeca.com\/es\/gamme-non-inox-non-toxique\/#primaryimage\"},\"image\":{\"@id\":\"https:\/\/www.chimimeca.com\/es\/gamme-non-inox-non-toxique\/#primaryimage\"},\"thumbnailUrl\":\"https:\/\/www.chimimeca.com\/wp-content\/uploads\/2024\/04\/produits-traitement-metaux-1.jpg\",\"datePublished\":\"2024-04-24T09:15:11+00:00\",\"dateModified\":\"2025-05-12T13:28:42+00:00\",\"breadcrumb\":{\"@id\":\"https:\/\/www.chimimeca.com\/es\/gamme-non-inox-non-toxique\/#breadcrumb\"},\"inLanguage\":\"es\",\"potentialAction\":[{\"@type\":\"ReadAction\",\"target\":[\"https:\/\/www.chimimeca.com\/es\/gamme-non-inox-non-toxique\/\"]}]},{\"@type\":\"ImageObject\",\"inLanguage\":\"es\",\"@id\":\"https:\/\/www.chimimeca.com\/es\/gamme-non-inox-non-toxique\/#primaryimage\",\"url\":\"https:\/\/www.chimimeca.com\/wp-content\/uploads\/2024\/04\/produits-traitement-metaux-1.jpg\",\"contentUrl\":\"https:\/\/www.chimimeca.com\/wp-content\/uploads\/2024\/04\/produits-traitement-metaux-1.jpg\"},{\"@type\":\"BreadcrumbList\",\"@id\":\"https:\/\/www.chimimeca.com\/es\/gamme-non-inox-non-toxique\/#breadcrumb\",\"itemListElement\":[{\"@type\":\"ListItem\",\"position\":1,\"name\":\"Accueil\",\"item\":\"https:\/\/www.chimimeca.com\/es\/\"},{\"@type\":\"ListItem\",\"position\":2,\"name\":\"Gamme inox non toxique\"}]},{\"@type\":\"WebSite\",\"@id\":\"https:\/\/www.chimimeca.com\/es\/#website\",\"url\":\"https:\/\/www.chimimeca.com\/es\/\",\"name\":\"CHIMIMECA\",\"description\":\"\",\"publisher\":{\"@id\":\"https:\/\/www.chimimeca.com\/es\/#organization\"},\"potentialAction\":[{\"@type\":\"SearchAction\",\"target\":{\"@type\":\"EntryPoint\",\"urlTemplate\":\"https:\/\/www.chimimeca.com\/es\/?s={search_term_string}\"},\"query-input\":{\"@type\":\"PropertyValueSpecification\",\"valueRequired\":true,\"valueName\":\"search_term_string\"}}],\"inLanguage\":\"es\"},{\"@type\":\"Organization\",\"@id\":\"https:\/\/www.chimimeca.com\/es\/#organization\",\"name\":\"CHIMIMECA\",\"url\":\"https:\/\/www.chimimeca.com\/es\/\",\"logo\":{\"@type\":\"ImageObject\",\"inLanguage\":\"es\",\"@id\":\"https:\/\/www.chimimeca.com\/es\/#\/schema\/logo\/image\/\",\"url\":\"https:\/\/www.chimimeca.com\/wp-content\/uploads\/2024\/04\/logo.png\",\"contentUrl\":\"https:\/\/www.chimimeca.com\/wp-content\/uploads\/2024\/04\/logo.png\",\"width\":326,\"height\":81,\"caption\":\"CHIMIMECA\"},\"image\":{\"@id\":\"https:\/\/www.chimimeca.com\/es\/#\/schema\/logo\/image\/\"}}]}<\/script>\n<!-- \/ Yoast SEO plugin. -->","yoast_head_json":{"title":"Gamme inox non toxique - CHIMIMECA","robots":{"index":"index","follow":"follow","max-snippet":"max-snippet:-1","max-image-preview":"max-image-preview:large","max-video-preview":"max-video-preview:-1"},"canonical":"https:\/\/www.chimimeca.com\/es\/gamme-non-inox-non-toxique\/","og_locale":"es_ES","og_type":"article","og_title":"Gamme inox non toxique - CHIMIMECA","og_description":"Gama para acero inoxidable no t\u00f3xico Tratamiento de aceros inoxidables &#8211; Gamas de alto rendimiento&nbsp;no t\u00f3xico Tratamiento de aceros inoxidables por pulverizaci\u00f3n y aplicaci\u00f3n. El rendimiento de nuestras gamas de&nbsp;limpieza final de aceros inoxidables&nbsp;garantizan niveles de protecci\u00f3n al usuario que cumplen con los m\u00e1s altos requisitos de seguridad. Combinamos la protecci\u00f3n de las personas y [&hellip;]","og_url":"https:\/\/www.chimimeca.com\/es\/gamme-non-inox-non-toxique\/","og_site_name":"CHIMIMECA","article_modified_time":"2025-05-12T13:28:42+00:00","og_image":[{"url":"https:\/\/www.chimimeca.com\/wp-content\/uploads\/2024\/04\/produits-traitement-metaux-1.jpg","type":"","width":"","height":""}],"twitter_card":"summary_large_image","twitter_misc":{"Tiempo de lectura":"4 minutos"},"schema":{"@context":"https:\/\/schema.org","@graph":[{"@type":"WebPage","@id":"https:\/\/www.chimimeca.com\/es\/gamme-non-inox-non-toxique\/","url":"https:\/\/www.chimimeca.com\/es\/gamme-non-inox-non-toxique\/","name":"Gamme inox non toxique - CHIMIMECA","isPartOf":{"@id":"https:\/\/www.chimimeca.com\/es\/#website"},"primaryImageOfPage":{"@id":"https:\/\/www.chimimeca.com\/es\/gamme-non-inox-non-toxique\/#primaryimage"},"image":{"@id":"https:\/\/www.chimimeca.com\/es\/gamme-non-inox-non-toxique\/#primaryimage"},"thumbnailUrl":"https:\/\/www.chimimeca.com\/wp-content\/uploads\/2024\/04\/produits-traitement-metaux-1.jpg","datePublished":"2024-04-24T09:15:11+00:00","dateModified":"2025-05-12T13:28:42+00:00","breadcrumb":{"@id":"https:\/\/www.chimimeca.com\/es\/gamme-non-inox-non-toxique\/#breadcrumb"},"inLanguage":"es","potentialAction":[{"@type":"ReadAction","target":["https:\/\/www.chimimeca.com\/es\/gamme-non-inox-non-toxique\/"]}]},{"@type":"ImageObject","inLanguage":"es","@id":"https:\/\/www.chimimeca.com\/es\/gamme-non-inox-non-toxique\/#primaryimage","url":"https:\/\/www.chimimeca.com\/wp-content\/uploads\/2024\/04\/produits-traitement-metaux-1.jpg","contentUrl":"https:\/\/www.chimimeca.com\/wp-content\/uploads\/2024\/04\/produits-traitement-metaux-1.jpg"},{"@type":"BreadcrumbList","@id":"https:\/\/www.chimimeca.com\/es\/gamme-non-inox-non-toxique\/#breadcrumb","itemListElement":[{"@type":"ListItem","position":1,"name":"Accueil","item":"https:\/\/www.chimimeca.com\/es\/"},{"@type":"ListItem","position":2,"name":"Gamme inox non toxique"}]},{"@type":"WebSite","@id":"https:\/\/www.chimimeca.com\/es\/#website","url":"https:\/\/www.chimimeca.com\/es\/","name":"CHIMIMECA","description":"","publisher":{"@id":"https:\/\/www.chimimeca.com\/es\/#organization"},"potentialAction":[{"@type":"SearchAction","target":{"@type":"EntryPoint","urlTemplate":"https:\/\/www.chimimeca.com\/es\/?s={search_term_string}"},"query-input":{"@type":"PropertyValueSpecification","valueRequired":true,"valueName":"search_term_string"}}],"inLanguage":"es"},{"@type":"Organization","@id":"https:\/\/www.chimimeca.com\/es\/#organization","name":"CHIMIMECA","url":"https:\/\/www.chimimeca.com\/es\/","logo":{"@type":"ImageObject","inLanguage":"es","@id":"https:\/\/www.chimimeca.com\/es\/#\/schema\/logo\/image\/","url":"https:\/\/www.chimimeca.com\/wp-content\/uploads\/2024\/04\/logo.png","contentUrl":"https:\/\/www.chimimeca.com\/wp-content\/uploads\/2024\/04\/logo.png","width":326,"height":81,"caption":"CHIMIMECA"},"image":{"@id":"https:\/\/www.chimimeca.com\/es\/#\/schema\/logo\/image\/"}}]}},"_links":{"self":[{"href":"https:\/\/www.chimimeca.com\/es\/wp-json\/wp\/v2\/pages\/1595","targetHints":{"allow":["GET"]}}],"collection":[{"href":"https:\/\/www.chimimeca.com\/es\/wp-json\/wp\/v2\/pages"}],"about":[{"href":"https:\/\/www.chimimeca.com\/es\/wp-json\/wp\/v2\/types\/page"}],"author":[{"embeddable":true,"href":"https:\/\/www.chimimeca.com\/es\/wp-json\/wp\/v2\/users\/1"}],"replies":[{"embeddable":true,"href":"https:\/\/www.chimimeca.com\/es\/wp-json\/wp\/v2\/comments?post=1595"}],"version-history":[{"count":4,"href":"https:\/\/www.chimimeca.com\/es\/wp-json\/wp\/v2\/pages\/1595\/revisions"}],"predecessor-version":[{"id":1814,"href":"https:\/\/www.chimimeca.com\/es\/wp-json\/wp\/v2\/pages\/1595\/revisions\/1814"}],"wp:attachment":[{"href":"https:\/\/www.chimimeca.com\/es\/wp-json\/wp\/v2\/media?parent=1595"}],"curies":[{"name":"wp","href":"https:\/\/api.w.org\/{rel}","templated":true}]}}