{"id":1585,"date":"2024-04-24T11:30:05","date_gmt":"2024-04-24T09:30:05","guid":{"rendered":"https:\/\/www.chimimeca.com\/materiels-protection\/"},"modified":"2025-05-12T15:35:24","modified_gmt":"2025-05-12T13:35:24","slug":"materiels-protection","status":"publish","type":"page","link":"https:\/\/www.chimimeca.com\/es\/materiels-protection\/","title":{"rendered":"Mat\u00e9riels &amp; protection"},"content":{"rendered":"<div class=\"gb-container gb-container-02394211\">\n\n<h1 class=\"wp-block-heading has-base-2-color has-text-color has-link-color wp-elements-59b873f074384c1dc6600ef456333428\" style=\"margin-top:0;margin-bottom:0;font-size:clamp(22.041px, 1.378rem + ((1vw - 3.2px) * 1.091), 36px);text-transform:uppercase\">Materiales y protecci\u00f3n<\/h1>\n\n<\/div>\n\n<div class=\"gb-container gb-container-02488878\">\n<div class=\"gb-container gb-container-0b8be6b2 li-pins\">\n\n<h2 class=\"wp-block-heading has-custom-couleur-3-color has-text-color has-link-color wp-elements-886dd053566325d66ee0a826c985911f\" style=\"font-size:clamp(18.959px, 1.185rem + ((1vw - 3.2px) * 0.863), 30px);font-style:normal;font-weight:700\">Como formuladores y aplicadores, para nosotros la seguridad es una prioridad.<\/h2>\n\n\n<div class=\"gb-container gb-container-d81d1bb6\">\n<div class=\"gb-container gb-container-10dfe1b8\">\n<div class=\"gb-container gb-container-341fc4bc\">\n\n<figure class=\"gb-block-image gb-block-image-5b5d9374\"><img loading=\"lazy\" decoding=\"async\" width=\"192\" height=\"126\" class=\"gb-image gb-image-5b5d9374\" src=\"https:\/\/www.chimimeca.com\/wp-content\/uploads\/2024\/04\/securite-traitement-metaux.jpg\" alt=\"\" title=\"securite-traitement-metaux\"\/><\/figure>\n\n<\/div>\n\n<div class=\"gb-container gb-container-88c037ec\">\n\n<h3 class=\"wp-block-heading has-custom-couleur-3-color has-text-color has-link-color wp-elements-5efbaa53a0dbb9ef73d48f11c99f7dca\" style=\"font-size:clamp(14px, 0.875rem + ((1vw - 3.2px) * 0.469), 20px);\">La protecci\u00f3n de las personas y del medioambiente, parte capital de nuestra actividad.<\/h3>\n\n\n\n<p class=\"has-custom-couleur-4-color has-text-color has-link-color wp-elements-bf6d5cfaeb71a93a1c3c10679969f590\">Seleccionamos gamas completas de materiales de aplicaci\u00f3n y protecci\u00f3n para\u00a0<a href=\"https:\/\/www.chimimeca.com\/es\/produits-specialises\/\">arantizar la seguridad de los operarios<\/a>\u00a0y de las personas que intervienen en los procesos.<\/p>\n\n\n\n<ul style=\"font-size:clamp(14px, 0.875rem + ((1vw - 3.2px) * 0.078), 15px);\" class=\"wp-block-list\">\n<li>Protecci\u00f3n respiratoria, m\u00e1scaras simples y ventiladas<\/li>\n\n\n\n<li>Protecci\u00f3n corporal, guantes, delantales<\/li>\n\n\n\n<li>Materiales espec\u00edficos, biombos, duchas<\/li>\n<\/ul>\n\n<\/div>\n<\/div>\n\n<div class=\"gb-container gb-container-4e9ea092\">\n<div class=\"gb-container gb-container-f5b73dc6\">\n\n<h3 class=\"wp-block-heading has-custom-couleur-3-color has-text-color has-link-color wp-elements-d445df92876b491fe28af4cfb88ea4eb\" style=\"font-size:clamp(14px, 0.875rem + ((1vw - 3.2px) * 0.469), 20px);\">La formaci\u00f3n sobre los productos que ofrecemos es un valor para la seguridad.<br><a href=\"https:\/\/www.chimimeca.com\/normes-proprete-metaux\"><\/a><a href=\"https:\/\/www.chimimeca.com\/elimination-pollutions-surfaciques\"><\/a><\/h3>\n\n\n\n<p style=\"font-size:clamp(14px, 0.875rem + ((1vw - 3.2px) * 0.078), 15px);\">Nuestros equipos utilizan a diario estos materiales. Impartimos formaciones sobre su uso y sobre los productos que aplicamos en nuestros procedimientos. Por ello podemos aportarle todas las garant\u00edas.<\/p>\n\n\n\n<ul style=\"font-size:clamp(14px, 0.875rem + ((1vw - 3.2px) * 0.078), 15px);\" class=\"wp-block-list\">\n<li>Bombas y materiales de pulverizaci\u00f3n.<\/li>\n\n\n\n<li>Skids de circulaci\u00f3n, sistemas de aspersi\u00f3n<\/li>\n\n\n\n<li>Bombas de transferencia, cubas, retenciones.<\/li>\n<\/ul>\n\n<\/div>\n\n<div class=\"gb-container gb-container-21da8737\">\n\n<figure class=\"gb-block-image gb-block-image-07ca4a57\"><img loading=\"lazy\" decoding=\"async\" width=\"191\" height=\"126\" class=\"gb-image gb-image-07ca4a57\" src=\"https:\/\/www.chimimeca.com\/wp-content\/uploads\/2024\/04\/formation-protection-traitement-metaux-1.jpg\" alt=\"\" title=\"formation-protection-traitement-metaux-1\"\/><\/figure>\n\n<\/div>\n<\/div>\n<\/div>\n<\/div>\n\n<div class=\"gb-container gb-container-ecb77b32 sidebar text-underline-secondary\">\n<div class=\"gb-container gb-container-6009d736\">\n\n<h3 class=\"wp-block-heading has-custom-couleur-4-color has-text-color has-link-color wp-elements-8be0f34ce1793e8da1b623e98cc9c552\" style=\"font-size:clamp(14px, 0.875rem + ((1vw - 3.2px) * 0.469), 20px);text-transform:uppercase\">Productos y Materiales<\/h3>\n\n\n\n<ul style=\"font-size:clamp(14px, 0.875rem + ((1vw - 3.2px) * 0.078), 15px);\" class=\"wp-block-list has-custom-couleur-4-color has-text-color has-link-color wp-elements-c179bbef392ee32a374b258b054c5e7e\">\n<li style=\"margin-top:var(--wp--preset--spacing--10);margin-bottom:var(--wp--preset--spacing--10)\"><a href=\"https:\/\/www.chimimeca.com\/es\/produits-specialises\/\">Productos especializados<\/a><\/li>\n\n\n\n<li style=\"margin-top:var(--wp--preset--spacing--10);margin-bottom:var(--wp--preset--spacing--10)\"><a href=\"https:\/\/www.chimimeca.com\/es\/materiels-protection\/\">Materiales y protecci\u00f3n<\/a><\/li>\n\n\n\n<li style=\"margin-top:var(--wp--preset--spacing--10);margin-bottom:var(--wp--preset--spacing--10)\"><a href=\"https:\/\/www.chimimeca.com\/es\/traitement-des-effluents\/\">Tratamiento de efluentes<\/a><\/li>\n\n\n\n<li style=\"margin-top:var(--wp--preset--spacing--10);margin-bottom:var(--wp--preset--spacing--10)\"><a href=\"https:\/\/www.chimimeca.com\/es\/installations-de-traitement\/\">Instalaciones de tratamiento<\/a><\/li>\n<\/ul>\n\n\n<div class=\"gb-container gb-container-41a03213\">\n\n<h3 class=\"wp-block-heading has-custom-couleur-4-color has-text-color has-link-color wp-elements-691d8fd9def7c5df63c6f6282b2ebb42\" style=\"font-size:clamp(14px, 0.875rem + ((1vw - 3.2px) * 0.469), 20px);text-transform:uppercase\">DESCARGA NUESTRO FOLLETO<\/h3>\n\n\n\n<a class=\"gb-button gb-button-c8374e70 gb-button-text telecharger\" href=\"\/wp-content\/uploads\/2024\/04\/Presentation-Chimimeca_ProduitsMateriels_Ateliers_Interventions-sur-site_2024.pdf\" target=\"_blank\" rel=\"noopener noreferrer\">DESCARGA NUESTRO FOLLETO<\/a>\n\n<\/div>\n\n<div class=\"gb-container gb-container-07485d43\">\n\n<h3 class=\"wp-block-heading has-custom-couleur-4-color has-text-color has-link-color wp-elements-2d30c6b3694e44d0dc58fb5b9511509f\" style=\"font-size:clamp(14px, 0.875rem + ((1vw - 3.2px) * 0.469), 20px);text-transform:uppercase\">Nos evaluar !<\/h3>\n\n\n\n<a class=\"gb-button gb-button-5d511fe5 gb-button-text avis\" href=\"https:\/\/www.chimimeca.com\/es\/avis\/\">DAR SU OPINION<\/a>\n\n<\/div>\n<\/div>\n<\/div>\n<\/div>","protected":false},"excerpt":{"rendered":"<p>Materiales y protecci\u00f3n Como formuladores y aplicadores, para nosotros la seguridad es una prioridad. La protecci\u00f3n de las personas y del medioambiente, parte capital de nuestra actividad. Seleccionamos gamas completas de materiales de aplicaci\u00f3n y protecci\u00f3n para\u00a0arantizar la seguridad de los operarios\u00a0y de las personas que intervienen en los procesos. La formaci\u00f3n sobre los productos [&hellip;]<\/p>\n","protected":false},"author":1,"featured_media":0,"parent":0,"menu_order":0,"comment_status":"closed","ping_status":"closed","template":"","meta":{"_acf_changed":false,"footnotes":""},"class_list":["post-1585","page","type-page","status-publish","hentry"],"acf":[],"yoast_head":"<!-- This site is optimized with the Yoast SEO plugin v26.3 - https:\/\/yoast.com\/wordpress\/plugins\/seo\/ -->\n<title>Mat\u00e9riels &amp; protection - CHIMIMECA<\/title>\n<meta name=\"robots\" content=\"index, follow, max-snippet:-1, max-image-preview:large, max-video-preview:-1\" \/>\n<link rel=\"canonical\" href=\"https:\/\/www.chimimeca.com\/es\/materiels-protection\/\" \/>\n<meta property=\"og:locale\" content=\"es_ES\" \/>\n<meta property=\"og:type\" content=\"article\" \/>\n<meta property=\"og:title\" content=\"Mat\u00e9riels &amp; protection - CHIMIMECA\" \/>\n<meta property=\"og:description\" content=\"Materiales y protecci\u00f3n Como formuladores y aplicadores, para nosotros la seguridad es una prioridad. La protecci\u00f3n de las personas y del medioambiente, parte capital de nuestra actividad. Seleccionamos gamas completas de materiales de aplicaci\u00f3n y protecci\u00f3n para\u00a0arantizar la seguridad de los operarios\u00a0y de las personas que intervienen en los procesos. La formaci\u00f3n sobre los productos [&hellip;]\" \/>\n<meta property=\"og:url\" content=\"https:\/\/www.chimimeca.com\/es\/materiels-protection\/\" \/>\n<meta property=\"og:site_name\" content=\"CHIMIMECA\" \/>\n<meta property=\"article:modified_time\" content=\"2025-05-12T13:35:24+00:00\" \/>\n<meta property=\"og:image\" content=\"https:\/\/www.chimimeca.com\/wp-content\/uploads\/2024\/04\/securite-traitement-metaux.jpg\" \/>\n<meta name=\"twitter:card\" content=\"summary_large_image\" \/>\n<meta name=\"twitter:label1\" content=\"Tiempo de lectura\" \/>\n\t<meta name=\"twitter:data1\" content=\"4 minutos\" \/>\n<script type=\"application\/ld+json\" class=\"yoast-schema-graph\">{\"@context\":\"https:\/\/schema.org\",\"@graph\":[{\"@type\":\"WebPage\",\"@id\":\"https:\/\/www.chimimeca.com\/es\/materiels-protection\/\",\"url\":\"https:\/\/www.chimimeca.com\/es\/materiels-protection\/\",\"name\":\"Mat\u00e9riels &amp; protection - CHIMIMECA\",\"isPartOf\":{\"@id\":\"https:\/\/www.chimimeca.com\/es\/#website\"},\"primaryImageOfPage\":{\"@id\":\"https:\/\/www.chimimeca.com\/es\/materiels-protection\/#primaryimage\"},\"image\":{\"@id\":\"https:\/\/www.chimimeca.com\/es\/materiels-protection\/#primaryimage\"},\"thumbnailUrl\":\"https:\/\/www.chimimeca.com\/wp-content\/uploads\/2024\/04\/securite-traitement-metaux.jpg\",\"datePublished\":\"2024-04-24T09:30:05+00:00\",\"dateModified\":\"2025-05-12T13:35:24+00:00\",\"breadcrumb\":{\"@id\":\"https:\/\/www.chimimeca.com\/es\/materiels-protection\/#breadcrumb\"},\"inLanguage\":\"es\",\"potentialAction\":[{\"@type\":\"ReadAction\",\"target\":[\"https:\/\/www.chimimeca.com\/es\/materiels-protection\/\"]}]},{\"@type\":\"ImageObject\",\"inLanguage\":\"es\",\"@id\":\"https:\/\/www.chimimeca.com\/es\/materiels-protection\/#primaryimage\",\"url\":\"https:\/\/www.chimimeca.com\/wp-content\/uploads\/2024\/04\/securite-traitement-metaux.jpg\",\"contentUrl\":\"https:\/\/www.chimimeca.com\/wp-content\/uploads\/2024\/04\/securite-traitement-metaux.jpg\"},{\"@type\":\"BreadcrumbList\",\"@id\":\"https:\/\/www.chimimeca.com\/es\/materiels-protection\/#breadcrumb\",\"itemListElement\":[{\"@type\":\"ListItem\",\"position\":1,\"name\":\"Accueil\",\"item\":\"https:\/\/www.chimimeca.com\/es\/\"},{\"@type\":\"ListItem\",\"position\":2,\"name\":\"Mat\u00e9riels &amp; protection\"}]},{\"@type\":\"WebSite\",\"@id\":\"https:\/\/www.chimimeca.com\/es\/#website\",\"url\":\"https:\/\/www.chimimeca.com\/es\/\",\"name\":\"CHIMIMECA\",\"description\":\"\",\"publisher\":{\"@id\":\"https:\/\/www.chimimeca.com\/es\/#organization\"},\"potentialAction\":[{\"@type\":\"SearchAction\",\"target\":{\"@type\":\"EntryPoint\",\"urlTemplate\":\"https:\/\/www.chimimeca.com\/es\/?s={search_term_string}\"},\"query-input\":{\"@type\":\"PropertyValueSpecification\",\"valueRequired\":true,\"valueName\":\"search_term_string\"}}],\"inLanguage\":\"es\"},{\"@type\":\"Organization\",\"@id\":\"https:\/\/www.chimimeca.com\/es\/#organization\",\"name\":\"CHIMIMECA\",\"url\":\"https:\/\/www.chimimeca.com\/es\/\",\"logo\":{\"@type\":\"ImageObject\",\"inLanguage\":\"es\",\"@id\":\"https:\/\/www.chimimeca.com\/es\/#\/schema\/logo\/image\/\",\"url\":\"https:\/\/www.chimimeca.com\/wp-content\/uploads\/2024\/04\/logo.png\",\"contentUrl\":\"https:\/\/www.chimimeca.com\/wp-content\/uploads\/2024\/04\/logo.png\",\"width\":326,\"height\":81,\"caption\":\"CHIMIMECA\"},\"image\":{\"@id\":\"https:\/\/www.chimimeca.com\/es\/#\/schema\/logo\/image\/\"}}]}<\/script>\n<!-- \/ Yoast SEO plugin. -->","yoast_head_json":{"title":"Mat\u00e9riels &amp; protection - CHIMIMECA","robots":{"index":"index","follow":"follow","max-snippet":"max-snippet:-1","max-image-preview":"max-image-preview:large","max-video-preview":"max-video-preview:-1"},"canonical":"https:\/\/www.chimimeca.com\/es\/materiels-protection\/","og_locale":"es_ES","og_type":"article","og_title":"Mat\u00e9riels &amp; protection - CHIMIMECA","og_description":"Materiales y protecci\u00f3n Como formuladores y aplicadores, para nosotros la seguridad es una prioridad. La protecci\u00f3n de las personas y del medioambiente, parte capital de nuestra actividad. Seleccionamos gamas completas de materiales de aplicaci\u00f3n y protecci\u00f3n para\u00a0arantizar la seguridad de los operarios\u00a0y de las personas que intervienen en los procesos. La formaci\u00f3n sobre los productos [&hellip;]","og_url":"https:\/\/www.chimimeca.com\/es\/materiels-protection\/","og_site_name":"CHIMIMECA","article_modified_time":"2025-05-12T13:35:24+00:00","og_image":[{"url":"https:\/\/www.chimimeca.com\/wp-content\/uploads\/2024\/04\/securite-traitement-metaux.jpg","type":"","width":"","height":""}],"twitter_card":"summary_large_image","twitter_misc":{"Tiempo de lectura":"4 minutos"},"schema":{"@context":"https:\/\/schema.org","@graph":[{"@type":"WebPage","@id":"https:\/\/www.chimimeca.com\/es\/materiels-protection\/","url":"https:\/\/www.chimimeca.com\/es\/materiels-protection\/","name":"Mat\u00e9riels &amp; protection - CHIMIMECA","isPartOf":{"@id":"https:\/\/www.chimimeca.com\/es\/#website"},"primaryImageOfPage":{"@id":"https:\/\/www.chimimeca.com\/es\/materiels-protection\/#primaryimage"},"image":{"@id":"https:\/\/www.chimimeca.com\/es\/materiels-protection\/#primaryimage"},"thumbnailUrl":"https:\/\/www.chimimeca.com\/wp-content\/uploads\/2024\/04\/securite-traitement-metaux.jpg","datePublished":"2024-04-24T09:30:05+00:00","dateModified":"2025-05-12T13:35:24+00:00","breadcrumb":{"@id":"https:\/\/www.chimimeca.com\/es\/materiels-protection\/#breadcrumb"},"inLanguage":"es","potentialAction":[{"@type":"ReadAction","target":["https:\/\/www.chimimeca.com\/es\/materiels-protection\/"]}]},{"@type":"ImageObject","inLanguage":"es","@id":"https:\/\/www.chimimeca.com\/es\/materiels-protection\/#primaryimage","url":"https:\/\/www.chimimeca.com\/wp-content\/uploads\/2024\/04\/securite-traitement-metaux.jpg","contentUrl":"https:\/\/www.chimimeca.com\/wp-content\/uploads\/2024\/04\/securite-traitement-metaux.jpg"},{"@type":"BreadcrumbList","@id":"https:\/\/www.chimimeca.com\/es\/materiels-protection\/#breadcrumb","itemListElement":[{"@type":"ListItem","position":1,"name":"Accueil","item":"https:\/\/www.chimimeca.com\/es\/"},{"@type":"ListItem","position":2,"name":"Mat\u00e9riels &amp; protection"}]},{"@type":"WebSite","@id":"https:\/\/www.chimimeca.com\/es\/#website","url":"https:\/\/www.chimimeca.com\/es\/","name":"CHIMIMECA","description":"","publisher":{"@id":"https:\/\/www.chimimeca.com\/es\/#organization"},"potentialAction":[{"@type":"SearchAction","target":{"@type":"EntryPoint","urlTemplate":"https:\/\/www.chimimeca.com\/es\/?s={search_term_string}"},"query-input":{"@type":"PropertyValueSpecification","valueRequired":true,"valueName":"search_term_string"}}],"inLanguage":"es"},{"@type":"Organization","@id":"https:\/\/www.chimimeca.com\/es\/#organization","name":"CHIMIMECA","url":"https:\/\/www.chimimeca.com\/es\/","logo":{"@type":"ImageObject","inLanguage":"es","@id":"https:\/\/www.chimimeca.com\/es\/#\/schema\/logo\/image\/","url":"https:\/\/www.chimimeca.com\/wp-content\/uploads\/2024\/04\/logo.png","contentUrl":"https:\/\/www.chimimeca.com\/wp-content\/uploads\/2024\/04\/logo.png","width":326,"height":81,"caption":"CHIMIMECA"},"image":{"@id":"https:\/\/www.chimimeca.com\/es\/#\/schema\/logo\/image\/"}}]}},"_links":{"self":[{"href":"https:\/\/www.chimimeca.com\/es\/wp-json\/wp\/v2\/pages\/1585","targetHints":{"allow":["GET"]}}],"collection":[{"href":"https:\/\/www.chimimeca.com\/es\/wp-json\/wp\/v2\/pages"}],"about":[{"href":"https:\/\/www.chimimeca.com\/es\/wp-json\/wp\/v2\/types\/page"}],"author":[{"embeddable":true,"href":"https:\/\/www.chimimeca.com\/es\/wp-json\/wp\/v2\/users\/1"}],"replies":[{"embeddable":true,"href":"https:\/\/www.chimimeca.com\/es\/wp-json\/wp\/v2\/comments?post=1585"}],"version-history":[{"count":4,"href":"https:\/\/www.chimimeca.com\/es\/wp-json\/wp\/v2\/pages\/1585\/revisions"}],"predecessor-version":[{"id":1854,"href":"https:\/\/www.chimimeca.com\/es\/wp-json\/wp\/v2\/pages\/1585\/revisions\/1854"}],"wp:attachment":[{"href":"https:\/\/www.chimimeca.com\/es\/wp-json\/wp\/v2\/media?parent=1585"}],"curies":[{"name":"wp","href":"https:\/\/api.w.org\/{rel}","templated":true}]}}