{"id":1578,"date":"2024-04-24T10:13:37","date_gmt":"2024-04-24T08:13:37","guid":{"rendered":"https:\/\/www.chimimeca.com\/produits-materiels\/"},"modified":"2025-05-09T16:52:27","modified_gmt":"2025-05-09T14:52:27","slug":"produits-materiels","status":"publish","type":"page","link":"https:\/\/www.chimimeca.com\/es\/produits-materiels\/","title":{"rendered":"Produits &amp; mat\u00e9riels"},"content":{"rendered":"<div class=\"gb-container gb-container-02394211\">\n\n<h1 class=\"wp-block-heading has-base-2-color has-text-color has-link-color wp-elements-ae3539b37e1e561abb42b76eea9be63b\" style=\"margin-top:0;margin-bottom:0;font-size:clamp(22.041px, 1.378rem + ((1vw - 3.2px) * 1.091), 36px);text-transform:uppercase\">Productos y materiales<\/h1>\n\n<\/div>\n\n<div class=\"gb-container gb-container-02488878\">\n<div class=\"gb-container gb-container-0b8be6b2 li-pins\">\n<div class=\"gb-container gb-container-d81d1bb6\">\n\n<h2 class=\"wp-block-heading has-custom-couleur-3-color has-text-color has-link-color wp-elements-32c0caf15316decc432b38d497b70490\" style=\"font-size:clamp(18.959px, 1.185rem + ((1vw - 3.2px) * 0.863), 30px);font-style:normal;font-weight:700\">Nuestras gamas de productos t\u00e9cnicos permiten responder a las exigencias m\u00e1s estrictas en limpieza final de metales.<\/h2>\n\n\n\n<p class=\"has-custom-couleur-4-color has-text-color has-link-color wp-elements-e560191a5def4c742717fe316aaa20f2\" style=\"font-size:clamp(14px, 0.875rem + ((1vw - 3.2px) * 0.078), 15px);\">Como formuladores y aplicadores, nuestro conocimiento de las problem\u00e1ticas industriales nos permite aportarle gamas adaptadas a sus necesidades y a sus exigencias. En particular,<\/p>\n\n\n<div class=\"gb-container gb-container-10dfe1b8\">\n<div class=\"gb-container gb-container-88c037ec\">\n\n<ul style=\"font-size:clamp(14px, 0.875rem + ((1vw - 3.2px) * 0.078), 15px);\" class=\"wp-block-list has-custom-couleur-4-color has-text-color has-link-color wp-elements-e41c635a412d19559b94077429315f35\">\n<li><a href=\"https:\/\/www.chimimeca.com\/es\/decapage\/\">Decapado<\/a>\u00a0y\u00a0<a href=\"https:\/\/www.chimimeca.com\/es\/passivation\/\">pasivaci\u00f3n<\/a>\u00a0de\u00a0<a href=\"https:\/\/www.chimimeca.com\/es\/aciers-inoxydables\/\">aceros inoxidables<\/a><\/li>\n\n\n\n<li>Tratamiento de<a href=\"https:\/\/www.chimimeca.com\/es\/titane\/\"> titanios<\/a> y<a href=\"https:\/\/www.chimimeca.com\/es\/acabado-quimico-titanio\">\u00a0<\/a><a href=\"https:\/\/www.chimimeca.com\/es\/aluminium\/\">aluminios<\/a><\/li>\n\n\n\n<li>Desoxidaci\u00f3n y\u00a0<a href=\"https:\/\/www.chimimeca.com\/es\/aciers-noirs\/\">descalaminado de aceros negros<\/a>.<\/li>\n<\/ul>\n\n\n\n<p style=\"font-size:clamp(14px, 0.875rem + ((1vw - 3.2px) * 0.078), 15px);\">Nuestros productos, formulados y controlados por nosotros, est\u00e1n acondicionados en bidones de 20 kg, toneles de 200 l y contenedores. Su suministro incluye fichas t\u00e9cnicas y fichas de seguridad. Para obtener la mejor productividad impartimos formaciones sobre los productos y su aplicaci\u00f3n.<\/p>\n\n<\/div>\n\n<div class=\"gb-container gb-container-341fc4bc\">\n\n<figure class=\"gb-block-image gb-block-image-07ca4a57\"><img loading=\"lazy\" decoding=\"async\" width=\"191\" height=\"126\" class=\"gb-image gb-image-07ca4a57\" src=\"https:\/\/www.chimimeca.com\/wp-content\/uploads\/2024\/04\/produits-traitement-chimique-metaux-1.jpg\" alt=\"\" title=\"produits-traitement-chimique-metaux-1\"\/><\/figure>\n\n<\/div>\n<\/div>\n<\/div>\n<\/div>\n\n<div class=\"gb-container gb-container-ecb77b32 sidebar text-underline-secondary\">\n<div class=\"gb-container gb-container-6009d736\">\n\n<h3 class=\"wp-block-heading has-custom-couleur-4-color has-text-color has-link-color wp-elements-8be0f34ce1793e8da1b623e98cc9c552\" style=\"font-size:clamp(14px, 0.875rem + ((1vw - 3.2px) * 0.469), 20px);text-transform:uppercase\">Productos y Materiales<\/h3>\n\n\n\n<ul style=\"font-size:clamp(14px, 0.875rem + ((1vw - 3.2px) * 0.078), 15px);\" class=\"wp-block-list has-custom-couleur-4-color has-text-color has-link-color wp-elements-a9b5b8c1c3fe8911a7dfa34533c05aaa\">\n<li style=\"margin-top:var(--wp--preset--spacing--10);margin-bottom:var(--wp--preset--spacing--10)\"><a href=\"https:\/\/www.chimimeca.com\/es\/produits-specialises\/\" data-type=\"page\" data-id=\"376\">Produits Sp\u00e9cialis\u00e9s<\/a><\/li>\n\n\n\n<li style=\"margin-top:var(--wp--preset--spacing--10);margin-bottom:var(--wp--preset--spacing--10)\"><a href=\"https:\/\/www.chimimeca.com\/es\/gamme-non-inox-non-toxique\/\" data-type=\"page\" data-id=\"401\">Gamme Inox non toxique<\/a><\/li>\n\n\n\n<li style=\"margin-top:var(--wp--preset--spacing--10);margin-bottom:var(--wp--preset--spacing--10)\"><a href=\"https:\/\/www.chimimeca.com\/es\/materiels-protection\/\" data-type=\"page\" data-id=\"413\">Mat\u00e9riels &amp; Protection<\/a><\/li>\n\n\n\n<li style=\"margin-top:var(--wp--preset--spacing--10);margin-bottom:var(--wp--preset--spacing--10)\"><a href=\"https:\/\/www.chimimeca.com\/es\/traitement-des-effluents\/\" data-type=\"page\" data-id=\"427\">Traitement des effluents<\/a><\/li>\n\n\n\n<li style=\"margin-top:var(--wp--preset--spacing--10);margin-bottom:var(--wp--preset--spacing--10)\"><a href=\"https:\/\/www.chimimeca.com\/es\/installations-de-traitement\/\" data-type=\"page\" data-id=\"502\">Installations de traitement<\/a><\/li>\n<\/ul>\n\n\n<div class=\"gb-container gb-container-41a03213\">\n\n<h3 class=\"wp-block-heading has-custom-couleur-4-color has-text-color has-link-color wp-elements-691d8fd9def7c5df63c6f6282b2ebb42\" style=\"font-size:clamp(14px, 0.875rem + ((1vw - 3.2px) * 0.469), 20px);text-transform:uppercase\">DESCARGA NUESTRO FOLLETO<\/h3>\n\n\n\n<a class=\"gb-button gb-button-c8374e70 gb-button-text telecharger\" href=\"\/wp-content\/uploads\/2024\/04\/Presentation-Chimimeca_ProduitsMateriels_Ateliers_Interventions-sur-site_2024.pdf\" target=\"_blank\" rel=\"noopener noreferrer\">DESCARGA NUESTRO FOLLETO<\/a>\n\n<\/div>\n\n<div class=\"gb-container gb-container-07485d43\">\n\n<h3 class=\"wp-block-heading has-custom-couleur-4-color has-text-color has-link-color wp-elements-2d30c6b3694e44d0dc58fb5b9511509f\" style=\"font-size:clamp(14px, 0.875rem + ((1vw - 3.2px) * 0.469), 20px);text-transform:uppercase\">Nos evaluar !<\/h3>\n\n\n\n<a class=\"gb-button gb-button-5d511fe5 gb-button-text avis\" href=\"https:\/\/www.chimimeca.com\/es\/avis\/\">DAR SU OPINION<\/a>\n\n<\/div>\n<\/div>\n<\/div>\n<\/div>","protected":false},"excerpt":{"rendered":"<p>Productos y materiales Nuestras gamas de productos t\u00e9cnicos permiten responder a las exigencias m\u00e1s estrictas en limpieza final de metales. Como formuladores y aplicadores, nuestro conocimiento de las problem\u00e1ticas industriales nos permite aportarle gamas adaptadas a sus necesidades y a sus exigencias. En particular, Nuestros productos, formulados y controlados por nosotros, est\u00e1n acondicionados en bidones [&hellip;]<\/p>\n","protected":false},"author":1,"featured_media":0,"parent":0,"menu_order":0,"comment_status":"closed","ping_status":"closed","template":"","meta":{"_acf_changed":false,"footnotes":""},"class_list":["post-1578","page","type-page","status-publish","hentry"],"acf":[],"yoast_head":"<!-- This site is optimized with the Yoast SEO plugin v26.3 - https:\/\/yoast.com\/wordpress\/plugins\/seo\/ -->\n<title>Produits &amp; mat\u00e9riels - CHIMIMECA<\/title>\n<meta name=\"robots\" content=\"index, follow, max-snippet:-1, max-image-preview:large, max-video-preview:-1\" \/>\n<link rel=\"canonical\" href=\"https:\/\/www.chimimeca.com\/es\/produits-materiels\/\" \/>\n<meta property=\"og:locale\" content=\"es_ES\" \/>\n<meta property=\"og:type\" content=\"article\" \/>\n<meta property=\"og:title\" content=\"Produits &amp; mat\u00e9riels - CHIMIMECA\" \/>\n<meta property=\"og:description\" content=\"Productos y materiales Nuestras gamas de productos t\u00e9cnicos permiten responder a las exigencias m\u00e1s estrictas en limpieza final de metales. Como formuladores y aplicadores, nuestro conocimiento de las problem\u00e1ticas industriales nos permite aportarle gamas adaptadas a sus necesidades y a sus exigencias. En particular, Nuestros productos, formulados y controlados por nosotros, est\u00e1n acondicionados en bidones [&hellip;]\" \/>\n<meta property=\"og:url\" content=\"https:\/\/www.chimimeca.com\/es\/produits-materiels\/\" \/>\n<meta property=\"og:site_name\" content=\"CHIMIMECA\" \/>\n<meta property=\"article:modified_time\" content=\"2025-05-09T14:52:27+00:00\" \/>\n<meta property=\"og:image\" content=\"https:\/\/www.chimimeca.com\/wp-content\/uploads\/2024\/04\/produits-traitement-chimique-metaux-1.jpg\" \/>\n<meta name=\"twitter:card\" content=\"summary_large_image\" \/>\n<meta name=\"twitter:label1\" content=\"Tiempo de lectura\" \/>\n\t<meta name=\"twitter:data1\" content=\"3 minutos\" \/>\n<script type=\"application\/ld+json\" class=\"yoast-schema-graph\">{\"@context\":\"https:\/\/schema.org\",\"@graph\":[{\"@type\":\"WebPage\",\"@id\":\"https:\/\/www.chimimeca.com\/es\/produits-materiels\/\",\"url\":\"https:\/\/www.chimimeca.com\/es\/produits-materiels\/\",\"name\":\"Produits &amp; mat\u00e9riels - CHIMIMECA\",\"isPartOf\":{\"@id\":\"https:\/\/www.chimimeca.com\/es\/#website\"},\"primaryImageOfPage\":{\"@id\":\"https:\/\/www.chimimeca.com\/es\/produits-materiels\/#primaryimage\"},\"image\":{\"@id\":\"https:\/\/www.chimimeca.com\/es\/produits-materiels\/#primaryimage\"},\"thumbnailUrl\":\"https:\/\/www.chimimeca.com\/wp-content\/uploads\/2024\/04\/produits-traitement-chimique-metaux-1.jpg\",\"datePublished\":\"2024-04-24T08:13:37+00:00\",\"dateModified\":\"2025-05-09T14:52:27+00:00\",\"breadcrumb\":{\"@id\":\"https:\/\/www.chimimeca.com\/es\/produits-materiels\/#breadcrumb\"},\"inLanguage\":\"es\",\"potentialAction\":[{\"@type\":\"ReadAction\",\"target\":[\"https:\/\/www.chimimeca.com\/es\/produits-materiels\/\"]}]},{\"@type\":\"ImageObject\",\"inLanguage\":\"es\",\"@id\":\"https:\/\/www.chimimeca.com\/es\/produits-materiels\/#primaryimage\",\"url\":\"https:\/\/www.chimimeca.com\/wp-content\/uploads\/2024\/04\/produits-traitement-chimique-metaux-1.jpg\",\"contentUrl\":\"https:\/\/www.chimimeca.com\/wp-content\/uploads\/2024\/04\/produits-traitement-chimique-metaux-1.jpg\"},{\"@type\":\"BreadcrumbList\",\"@id\":\"https:\/\/www.chimimeca.com\/es\/produits-materiels\/#breadcrumb\",\"itemListElement\":[{\"@type\":\"ListItem\",\"position\":1,\"name\":\"Accueil\",\"item\":\"https:\/\/www.chimimeca.com\/es\/\"},{\"@type\":\"ListItem\",\"position\":2,\"name\":\"Produits &amp; mat\u00e9riels\"}]},{\"@type\":\"WebSite\",\"@id\":\"https:\/\/www.chimimeca.com\/es\/#website\",\"url\":\"https:\/\/www.chimimeca.com\/es\/\",\"name\":\"CHIMIMECA\",\"description\":\"\",\"publisher\":{\"@id\":\"https:\/\/www.chimimeca.com\/es\/#organization\"},\"potentialAction\":[{\"@type\":\"SearchAction\",\"target\":{\"@type\":\"EntryPoint\",\"urlTemplate\":\"https:\/\/www.chimimeca.com\/es\/?s={search_term_string}\"},\"query-input\":{\"@type\":\"PropertyValueSpecification\",\"valueRequired\":true,\"valueName\":\"search_term_string\"}}],\"inLanguage\":\"es\"},{\"@type\":\"Organization\",\"@id\":\"https:\/\/www.chimimeca.com\/es\/#organization\",\"name\":\"CHIMIMECA\",\"url\":\"https:\/\/www.chimimeca.com\/es\/\",\"logo\":{\"@type\":\"ImageObject\",\"inLanguage\":\"es\",\"@id\":\"https:\/\/www.chimimeca.com\/es\/#\/schema\/logo\/image\/\",\"url\":\"https:\/\/www.chimimeca.com\/wp-content\/uploads\/2024\/04\/logo.png\",\"contentUrl\":\"https:\/\/www.chimimeca.com\/wp-content\/uploads\/2024\/04\/logo.png\",\"width\":326,\"height\":81,\"caption\":\"CHIMIMECA\"},\"image\":{\"@id\":\"https:\/\/www.chimimeca.com\/es\/#\/schema\/logo\/image\/\"}}]}<\/script>\n<!-- \/ Yoast SEO plugin. -->","yoast_head_json":{"title":"Produits &amp; mat\u00e9riels - CHIMIMECA","robots":{"index":"index","follow":"follow","max-snippet":"max-snippet:-1","max-image-preview":"max-image-preview:large","max-video-preview":"max-video-preview:-1"},"canonical":"https:\/\/www.chimimeca.com\/es\/produits-materiels\/","og_locale":"es_ES","og_type":"article","og_title":"Produits &amp; mat\u00e9riels - CHIMIMECA","og_description":"Productos y materiales Nuestras gamas de productos t\u00e9cnicos permiten responder a las exigencias m\u00e1s estrictas en limpieza final de metales. Como formuladores y aplicadores, nuestro conocimiento de las problem\u00e1ticas industriales nos permite aportarle gamas adaptadas a sus necesidades y a sus exigencias. En particular, Nuestros productos, formulados y controlados por nosotros, est\u00e1n acondicionados en bidones [&hellip;]","og_url":"https:\/\/www.chimimeca.com\/es\/produits-materiels\/","og_site_name":"CHIMIMECA","article_modified_time":"2025-05-09T14:52:27+00:00","og_image":[{"url":"https:\/\/www.chimimeca.com\/wp-content\/uploads\/2024\/04\/produits-traitement-chimique-metaux-1.jpg","type":"","width":"","height":""}],"twitter_card":"summary_large_image","twitter_misc":{"Tiempo de lectura":"3 minutos"},"schema":{"@context":"https:\/\/schema.org","@graph":[{"@type":"WebPage","@id":"https:\/\/www.chimimeca.com\/es\/produits-materiels\/","url":"https:\/\/www.chimimeca.com\/es\/produits-materiels\/","name":"Produits &amp; mat\u00e9riels - CHIMIMECA","isPartOf":{"@id":"https:\/\/www.chimimeca.com\/es\/#website"},"primaryImageOfPage":{"@id":"https:\/\/www.chimimeca.com\/es\/produits-materiels\/#primaryimage"},"image":{"@id":"https:\/\/www.chimimeca.com\/es\/produits-materiels\/#primaryimage"},"thumbnailUrl":"https:\/\/www.chimimeca.com\/wp-content\/uploads\/2024\/04\/produits-traitement-chimique-metaux-1.jpg","datePublished":"2024-04-24T08:13:37+00:00","dateModified":"2025-05-09T14:52:27+00:00","breadcrumb":{"@id":"https:\/\/www.chimimeca.com\/es\/produits-materiels\/#breadcrumb"},"inLanguage":"es","potentialAction":[{"@type":"ReadAction","target":["https:\/\/www.chimimeca.com\/es\/produits-materiels\/"]}]},{"@type":"ImageObject","inLanguage":"es","@id":"https:\/\/www.chimimeca.com\/es\/produits-materiels\/#primaryimage","url":"https:\/\/www.chimimeca.com\/wp-content\/uploads\/2024\/04\/produits-traitement-chimique-metaux-1.jpg","contentUrl":"https:\/\/www.chimimeca.com\/wp-content\/uploads\/2024\/04\/produits-traitement-chimique-metaux-1.jpg"},{"@type":"BreadcrumbList","@id":"https:\/\/www.chimimeca.com\/es\/produits-materiels\/#breadcrumb","itemListElement":[{"@type":"ListItem","position":1,"name":"Accueil","item":"https:\/\/www.chimimeca.com\/es\/"},{"@type":"ListItem","position":2,"name":"Produits &amp; mat\u00e9riels"}]},{"@type":"WebSite","@id":"https:\/\/www.chimimeca.com\/es\/#website","url":"https:\/\/www.chimimeca.com\/es\/","name":"CHIMIMECA","description":"","publisher":{"@id":"https:\/\/www.chimimeca.com\/es\/#organization"},"potentialAction":[{"@type":"SearchAction","target":{"@type":"EntryPoint","urlTemplate":"https:\/\/www.chimimeca.com\/es\/?s={search_term_string}"},"query-input":{"@type":"PropertyValueSpecification","valueRequired":true,"valueName":"search_term_string"}}],"inLanguage":"es"},{"@type":"Organization","@id":"https:\/\/www.chimimeca.com\/es\/#organization","name":"CHIMIMECA","url":"https:\/\/www.chimimeca.com\/es\/","logo":{"@type":"ImageObject","inLanguage":"es","@id":"https:\/\/www.chimimeca.com\/es\/#\/schema\/logo\/image\/","url":"https:\/\/www.chimimeca.com\/wp-content\/uploads\/2024\/04\/logo.png","contentUrl":"https:\/\/www.chimimeca.com\/wp-content\/uploads\/2024\/04\/logo.png","width":326,"height":81,"caption":"CHIMIMECA"},"image":{"@id":"https:\/\/www.chimimeca.com\/es\/#\/schema\/logo\/image\/"}}]}},"_links":{"self":[{"href":"https:\/\/www.chimimeca.com\/es\/wp-json\/wp\/v2\/pages\/1578","targetHints":{"allow":["GET"]}}],"collection":[{"href":"https:\/\/www.chimimeca.com\/es\/wp-json\/wp\/v2\/pages"}],"about":[{"href":"https:\/\/www.chimimeca.com\/es\/wp-json\/wp\/v2\/types\/page"}],"author":[{"embeddable":true,"href":"https:\/\/www.chimimeca.com\/es\/wp-json\/wp\/v2\/users\/1"}],"replies":[{"embeddable":true,"href":"https:\/\/www.chimimeca.com\/es\/wp-json\/wp\/v2\/comments?post=1578"}],"version-history":[{"count":3,"href":"https:\/\/www.chimimeca.com\/es\/wp-json\/wp\/v2\/pages\/1578\/revisions"}],"predecessor-version":[{"id":1811,"href":"https:\/\/www.chimimeca.com\/es\/wp-json\/wp\/v2\/pages\/1578\/revisions\/1811"}],"wp:attachment":[{"href":"https:\/\/www.chimimeca.com\/es\/wp-json\/wp\/v2\/media?parent=1578"}],"curies":[{"name":"wp","href":"https:\/\/api.w.org\/{rel}","templated":true}]}}