{"id":1069,"date":"2024-04-22T13:51:00","date_gmt":"2024-04-22T11:51:00","guid":{"rendered":"https:\/\/www.chimimeca.com\/accueil\/"},"modified":"2025-05-13T09:50:18","modified_gmt":"2025-05-13T07:50:18","slug":"accueil","status":"publish","type":"page","link":"https:\/\/www.chimimeca.com\/es\/","title":{"rendered":"Accueil"},"content":{"rendered":"\n<div class=\"wp-block-cb-carousel cb-single-slide\" data-slick=\"{&quot;slidesToShow&quot;:1,&quot;slidesToScroll&quot;:1,&quot;speed&quot;:1000,&quot;arrows&quot;:true,&quot;dots&quot;:true,&quot;autoplay&quot;:true,&quot;autoplaySpeed&quot;:5000,&quot;infinite&quot;:true,&quot;responsive&quot;:[{&quot;breakpoint&quot;:769,&quot;settings&quot;:{&quot;slidesToShow&quot;:1,&quot;slidesToScroll&quot;:1}}]}\">\n<div class=\"wp-block-cb-slide\"><div class=\"gb-container gb-container-75a13897\">\n\n<h1 class=\"wp-block-heading has-text-align-center has-base-2-color has-text-color has-link-color wp-elements-b0d7e2f4ca73a0f36b744fbcaba5ddc8\" style=\"font-size:clamp(25.014px, 1.563rem + ((1vw - 3.2px) * 1.327), 42px);font-style:normal;font-weight:700;text-transform:uppercase\">Le invitamos a descubrir nuestros productos y servicios, especializados en la limpieza final de metales.<\/h1>\n\n\n\n<span class=\"gb-button gb-button-668f4fa5 gb-button-text\">M\u00e1s informaci\u00f3n<\/span>\n\n<\/div><\/div>\n\n\n\n<div class=\"wp-block-cb-slide\"><div class=\"gb-container gb-container-8b49e8c1\">\n\n<h1 class=\"wp-block-heading has-text-align-center has-base-2-color has-text-color has-link-color has-sintony-font-family wp-elements-8c21b4411494fdf7b916ee180dd54883\" style=\"font-size:clamp(25.014px, 1.563rem + ((1vw - 3.2px) * 1.327), 42px);font-style:normal;font-weight:700;text-transform:uppercase\">Los procesos de limpieza qu\u00edmica son el n\u00facleo de todas&nbsp;<mark style=\"background-color:rgba(0, 0, 0, 0);color:#bacf22\" class=\"has-inline-color\">las fases de calificaci\u00f3n de los procesos industriales<\/mark>&nbsp;despu\u00e9s de fabricar nuevos equipos, antes de ponerlos en servicio, durante el mantenimiento.<\/h1>\n\n\n\n<a class=\"gb-button gb-button-6bdef5a7 gb-button-text\" href=\"https:\/\/www.chimimeca.com\/es\/produits-materiels\/\">M\u00e1s informaci\u00f3n<\/a>\n\n<\/div><\/div>\n\n\n\n<div class=\"wp-block-cb-slide\"><div class=\"gb-container gb-container-87e1208e\">\n\n<h1 class=\"wp-block-heading has-text-align-center has-base-2-color has-text-color has-link-color has-sintony-font-family wp-elements-df9dcb72d178ee46527a292f0cc4cb93\" style=\"font-size:clamp(25.014px, 1.563rem + ((1vw - 3.2px) * 1.327), 42px);font-style:normal;font-weight:700;text-transform:uppercase\">Nuestras prestaciones a alto valor t\u00e9cnico en los dominios nucleares criogenia aeron\u00e1utica se inscriben en un marco cualidad&nbsp;<mark style=\"background-color:rgba(0, 0, 0, 0);color:#bacf22\" class=\"has-inline-color\">ISO 9001-2015 &#8211; EN 9100<br>ISO 14001<\/mark>.<\/h1>\n\n\n\n<a class=\"gb-button gb-button-fef37651 gb-button-text\" href=\"https:\/\/www.chimimeca.com\/es\/prestations-ateliers\/\">M\u00e1s informaci\u00f3n<\/a>\n\n<\/div><\/div>\n<\/div>\n\n\n<div class=\"gb-container gb-container-f10996fb\">\n<div class=\"gb-container gb-container-104844de\">\n<div class=\"gb-container gb-container-5b67921a\">\n<div class=\"gb-container gb-container-6f1975b7\">\n\n<figure class=\"gb-block-image gb-block-image-d70aa9fc\"><a href=\"https:\/\/www.chimimeca.com\/es\/chimimeca-innove\/\"><img loading=\"lazy\" decoding=\"async\" width=\"177\" height=\"176\" class=\"gb-image gb-image-d70aa9fc\" src=\"https:\/\/www.chimimeca.com\/wp-content\/uploads\/2025\/05\/home-produitmateriel.png\" alt=\"\" title=\"home-produitmateriel\" srcset=\"https:\/\/www.chimimeca.com\/wp-content\/uploads\/2025\/05\/home-produitmateriel.png 177w, https:\/\/www.chimimeca.com\/wp-content\/uploads\/2025\/05\/home-produitmateriel-150x150.png 150w\" sizes=\"auto, (max-width: 177px) 100vw, 177px\" \/><\/a><\/figure>\n\n\n\n<h2 class=\"wp-block-heading has-text-align-center\" style=\"font-size:clamp(16.293px, 1.018rem + ((1vw - 3.2px) * 0.68), 25px);text-transform:uppercase\">Productos y Materiales<\/h2>\n\n\n\n<p class=\"has-text-align-center\" style=\"font-size:clamp(14px, 0.875rem + ((1vw - 3.2px) * 0.078), 15px);\">Nuestras gamas de productos t\u00e9cnicos permiten responder a las exigencias m\u00e1s estrictas en limpieza final de metales.<\/p>\n\n\n\n<a class=\"gb-button gb-button-dc162e43 gb-button-text\" href=\"https:\/\/www.chimimeca.com\/es\/chimimeca-innove\/\">Obtenga m\u00e1s informaci\u00f3n<\/a>\n\n<\/div>\n<\/div>\n\n<div class=\"gb-container gb-container-3130f6ca\">\n<div class=\"gb-container gb-container-e283c38b\">\n\n<figure class=\"gb-block-image gb-block-image-468a45f1\"><a href=\"https:\/\/www.chimimeca.com\/es\/produits-materiels\/\"><img loading=\"lazy\" decoding=\"async\" width=\"177\" height=\"176\" class=\"gb-image gb-image-468a45f1\" src=\"https:\/\/www.chimimeca.com\/wp-content\/uploads\/2025\/05\/home-prestationspe.png\" alt=\"\" title=\"home-prestationspe\" srcset=\"https:\/\/www.chimimeca.com\/wp-content\/uploads\/2025\/05\/home-prestationspe.png 177w, https:\/\/www.chimimeca.com\/wp-content\/uploads\/2025\/05\/home-prestationspe-150x150.png 150w\" sizes=\"auto, (max-width: 177px) 100vw, 177px\" \/><\/a><\/figure>\n\n\n\n<h2 class=\"wp-block-heading has-text-align-center\" style=\"font-size:clamp(16.293px, 1.018rem + ((1vw - 3.2px) * 0.68), 25px);text-transform:uppercase\">Prestaciones especializadas<\/h2>\n\n\n\n<p class=\"has-text-align-center\" style=\"margin-top:0.8rem;font-size:clamp(14px, 0.875rem + ((1vw - 3.2px) * 0.078), 15px);\">Nuestros equipos desplazados intervienen in situ para realizar directamente los trabajos de limpieza final de sus equipamientos e instalaciones.<\/p>\n\n\n\n<a class=\"gb-button gb-button-726e02da gb-button-text\" href=\"https:\/\/www.chimimeca.com\/es\/produits-materiels\/\">Obtenga m\u00e1s informaci\u00f3n<\/a>\n\n<\/div>\n<\/div>\n\n<div class=\"gb-container gb-container-3abba1d7\">\n<div class=\"gb-container gb-container-ab7d61d5\">\n\n<figure class=\"gb-block-image gb-block-image-5778e228\"><a href=\"https:\/\/www.chimimeca.com\/es\/domaines-dexpertise\/\"><img loading=\"lazy\" decoding=\"async\" width=\"177\" height=\"176\" class=\"gb-image gb-image-5778e228\" src=\"https:\/\/www.chimimeca.com\/wp-content\/uploads\/2024\/04\/home-proprete-1.png\" alt=\"\" title=\"home-proprete-1\" srcset=\"https:\/\/www.chimimeca.com\/wp-content\/uploads\/2024\/04\/home-proprete-1.png 177w, https:\/\/www.chimimeca.com\/wp-content\/uploads\/2024\/04\/home-proprete-1-150x150.png 150w\" sizes=\"auto, (max-width: 177px) 100vw, 177px\" \/><\/a><\/figure>\n\n\n\n<h2 class=\"wp-block-heading has-text-align-center\" style=\"font-size:clamp(16.293px, 1.018rem + ((1vw - 3.2px) * 0.68), 25px);text-transform:uppercase\">Limpieza y ultralimpieza<\/h2>\n\n\n\n<p class=\"has-text-align-center\" style=\"font-size:clamp(14px, 0.875rem + ((1vw - 3.2px) * 0.078), 15px);\">Hablamos de limpieza primaria cuando se trata de perfeccionar la construcci\u00f3n de equipamientos nuevos, de limpieza secundaria cuando se trata de limpiar instalaciones en servicio.<\/p>\n\n\n\n<a class=\"gb-button gb-button-ec6210d9 gb-button-text\" href=\"https:\/\/www.chimimeca.com\/es\/domaines-dexpertise\/\">Obtenga m\u00e1s informaci\u00f3n<\/a>\n\n<\/div>\n<\/div>\n\n<div class=\"gb-container gb-container-199f7590\">\n<div class=\"gb-container gb-container-1f665891\">\n\n<figure class=\"gb-block-image gb-block-image-f377c3eb\"><a href=\"https:\/\/www.chimimeca.com\/es\/interventions-sur-sites\/\"><img loading=\"lazy\" decoding=\"async\" width=\"177\" height=\"176\" class=\"gb-image gb-image-f377c3eb\" src=\"https:\/\/www.chimimeca.com\/wp-content\/uploads\/2024\/04\/home-domaines.png\" alt=\"\" title=\"home-domaines\" srcset=\"https:\/\/www.chimimeca.com\/wp-content\/uploads\/2024\/04\/home-domaines.png 177w, https:\/\/www.chimimeca.com\/wp-content\/uploads\/2024\/04\/home-domaines-150x150.png 150w\" sizes=\"auto, (max-width: 177px) 100vw, 177px\" \/><\/a><\/figure>\n\n\n\n<h2 class=\"wp-block-heading has-text-align-center\" style=\"font-size:clamp(16.293px, 1.018rem + ((1vw - 3.2px) * 0.68), 25px);text-transform:uppercase\">Campos de intervenci\u00f3n<\/h2>\n\n\n\n<p class=\"has-text-align-center\" style=\"font-size:clamp(14px, 0.875rem + ((1vw - 3.2px) * 0.078), 15px);\">Nuestros campos de intervenci\u00f3n conciernen a todas las industrias que utilizan una transferencia de fluidos, agua vapor, salmuera, productos alimentarios y productos t\u00e9cnicos, tanto en procesos como en utilidades.<br><\/p>\n\n\n\n<a class=\"gb-button gb-button-ab6f7752 gb-button-text\" href=\"https:\/\/www.chimimeca.com\/es\/interventions-sur-sites\/\">Obtenga m\u00e1s informaci\u00f3n<\/a>\n\n<\/div>\n<\/div>\n\n<div class=\"gb-container gb-container-bf5ef32c\">\n<div class=\"gb-container gb-container-c4b42049\">\n\n<figure class=\"gb-block-image gb-block-image-4b0196d0\"><a href=\"https:\/\/www.chimimeca.com\/es\/prestations-ateliers\/\"><img loading=\"lazy\" decoding=\"async\" width=\"177\" height=\"176\" class=\"gb-image gb-image-4b0196d0\" src=\"https:\/\/www.chimimeca.com\/wp-content\/uploads\/2024\/04\/home-metaux.png\" alt=\"\" title=\"home-metaux\" srcset=\"https:\/\/www.chimimeca.com\/wp-content\/uploads\/2024\/04\/home-metaux.png 177w, https:\/\/www.chimimeca.com\/wp-content\/uploads\/2024\/04\/home-metaux-150x150.png 150w\" sizes=\"auto, (max-width: 177px) 100vw, 177px\" \/><\/a><\/figure>\n\n\n\n<h2 class=\"wp-block-heading has-text-align-center\" style=\"font-size:clamp(16.293px, 1.018rem + ((1vw - 3.2px) * 0.68), 25px);text-transform:uppercase\">Metales tratados<\/h2>\n\n\n\n<p class=\"has-text-align-center\" style=\"font-size:clamp(14px, 0.875rem + ((1vw - 3.2px) * 0.078), 15px);\">Los metales son los principales materiales utilizados en las aplicaciones industriales.<\/p>\n\n\n\n<a class=\"gb-button gb-button-6fa5d3a0 gb-button-text\" href=\"https:\/\/www.chimimeca.com\/es\/prestations-ateliers\/\">Obtenga m\u00e1s informaci\u00f3n<\/a>\n\n<\/div>\n<\/div>\n\n<div class=\"gb-container gb-container-10c8bc52\">\n<div class=\"gb-container gb-container-45d14fec\">\n\n<figure class=\"gb-block-image gb-block-image-cfbc0595\"><a href=\"https:\/\/www.chimimeca.com\/es\/traitement-procedes\/\"><img loading=\"lazy\" decoding=\"async\" width=\"177\" height=\"176\" class=\"gb-image gb-image-cfbc0595\" src=\"https:\/\/www.chimimeca.com\/wp-content\/uploads\/2025\/05\/home-traitements.png\" alt=\"\" title=\"home-traitements\" srcset=\"https:\/\/www.chimimeca.com\/wp-content\/uploads\/2025\/05\/home-traitements.png 177w, https:\/\/www.chimimeca.com\/wp-content\/uploads\/2025\/05\/home-traitements-150x150.png 150w\" sizes=\"auto, (max-width: 177px) 100vw, 177px\" \/><\/a><\/figure>\n\n\n\n<h2 class=\"wp-block-heading has-text-align-center\" style=\"font-size:clamp(16.293px, 1.018rem + ((1vw - 3.2px) * 0.68), 25px);text-transform:uppercase\">Tratamientos<\/h2>\n\n\n\n<p class=\"has-text-align-center\" style=\"font-size:clamp(14px, 0.875rem + ((1vw - 3.2px) * 0.078), 15px);\">Los tratamientos aplicados obedecen a una l\u00f3gica que conduce del m\u00e1s sucio al m\u00e1s limpio y ultralimpio, por fases sucesivas y en su caso iterativas.<\/p>\n\n\n\n<a class=\"gb-button gb-button-5ec37959 gb-button-text\" href=\"https:\/\/www.chimimeca.com\/es\/traitement-procedes\/\">Obtenga m\u00e1s informaci\u00f3n<\/a>\n\n<\/div>\n<\/div>\n<\/div>\n<\/div>","protected":false},"excerpt":{"rendered":"<p>Productos y Materiales Nuestras gamas de productos t\u00e9cnicos permiten responder a las exigencias m\u00e1s estrictas en limpieza final de metales. Prestaciones especializadas Nuestros equipos desplazados intervienen in situ para realizar directamente los trabajos de limpieza final de sus equipamientos e instalaciones. Limpieza y ultralimpieza Hablamos de limpieza primaria cuando se trata de perfeccionar la construcci\u00f3n [&hellip;]<\/p>\n","protected":false},"author":1,"featured_media":0,"parent":0,"menu_order":0,"comment_status":"closed","ping_status":"closed","template":"","meta":{"_acf_changed":false,"footnotes":""},"class_list":["post-1069","page","type-page","status-publish","hentry"],"acf":[],"yoast_head":"<!-- This site is optimized with the Yoast SEO plugin v26.3 - https:\/\/yoast.com\/wordpress\/plugins\/seo\/ -->\n<title>Accueil - CHIMIMECA<\/title>\n<meta name=\"robots\" content=\"index, follow, max-snippet:-1, max-image-preview:large, max-video-preview:-1\" \/>\n<link rel=\"canonical\" href=\"https:\/\/www.chimimeca.com\/es\/\" \/>\n<meta property=\"og:locale\" content=\"es_ES\" \/>\n<meta property=\"og:type\" content=\"article\" \/>\n<meta property=\"og:title\" content=\"Accueil - CHIMIMECA\" \/>\n<meta property=\"og:description\" content=\"Productos y Materiales Nuestras gamas de productos t\u00e9cnicos permiten responder a las exigencias m\u00e1s estrictas en limpieza final de metales. Prestaciones especializadas Nuestros equipos desplazados intervienen in situ para realizar directamente los trabajos de limpieza final de sus equipamientos e instalaciones. Limpieza y ultralimpieza Hablamos de limpieza primaria cuando se trata de perfeccionar la construcci\u00f3n [&hellip;]\" \/>\n<meta property=\"og:url\" content=\"https:\/\/www.chimimeca.com\/es\/\" \/>\n<meta property=\"og:site_name\" content=\"CHIMIMECA\" \/>\n<meta property=\"article:modified_time\" content=\"2025-05-13T07:50:18+00:00\" \/>\n<meta property=\"og:image\" content=\"https:\/\/www.chimimeca.com\/wp-content\/uploads\/2025\/05\/home-produitmateriel.png\" \/>\n<meta name=\"twitter:card\" content=\"summary_large_image\" \/>\n<meta name=\"twitter:label1\" content=\"Tiempo de lectura\" \/>\n\t<meta name=\"twitter:data1\" content=\"3 minutos\" \/>\n<script type=\"application\/ld+json\" class=\"yoast-schema-graph\">{\"@context\":\"https:\/\/schema.org\",\"@graph\":[{\"@type\":\"WebPage\",\"@id\":\"https:\/\/www.chimimeca.com\/es\/\",\"url\":\"https:\/\/www.chimimeca.com\/es\/\",\"name\":\"Accueil - CHIMIMECA\",\"isPartOf\":{\"@id\":\"https:\/\/www.chimimeca.com\/es\/#website\"},\"primaryImageOfPage\":{\"@id\":\"https:\/\/www.chimimeca.com\/es\/#primaryimage\"},\"image\":{\"@id\":\"https:\/\/www.chimimeca.com\/es\/#primaryimage\"},\"thumbnailUrl\":\"https:\/\/www.chimimeca.com\/wp-content\/uploads\/2025\/05\/home-produitmateriel.png\",\"datePublished\":\"2024-04-22T11:51:00+00:00\",\"dateModified\":\"2025-05-13T07:50:18+00:00\",\"breadcrumb\":{\"@id\":\"https:\/\/www.chimimeca.com\/es\/#breadcrumb\"},\"inLanguage\":\"es\",\"potentialAction\":[{\"@type\":\"ReadAction\",\"target\":[\"https:\/\/www.chimimeca.com\/es\/\"]}]},{\"@type\":\"ImageObject\",\"inLanguage\":\"es\",\"@id\":\"https:\/\/www.chimimeca.com\/es\/#primaryimage\",\"url\":\"https:\/\/www.chimimeca.com\/wp-content\/uploads\/2025\/05\/home-produitmateriel.png\",\"contentUrl\":\"https:\/\/www.chimimeca.com\/wp-content\/uploads\/2025\/05\/home-produitmateriel.png\"},{\"@type\":\"BreadcrumbList\",\"@id\":\"https:\/\/www.chimimeca.com\/es\/#breadcrumb\",\"itemListElement\":[{\"@type\":\"ListItem\",\"position\":1,\"name\":\"Accueil\",\"item\":\"https:\/\/www.chimimeca.com\/es\/\"},{\"@type\":\"ListItem\",\"position\":2,\"name\":\"Accueil\"}]},{\"@type\":\"WebSite\",\"@id\":\"https:\/\/www.chimimeca.com\/es\/#website\",\"url\":\"https:\/\/www.chimimeca.com\/es\/\",\"name\":\"CHIMIMECA\",\"description\":\"\",\"publisher\":{\"@id\":\"https:\/\/www.chimimeca.com\/es\/#organization\"},\"potentialAction\":[{\"@type\":\"SearchAction\",\"target\":{\"@type\":\"EntryPoint\",\"urlTemplate\":\"https:\/\/www.chimimeca.com\/es\/?s={search_term_string}\"},\"query-input\":{\"@type\":\"PropertyValueSpecification\",\"valueRequired\":true,\"valueName\":\"search_term_string\"}}],\"inLanguage\":\"es\"},{\"@type\":\"Organization\",\"@id\":\"https:\/\/www.chimimeca.com\/es\/#organization\",\"name\":\"CHIMIMECA\",\"url\":\"https:\/\/www.chimimeca.com\/es\/\",\"logo\":{\"@type\":\"ImageObject\",\"inLanguage\":\"es\",\"@id\":\"https:\/\/www.chimimeca.com\/es\/#\/schema\/logo\/image\/\",\"url\":\"https:\/\/www.chimimeca.com\/wp-content\/uploads\/2024\/04\/logo.png\",\"contentUrl\":\"https:\/\/www.chimimeca.com\/wp-content\/uploads\/2024\/04\/logo.png\",\"width\":326,\"height\":81,\"caption\":\"CHIMIMECA\"},\"image\":{\"@id\":\"https:\/\/www.chimimeca.com\/es\/#\/schema\/logo\/image\/\"}}]}<\/script>\n<!-- \/ Yoast SEO plugin. -->","yoast_head_json":{"title":"Accueil - CHIMIMECA","robots":{"index":"index","follow":"follow","max-snippet":"max-snippet:-1","max-image-preview":"max-image-preview:large","max-video-preview":"max-video-preview:-1"},"canonical":"https:\/\/www.chimimeca.com\/es\/","og_locale":"es_ES","og_type":"article","og_title":"Accueil - CHIMIMECA","og_description":"Productos y Materiales Nuestras gamas de productos t\u00e9cnicos permiten responder a las exigencias m\u00e1s estrictas en limpieza final de metales. Prestaciones especializadas Nuestros equipos desplazados intervienen in situ para realizar directamente los trabajos de limpieza final de sus equipamientos e instalaciones. Limpieza y ultralimpieza Hablamos de limpieza primaria cuando se trata de perfeccionar la construcci\u00f3n [&hellip;]","og_url":"https:\/\/www.chimimeca.com\/es\/","og_site_name":"CHIMIMECA","article_modified_time":"2025-05-13T07:50:18+00:00","og_image":[{"url":"https:\/\/www.chimimeca.com\/wp-content\/uploads\/2025\/05\/home-produitmateriel.png","type":"","width":"","height":""}],"twitter_card":"summary_large_image","twitter_misc":{"Tiempo de lectura":"3 minutos"},"schema":{"@context":"https:\/\/schema.org","@graph":[{"@type":"WebPage","@id":"https:\/\/www.chimimeca.com\/es\/","url":"https:\/\/www.chimimeca.com\/es\/","name":"Accueil - CHIMIMECA","isPartOf":{"@id":"https:\/\/www.chimimeca.com\/es\/#website"},"primaryImageOfPage":{"@id":"https:\/\/www.chimimeca.com\/es\/#primaryimage"},"image":{"@id":"https:\/\/www.chimimeca.com\/es\/#primaryimage"},"thumbnailUrl":"https:\/\/www.chimimeca.com\/wp-content\/uploads\/2025\/05\/home-produitmateriel.png","datePublished":"2024-04-22T11:51:00+00:00","dateModified":"2025-05-13T07:50:18+00:00","breadcrumb":{"@id":"https:\/\/www.chimimeca.com\/es\/#breadcrumb"},"inLanguage":"es","potentialAction":[{"@type":"ReadAction","target":["https:\/\/www.chimimeca.com\/es\/"]}]},{"@type":"ImageObject","inLanguage":"es","@id":"https:\/\/www.chimimeca.com\/es\/#primaryimage","url":"https:\/\/www.chimimeca.com\/wp-content\/uploads\/2025\/05\/home-produitmateriel.png","contentUrl":"https:\/\/www.chimimeca.com\/wp-content\/uploads\/2025\/05\/home-produitmateriel.png"},{"@type":"BreadcrumbList","@id":"https:\/\/www.chimimeca.com\/es\/#breadcrumb","itemListElement":[{"@type":"ListItem","position":1,"name":"Accueil","item":"https:\/\/www.chimimeca.com\/es\/"},{"@type":"ListItem","position":2,"name":"Accueil"}]},{"@type":"WebSite","@id":"https:\/\/www.chimimeca.com\/es\/#website","url":"https:\/\/www.chimimeca.com\/es\/","name":"CHIMIMECA","description":"","publisher":{"@id":"https:\/\/www.chimimeca.com\/es\/#organization"},"potentialAction":[{"@type":"SearchAction","target":{"@type":"EntryPoint","urlTemplate":"https:\/\/www.chimimeca.com\/es\/?s={search_term_string}"},"query-input":{"@type":"PropertyValueSpecification","valueRequired":true,"valueName":"search_term_string"}}],"inLanguage":"es"},{"@type":"Organization","@id":"https:\/\/www.chimimeca.com\/es\/#organization","name":"CHIMIMECA","url":"https:\/\/www.chimimeca.com\/es\/","logo":{"@type":"ImageObject","inLanguage":"es","@id":"https:\/\/www.chimimeca.com\/es\/#\/schema\/logo\/image\/","url":"https:\/\/www.chimimeca.com\/wp-content\/uploads\/2024\/04\/logo.png","contentUrl":"https:\/\/www.chimimeca.com\/wp-content\/uploads\/2024\/04\/logo.png","width":326,"height":81,"caption":"CHIMIMECA"},"image":{"@id":"https:\/\/www.chimimeca.com\/es\/#\/schema\/logo\/image\/"}}]}},"_links":{"self":[{"href":"https:\/\/www.chimimeca.com\/es\/wp-json\/wp\/v2\/pages\/1069","targetHints":{"allow":["GET"]}}],"collection":[{"href":"https:\/\/www.chimimeca.com\/es\/wp-json\/wp\/v2\/pages"}],"about":[{"href":"https:\/\/www.chimimeca.com\/es\/wp-json\/wp\/v2\/types\/page"}],"author":[{"embeddable":true,"href":"https:\/\/www.chimimeca.com\/es\/wp-json\/wp\/v2\/users\/1"}],"replies":[{"embeddable":true,"href":"https:\/\/www.chimimeca.com\/es\/wp-json\/wp\/v2\/comments?post=1069"}],"version-history":[{"count":3,"href":"https:\/\/www.chimimeca.com\/es\/wp-json\/wp\/v2\/pages\/1069\/revisions"}],"predecessor-version":[{"id":1895,"href":"https:\/\/www.chimimeca.com\/es\/wp-json\/wp\/v2\/pages\/1069\/revisions\/1895"}],"wp:attachment":[{"href":"https:\/\/www.chimimeca.com\/es\/wp-json\/wp\/v2\/media?parent=1069"}],"curies":[{"name":"wp","href":"https:\/\/api.w.org\/{rel}","templated":true}]}}